{"id":1826,"date":"2021-03-10T13:05:53","date_gmt":"2021-03-10T12:05:53","guid":{"rendered":"http:\/\/sterkontruimingen.nl\/?page_id=1826"},"modified":"2022-05-29T11:26:39","modified_gmt":"2022-05-29T09:26:39","slug":"poruszanie-sie-z-demencja","status":"publish","type":"page","link":"https:\/\/sterkontruimingen.nl\/pl\/verhuizen-met-dementie\/","title":{"rendered":"Poruszanie si\u0119 z demencj\u0105"},"content":{"rendered":"<h2 class=\"wp-block-heading\">STERK porusza osoby z demencj\u0105<\/h2>\n\n\n\n<p><strong>Przeprowadzka z demencj\u0105?<\/strong> Podczas powa\u017cnej zmiany, takiej jak przeprowadzka, poczucie znajomo\u015bci i bezpiecze\u0144stwa jest niezwykle wa\u017cne dla senior\u00f3w z demencj\u0105. Kopiujemy nowy dom dok\u0142adnie tak, jak stary, co cz\u0119sto oznacza, \u017ce ludzie nawet nie zauwa\u017caj\u0105, \u017ce si\u0119 przeprowadzili. Ustawiamy wszystkie meble w tej samej kolejno\u015bci i proporcjach, a nawet wieszamy obrazy i ramki.<\/p>\n\n\n\n<blockquote class=\"wp-block-quote is-layout-flow wp-block-quote-is-layout-flow\"><p>Odzwierciedlanie nowego pokoju w starym jest bezpieczne i znajome dla os\u00f3b z demencj\u0105. Wszystko jest umieszczone i powieszone dok\u0142adnie w tym samym miejscu. W rezultacie osoby te cz\u0119sto nie zdaj\u0105 sobie sprawy z przeprowadzki.<\/p><\/blockquote>\n\n\n\n<p>STERK ch\u0119tnie pomo\u017ce w przeprowadzce tak bezstresowo, jak to tylko mo\u017cliwe. Osoby z jak\u0105kolwiek form\u0105 demencji maj\u0105 wystarczaj\u0105co trudny czas, gdy zachodz\u0105 zmiany. <\/p>\n\n\n\n<h2 class=\"wp-block-heading\">Dlaczego warto porusza\u0107 si\u0119 z demencj\u0105?<\/h2>\n\n\n\n<ul class=\"wp-block-list\"><li>Brak negatywnych skutk\u00f3w psychologicznych<\/li><li>Znajome \u017cycie, jakby w domu nic si\u0119 nie zmieni\u0142o<\/li><li>Dok\u0142adne skopiowanie domu lub pomieszczenia<\/li><li>Pomalowane szafki i uk\u0142ad taki sam jak w starym domu<\/li><li>Cz\u0142owiek od razu czuje si\u0119 jak w domu<\/li><li>Cz\u0119sto ludzie nawet nie zdaj\u0105 sobie sprawy, \u017ce si\u0119 przeprowadzili.<\/li><\/ul>","protected":false},"excerpt":{"rendered":"<p>STERK verhuisd mensen met dementie Verhuizen met dementie? Tijdens een grote verandering als een verhuizing is een vertrouwd en veilig gevoel voor dementerende senioren ontzettend belangrijk. We kopi\u00ebren de nieuwe woning exact als de oude, waardoor men vaak niet eens merkt dat hij of zij is verhuisd. We zetten alle meubels in de zelfde volgorde [&hellip;]<\/p>\n","protected":false},"author":1,"featured_media":1839,"parent":0,"menu_order":0,"comment_status":"closed","ping_status":"closed","template":"","meta":{"inline_featured_image":false,"footnotes":""},"categories":[14],"tags":[],"class_list":["post-1826","page","type-page","status-publish","has-post-thumbnail","hentry","category-landingspaginas"],"blocksy_meta":{"styles_descriptor":{"styles":{"desktop":"","tablet":"","mobile":""},"google_fonts":[],"version":6}},"_links":{"self":[{"href":"https:\/\/sterkontruimingen.nl\/pl\/wp-json\/wp\/v2\/pages\/1826","targetHints":{"allow":["GET"]}}],"collection":[{"href":"https:\/\/sterkontruimingen.nl\/pl\/wp-json\/wp\/v2\/pages"}],"about":[{"href":"https:\/\/sterkontruimingen.nl\/pl\/wp-json\/wp\/v2\/types\/page"}],"author":[{"embeddable":true,"href":"https:\/\/sterkontruimingen.nl\/pl\/wp-json\/wp\/v2\/users\/1"}],"replies":[{"embeddable":true,"href":"https:\/\/sterkontruimingen.nl\/pl\/wp-json\/wp\/v2\/comments?post=1826"}],"version-history":[{"count":2,"href":"https:\/\/sterkontruimingen.nl\/pl\/wp-json\/wp\/v2\/pages\/1826\/revisions"}],"predecessor-version":[{"id":2831,"href":"https:\/\/sterkontruimingen.nl\/pl\/wp-json\/wp\/v2\/pages\/1826\/revisions\/2831"}],"wp:featuredmedia":[{"embeddable":true,"href":"https:\/\/sterkontruimingen.nl\/pl\/wp-json\/wp\/v2\/media\/1839"}],"wp:attachment":[{"href":"https:\/\/sterkontruimingen.nl\/pl\/wp-json\/wp\/v2\/media?parent=1826"}],"wp:term":[{"taxonomy":"category","embeddable":true,"href":"https:\/\/sterkontruimingen.nl\/pl\/wp-json\/wp\/v2\/categories?post=1826"},{"taxonomy":"post_tag","embeddable":true,"href":"https:\/\/sterkontruimingen.nl\/pl\/wp-json\/wp\/v2\/tags?post=1826"}],"curies":[{"name":"wp","href":"https:\/\/api.w.org\/{rel}","templated":true}]}}