{"id":1815,"date":"2021-03-07T19:51:37","date_gmt":"2021-03-07T18:51:37","guid":{"rendered":"http:\/\/sterkontruimingen.nl\/?page_id=1815"},"modified":"2021-03-10T19:57:40","modified_gmt":"2021-03-10T18:57:40","slug":"tania-odprawa-mieszkaniowa","status":"publish","type":"page","link":"https:\/\/sterkontruimingen.nl\/pl\/goedkoop-woning-ontruimen\/","title":{"rendered":"Tanie sprz\u0105tanie dom\u00f3w"},"content":{"rendered":"<h2 class=\"wp-block-heading\">Tania wyprzeda\u017c<\/h2>\n\n\n\n<p>Przy tak wielu us\u0142ugodawcach cz\u0119sto trudno jest oddzieli\u0107 profesjonalist\u00f3w od partaczy, naci\u0105gaczy i oszust\u00f3w. Zbyt cz\u0119sto s\u0142yszymy historie ludzi, kt\u00f3rzy chcieli tanio oczy\u015bci\u0107 swoje domy, ale ostatecznie zap\u0142acili znacznie wi\u0119cej z powodu przeszk\u00f3d. Dzi\u0119ki STERK otrzymasz wycen\u0119 z g\u00f3ry i nie poniesiesz p\u00f3\u017aniej \u017cadnych dodatkowych koszt\u00f3w.<\/p>\n\n\n\n<h2 class=\"wp-block-heading\">Tanie oczyszczanie mo\u017ce by\u0107 zrobione!<\/h2>\n\n\n\n<p>W STERK eksmisje otrzymujesz konkurencyjn\u0105 cen\u0119 za eksmisj\u0119, o kt\u00f3r\u0105 nie musisz si\u0119 ju\u017c martwi\u0107. STERK pozb\u0119dzie si\u0119 wszelkich zmartwie\u0144 i oczy\u015bci Tw\u00f3j dom tak, jak powinien. Bez dodatkowych lub ukrytych koszt\u00f3w. <\/p>\n\n\n\n<p>Tanie oczyszczenie nieruchomo\u015bci przez profesjonalny zesp\u00f3\u0142 jest zawsze najlepszym wyborem. Dlatego nie daj si\u0119 skusi\u0107 pustym obietnicom i cenom, kt\u00f3re s\u0105 zbyt pi\u0119kne, aby mog\u0142y by\u0107 prawdziwe. STERK to przejrzyste ceny i 100% satysfakcji.<\/p>","protected":false},"excerpt":{"rendered":"<p>Goedkoop ontruimen Door de vele aanbieders is het vaak lastig om professionals te scheiden van de beunhazen, eenpitters en oplichters. Maar al te vaak horen we verhalen van mensen die goedkoop hun woning wilde laten ontruimen maar uiteindelijk veel duurder uit waren door addertjes onder het gras. Bij STERK ontvang je van ons een prijsopgave [&hellip;]<\/p>\n","protected":false},"author":1,"featured_media":804,"parent":0,"menu_order":0,"comment_status":"closed","ping_status":"closed","template":"","meta":{"inline_featured_image":false,"footnotes":""},"categories":[14],"tags":[],"class_list":["post-1815","page","type-page","status-publish","has-post-thumbnail","hentry","category-landingspaginas"],"blocksy_meta":{"styles_descriptor":{"styles":{"desktop":"","tablet":"","mobile":""},"google_fonts":[],"version":6}},"_links":{"self":[{"href":"https:\/\/sterkontruimingen.nl\/pl\/wp-json\/wp\/v2\/pages\/1815","targetHints":{"allow":["GET"]}}],"collection":[{"href":"https:\/\/sterkontruimingen.nl\/pl\/wp-json\/wp\/v2\/pages"}],"about":[{"href":"https:\/\/sterkontruimingen.nl\/pl\/wp-json\/wp\/v2\/types\/page"}],"author":[{"embeddable":true,"href":"https:\/\/sterkontruimingen.nl\/pl\/wp-json\/wp\/v2\/users\/1"}],"replies":[{"embeddable":true,"href":"https:\/\/sterkontruimingen.nl\/pl\/wp-json\/wp\/v2\/comments?post=1815"}],"version-history":[{"count":0,"href":"https:\/\/sterkontruimingen.nl\/pl\/wp-json\/wp\/v2\/pages\/1815\/revisions"}],"wp:featuredmedia":[{"embeddable":true,"href":"https:\/\/sterkontruimingen.nl\/pl\/wp-json\/wp\/v2\/media\/804"}],"wp:attachment":[{"href":"https:\/\/sterkontruimingen.nl\/pl\/wp-json\/wp\/v2\/media?parent=1815"}],"wp:term":[{"taxonomy":"category","embeddable":true,"href":"https:\/\/sterkontruimingen.nl\/pl\/wp-json\/wp\/v2\/categories?post=1815"},{"taxonomy":"post_tag","embeddable":true,"href":"https:\/\/sterkontruimingen.nl\/pl\/wp-json\/wp\/v2\/tags?post=1815"}],"curies":[{"name":"wp","href":"https:\/\/api.w.org\/{rel}","templated":true}]}}