{"id":1235,"date":"2020-07-02T14:21:44","date_gmt":"2020-07-02T12:21:44","guid":{"rendered":"http:\/\/sterkontruimingen.nl\/?page_id=1235"},"modified":"2022-05-29T11:26:27","modified_gmt":"2022-05-29T09:26:27","slug":"prace-rozbiorkowe","status":"publish","type":"page","link":"https:\/\/sterkontruimingen.nl\/pl\/sloopwerkzaamheden\/","title":{"rendered":"Prace rozbi\u00f3rkowe"},"content":{"rendered":"<h2 class=\"wp-block-heading\">Prace rozbi\u00f3rkowe prowadzone przez STERK Evacuations<\/h2>\n\n\n\n<p>Cz\u0119sto przed uko\u0144czeniem budowy domu lub siedziby firmy wszystko musi zosta\u0107 przywr\u00f3cone do pierwotnego stanu. Przebudowa\u0142e\u015b nieruchomo\u015b\u0107 lub postawi\u0142e\u015b \u015bcianki dzia\u0142owe, aby stworzy\u0107 biura lub kuchni\u0119. By\u0142o to konieczne do u\u017cytku, ale wynajmuj\u0105cy lub w\u0142a\u015bciciel nieruchomo\u015bci uzgodni\u0142 z Tob\u0105 wcze\u015bniej, \u017ce po zako\u0144czeniu budowy wszystko zostanie przywr\u00f3cone do pierwotnego stanu.<\/p>\n\n\n\n<p>STERK Eksmisje pomo\u017ce Ci to zrealizowa\u0107. Czy przedmioty musz\u0105 zosta\u0107 usuni\u0119te, zdemontowane lub rozebrane. Z przyjemno\u015bci\u0105 s\u0142u\u017cymy pomoc\u0105.<\/p>\n\n\n\n<h3 class=\"wp-block-heading\">Metoda pracy STERK Ewakuacja<\/h3>\n\n\n\n<h3 class=\"wp-block-heading\">NASZA METODA PRACY<\/h3>\n\n\n\n<p>Zanim pomo\u017cemy w przeprowadzce, rodzina b\u0119dzie mia\u0142a mo\u017cliwo\u015b\u0107 usuni\u0119cia wszystkich cennych rzeczy z domu. Nast\u0119pnie zajmiemy si\u0119 ca\u0142kowitym usuni\u0119ciem i dostaw\u0105 w ci\u0105gu kilku dni. Sprawa jest pilna? W takim razie mo\u017cemy r\u00f3wnie\u017c zaj\u0105\u0107 si\u0119 przeprowadzk\u0105 w ci\u0105gu 48 godzin.<\/p>\n\n\n\n<ul class=\"wp-block-list\"><li>Laminat, dywan, p\u0142ytki pod\u0142ogowe i plandeka s\u0105 usuwane w ostro\u017cny i profesjonalny spos\u00f3b.<\/li><li>Wszystkie \u015bciany i sufity s\u0105 pozbawione \u015brub, gwo\u017adzi i ko\u0142k\u00f3w, a otwory po nich s\u0105 starannie uszczelnione.<\/li><li>Firma STERK zajmuje si\u0119 wszystkimi pracami wymaganymi do dostarczenia nieruchomo\u015bci w spos\u00f3b satysfakcjonuj\u0105cy.<\/li><\/ul>\n\n\n\n<p>Pracujemy z gwarancj\u0105 uko\u0144czenia. P\u0142atno\u015b\u0107 nast\u0119puje dopiero po dostawie. Czy nadal nie jeste\u015b usatysfakcjonowany? Zawsze mo\u017cemy to rozwi\u0105za\u0107 w drodze konsultacji. <\/p>","protected":false},"excerpt":{"rendered":"<p>Sloopwerkzaamheden door STERK Ontruimingen Vaak moeten er voor oplevering van uw woning of bedrijfspand alles teruggebracht worden naar oorspronkelijke staat. U heeft het pand verbouwd of scheidingswanden aangebracht om kantoren of een keuken te maken. Voor uw gebruik was dit nodig, maar uw verhuurder of eigenaar van het pand heeft met u van te voren [&hellip;]<\/p>\n","protected":false},"author":1,"featured_media":1247,"parent":0,"menu_order":0,"comment_status":"closed","ping_status":"closed","template":"","meta":{"inline_featured_image":false,"footnotes":""},"categories":[14],"tags":[],"class_list":["post-1235","page","type-page","status-publish","has-post-thumbnail","hentry","category-landingspaginas"],"blocksy_meta":{"styles_descriptor":{"styles":{"desktop":"","tablet":"","mobile":""},"google_fonts":[],"version":6}},"_links":{"self":[{"href":"https:\/\/sterkontruimingen.nl\/pl\/wp-json\/wp\/v2\/pages\/1235","targetHints":{"allow":["GET"]}}],"collection":[{"href":"https:\/\/sterkontruimingen.nl\/pl\/wp-json\/wp\/v2\/pages"}],"about":[{"href":"https:\/\/sterkontruimingen.nl\/pl\/wp-json\/wp\/v2\/types\/page"}],"author":[{"embeddable":true,"href":"https:\/\/sterkontruimingen.nl\/pl\/wp-json\/wp\/v2\/users\/1"}],"replies":[{"embeddable":true,"href":"https:\/\/sterkontruimingen.nl\/pl\/wp-json\/wp\/v2\/comments?post=1235"}],"version-history":[{"count":1,"href":"https:\/\/sterkontruimingen.nl\/pl\/wp-json\/wp\/v2\/pages\/1235\/revisions"}],"predecessor-version":[{"id":2817,"href":"https:\/\/sterkontruimingen.nl\/pl\/wp-json\/wp\/v2\/pages\/1235\/revisions\/2817"}],"wp:featuredmedia":[{"embeddable":true,"href":"https:\/\/sterkontruimingen.nl\/pl\/wp-json\/wp\/v2\/media\/1247"}],"wp:attachment":[{"href":"https:\/\/sterkontruimingen.nl\/pl\/wp-json\/wp\/v2\/media?parent=1235"}],"wp:term":[{"taxonomy":"category","embeddable":true,"href":"https:\/\/sterkontruimingen.nl\/pl\/wp-json\/wp\/v2\/categories?post=1235"},{"taxonomy":"post_tag","embeddable":true,"href":"https:\/\/sterkontruimingen.nl\/pl\/wp-json\/wp\/v2\/tags?post=1235"}],"curies":[{"name":"wp","href":"https:\/\/api.w.org\/{rel}","templated":true}]}}