{"id":1230,"date":"2020-07-02T09:16:42","date_gmt":"2020-07-02T07:16:42","guid":{"rendered":"http:\/\/sterkontruimingen.nl\/?page_id=1230"},"modified":"2024-05-27T07:50:03","modified_gmt":"2024-05-27T05:50:03","slug":"czyszczenie","status":"publish","type":"page","link":"https:\/\/sterkontruimingen.nl\/pl\/schoonmaakwerkzaamheden\/","title":{"rendered":"Czyszczenie"},"content":{"rendered":"<h2 class=\"wp-block-heading\">STERK przywraca dom do pierwotnego stanu <\/h2>\n\n\n\n<p>Mo\u017cna wymieni\u0107 kilka sytuacji, w kt\u00f3rych znajduje si\u0119 wyj\u0105tkowo zanieczyszczony dom. Zdarza si\u0119 to cz\u0119\u015bciej ni\u017c my\u015blisz, g\u0142\u00f3wnie dlatego, \u017ce wstyd odgrywa (niepotrzebn\u0105!) rol\u0119. A szkoda, bo STERK potrafi w kr\u00f3tkim czasie przywr\u00f3ci\u0107 ka\u017cdy dom do stanu pierwotnego. Wcze\u015bniej naprawd\u0119 mieli\u015bmy wszystko na g\u0142owie&nbsp;<\/p>\n\n\n\n<p><strong>Zanieczyszczony dom jest cz\u0119sto wynikiem<\/strong>:<\/p>\n\n\n\n<ul class=\"wp-block-list\"><li>Silny przymus gromadzenia (zbieracze)<\/li><li>Powa\u017cne zaniedbanie<\/li><li>Miejsce zbrodni<\/li><li>Miejsce znalezienia cia\u0142a (krew, p\u0142yny ustrojowe, intensywny smr\u00f3d)<\/li><li>Zwierz\u0119ta, szkodniki itp<\/li><\/ul>\n\n\n\n<h3 class=\"wp-block-heading\">Dyskretne i pe\u0142ne szacunku rozliczanie<\/h3>\n\n\n\n<p>W wielu przypadkach mieszka\u0144cy lub interesariusze znajduj\u0105 si\u0119 w sytuacji, w kt\u00f3rej s\u0105 za\u017cenowani stanem nieruchomo\u015bci. To zrozumia\u0142e, ale niepotrzebne. STERK widzia\u0142 ju\u017c to wszystko i wiemy (niestety), jakie przyczyny mog\u0105 le\u017ce\u0107 u podstaw powa\u017cnie zanieczyszczonego domu.&nbsp;<\/p>\n\n\n\n<p>STERK Eviction oferuje przyst\u0119pne, praktyczne i humanitarne rozwi\u0105zanie. Wsp\u00f3lnie z Tob\u0105 opracowujemy plan dzia\u0142ania, aby przywr\u00f3ci\u0107 zanieczyszczony dom do pierwotnego stanu.&nbsp;<\/p>\n\n\n\n<p>Wszystko to przy zachowaniu maksymalnej dyskrecji. W razie potrzeby je\u017adzimy bia\u0142\u0105 furgonetk\u0105 bez logo i napis\u00f3w, strukturalnie zabraniamy dost\u0119pu osobom nieupowa\u017cnionym i ostro\u017cnie obchodzimy si\u0119 z wszelkimi rzeczami osobistymi znalezionymi w zawarto\u015bci.&nbsp;<\/p>\n\n\n\n<h3 class=\"wp-block-heading\">Eksmisje STERK mog\u0105 obejmowa\u0107:<\/h3>\n\n\n\n<ul class=\"wp-block-list\"><li>Prowadzenie procesu od A do Z<\/li><li>Wyczy\u015b\u0107<\/li><li>Czyszczenie<\/li><li>Dezynfekcja<\/li><li>Usuwanie nieprzyjemnego zapachu<\/li><li>Przyjazna dla \u015brodowiska i op\u0142acalna utylizacja pozosta\u0142o\u015bci<\/li><li><a href=\"http:\/\/sterkontruimingen.nl\/pl\/odprawa-mieszkaniowa\/naprawy\/\">Naprawy<\/a>&nbsp;wyst\u0119powa\u0107<\/li><li>itd.<\/li><\/ul>\n\n\n\n<h3 class=\"wp-block-heading\">Metoda dzia\u0142ania STERK<\/h3>\n\n\n\n<p>Ch\u0119tnie odwiedzimy Ci\u0119 w kr\u00f3tkim czasie, aby om\u00f3wi\u0107 prac\u0119 i przedstawi\u0107 wycen\u0119 oraz harmonogram bez zobowi\u0105za\u0144. Po uzgodnieniu rozpoczniemy wsp\u00f3\u0142prac\u0119. Zawsze masz jedn\u0105 osob\u0119 kontaktow\u0105 i oferujemy gwarancj\u0119 satysfakcji 100%. P\u0142acisz tylko po uzgodnieniu dostawy.<\/p>","protected":false},"excerpt":{"rendered":"<p>STERK brengt uw woning in oorspronkelijke staat terug Er zijn verschillende situaties op te noemen waarin een extreem vervuilde woning wordt aangetroffen. Het gebeurt vaker dan u denkt, veelal omdat schaamte een (onnodige!) rol speelt. Zonde, want STERK kan elke woning in korte tijd in originele staat terug brengen. Wij hebben werkelijk alles al eens [&hellip;]<\/p>\n","protected":false},"author":1,"featured_media":1058,"parent":0,"menu_order":0,"comment_status":"closed","ping_status":"closed","template":"","meta":{"inline_featured_image":false,"footnotes":""},"categories":[14],"tags":[],"class_list":["post-1230","page","type-page","status-publish","has-post-thumbnail","hentry","category-landingspaginas"],"blocksy_meta":{"styles_descriptor":{"styles":{"desktop":"","tablet":"","mobile":""},"google_fonts":[],"version":6}},"_links":{"self":[{"href":"https:\/\/sterkontruimingen.nl\/pl\/wp-json\/wp\/v2\/pages\/1230","targetHints":{"allow":["GET"]}}],"collection":[{"href":"https:\/\/sterkontruimingen.nl\/pl\/wp-json\/wp\/v2\/pages"}],"about":[{"href":"https:\/\/sterkontruimingen.nl\/pl\/wp-json\/wp\/v2\/types\/page"}],"author":[{"embeddable":true,"href":"https:\/\/sterkontruimingen.nl\/pl\/wp-json\/wp\/v2\/users\/1"}],"replies":[{"embeddable":true,"href":"https:\/\/sterkontruimingen.nl\/pl\/wp-json\/wp\/v2\/comments?post=1230"}],"version-history":[{"count":1,"href":"https:\/\/sterkontruimingen.nl\/pl\/wp-json\/wp\/v2\/pages\/1230\/revisions"}],"predecessor-version":[{"id":2820,"href":"https:\/\/sterkontruimingen.nl\/pl\/wp-json\/wp\/v2\/pages\/1230\/revisions\/2820"}],"wp:featuredmedia":[{"embeddable":true,"href":"https:\/\/sterkontruimingen.nl\/pl\/wp-json\/wp\/v2\/media\/1058"}],"wp:attachment":[{"href":"https:\/\/sterkontruimingen.nl\/pl\/wp-json\/wp\/v2\/media?parent=1230"}],"wp:term":[{"taxonomy":"category","embeddable":true,"href":"https:\/\/sterkontruimingen.nl\/pl\/wp-json\/wp\/v2\/categories?post=1230"},{"taxonomy":"post_tag","embeddable":true,"href":"https:\/\/sterkontruimingen.nl\/pl\/wp-json\/wp\/v2\/tags?post=1230"}],"curies":[{"name":"wp","href":"https:\/\/api.w.org\/{rel}","templated":true}]}}