{"id":1224,"date":"2020-07-02T08:52:35","date_gmt":"2020-07-02T06:52:35","guid":{"rendered":"http:\/\/sterkontruimingen.nl\/?page_id=1224"},"modified":"2024-05-27T07:25:30","modified_gmt":"2024-05-27T05:25:30","slug":"szczytne-cele","status":"publish","type":"page","link":"https:\/\/sterkontruimingen.nl\/pl\/goede-doelen\/","title":{"rendered":"Dobre przyczyny"},"content":{"rendered":"<h2 class=\"wp-block-heading\">STERK wspiera Now\u0105 Nadziej\u0119<\/h2>\n\n\n\n<p>STERK wspiera odbi\u00f3r towar\u00f3w <a rel=\"noreferrer noopener\" href=\"https:\/\/nieuwehoop.nl\" target=\"_blank\">New Hope Circle<\/a>. Przekazuj\u0105c Nieuwe Hoop towary z wyprzeda\u017cy, kt\u00f3re nadal nadaj\u0105 si\u0119 do sprzeda\u017cy, zapewniamy innym ludziom pomoc w postaci \u0142adnych rzeczy, ale Nieuwe Hoop zapewnia r\u00f3wnie\u017c, \u017ce osoby borykaj\u0105ce si\u0119 z trudno\u015bciami otrzymuj\u0105 praktyczn\u0105 pomoc, wsparcie finansowe i wys\u0142uchanie.<\/p>\n\n\n\n<p>Je\u015bli przyznasz nam prac\u0119, mo\u017cesz by\u0107 pewien, \u017ce zrobimy wszystko, co mo\u017cliwe, aby 1. zmniejszy\u0107 g\u00f3r\u0119 odpad\u00f3w 2. da\u0107 przedmiotom warto\u015bciowym drugie \u017cycie 3. Wsp\u00f3lnie ze sklepem z rzeczami u\u017cywanymi, sortowa\u0107 i segregowa\u0107 rzeczy na sprzeda\u017c i do recyklingu, najlepiej jak potrafimy.<\/p>","protected":false},"excerpt":{"rendered":"<p>STERK steunt Nieuwe Hoop STERK steunt met het ophalen van goederen Nieuwe Hoop Kringloop. Door goederen die wij uit een ontruiming tegenkomen die nog verkoopbaar zijn te doneren aan Nieuwe Hoop zorgen we ervoor dat andere mensen geholpen zijn aan mooie spullen maar zorgt Nieuwe Hoop er ook voor dat mensen die het moeilijk hebben [&hellip;]<\/p>\n","protected":false},"author":1,"featured_media":1058,"parent":0,"menu_order":0,"comment_status":"closed","ping_status":"closed","template":"","meta":{"inline_featured_image":false,"footnotes":""},"categories":[14],"tags":[],"class_list":["post-1224","page","type-page","status-publish","has-post-thumbnail","hentry","category-landingspaginas"],"blocksy_meta":{"styles_descriptor":{"styles":{"desktop":"","tablet":"","mobile":""},"google_fonts":[],"version":6}},"_links":{"self":[{"href":"https:\/\/sterkontruimingen.nl\/pl\/wp-json\/wp\/v2\/pages\/1224","targetHints":{"allow":["GET"]}}],"collection":[{"href":"https:\/\/sterkontruimingen.nl\/pl\/wp-json\/wp\/v2\/pages"}],"about":[{"href":"https:\/\/sterkontruimingen.nl\/pl\/wp-json\/wp\/v2\/types\/page"}],"author":[{"embeddable":true,"href":"https:\/\/sterkontruimingen.nl\/pl\/wp-json\/wp\/v2\/users\/1"}],"replies":[{"embeddable":true,"href":"https:\/\/sterkontruimingen.nl\/pl\/wp-json\/wp\/v2\/comments?post=1224"}],"version-history":[{"count":1,"href":"https:\/\/sterkontruimingen.nl\/pl\/wp-json\/wp\/v2\/pages\/1224\/revisions"}],"predecessor-version":[{"id":2803,"href":"https:\/\/sterkontruimingen.nl\/pl\/wp-json\/wp\/v2\/pages\/1224\/revisions\/2803"}],"wp:featuredmedia":[{"embeddable":true,"href":"https:\/\/sterkontruimingen.nl\/pl\/wp-json\/wp\/v2\/media\/1058"}],"wp:attachment":[{"href":"https:\/\/sterkontruimingen.nl\/pl\/wp-json\/wp\/v2\/media?parent=1224"}],"wp:term":[{"taxonomy":"category","embeddable":true,"href":"https:\/\/sterkontruimingen.nl\/pl\/wp-json\/wp\/v2\/categories?post=1224"},{"taxonomy":"post_tag","embeddable":true,"href":"https:\/\/sterkontruimingen.nl\/pl\/wp-json\/wp\/v2\/tags?post=1224"}],"curies":[{"name":"wp","href":"https:\/\/api.w.org\/{rel}","templated":true}]}}