{"id":1213,"date":"2020-07-02T08:46:07","date_gmt":"2020-07-02T06:46:07","guid":{"rendered":"http:\/\/sterkontruimingen.nl\/?page_id=1213"},"modified":"2022-05-29T11:27:57","modified_gmt":"2022-05-29T09:27:57","slug":"reintegracja","status":"publish","type":"page","link":"https:\/\/sterkontruimingen.nl\/pl\/re-integratie\/","title":{"rendered":"Reintegracja w STERK Eksmisje"},"content":{"rendered":"<h2 class=\"wp-block-heading\">Reintegracja w STERK Eksmisje<\/h2>\n\n\n\n<p>W STERK Evictions chcemy da\u0107 jak najwi\u0119kszej liczbie os\u00f3b szans\u0119 na prac\u0119. Dlatego lubimy pomaga\u0107 ludziom w reintegracji. Oferuj\u0105c dobre wskaz\u00f3wki i struktur\u0119, pomagamy ludziom wr\u00f3ci\u0107 do rytmu pracy. Ponadto pracujemy z mi\u0142ym zespo\u0142em i ci\u0119\u017cko pracujemy ka\u017cdego dnia, aby ludzie byli zadowoleni z naszych us\u0142ug.<\/p>\n\n\n\n<p>Wierzymy, \u017ce je\u015bli kto\u015b ma tak\u0105 mo\u017cliwo\u015b\u0107, oferowanie reintegracji powinno by\u0107 cz\u0119\u015bci\u0105 jego dzia\u0142alno\u015bci. Wsp\u00f3\u0142pracuj\u0105c z agencjami reintegracyjnymi, pozyskujemy do naszego zespo\u0142u ludzi, kt\u00f3rzy maj\u0105 potencja\u0142, by wznie\u015b\u0107 si\u0119 znacznie ponad samych siebie. Nie robimy tego poprzez zwi\u0119kszanie presji, ale raczej poprzez zatrudnianie ludzi zgodnie z ich mo\u017cliwo\u015bciami, poprzez ci\u0105g\u0142e popychanie ich nieco mocniej i poprzez uwa\u017cne obserwowanie stanu zdrowia naszych pracownik\u00f3w.<\/p>\n\n\n\n<p>Czy jeste\u015b zainteresowany ponown\u0105 integracj\u0105 z nami? <a href=\"http:\/\/sterkontruimingen.nl\/pl\/kontakt\/\">Nast\u0119pnie skontaktuj si\u0119 z nami<\/a>.<\/p>","protected":false},"excerpt":{"rendered":"<p>Re-integreren bij STERK Ontruimingen Bij STERK Ontruimingen willen we zoveel mogelijk mensen een kans geven op werk. Daarom helpen we mensen graag re-integreren. Door goede begeleiding en structuur te bieden helpen we op die manier mensen weer in een arbeidsritme te krijgen. Daarnaast werken we met een leuk team en werken we elke dag hard [&hellip;]<\/p>\n","protected":false},"author":1,"featured_media":905,"parent":0,"menu_order":0,"comment_status":"closed","ping_status":"closed","template":"","meta":{"inline_featured_image":false,"footnotes":""},"categories":[14],"tags":[],"class_list":["post-1213","page","type-page","status-publish","has-post-thumbnail","hentry","category-landingspaginas"],"blocksy_meta":{"styles_descriptor":{"styles":{"desktop":"","tablet":"","mobile":""},"google_fonts":[],"version":6}},"_links":{"self":[{"href":"https:\/\/sterkontruimingen.nl\/pl\/wp-json\/wp\/v2\/pages\/1213","targetHints":{"allow":["GET"]}}],"collection":[{"href":"https:\/\/sterkontruimingen.nl\/pl\/wp-json\/wp\/v2\/pages"}],"about":[{"href":"https:\/\/sterkontruimingen.nl\/pl\/wp-json\/wp\/v2\/types\/page"}],"author":[{"embeddable":true,"href":"https:\/\/sterkontruimingen.nl\/pl\/wp-json\/wp\/v2\/users\/1"}],"replies":[{"embeddable":true,"href":"https:\/\/sterkontruimingen.nl\/pl\/wp-json\/wp\/v2\/comments?post=1213"}],"version-history":[{"count":1,"href":"https:\/\/sterkontruimingen.nl\/pl\/wp-json\/wp\/v2\/pages\/1213\/revisions"}],"predecessor-version":[{"id":2808,"href":"https:\/\/sterkontruimingen.nl\/pl\/wp-json\/wp\/v2\/pages\/1213\/revisions\/2808"}],"wp:featuredmedia":[{"embeddable":true,"href":"https:\/\/sterkontruimingen.nl\/pl\/wp-json\/wp\/v2\/media\/905"}],"wp:attachment":[{"href":"https:\/\/sterkontruimingen.nl\/pl\/wp-json\/wp\/v2\/media?parent=1213"}],"wp:term":[{"taxonomy":"category","embeddable":true,"href":"https:\/\/sterkontruimingen.nl\/pl\/wp-json\/wp\/v2\/categories?post=1213"},{"taxonomy":"post_tag","embeddable":true,"href":"https:\/\/sterkontruimingen.nl\/pl\/wp-json\/wp\/v2\/tags?post=1213"}],"curies":[{"name":"wp","href":"https:\/\/api.w.org\/{rel}","templated":true}]}}