{"id":1199,"date":"2020-07-01T14:07:41","date_gmt":"2020-07-01T12:07:41","guid":{"rendered":"http:\/\/sterkontruimingen.nl\/?page_id=1199"},"modified":"2024-05-27T08:44:24","modified_gmt":"2024-05-27T06:44:24","slug":"agenci-nieruchomosci","status":"publish","type":"page","link":"https:\/\/sterkontruimingen.nl\/pl\/makelaars\/","title":{"rendered":"Rozliczenie dla agent\u00f3w nieruchomo\u015bci"},"content":{"rendered":"<h2 class=\"wp-block-heading\">Rozwi\u0105zanie Agenci nieruchomo\u015bci i inni wynajmuj\u0105cy<\/h2>\n\n\n\n<p>Sprz\u0105tamy domy i obiekty komercyjne, zapewniamy (specjalne) sprz\u0105tanie i prace&nbsp;<a href=\"http:\/\/sterkontruimingen.nl\/pl\/odprawa-mieszkaniowa\/\">&nbsp;na odprawie mieszkaniowej.<\/a><br>W\u0142a\u015bnie dlatego us\u0142ugi STERK House Clearances s\u0105 idealne dla agencji nieruchomo\u015bci, w\u0142a\u015bcicieli nieruchomo\u015bci i os\u00f3b wynajmuj\u0105cych w sektorze prywatnym.&nbsp;<em>Rozliczenie domu stanowi du\u017c\u0105 warto\u015b\u0107 dodan\u0105<\/em>. Organizujemy wszystkie prace, kt\u00f3re maj\u0105 by\u0107 wykonane za jednym razem, bez ha\u0142asu i interweniuj\u0105cych stron, co pozwala zaoszcz\u0119dzi\u0107 du\u017co czasu, odci\u0105\u017camy Ci\u0119 od r\u00f3\u017cnych zada\u0144, dzi\u0119ki czemu mo\u017cesz nadal koncentrowa\u0107 si\u0119 na swojej dzia\u0142alno\u015bci.<\/p>\n\n\n\n<p>Ponadto, korzystaj\u0105c z us\u0142ug firmy STERK House Clearances w zakresie r\u00f3\u017cnych czynno\u015bci, mo\u017cna zazwyczaj uzyska\u0107 korzystniejsz\u0105 cen\u0119. Korzystniejsz\u0105 cen\u0119, ni\u017c gdyby\u015b musia\u0142 zwr\u00f3ci\u0107 si\u0119 do r\u00f3\u017cnych firm w celu wykonania r\u00f3\u017cnych czynno\u015bci, takich jak prace porz\u0105dkowe i sprz\u0105tanie podczas sprz\u0105tania.<\/p>\n\n\n\n<p>Co wi\u0119cej, w razie potrzeby mo\u017cemy wykona\u0107 te zadania w po\u0142\u0105czeniu z <strong><em><a href=\"http:\/\/sterkontruimingen.nl\/pl\/zezwolenia-awaryjne\/\">awaryjne usuwanie dom\u00f3w<\/a><\/em><\/strong>. W ka\u017cdym przypadku zawsze zawieramy jasne umowy, a je\u015bli pojawi\u0105 si\u0119 nieprzewidziane okoliczno\u015bci, jasno o tym informujemy i zawsze proponujemy rozwi\u0105zanie, na kt\u00f3re klient mo\u017ce si\u0119 zgodzi\u0107.<\/p>\n\n\n\n<p>Na<strong>&nbsp;odprawa mieszkaniowa<\/strong>&nbsp;W razie potrzeby usuwamy (przyklejone) wyk\u0142adziny pod\u0142ogowe, karnisze, pozosta\u0142o\u015bci kleju, gwo\u017adzie, \u015bruby, o\u015bwietlenie itp. Mo\u017cemy r\u00f3wnie\u017c wykona\u0107 specjalistyczne prace porz\u0105dkowe. Mo\u017cna na przyk\u0142ad pomy\u015ble\u0107 o ca\u0142kowitej dezynfekcji budynku. W nast\u0119puj\u0105cych sytuacjach jeste\u015bmy cz\u0119sto proszeni o&nbsp;<strong>odprawa mieszkaniowa:<\/strong><\/p>\n\n\n\n<ul class=\"wp-block-list\"><li>Oczyszczanie domu z bankructwa<\/li><li>zaleg\u0142o\u015bci czynszowe<\/li><li>\u015bmier\u0107<\/li><li>emigracja<\/li><li>aukcja publiczna<\/li><li>relokacja<\/li><li>pokoje opieki \/ mieszkania chronione<\/li><li>rozw\u00f3d<\/li><\/ul>\n\n\n\n<p>STERK stosuje jasne i uczciwe podej\u015bcie. Zawsze umawiamy si\u0119 na niezobowi\u0105zuj\u0105c\u0105 wycen\u0119, sprawdzamy dom i omawiamy z Tob\u0105 prace. Pracujemy w oparciu o cen\u0119 all-in, wi\u0119c wiesz dok\u0142adnie, na czym stoisz i nie masz p\u00f3\u017aniej \u017cadnych k\u0142opot\u00f3w.<\/p>\n\n\n\n<p><strong><em>Opuszczamy zgodnie z warunkami sp\u00f3\u0142dzielni mieszkaniowej.&nbsp;<\/em><\/strong><\/p>","protected":false},"excerpt":{"rendered":"<p>D\u00e9 oplossing Makelaars en andere verhuurders Wij ontruimen woningen en bedrijfspanden, verzorgen een (speciale) schoonmaak, en klussen&nbsp;&nbsp;bij een woningontruiming.Daarom is&nbsp;STERK Woningontruimingen ideaal voor Makelaars, vastgoedeigenaren verhuurders in de particuliere sector en kan dit bij een&nbsp;woningontruiming&nbsp;veel meerwaarde geven. U regelt alle te verrichtten werkzaamheden in \u00e9\u00e9n keer, zonder ruis of tussenkomende partijen, dit scheelt u veel [&hellip;]<\/p>\n","protected":false},"author":1,"featured_media":746,"parent":0,"menu_order":0,"comment_status":"closed","ping_status":"closed","template":"","meta":{"inline_featured_image":false,"footnotes":""},"categories":[14],"tags":[],"class_list":["post-1199","page","type-page","status-publish","has-post-thumbnail","hentry","category-landingspaginas"],"blocksy_meta":{"styles_descriptor":{"styles":{"desktop":"","tablet":"","mobile":""},"google_fonts":[],"version":6}},"_links":{"self":[{"href":"https:\/\/sterkontruimingen.nl\/pl\/wp-json\/wp\/v2\/pages\/1199","targetHints":{"allow":["GET"]}}],"collection":[{"href":"https:\/\/sterkontruimingen.nl\/pl\/wp-json\/wp\/v2\/pages"}],"about":[{"href":"https:\/\/sterkontruimingen.nl\/pl\/wp-json\/wp\/v2\/types\/page"}],"author":[{"embeddable":true,"href":"https:\/\/sterkontruimingen.nl\/pl\/wp-json\/wp\/v2\/users\/1"}],"replies":[{"embeddable":true,"href":"https:\/\/sterkontruimingen.nl\/pl\/wp-json\/wp\/v2\/comments?post=1199"}],"version-history":[{"count":1,"href":"https:\/\/sterkontruimingen.nl\/pl\/wp-json\/wp\/v2\/pages\/1199\/revisions"}],"predecessor-version":[{"id":2812,"href":"https:\/\/sterkontruimingen.nl\/pl\/wp-json\/wp\/v2\/pages\/1199\/revisions\/2812"}],"wp:featuredmedia":[{"embeddable":true,"href":"https:\/\/sterkontruimingen.nl\/pl\/wp-json\/wp\/v2\/media\/746"}],"wp:attachment":[{"href":"https:\/\/sterkontruimingen.nl\/pl\/wp-json\/wp\/v2\/media?parent=1199"}],"wp:term":[{"taxonomy":"category","embeddable":true,"href":"https:\/\/sterkontruimingen.nl\/pl\/wp-json\/wp\/v2\/categories?post=1199"},{"taxonomy":"post_tag","embeddable":true,"href":"https:\/\/sterkontruimingen.nl\/pl\/wp-json\/wp\/v2\/tags?post=1199"}],"curies":[{"name":"wp","href":"https:\/\/api.w.org\/{rel}","templated":true}]}}