{"id":1184,"date":"2020-07-01T13:54:26","date_gmt":"2020-07-01T11:54:26","guid":{"rendered":"http:\/\/sterkontruimingen.nl\/?page_id=1184"},"modified":"2022-05-29T11:27:00","modified_gmt":"2022-05-29T09:27:00","slug":"fundacja-mieszkaniowa-lub-spoldzielnia-mieszkaniowa","status":"publish","type":"page","link":"https:\/\/sterkontruimingen.nl\/pl\/woningstichting-of-woningbouwvereniging\/","title":{"rendered":"Fundacja mieszkaniowa lub sp\u00f3\u0142dzielnia mieszkaniowa"},"content":{"rendered":"<h2 class=\"wp-block-heading\">odprawa zgodnie z warunkami u\u017cytkownika<\/h2>\n\n\n\n<p>Istniej\u0105 r\u00f3\u017cne okoliczno\u015bci, w kt\u00f3rych mo\u017cesz nie by\u0107 w stanie samodzielnie wyczy\u015bci\u0107 lub dostarczy\u0107 czystej nieruchomo\u015bci. STERK House Clearances z przyjemno\u015bci\u0105 pomo\u017ce Ci w sprz\u0105taniu, czyszczeniu i przygotowaniu dom\u00f3w, pomieszcze\u0144 do opieki lub lokali biznesowych do przekazania.<\/p>\n\n\n\n<figure class=\"wp-block-pullquote\"><blockquote><p>ROZLICZAMY SI\u0118 ZGODNIE Z WARUNKAMI SP\u00d3\u0141DZIELNI MIESZKANIOWEJ LUB WSP\u00d3LNOTY MIESZKANIOWEJ <\/p><cite><em>CO OZNACZA, \u017bE NIERUCHOMO\u015a\u0106 JEST ZAWSZE DOSTARCZANA W CZYSTO\u015aCI I BEZ \u017bADNYCH ZMARTWIE\u0143 W UZGODNIONYM TERMINIE.<\/em><\/cite><\/blockquote><\/figure>\n\n\n\n<p>Odwiedzimy Ci\u0119 bez zobowi\u0105za\u0144, aby sporz\u0105dzi\u0107 pisemn\u0105 wycen\u0119, w kt\u00f3rej wszystko zostanie szczeg\u00f3\u0142owo odnotowane.<br>STERK House Clearance przywi\u0105zuje du\u017c\u0105 wag\u0119 do ponownego wykorzystania towar\u00f3w; we wsp\u00f3\u0142pracy z naszym partnerem w zakresie recyklingu Renewi i Fundacj\u0105 Nowa Nadzieja zapewniamy coraz wi\u0119cej <a href=\"http:\/\/sterkontruimingen.nl\/pl\/o-silnym\/#mvo\">Post\u0119puj zgodnie z CSR<\/a>. <\/p>\n\n\n\n<p>Z nami masz jeden punkt kontaktowy dla wszystkich prac i z g\u00f3ry wiesz, na czym stoisz. Dzi\u0119ki naszemu do\u015bwiadczeniu Twoje zlecenie jest w bezpiecznych r\u0119kach STERK House Clearance.<\/p>\n\n\n\n<h3 class=\"wp-block-heading\">Nasza metoda pracy<\/h3>\n\n\n\n<p>Zanim pomo\u017cemy w przeprowadzce, rodzina b\u0119dzie mia\u0142a mo\u017cliwo\u015b\u0107 usuni\u0119cia wszystkich cennych rzeczy z domu. Nast\u0119pnie zajmiemy si\u0119 ca\u0142kowitym usuni\u0119ciem i dostaw\u0105 w ci\u0105gu kilku dni. Sprawa jest pilna? W takim razie mo\u017cemy r\u00f3wnie\u017c zaj\u0105\u0107 si\u0119 przeprowadzk\u0105 w ci\u0105gu 48 godzin.<\/p>\n\n\n\n<ul class=\"wp-block-list\"><li>Laminat, dywan, p\u0142ytki pod\u0142ogowe i plandeka s\u0105 usuwane w ostro\u017cny i profesjonalny spos\u00f3b.<\/li><li>Wszystkie \u015bciany i sufity s\u0105 pozbawione \u015brub, gwo\u017adzi i ko\u0142k\u00f3w, a otwory po nich s\u0105 starannie uszczelnione.<\/li><li>Firma STERK zajmuje si\u0119 wszystkimi pracami wymaganymi do dostarczenia nieruchomo\u015bci w spos\u00f3b satysfakcjonuj\u0105cy.<\/li><\/ul>","protected":false},"excerpt":{"rendered":"<p>ontruiming conform uw voorwaarden Er zijn verschillende omstandigheden waarbij u zelf niet in staat bent tot het ontruimen of het bezemschoon opleveren van een woning. STERK Woningontruimingen is u graag van dienst bij het ontruimen, schoonmaken en oplevering klaar maken van woningen, zorgkamers of bedrijfspanden. WIJ ONTRUIMEN CONFORM DE VOORWAARDEN VAN WONINGBOUWVERENIGING OF WONINGCORPORATIE DAT [&hellip;]<\/p>\n","protected":false},"author":1,"featured_media":746,"parent":0,"menu_order":0,"comment_status":"closed","ping_status":"closed","template":"","meta":{"inline_featured_image":false,"footnotes":""},"categories":[14],"tags":[],"class_list":["post-1184","page","type-page","status-publish","has-post-thumbnail","hentry","category-landingspaginas"],"blocksy_meta":{"styles_descriptor":{"styles":{"desktop":"","tablet":"","mobile":""},"google_fonts":[],"version":6}},"_links":{"self":[{"href":"https:\/\/sterkontruimingen.nl\/pl\/wp-json\/wp\/v2\/pages\/1184","targetHints":{"allow":["GET"]}}],"collection":[{"href":"https:\/\/sterkontruimingen.nl\/pl\/wp-json\/wp\/v2\/pages"}],"about":[{"href":"https:\/\/sterkontruimingen.nl\/pl\/wp-json\/wp\/v2\/types\/page"}],"author":[{"embeddable":true,"href":"https:\/\/sterkontruimingen.nl\/pl\/wp-json\/wp\/v2\/users\/1"}],"replies":[{"embeddable":true,"href":"https:\/\/sterkontruimingen.nl\/pl\/wp-json\/wp\/v2\/comments?post=1184"}],"version-history":[{"count":1,"href":"https:\/\/sterkontruimingen.nl\/pl\/wp-json\/wp\/v2\/pages\/1184\/revisions"}],"predecessor-version":[{"id":2811,"href":"https:\/\/sterkontruimingen.nl\/pl\/wp-json\/wp\/v2\/pages\/1184\/revisions\/2811"}],"wp:featuredmedia":[{"embeddable":true,"href":"https:\/\/sterkontruimingen.nl\/pl\/wp-json\/wp\/v2\/media\/746"}],"wp:attachment":[{"href":"https:\/\/sterkontruimingen.nl\/pl\/wp-json\/wp\/v2\/media?parent=1184"}],"wp:term":[{"taxonomy":"category","embeddable":true,"href":"https:\/\/sterkontruimingen.nl\/pl\/wp-json\/wp\/v2\/categories?post=1184"},{"taxonomy":"post_tag","embeddable":true,"href":"https:\/\/sterkontruimingen.nl\/pl\/wp-json\/wp\/v2\/tags?post=1184"}],"curies":[{"name":"wp","href":"https:\/\/api.w.org\/{rel}","templated":true}]}}