{"id":1174,"date":"2020-07-01T10:33:39","date_gmt":"2020-07-01T08:33:39","guid":{"rendered":"http:\/\/sterkontruimingen.nl\/?page_id=1174"},"modified":"2022-05-29T11:26:43","modified_gmt":"2022-05-29T09:26:43","slug":"notariusz-lub-administrator","status":"publish","type":"page","link":"https:\/\/sterkontruimingen.nl\/pl\/notaris-of-bewindvoerder\/","title":{"rendered":"Notariusz lub administrator"},"content":{"rendered":"<h2 class=\"wp-block-heading\">STERK pracuje dla notariusza lub administratora<\/h2>\n\n\n\n<p>Coraz cz\u0119\u015bciej zdarza si\u0119, \u017ce ludzie decyduj\u0105 si\u0119 na notarialne zapisanie w testamencie, co powinno sta\u0107 si\u0119 z ich domowym maj\u0105tkiem po ich \u015bmierci. Rozdysponowanie cennymi pami\u0105tkami, ale tak\u017ce uprz\u0105tni\u0119cie lub darowizna zawarto\u015bci gospodarstwa domowego. Nierzadko w testamencie wyra\u017anie zaznacza si\u0119, \u017ce nie chce si\u0119, aby najbli\u017csi krewni musieli uprz\u0105tn\u0105\u0107 i opr\u00f3\u017cni\u0107 zawarto\u015b\u0107 gospodarstwa domowego. Kto\u015b mo\u017ce zdecydowa\u0107 si\u0119 na to, je\u015bli nie ma najbli\u017cszych krewnych, ale tak\u017ce, na przyk\u0142ad, je\u015bli czuje, \u017ce ten ci\u0119\u017car jest zbyt du\u017cy dla najbli\u017cszych krewnych lub je\u015bli chcia\u0142by zdj\u0105\u0107 z nich to zmartwienie.<\/p>\n\n\n\n<p>W obu przypadkach STERK Ontruimingen jest gotowy zakasa\u0107 r\u0119kawy. Dlatego ch\u0119tnie podejmiemy \u015bcis\u0142\u0105 wsp\u00f3\u0142prac\u0119 z kancelari\u0105 notarialn\u0105 lub syndykiem, aby doprowadzi\u0107 t\u0119 ugod\u0119 do pomy\u015blnego zako\u0144czenia. Dzi\u0119ki profesjonalnemu zespo\u0142owi zapewniamy dyskretn\u0105 i pe\u0142n\u0105 szacunku utylizacj\u0119 przedmiot\u00f3w gospodarstwa domowego. Przedmioty, kt\u00f3re nadal maj\u0105 warto\u015b\u0107, zostan\u0105 przekazane Fundacji Nowa Nadzieja w imieniu w\u0142a\u015bciciela.<\/p>\n\n\n\n<p>Zdarza si\u0119 r\u00f3wnie\u017c, \u017ce notariuszowi powierza si\u0119 prowadzenie spraw po \u015bmierci osoby, kt\u00f3ra nie ma najbli\u017cszych krewnych i kt\u00f3ra sama niczego nie zapisa\u0142a. Notariusz dzia\u0142a w\u00f3wczas jako wykonawca testamentu (dawniej: wykonawca testamentu) i organizuje eksmisj\u0119.<\/p>\n\n\n\n<h3 class=\"wp-block-heading\">Przegl\u0105danie w celu oszacowania pracy<\/h3>\n\n\n\n<p>W takim przypadku notariusz mo\u017ce skontaktowa\u0107 si\u0119 z nami po \u015bmierci swojego klienta. Om\u00f3wimy mo\u017cliwo\u015bci przez telefon i um\u00f3wimy si\u0119 na obejrzenie nieruchomo\u015bci. Poniewa\u017c ta bran\u017ca zawsze wi\u0105\u017ce si\u0119 z prac\u0105 dostosowan\u0105 do indywidualnych potrzeb, bardzo wa\u017cne jest, aby zobaczy\u0107 nieruchomo\u015b\u0107 na w\u0142asne oczy. Nast\u0119pnie jasno om\u00f3wimy, jakie prace zostan\u0105 wykonane i w jaki spos\u00f3b dom zostanie dostarczony. Zale\u017cy to r\u00f3wnie\u017c od rodzaju nieruchomo\u015bci; je\u015bli nieruchomo\u015b\u0107 jest przeznaczona na sprzeda\u017c, cz\u0119sto rozs\u0105dnie jest pozostawi\u0107 dywany i lampy na miejscu. Je\u015bli jest to nieruchomo\u015b\u0107 na wynajem, w\u0142a\u015bciciel cz\u0119sto wymaga, aby nieruchomo\u015b\u0107 by\u0142a ca\u0142kowicie pusta po zako\u0144czeniu prac. W takim przypadku mo\u017cemy mi\u0119dzy innymi usun\u0105\u0107 stare tapety i wyk\u0142adziny pod\u0142ogowe oraz wype\u0142ni\u0107 dziury w \u015bcianach. Wszystko zgodnie z oczekiwaniami klienta.<\/p>\n\n\n\n<h3 class=\"wp-block-heading\">Przeniesienie w\u0142asno\u015bci do notariusza<\/h3>\n\n\n\n<p>Mo\u017cemy upewni\u0107 si\u0119, \u017ce nieruchomo\u015b\u0107 jest gotowa do sprzeda\u017cy lub wynajmu po jej uko\u0144czeniu. W przypadku nieruchomo\u015bci na wynajem mo\u017cemy nawet zaj\u0105\u0107 si\u0119 ostatecznym przekazaniem nieruchomo\u015bci w\u0142a\u015bcicielowi, w tym dokonaniem odczyt\u00f3w licznik\u00f3w itp.<\/p>\n\n\n\n<p>W przypadku domu na sprzeda\u017c mo\u017cemy om\u00f3wi\u0107 z agentem nieruchomo\u015bci najlepszy stan uko\u0144czenia danej nieruchomo\u015bci.<\/p>\n\n\n\n<p><strong>Jeste\u015b notariuszem i interesuje Ci\u0119 nasza praca?<\/strong> <strong><a href=\"http:\/\/sterkontruimingen.nl\/pl\/kontakt\/\">Nast\u0119pnie skontaktuj si\u0119 z nami.<\/a><\/strong><\/p>","protected":false},"excerpt":{"rendered":"<p>STERK werkt voor notaris of bewindvoerder Men ziet steeds vaker dat mensen besluiten om in een testament bij een notaris vast te laten leggen wat er na hun overlijden met de inboedel moet gebeuren. Het verdelen van waardevolle erfstukken maar ook laten ontruimen of doneren van een inboedel. Niet zelden wordt daar specifiek in opgenomen [&hellip;]<\/p>\n","protected":false},"author":1,"featured_media":1176,"parent":0,"menu_order":0,"comment_status":"closed","ping_status":"closed","template":"","meta":{"inline_featured_image":false,"footnotes":""},"categories":[14],"tags":[],"class_list":["post-1174","page","type-page","status-publish","has-post-thumbnail","hentry","category-landingspaginas"],"blocksy_meta":{"styles_descriptor":{"styles":{"desktop":"","tablet":"","mobile":""},"google_fonts":[],"version":6}},"_links":{"self":[{"href":"https:\/\/sterkontruimingen.nl\/pl\/wp-json\/wp\/v2\/pages\/1174","targetHints":{"allow":["GET"]}}],"collection":[{"href":"https:\/\/sterkontruimingen.nl\/pl\/wp-json\/wp\/v2\/pages"}],"about":[{"href":"https:\/\/sterkontruimingen.nl\/pl\/wp-json\/wp\/v2\/types\/page"}],"author":[{"embeddable":true,"href":"https:\/\/sterkontruimingen.nl\/pl\/wp-json\/wp\/v2\/users\/1"}],"replies":[{"embeddable":true,"href":"https:\/\/sterkontruimingen.nl\/pl\/wp-json\/wp\/v2\/comments?post=1174"}],"version-history":[{"count":1,"href":"https:\/\/sterkontruimingen.nl\/pl\/wp-json\/wp\/v2\/pages\/1174\/revisions"}],"predecessor-version":[{"id":2813,"href":"https:\/\/sterkontruimingen.nl\/pl\/wp-json\/wp\/v2\/pages\/1174\/revisions\/2813"}],"wp:featuredmedia":[{"embeddable":true,"href":"https:\/\/sterkontruimingen.nl\/pl\/wp-json\/wp\/v2\/media\/1176"}],"wp:attachment":[{"href":"https:\/\/sterkontruimingen.nl\/pl\/wp-json\/wp\/v2\/media?parent=1174"}],"wp:term":[{"taxonomy":"category","embeddable":true,"href":"https:\/\/sterkontruimingen.nl\/pl\/wp-json\/wp\/v2\/categories?post=1174"},{"taxonomy":"post_tag","embeddable":true,"href":"https:\/\/sterkontruimingen.nl\/pl\/wp-json\/wp\/v2\/tags?post=1174"}],"curies":[{"name":"wp","href":"https:\/\/api.w.org\/{rel}","templated":true}]}}