{"id":1159,"date":"2020-06-30T11:52:15","date_gmt":"2020-06-30T09:52:15","guid":{"rendered":"http:\/\/sterkontruimingen.nl\/?page_id=1159"},"modified":"2024-05-27T07:32:31","modified_gmt":"2024-05-27T05:32:31","slug":"oproznianie-domu-po-smierci","status":"publish","type":"page","link":"https:\/\/sterkontruimingen.nl\/pl\/huis-leeghalen-na-overlijden\/","title":{"rendered":"Opr\u00f3\u017cnianie domu po \u015bmierci"},"content":{"rendered":"<p><strong>Opr\u00f3\u017cnianie domu po \u015bmierci<\/strong> \u015amier\u0107 bliskiej osoby jest cz\u0119sto du\u017cym obci\u0105\u017ceniem. Po \u015bmierci bliskiej osoby, pogr\u0105\u017ceni w \u017ca\u0142obie cz\u0119sto staj\u0105 w obliczu wielu kwestii regulacyjnych. Je\u015bli w gr\u0119 wchodzi r\u00f3wnie\u017c rozliczenie nieruchomo\u015bci, cz\u0119sto jest to prawie niemo\u017cliwe do nadzorowania. Sprawy nale\u017cy uporz\u0105dkowa\u0107, uporz\u0105dkowa\u0107 i uporz\u0105dkowa\u0107. Kto co zatrzymuje, a co mo\u017ce odej\u015b\u0107? Pozosta\u0142e przedmioty s\u0105 cz\u0119sto przyt\u0142aczaj\u0105ce. Stare d\u0119bowe kredensy, kt\u00f3rych nie mo\u017cna sprzeda\u0107, wystarczy znie\u015b\u0107 na kilka pi\u0119ter. <\/p>\n\n\n\n<h3 class=\"wp-block-heading\">STERK pomaga pogr\u0105\u017conym w \u017ca\u0142obie rodzinom w ewakuacji.<\/h3>\n\n\n\n<p>Eksmisje STERK maj\u0105 du\u017ce do\u015bwiadczenie w Twoim domu ca\u0142kowicie <strong>opr\u00f3\u017cnianie po \u015bmierci<\/strong>. Zobowi\u0105zujemy si\u0119 do dyskretnego i pe\u0142nego szacunku pozbywania si\u0119 nieruchomo\u015bci i przekazywania tego, co jeszcze mo\u017cna sprzeda\u0107, na cele charytatywne. W ten spos\u00f3b nie masz dodatkowego stresu zwi\u0105zanego z eksmisj\u0105 i wiesz, \u017ce z nami jeste\u015b w dobrych r\u0119kach. Dos\u0142ownie nie musisz si\u0119 o nic martwi\u0107. Je\u015bli znajdziemy jak\u0105kolwiek bi\u017cuteri\u0119 lub inne warto\u015bciowe przedmioty, oczywi\u015bcie om\u00f3wimy to z Tob\u0105.<\/p>\n\n\n\n<h3 class=\"wp-block-heading\">Jak dzia\u0142a STERK?<\/h3>\n\n\n\n<p>Zawsze najpierw odwiedzamy klienta. Kiedy poprosisz nas o wycen\u0119, obejrzymy z Tob\u0105 dom. Nast\u0119pnie przedstawimy wycen\u0119 w ci\u0105gu 48 godzin od z\u0142o\u017cenia wniosku (cz\u0119sto mo\u017cna to zrobi\u0107 wcze\u015bniej). Spieszysz si\u0119 z wyko\u0144czeniem domu? W takim razie mo\u017cemy nawet opu\u015bci\u0107 dom w ci\u0105gu 48 godzin!<\/p>\n\n\n\n<p>STERK ca\u0142kowicie sprz\u0105ta dom po \u015bmierci. Wszystkie pozosta\u0142e przedmioty gospodarstwa domowego s\u0105 profesjonalnie usuwane z domu. Wszystkie przedmioty gospodarstwa domowego, kt\u00f3re nadal nadaj\u0105 si\u0119 do u\u017cytku, s\u0105 przekazywane do sklepu z u\u017cywan\u0105 odzie\u017c\u0105. Wszelkie cenne przedmioty gospodarstwa domowego, takie jak zabytkowe meble, s\u0105 przekazywane do domu aukcyjnego. Pozosta\u0142e przedmioty nie nadaj\u0105ce si\u0119 do u\u017cytku s\u0105 wywo\u017cone na wysypisko \u015bmieci.<\/p>\n\n\n\n<h3 class=\"wp-block-heading\">Co dzieje si\u0119 po opuszczeniu nieruchomo\u015bci?<\/h3>\n\n\n\n<p>Po usuni\u0119ciu wszystkich rzeczy z domu, STERK wyka\u0144cza dom. Pokrycia okienne i wyk\u0142adziny pod\u0142ogowe s\u0105 usuwane, a otwory w \u015bcianach s\u0105 uszczelniane. STERK oddaje dom w stanie satysfakcjonuj\u0105cym klienta.<\/p>\n\n\n\n<h3 class=\"wp-block-heading\">Czy STERK dostarcza dom?<\/h3>\n\n\n\n<p>Mieszkasz zbyt daleko? A mo\u017ce nie jeste\u015b w stanie samodzielnie opr\u00f3\u017cni\u0107 domu? W takim razie STERK z przyjemno\u015bci\u0105 zorganizuje to dla Ciebie! Przeka\u017cemy wszystkie klucze i dokonamy ostatnich odczyt\u00f3w licznik\u00f3w. Zostan\u0105 one wys\u0142ane do Ciebie e-mailem, aby\u015b m\u00f3g\u0142 przekaza\u0107 je odpowiednim firmom u\u017cyteczno\u015bci publicznej.<\/p>\n\n\n\n<h3 class=\"wp-block-heading\">Jakie s\u0105 KOSZTY sprz\u0105tania domu po \u015bmierci?<\/h3>\n\n\n\n<p>Opr\u00f3\u017cnienie domu po \u015bmierci wi\u0105\u017ce si\u0119 z kosztami. Koszt opr\u00f3\u017cnienia domu jest bardzo zr\u00f3\u017cnicowany. Cena opr\u00f3\u017cnienia domu zale\u017cy od wielu czynnik\u00f3w. Wielko\u015b\u0107 domu, ilo\u015b\u0107 rzeczy, ilo\u015b\u0107 odpad\u00f3w i r\u00f3\u017cne czynno\u015bci, takie jak: wype\u0142nianie dziur, usuwanie zas\u0142on i szyn, wyka\u0144czanie \u015bcian, pod\u0142\u00f3g, schod\u00f3w. STERK Eksmisje bierze pod uwag\u0119 wszystkie czynniki dla Ciebie&nbsp;<a href=\"http:\/\/sterkontruimingen.nl\/pl\/prosba-o-wycene\/\">oferta osobista<\/a>. <\/p>\n\n\n\n<h3 class=\"wp-block-heading\">Gwarancja uko\u0144czenia STERK<\/h3>\n\n\n\n<p>Je\u015bli co\u015b obiecujemy. Wtedy dotrzymujemy s\u0142owa. Zapewniamy, \u017ce Tw\u00f3j projekt zostanie zrealizowany zgodnie z Twoimi oczekiwaniami. Robi\u0105c to, dok\u0142adamy wszelkich stara\u0144, aby zapewni\u0107 doskona\u0142\u0105 obs\u0142ug\u0119. To jest w\u0142a\u015bnie mocna obietnica!<\/p>","protected":false},"excerpt":{"rendered":"<p>Huis leeghalen na overlijden van een dierbare is vaak een zware belasting. Na het overlijden van een dierbare zit de nabestaande vaak met een hoop regelzaken. Komt daar ook nog een ontruiming bij kijken, dan is dat vaak bijna niet te overzien. Er moet gesorteerd worden, spullen moeten uitgezocht en gesorteerd worden. Wie houdt wat [&hellip;]<\/p>\n","protected":false},"author":1,"featured_media":1058,"parent":0,"menu_order":0,"comment_status":"closed","ping_status":"closed","template":"","meta":{"inline_featured_image":false,"footnotes":""},"categories":[14],"tags":[],"class_list":["post-1159","page","type-page","status-publish","has-post-thumbnail","hentry","category-landingspaginas"],"blocksy_meta":{"styles_descriptor":{"styles":{"desktop":"","tablet":"","mobile":""},"google_fonts":[],"version":6}},"_links":{"self":[{"href":"https:\/\/sterkontruimingen.nl\/pl\/wp-json\/wp\/v2\/pages\/1159","targetHints":{"allow":["GET"]}}],"collection":[{"href":"https:\/\/sterkontruimingen.nl\/pl\/wp-json\/wp\/v2\/pages"}],"about":[{"href":"https:\/\/sterkontruimingen.nl\/pl\/wp-json\/wp\/v2\/types\/page"}],"author":[{"embeddable":true,"href":"https:\/\/sterkontruimingen.nl\/pl\/wp-json\/wp\/v2\/users\/1"}],"replies":[{"embeddable":true,"href":"https:\/\/sterkontruimingen.nl\/pl\/wp-json\/wp\/v2\/comments?post=1159"}],"version-history":[{"count":1,"href":"https:\/\/sterkontruimingen.nl\/pl\/wp-json\/wp\/v2\/pages\/1159\/revisions"}],"predecessor-version":[{"id":2770,"href":"https:\/\/sterkontruimingen.nl\/pl\/wp-json\/wp\/v2\/pages\/1159\/revisions\/2770"}],"wp:featuredmedia":[{"embeddable":true,"href":"https:\/\/sterkontruimingen.nl\/pl\/wp-json\/wp\/v2\/media\/1058"}],"wp:attachment":[{"href":"https:\/\/sterkontruimingen.nl\/pl\/wp-json\/wp\/v2\/media?parent=1159"}],"wp:term":[{"taxonomy":"category","embeddable":true,"href":"https:\/\/sterkontruimingen.nl\/pl\/wp-json\/wp\/v2\/categories?post=1159"},{"taxonomy":"post_tag","embeddable":true,"href":"https:\/\/sterkontruimingen.nl\/pl\/wp-json\/wp\/v2\/tags?post=1159"}],"curies":[{"name":"wp","href":"https:\/\/api.w.org\/{rel}","templated":true}]}}