{"id":913,"date":"2020-05-16T21:58:07","date_gmt":"2020-05-16T19:58:07","guid":{"rendered":"http:\/\/sterkontruimingen.nl\/?page_id=913"},"modified":"2020-05-16T22:02:11","modified_gmt":"2020-05-16T20:02:11","slug":"politique-de-confidentialite","status":"publish","type":"page","link":"https:\/\/sterkontruimingen.nl\/fr\/privacy-beleid\/","title":{"rendered":"Politique de confidentialit\u00e9"},"content":{"rendered":"<p>Nous sommes conscients que tu nous fais confiance. Nous consid\u00e9rons donc qu'il est de notre responsabilit\u00e9 de prot\u00e9ger ta vie priv\u00e9e. Sur cette page, nous t'informons des donn\u00e9es que nous collectons lorsque tu visites notre site Internet, de la raison pour laquelle nous collectons ces donn\u00e9es et de la mani\u00e8re dont nous les utilisons pour am\u00e9liorer ton exp\u00e9rience d'utilisateur. De cette fa\u00e7on, tu comprendras exactement comment nous travaillons. Cette politique de confidentialit\u00e9 s'applique aux services de STERK Ontruimingen. Tu dois savoir que STERK Ontruimingen n'est pas responsable des politiques de confidentialit\u00e9 des autres sites et sources. En utilisant ce site web, tu indiques que tu acceptes la politique de confidentialit\u00e9. STERK Ontruimingen respecte la vie priv\u00e9e de tous les utilisateurs de son site et veille \u00e0 ce que les informations personnelles que tu nous fournis soient trait\u00e9es de mani\u00e8re confidentielle.<\/p>\n\n\n\n<h2 class=\"wp-block-heading\">Notre utilisation des donn\u00e9es collect\u00e9es<\/h2>\n\n\n\n<h3 class=\"wp-block-heading\">Utilisation de nos services<\/h3>\n\n\n\n<p>Lorsque tu t'inscris \u00e0 l'un de nos services, nous te demandons de fournir des donn\u00e9es personnelles. Ces donn\u00e9es seront utilis\u00e9es pour ex\u00e9cuter le service. Les donn\u00e9es seront stock\u00e9es sur les propres serveurs s\u00e9curis\u00e9s de STERK Ontruimingen ou sur ceux d'un tiers. Nous ne combinerons pas ces donn\u00e9es avec d'autres donn\u00e9es personnelles en notre possession.<\/p>\n\n\n\n<h3 class=\"wp-block-heading\">Communications<\/h3>\n\n\n\n<p>Lorsque tu nous envoies des courriers \u00e9lectroniques ou d'autres messages, nous pouvons conserver ces messages. Parfois, nous te demanderons tes donn\u00e9es personnelles en rapport avec la situation en question. Cela nous permet de traiter tes questions et de r\u00e9pondre \u00e0 tes demandes. Les donn\u00e9es seront stock\u00e9es sur les propres serveurs s\u00e9curis\u00e9s de STERK Ontruimingen ou sur ceux d'un tiers. Nous ne combinerons pas ces donn\u00e9es avec d'autres donn\u00e9es personnelles en notre possession.<\/p>\n\n\n\n<h3 class=\"wp-block-heading\">Cookies<\/h3>\n\n\n\n<p>Nous collectons des donn\u00e9es \u00e0 des fins de recherche afin de mieux comprendre nos clients et d'adapter nos services en cons\u00e9quence. Ce site Internet utilise des \"cookies\" (fichiers texte plac\u00e9s sur ton ordinateur) pour aider le site Internet \u00e0 analyser la fa\u00e7on dont les visiteurs utilisent le site. Les informations g\u00e9n\u00e9r\u00e9es par le cookie concernant ton utilisation du site Web peuvent \u00eatre transf\u00e9r\u00e9es sur les propres serveurs s\u00e9curis\u00e9s de STERK Ontruimingen ou sur ceux d'un tiers. Nous utilisons ces informations pour suivre la fa\u00e7on dont tu utilises le site Web, pour compiler des rapports sur l'activit\u00e9 du site Web et pour offrir d'autres services li\u00e9s \u00e0 l'activit\u00e9 du site Web et \u00e0 l'utilisation d'Internet.<\/p>\n\n\n\n<h3 class=\"wp-block-heading\">Objectifs<\/h3>\n\n\n\n<p>Nous ne recueillons ni n'utilisons d'informations \u00e0 des fins autres que celles d\u00e9crites dans la pr\u00e9sente politique de confidentialit\u00e9, sauf si nous avons obtenu ton consentement pr\u00e9alable.<\/p>\n\n\n\n<h3 class=\"wp-block-heading\">Tiers<\/h3>\n\n\n\n<p>Les informations ne sont pas partag\u00e9es avec des tiers. Dans certains cas, les informations peuvent \u00eatre partag\u00e9es en interne. Nos employ\u00e9s sont tenus de respecter la confidentialit\u00e9 de tes donn\u00e9es.<\/p>\n\n\n\n<h3 class=\"wp-block-heading\">Changements<\/h3>\n\n\n\n<p>Cette d\u00e9claration de confidentialit\u00e9 est adapt\u00e9e \u00e0 l'utilisation et aux fonctionnalit\u00e9s de ce site. Toute adaptation et\/ou modification de ce site, peut entra\u00eener des modifications de la pr\u00e9sente d\u00e9claration de confidentialit\u00e9. Il est donc conseill\u00e9 de consulter r\u00e9guli\u00e8rement cette d\u00e9claration de confidentialit\u00e9.<\/p>\n\n\n\n<h3 class=\"wp-block-heading\">Choix des donn\u00e9es personnelles<\/h3>\n\n\n\n<p>Nous offrons \u00e0 tous les visiteurs la possibilit\u00e9 de consulter, de modifier ou de supprimer toute information personnelle qui nous est actuellement fournie.<\/p>\n\n\n\n<h3 class=\"wp-block-heading\">Personnaliser\/d\u00e9sabonner le service de newsletter<\/h3>\n\n\n\n<p>En bas de chaque envoi, tu trouveras l'option de modifier tes coordonn\u00e9es ou de te d\u00e9sabonner.<\/p>\n\n\n\n<h3 class=\"wp-block-heading\">Ajuster\/d\u00e9sabonner la communication<\/h3>\n\n\n\n<p>Si tu souhaites modifier ou supprimer tes donn\u00e9es de nos fichiers, contacte-nous. Voir les coordonn\u00e9es ci-dessous.<\/p>\n\n\n\n<h3 class=\"wp-block-heading\">D\u00e9sactiver les cookies<\/h3>\n\n\n\n<p>La plupart des navigateurs sont configur\u00e9s pour accepter les cookies par d\u00e9faut, mais tu peux r\u00e9initialiser ton navigateur pour refuser tous les cookies ou pour indiquer quand un cookie est envoy\u00e9. Cependant, certaines fonctionnalit\u00e9s et certains services, sur notre site Web et sur d'autres sites, peuvent ne pas fonctionner correctement si les cookies sont d\u00e9sactiv\u00e9s dans ton navigateur.<\/p>\n\n\n\n<h3 class=\"wp-block-heading\">Questions et commentaires<\/h3>\n\n\n\n<p>Nous v\u00e9rifions r\u00e9guli\u00e8rement notre conformit\u00e9 \u00e0 cette politique de confidentialit\u00e9. Si tu as des questions concernant cette politique de confidentialit\u00e9, n'h\u00e9site pas \u00e0 nous contacter : STERK Ontruimingen Nijverheidsweg 46c Antoniapolder 3341 LJ Hendrik-Ido-Ambacht<\/p>","protected":false},"excerpt":{"rendered":"<p>Wij zijn ons er van bewust dat u vertrouwen stelt in ons. Wij zien het dan ook als onze verantwoordelijkheid om uw privacy te beschermen. Op deze pagina laten we u weten welke gegevens we verzamelen als u onze website bezoekt, waarom we deze gegevens verzamelen en hoe we hiermee uw gebruikservaring verbeteren. Zo snapt [&hellip;]<\/p>\n","protected":false},"author":1,"featured_media":0,"parent":0,"menu_order":0,"comment_status":"closed","ping_status":"closed","template":"","meta":{"inline_featured_image":false,"footnotes":""},"categories":[],"tags":[],"class_list":["post-913","page","type-page","status-publish","hentry"],"blocksy_meta":{"styles_descriptor":{"styles":{"desktop":"","tablet":"","mobile":""},"google_fonts":[],"version":6}},"_links":{"self":[{"href":"https:\/\/sterkontruimingen.nl\/fr\/wp-json\/wp\/v2\/pages\/913","targetHints":{"allow":["GET"]}}],"collection":[{"href":"https:\/\/sterkontruimingen.nl\/fr\/wp-json\/wp\/v2\/pages"}],"about":[{"href":"https:\/\/sterkontruimingen.nl\/fr\/wp-json\/wp\/v2\/types\/page"}],"author":[{"embeddable":true,"href":"https:\/\/sterkontruimingen.nl\/fr\/wp-json\/wp\/v2\/users\/1"}],"replies":[{"embeddable":true,"href":"https:\/\/sterkontruimingen.nl\/fr\/wp-json\/wp\/v2\/comments?post=913"}],"version-history":[{"count":0,"href":"https:\/\/sterkontruimingen.nl\/fr\/wp-json\/wp\/v2\/pages\/913\/revisions"}],"wp:attachment":[{"href":"https:\/\/sterkontruimingen.nl\/fr\/wp-json\/wp\/v2\/media?parent=913"}],"wp:term":[{"taxonomy":"category","embeddable":true,"href":"https:\/\/sterkontruimingen.nl\/fr\/wp-json\/wp\/v2\/categories?post=913"},{"taxonomy":"post_tag","embeddable":true,"href":"https:\/\/sterkontruimingen.nl\/fr\/wp-json\/wp\/v2\/tags?post=913"}],"curies":[{"name":"wp","href":"https:\/\/api.w.org\/{rel}","templated":true}]}}