{"id":891,"date":"2020-05-16T12:48:31","date_gmt":"2020-05-16T10:48:31","guid":{"rendered":"http:\/\/sterkontruimingen.nl\/?page_id=891"},"modified":"2020-05-16T12:51:00","modified_gmt":"2020-05-16T10:51:00","slug":"corona","status":"publish","type":"page","link":"https:\/\/sterkontruimingen.nl\/fr\/corona\/","title":{"rendered":"Mise \u00e0 jour de Corona (16 mai 2020)"},"content":{"rendered":"<h2 class=\"wp-block-heading\">Questions sur Corona<\/h2>\n\n\n\n<p>Pour que nos services soient s\u00fbrs pour toi et notre personnel, nous avons \u00e9tabli un protocole o\u00f9, quand nous y adh\u00e9rons. <\/p>\n\n\n\n<p>En ces temps incertains, nous tenons \u00e0 t'assurer que toute notre \u00e9quipe est \u00e0 ton service pour assurer la qualit\u00e9 habituelle de nos services et leur continuit\u00e9. Nous prenons toutes les mesures pr\u00e9ventives pour prot\u00e9ger nos employ\u00e9s et nos clients du virus corona. Nous appliquons donc les mesures prescrites par le gouvernement et suivons toutes les restrictions.<\/p>\n\n\n\n<p>Dans les maisons de retraite, nous \u00e9vitons tout contact avec les personnes \u00e2g\u00e9es et l'\u00e9vacuation (d'urgence) ne se fait qu'en concertation avec la maison de retraite.<\/p>\n\n\n\n<h3 class=\"wp-block-heading\">Questions sur Corona<\/h3>\n\n\n\n<p><strong>Est-ce que tu nettoies \u00e0 l'heure de Corona ?<\/strong><\/p>\n\n\n\n<p>Oui, nous d\u00e9blayons encore \u00e0 l'heure de Corona. Nous sommes les premiers \u00e0 nous assurer que toi et notre personnel \u00eates en s\u00e9curit\u00e9. Nous le faisons en respectant les mesures impos\u00e9es par le gouvernement.<\/p>\n\n\n\n<p><strong>Est-ce que tu passes encore pour un devis ?<\/strong><\/p>\n\n\n\n<p>Il est certain que sans que nous ayons vu la maison et son contenu, c'est un travail au doigt mouill\u00e9 pour nous. Il est donc n\u00e9cessaire que nous visitions la propri\u00e9t\u00e9 pour en faire l'inventaire. Lors de la visite, seul 1 membre du personnel sera pr\u00e9sent. En outre, nous te prions de venir \u00e9galement seul et de garder une distance d'un m\u00e8tre et demi.<\/p>\n\n\n\n<p><strong>Dois-je \u00eatre pr\u00e9sent lors de l'\u00e9vacuation ?<\/strong><\/p>\n\n\n\n<p>Comme en temps normal, tu n'as pas besoin d'\u00eatre pr\u00e9sent lors du d\u00e9douanement. Pour la livraison, nous avons plusieurs options. En consultation, tout est possible.<\/p>\n\n\n\n<h3 class=\"wp-block-heading\">DEMANDE UN DEVIS GRATUIT AUJOURD'HUI<\/h3>\n\n\n\n<p>Tu souhaites recevoir plus d'informations sur nos services, comme par exemple une&nbsp;<a href=\"http:\/\/sterkontruimingen.nl\/fr\/autorisations-durgence\/\">autorisation d'urgence<\/a>? Alors appelle notre num\u00e9ro r\u00e9gional : 085 130 06 85. Tu peux aussi envoyer un&nbsp;<a href=\"http:\/\/sterkontruimingen.nl\/fr\/demande-un-devis\/\">demande un devis via notre formulaire de devis<\/a>.<\/p>\n\n\n\n<div class=\"wp-block-buttons is-layout-flex wp-block-buttons-is-layout-flex\">\n<div class=\"wp-block-button\"><a class=\"wp-block-button__link\" href=\"http:\/\/sterkontruimingen.nl\/fr\/contact\/\">Pose ta question<\/a><\/div>\n\n\n\n<div class=\"wp-block-button\"><a class=\"wp-block-button__link has-background\" href=\"http:\/\/sterkontruimingen.nl\/fr\/demande-un-devis\/\" style=\"background-color:#e30613\">Demande un devis<\/a><\/div>\n<\/div>","protected":false},"excerpt":{"rendered":"<p>Vragen omtrent Corona Om er zeker van te zijn dat onze dienstverlening veilig is voor u en onze medewerkers hebben wij een protocol opgesteld waar, wanneer we ons eraan houden. In deze onzekere tijden willen we u verzekeren dat ons hele team voor u klaar staat om de gebruikelijke kwaliteit van onze dienstverlening te garanderen [&hellip;]<\/p>\n","protected":false},"author":1,"featured_media":897,"parent":0,"menu_order":0,"comment_status":"closed","ping_status":"closed","template":"","meta":{"inline_featured_image":false,"footnotes":""},"categories":[14],"tags":[],"class_list":["post-891","page","type-page","status-publish","has-post-thumbnail","hentry","category-landingspaginas"],"blocksy_meta":{"styles_descriptor":{"styles":{"desktop":"","tablet":"","mobile":""},"google_fonts":[],"version":6}},"_links":{"self":[{"href":"https:\/\/sterkontruimingen.nl\/fr\/wp-json\/wp\/v2\/pages\/891","targetHints":{"allow":["GET"]}}],"collection":[{"href":"https:\/\/sterkontruimingen.nl\/fr\/wp-json\/wp\/v2\/pages"}],"about":[{"href":"https:\/\/sterkontruimingen.nl\/fr\/wp-json\/wp\/v2\/types\/page"}],"author":[{"embeddable":true,"href":"https:\/\/sterkontruimingen.nl\/fr\/wp-json\/wp\/v2\/users\/1"}],"replies":[{"embeddable":true,"href":"https:\/\/sterkontruimingen.nl\/fr\/wp-json\/wp\/v2\/comments?post=891"}],"version-history":[{"count":0,"href":"https:\/\/sterkontruimingen.nl\/fr\/wp-json\/wp\/v2\/pages\/891\/revisions"}],"wp:featuredmedia":[{"embeddable":true,"href":"https:\/\/sterkontruimingen.nl\/fr\/wp-json\/wp\/v2\/media\/897"}],"wp:attachment":[{"href":"https:\/\/sterkontruimingen.nl\/fr\/wp-json\/wp\/v2\/media?parent=891"}],"wp:term":[{"taxonomy":"category","embeddable":true,"href":"https:\/\/sterkontruimingen.nl\/fr\/wp-json\/wp\/v2\/categories?post=891"},{"taxonomy":"post_tag","embeddable":true,"href":"https:\/\/sterkontruimingen.nl\/fr\/wp-json\/wp\/v2\/tags?post=891"}],"curies":[{"name":"wp","href":"https:\/\/api.w.org\/{rel}","templated":true}]}}