{"id":830,"date":"2020-04-29T00:01:27","date_gmt":"2020-04-28T22:01:27","guid":{"rendered":"http:\/\/sterkontruimingen.nl\/?page_id=830"},"modified":"2024-05-27T08:38:29","modified_gmt":"2024-05-27T06:38:29","slug":"nettoyage-de-maison-zwijndrecht","status":"publish","type":"page","link":"https:\/\/sterkontruimingen.nl\/fr\/woning-leeghalen-zwijndrecht\/","title":{"rendered":"Vider la maison zwijndrecht"},"content":{"rendered":"<h2 class=\"wp-block-heading\">Vider une maison \u00e0 Zwijndrecht<\/h2>\n\n\n\n<p>Vider une maison \u00e0 Zwijndrecht peut repr\u00e9senter tout un travail. Les gens viennent souvent nous voir pour vider une maison lou\u00e9e, un appartement ou une maison individuelle parce qu'ils vont d\u00e9m\u00e9nager ou m\u00eame doivent d\u00e9m\u00e9nager. Nous comprenons que cela peut \u00eatre un \u00e9v\u00e9nement drastique ou stressant ou que tu ne peux tout simplement pas le faire seul. <\/p>\n\n\n\n<p>STERK Zwijndrecht s'engage \u00e0 d\u00e9charger compl\u00e8tement les habitants de Zwijndrecht qui veulent faire vider leur maison. Avec notre approche professionnelle et notre grande exp\u00e9rience du d\u00e9barras de maison, tu es au bon endroit. Tout commence par une demande d'offre. Nous nous rendrons directement chez toi \u00e0 Zwijndrecht et ferons le tour de la maison avec toi. Une fois que tu auras approuv\u00e9 le devis, nous pourrons souvent commencer tr\u00e8s rapidement les pr\u00e9paratifs et finalement le d\u00e9barras de ta maison.<\/p>\n\n\n\n<p>Tu es press\u00e9 ? Pas de probl\u00e8me. Gr\u00e2ce \u00e0 notre service de d\u00e9blaiement d'urgence STERK, nous pouvons livrer ta propri\u00e9t\u00e9 selon les directives du propri\u00e9taire ou de l'acheteur en seulement 48 heures.<\/p>","protected":false},"excerpt":{"rendered":"<p>Woning leeghalen in Zwijndrecht Een woning leeghalen in Zwijndrecht kan een aardige klus zijn. Vaak komen mensen bij ons om een huurwoning, appartement of eengezinswoning leeg te halen omdat men gaat verhuizen of zelfs gedwongen moeten verhuizen. Wij begrijpen dat dit een ingrijpende of stressvolle gebeurtenis kan zijn of dat je het gewoon niet alleen [&hellip;]<\/p>\n","protected":false},"author":1,"featured_media":699,"parent":0,"menu_order":0,"comment_status":"closed","ping_status":"closed","template":"","meta":{"inline_featured_image":false,"footnotes":""},"categories":[14],"tags":[],"class_list":["post-830","page","type-page","status-publish","has-post-thumbnail","hentry","category-landingspaginas"],"blocksy_meta":{"styles_descriptor":{"styles":{"desktop":"","tablet":"","mobile":""},"google_fonts":[],"version":6}},"_links":{"self":[{"href":"https:\/\/sterkontruimingen.nl\/fr\/wp-json\/wp\/v2\/pages\/830","targetHints":{"allow":["GET"]}}],"collection":[{"href":"https:\/\/sterkontruimingen.nl\/fr\/wp-json\/wp\/v2\/pages"}],"about":[{"href":"https:\/\/sterkontruimingen.nl\/fr\/wp-json\/wp\/v2\/types\/page"}],"author":[{"embeddable":true,"href":"https:\/\/sterkontruimingen.nl\/fr\/wp-json\/wp\/v2\/users\/1"}],"replies":[{"embeddable":true,"href":"https:\/\/sterkontruimingen.nl\/fr\/wp-json\/wp\/v2\/comments?post=830"}],"version-history":[{"count":1,"href":"https:\/\/sterkontruimingen.nl\/fr\/wp-json\/wp\/v2\/pages\/830\/revisions"}],"predecessor-version":[{"id":4792,"href":"https:\/\/sterkontruimingen.nl\/fr\/wp-json\/wp\/v2\/pages\/830\/revisions\/4792"}],"wp:featuredmedia":[{"embeddable":true,"href":"https:\/\/sterkontruimingen.nl\/fr\/wp-json\/wp\/v2\/media\/699"}],"wp:attachment":[{"href":"https:\/\/sterkontruimingen.nl\/fr\/wp-json\/wp\/v2\/media?parent=830"}],"wp:term":[{"taxonomy":"category","embeddable":true,"href":"https:\/\/sterkontruimingen.nl\/fr\/wp-json\/wp\/v2\/categories?post=830"},{"taxonomy":"post_tag","embeddable":true,"href":"https:\/\/sterkontruimingen.nl\/fr\/wp-json\/wp\/v2\/tags?post=830"}],"curies":[{"name":"wp","href":"https:\/\/api.w.org\/{rel}","templated":true}]}}