{"id":792,"date":"2020-04-20T13:39:08","date_gmt":"2020-04-20T11:39:08","guid":{"rendered":"http:\/\/sterkontruimingen.nl\/?page_id=792"},"modified":"2020-04-20T14:02:10","modified_gmt":"2020-04-20T12:02:10","slug":"nettoyage-de-la-salle-de-soins","status":"publish","type":"page","link":"https:\/\/sterkontruimingen.nl\/fr\/zorgkamer-ontruimen\/","title":{"rendered":"Evacuation de la salle de soins"},"content":{"rendered":"<p>Tu dois livrer d'urgence une chambre dans une maison de retraite ou un foyer pour personnes \u00e2g\u00e9es, propre et nette ? STERK est heureux de t'aider ! Avec une autorisation urgente, nous pouvons commencer imm\u00e9diatement. Nous pouvons livrer la chambre de soins selon les souhaits de la maison de soins dans un d\u00e9lai de deux jours. <\/p>\n\n\n\n<h2 class=\"wp-block-heading\">Fais nettoyer la salle de soins par des personnes fortes<\/h2>\n\n\n\n<p>STERK te d\u00e9charge de tous tes soucis jusqu'\u00e0 la livraison compl\u00e8te de la salle de soins. Tu aimerais que tout cela soit bien organis\u00e9 pour toi, mais tu n'as pas le temps de le faire toi-m\u00eame ? Nous t'aiderons volontiers \u00e0 d\u00e9barrasser le domicile ou la chambre de soins. Nous savons que ces<strong>\u00a0La chambre doit souvent \u00eatre vid\u00e9e en quelques jours. Nous savons que cela doit \u00eatre fait avec soin. Gr\u00e2ce \u00e0 notre fa\u00e7on de travailler, tu peux \u00eatre s\u00fbr que le d\u00e9barras de la maison sera fait \u00e0 la perfection.<\/strong><\/p>\n\n\n\n<p>Ainsi, tu pourras t'occuper d'autres choses tout en sachant que tu es entre de bonnes mains !<\/p>","protected":false},"excerpt":{"rendered":"<p>Moet u met spoed een kamer in verzorgingstehuis of een seniorenwoning netjes en schoon op te leveren? STERK helpt u graag! Bij een spoedontruiming kunnen we direct beginnen. Wij kunnen binnen 2 dagen de zorgkamer opleveren naar de wensen van het verzorgingstehuis. Zorgkamer laten ontruimen door sterk STERK ontzorgt u volledig tot de complete oplevering [&hellip;]<\/p>\n","protected":false},"author":1,"featured_media":790,"parent":0,"menu_order":0,"comment_status":"closed","ping_status":"closed","template":"","meta":{"inline_featured_image":false,"footnotes":""},"categories":[14],"tags":[],"class_list":["post-792","page","type-page","status-publish","has-post-thumbnail","hentry","category-landingspaginas"],"blocksy_meta":{"styles_descriptor":{"styles":{"desktop":"","tablet":"","mobile":""},"google_fonts":[],"version":6}},"_links":{"self":[{"href":"https:\/\/sterkontruimingen.nl\/fr\/wp-json\/wp\/v2\/pages\/792","targetHints":{"allow":["GET"]}}],"collection":[{"href":"https:\/\/sterkontruimingen.nl\/fr\/wp-json\/wp\/v2\/pages"}],"about":[{"href":"https:\/\/sterkontruimingen.nl\/fr\/wp-json\/wp\/v2\/types\/page"}],"author":[{"embeddable":true,"href":"https:\/\/sterkontruimingen.nl\/fr\/wp-json\/wp\/v2\/users\/1"}],"replies":[{"embeddable":true,"href":"https:\/\/sterkontruimingen.nl\/fr\/wp-json\/wp\/v2\/comments?post=792"}],"version-history":[{"count":0,"href":"https:\/\/sterkontruimingen.nl\/fr\/wp-json\/wp\/v2\/pages\/792\/revisions"}],"wp:featuredmedia":[{"embeddable":true,"href":"https:\/\/sterkontruimingen.nl\/fr\/wp-json\/wp\/v2\/media\/790"}],"wp:attachment":[{"href":"https:\/\/sterkontruimingen.nl\/fr\/wp-json\/wp\/v2\/media?parent=792"}],"wp:term":[{"taxonomy":"category","embeddable":true,"href":"https:\/\/sterkontruimingen.nl\/fr\/wp-json\/wp\/v2\/categories?post=792"},{"taxonomy":"post_tag","embeddable":true,"href":"https:\/\/sterkontruimingen.nl\/fr\/wp-json\/wp\/v2\/tags?post=792"}],"curies":[{"name":"wp","href":"https:\/\/api.w.org\/{rel}","templated":true}]}}