{"id":751,"date":"2020-04-18T18:55:11","date_gmt":"2020-04-18T16:55:11","guid":{"rendered":"http:\/\/sterkontruimingen.nl\/?page_id=751"},"modified":"2023-04-29T20:14:51","modified_gmt":"2023-04-29T18:14:51","slug":"clearing-rotterdam","status":"publish","type":"page","link":"https:\/\/sterkontruimingen.nl\/fr\/ontruiming-rotterdam\/","title":{"rendered":"D\u00e9blaiement de la maison Rotterdam"},"content":{"rendered":"<h2 class=\"wp-block-heading\">D\u00e9blaiement de la maison Rotterdam<\/h2>\n\n\n\n<p>\u00c0 Rotterdam, les nettoyages de maisons sont quotidiens. Tu nous as peut-\u00eatre d\u00e9j\u00e0 vus \u00e0 l'\u0153uvre avec notre camionnette STERK \u00e0 Rotterdam. Notre \u00e9quipe sp\u00e9cialis\u00e9e \u00e0 Rotterdam (et hors de Rotterdam) est pr\u00eate \u00e0 s'occuper de chaque expulsion avec soin et efficacit\u00e9. Qu'est-ce qui rend STERK Evictions si unique \u00e0 Rotterdam ? Nous travaillons avec Stichting Nieuwe Hoop et Stichting Ontmoeting, qui offrent aux anciens sans-abri une nouvelle chance dans la vie en leur permettant d'acqu\u00e9rir une exp\u00e9rience professionnelle avec Nieuwe Hoop. Lorsqu'ils sont pr\u00eats \u00e0 passer \u00e0 un travail r\u00e9mun\u00e9r\u00e9, ils peuvent \u00e9galement venir \u00e0 STERK. En nous engageant pour ton d\u00e9barras de maison \u00e0 Rotterdam, tu contribues au nouveau d\u00e9part des anciens clients de la fondation Ontmoeting et des employ\u00e9s en r\u00e9insertion de Nieuwe Hoop.<\/p>\n\n\n\n<div class=\"wp-block-columns is-layout-flex wp-container-core-columns-is-layout-28f84493 wp-block-columns-is-layout-flex\">\n<div class=\"wp-block-column is-layout-flow wp-block-column-is-layout-flow\">\n<figure class=\"wp-block-image size-full is-resized\"><img fetchpriority=\"high\" decoding=\"async\" src=\"http:\/\/sterkontruimingen.nl\/wp-content\/uploads\/2023\/04\/Woning-Ontruiming-Rotterdam.jpg\" alt=\"D\u00e9blaiement de la maison Rotterdam\" class=\"wp-image-3829\" width=\"614\" height=\"307\" srcset=\"https:\/\/sterkontruimingen.nl\/wp-content\/uploads\/2023\/04\/Woning-Ontruiming-Rotterdam.jpg 800w, https:\/\/sterkontruimingen.nl\/wp-content\/uploads\/2023\/04\/Woning-Ontruiming-Rotterdam-300x150.jpg 300w, https:\/\/sterkontruimingen.nl\/wp-content\/uploads\/2023\/04\/Woning-Ontruiming-Rotterdam-768x384.jpg 768w\" sizes=\"(max-width: 614px) 100vw, 614px\" \/><\/figure>\n<\/div>\n\n\n\n<div class=\"wp-block-column is-layout-flow wp-block-column-is-layout-flow\">\n<p>Nos services de d\u00e9blaiement comprennent divers travaux, tels que l'enl\u00e8vement des tapis, du papier peint, des vis et des clous, et la r\u00e9paration des trous dans les murs. Nous apportons \u00e9galement les objets utilisables \u00e0 des associations caritatives pour qu'ils soient r\u00e9utilis\u00e9s et nous \u00e9liminons les d\u00e9chets dans le respect de l'environnement. Notre pr\u00e9sence locale \u00e0 Rotterdam garantit que nous pouvons nous atteler rapidement \u00e0 ton expulsion.<\/p>\n<\/div>\n<\/div>\n\n\n\n<h3 class=\"wp-block-heading\">Assistance suppl\u00e9mentaire \u00e0 l'expulsion \u00e0 Rotterdam par la soci\u00e9t\u00e9 d'\u00e9vacuation STERK<\/h3>\n\n\n\n<p>Dans la ville dynamique de Rotterdam, il peut \u00eatre n\u00e9cessaire d'apporter un soutien suppl\u00e9mentaire aux expulsions de logements. La soci\u00e9t\u00e9 d'expulsion STERK comprend les d\u00e9fis sp\u00e9cifiques des expulsions dans un environnement urbain et est donc le partenaire id\u00e9al pour t'aider dans ces situations.<\/p>\n\n\n\n<p>Qu'il s'agisse d'un d\u00e9m\u00e9nagement, de la lib\u00e9ration de locaux commerciaux ou d'une situation complexe telle qu'une faillite ou un d\u00e9c\u00e8s, notre \u00e9quipe \u00e0 Rotterdam offre un soutien professionnel et empathique tout au long du processus. Nous veillons \u00e0 ce que l'expulsion se d\u00e9roule en douceur, dans le respect et la discr\u00e9tion, en tenant compte des circonstances particuli\u00e8res et de toutes les sensibilit\u00e9s en jeu.<\/p>\n\n\n\n<p>\u00c0 Rotterdam, les occasions de donner une nouvelle vie aux objets inutilisables ou superflus ne manquent pas. La soci\u00e9t\u00e9 de compensation STERK collabore avec diverses associations caritatives locales et des points de recyclage pour s'assurer que les objets utilisables ont une seconde chance. Ce faisant, nous contribuons \u00e0 une communaut\u00e9 durable et socialement engag\u00e9e \u00e0 Rotterdam.<\/p>\n\n\n\n<p>En outre, nous connaissons la situation du stationnement et de la circulation \u00e0 Rotterdam et nous en tenons compte lors de la planification de notre travail d'\u00e9vacuation. Si n\u00e9cessaire, nous informons \u00e9galement les voisins afin qu'ils soient eux aussi g\u00ean\u00e9s le moins possible par l'\u00e9vacuation. Notre \u00e9quipe est flexible et peut s'adapter \u00e0 toutes les restrictions afin que l'\u00e9vacuation se d\u00e9roule le mieux possible.<\/p>\n\n\n\n<p>En bref, STERK, ta soci\u00e9t\u00e9 d'expulsion est un partenaire fiable pour les expulsions \u00e0 Rotterdam. Nous assurons un processus sans tracas afin que tu puisses te concentrer sur les choses qui sont importantes pour toi. Contacte-nous d\u00e8s aujourd'hui pour discuter de la fa\u00e7on dont nous pouvons te rendre service pour ton expulsion \u00e0 Rotterdam.<\/p>\n\n\n\n<div class=\"wp-block-columns is-layout-flex wp-container-core-columns-is-layout-28f84493 wp-block-columns-is-layout-flex\">\n<div class=\"wp-block-column is-layout-flow wp-block-column-is-layout-flow\">\n<h3 class=\"wp-block-heading\">D\u00e9gagement de la salle de soins \u00e0 Rotterdam<\/h3>\n\n\n\n<p>Tu cherches un intervenant fiable pour d\u00e9barrasser une chambre de soins de toi ou de tes parents \u00e0 Rotterdam et dans les environs ? Contacte-nous pour un devis sans engagement.<\/p>\n\n\n\n<h3 class=\"wp-block-heading\">Nettoyage de jardin ou de cabane \u00e0 Rotterdam<\/h3>\n\n\n\n<p>Un expert en rangement \u00e0 Rotterdam peut t'aider lorsque tu ne vois plus la for\u00eat pour les arbres. En concertation avec toi, nous rendrons ton jardin ou ton abri de jardin clair et ordonn\u00e9 \u00e0 nouveau.<\/p>\n<\/div>\n\n\n\n<div class=\"wp-block-column is-layout-flow wp-block-column-is-layout-flow\">\n<h3 class=\"wp-block-heading\">D\u00e9barrasser les chambres des maisons de retraite \u00e0 Rotterdam<\/h3>\n\n\n\n<p>STERK te d\u00e9charge de tous les soucis et te livre ta salle nettoy\u00e9e \u00e0 un prix comp\u00e9titif, gr\u00e2ce \u00e0 notre pr\u00e9sence locale \u00e0 Rotterdam.<\/p>\n\n\n\n<h3 class=\"wp-block-heading\">Nettoyer une salle de soins \u00e0 Rotterdam<\/h3>\n\n\n\n<p>Avec STERK, tu es au bon endroit pour une \u00e9vacuation rapide et soign\u00e9e des salles de soins \u00e0 Rotterdam \u00e0 un prix \u00e9quitable.<\/p>\n\n\n\n<h3 class=\"wp-block-heading\">Effacement apr\u00e8s le d\u00e9c\u00e8s<\/h3>\n\n\n\n<p>Apr\u00e8s le d\u00e9c\u00e8s d'un proche, tu ne veux pas t'occuper de d\u00e9barrasser sa maison ou son appartement. STERK se charge d'un d\u00e9barras respectueux et rapide et fait don des objets vendables en ton nom \u00e0 la New Hope Foundation, qui lutte notamment contre la pauvret\u00e9 et la solitude.<\/p>\n<\/div>\n<\/div>\n\n\n\n<div class=\"wp-block-uagb-faq uagb-faq__outer-wrap uagb-block-1bd39460 uagb-faq-icon-row uagb-faq-layout-accordion uagb-faq-expand-first-true uagb-faq-inactive-other-true uagb-faq__wrap uagb-buttons-layout-wrap uagb-faq-equal-height\" data-faqtoggle=\"true\" role=\"tablist\">\n<div class=\"wp-block-uagb-faq-child uagb-faq-child__outer-wrap uagb-faq-item uagb-block-a51d1dec\" role=\"tab\" tabindex=\"0\"><div class=\"uagb-faq-questions-button uagb-faq-questions\"><span class=\"uagb-icon uagb-faq-icon-wrap\"><svg xmlns=\"https:\/\/www.w3.org\/2000\/svg\" viewbox=\"0 0 448 512\"><path d=\"M432 256c0 17.69-14.33 32.01-32 32.01H256v144c0 17.69-14.33 31.99-32 31.99s-32-14.3-32-31.99v-144H48c-17.67 0-32-14.32-32-32.01s14.33-31.99 32-31.99H192v-144c0-17.69 14.33-32.01 32-32.01s32 14.32 32 32.01v144h144C417.7 224 432 238.3 432 256z\"><\/path><\/svg><\/span><span class=\"uagb-icon-active uagb-faq-icon-wrap\"><svg xmlns=\"https:\/\/www.w3.org\/2000\/svg\" viewbox=\"0 0 448 512\"><path d=\"M400 288h-352c-17.69 0-32-14.32-32-32.01s14.31-31.99 32-31.99h352c17.69 0 32 14.3 32 31.99S417.7 288 400 288z\"><\/path><\/svg><\/span><span class=\"uagb-question\">Quel est le co\u00fbt d'un nettoyage de maison ?<\/span><\/div><p class=\"uagb-faq-content\">Le co\u00fbt d'un d\u00e9barras de maison varie en fonction de la taille de la maison, de la quantit\u00e9 de contenu et du travail n\u00e9cessaire. Il est conseill\u00e9 de demander un devis \u00e0 une entreprise de d\u00e9barras de maison pour obtenir un devis sp\u00e9cifique. Nous te rendrons toujours visite pour un devis GRATUIT et sans engagement.<\/p><\/div>\n\n\n\n<div class=\"wp-block-uagb-faq-child uagb-faq-child__outer-wrap uagb-faq-item uagb-block-cbe6073f\" role=\"tab\" tabindex=\"0\"><div class=\"uagb-faq-questions-button uagb-faq-questions\"><span class=\"uagb-icon uagb-faq-icon-wrap\"><svg xmlns=\"https:\/\/www.w3.org\/2000\/svg\" viewbox=\"0 0 448 512\"><path d=\"M432 256c0 17.69-14.33 32.01-32 32.01H256v144c0 17.69-14.33 31.99-32 31.99s-32-14.3-32-31.99v-144H48c-17.67 0-32-14.32-32-32.01s14.33-31.99 32-31.99H192v-144c0-17.69 14.33-32.01 32-32.01s32 14.32 32 32.01v144h144C417.7 224 432 238.3 432 256z\"><\/path><\/svg><\/span><span class=\"uagb-icon-active uagb-faq-icon-wrap\"><svg xmlns=\"https:\/\/www.w3.org\/2000\/svg\" viewbox=\"0 0 448 512\"><path d=\"M400 288h-352c-17.69 0-32-14.32-32-32.01s14.31-31.99 32-31.99h352c17.69 0 32 14.3 32 31.99S417.7 288 400 288z\"><\/path><\/svg><\/span><span class=\"uagb-question\">Combien de temps dure un nettoyage de maison ?<\/span><\/div><p class=\"uagb-faq-content\">La dur\u00e9e d'un d\u00e9barras de maison d\u00e9pend de la taille du d\u00e9barras et de la quantit\u00e9 de travail n\u00e9cessaire. Un nettoyage de maison moyen peut prendre entre un et trois jours.<\/p><\/div>\n\n\n\n<div class=\"wp-block-uagb-faq-child uagb-faq-child__outer-wrap uagb-faq-item uagb-block-f0520038\" role=\"tab\" tabindex=\"0\"><div class=\"uagb-faq-questions-button uagb-faq-questions\"><span class=\"uagb-icon uagb-faq-icon-wrap\"><svg xmlns=\"https:\/\/www.w3.org\/2000\/svg\" viewbox=\"0 0 448 512\"><path d=\"M432 256c0 17.69-14.33 32.01-32 32.01H256v144c0 17.69-14.33 31.99-32 31.99s-32-14.3-32-31.99v-144H48c-17.67 0-32-14.32-32-32.01s14.33-31.99 32-31.99H192v-144c0-17.69 14.33-32.01 32-32.01s32 14.32 32 32.01v144h144C417.7 224 432 238.3 432 256z\"><\/path><\/svg><\/span><span class=\"uagb-icon-active uagb-faq-icon-wrap\"><svg xmlns=\"https:\/\/www.w3.org\/2000\/svg\" viewbox=\"0 0 448 512\"><path d=\"M400 288h-352c-17.69 0-32-14.32-32-32.01s14.31-31.99 32-31.99h352c17.69 0 32 14.3 32 31.99S417.7 288 400 288z\"><\/path><\/svg><\/span><span class=\"uagb-question\">Qu'advient-il de mes biens pendant une expulsion ?<\/span><\/div><p class=\"uagb-faq-content\">Les articles utilisables sont souvent donn\u00e9s \u00e0 des organisations caritatives telles que la New Hope Foundation. Les d\u00e9chets sont \u00e9limin\u00e9s dans le respect de l'environnement. Les effets personnels, s'ils sont n\u00e9cessaires, sont gard\u00e9s en s\u00e9curit\u00e9 ou remis au client.<\/p><\/div>\n\n\n\n<div class=\"wp-block-uagb-faq-child uagb-faq-child__outer-wrap uagb-faq-item uagb-block-4cf54d4e\" role=\"tab\" tabindex=\"0\"><div class=\"uagb-faq-questions-button uagb-faq-questions\"><span class=\"uagb-icon uagb-faq-icon-wrap\"><svg xmlns=\"https:\/\/www.w3.org\/2000\/svg\" viewbox=\"0 0 448 512\"><path d=\"M432 256c0 17.69-14.33 32.01-32 32.01H256v144c0 17.69-14.33 31.99-32 31.99s-32-14.3-32-31.99v-144H48c-17.67 0-32-14.32-32-32.01s14.33-31.99 32-31.99H192v-144c0-17.69 14.33-32.01 32-32.01s32 14.32 32 32.01v144h144C417.7 224 432 238.3 432 256z\"><\/path><\/svg><\/span><span class=\"uagb-icon-active uagb-faq-icon-wrap\"><svg xmlns=\"https:\/\/www.w3.org\/2000\/svg\" viewbox=\"0 0 448 512\"><path d=\"M400 288h-352c-17.69 0-32-14.32-32-32.01s14.31-31.99 32-31.99h352c17.69 0 32 14.3 32 31.99S417.7 288 400 288z\"><\/path><\/svg><\/span><span class=\"uagb-question\">Puis-je d\u00e9cider des articles \u00e0 conserver ?<\/span><\/div><p class=\"uagb-faq-content\">Oui, tu peux discuter avec notre entreprise de d\u00e9barras des objets que tu souhaites conserver, afin qu'elle en tienne compte lors du d\u00e9barras. De plus, si nous trouvons des objets personnels ou de valeur, nous en discuterons toujours avec toi. Nous en discuterons toujours avec toi.<\/p><\/div>\n\n\n\n<div class=\"wp-block-uagb-faq-child uagb-faq-child__outer-wrap uagb-faq-item uagb-block-4c6b0137\" role=\"tab\" tabindex=\"0\"><div class=\"uagb-faq-questions-button uagb-faq-questions\"><span class=\"uagb-icon uagb-faq-icon-wrap\"><svg xmlns=\"https:\/\/www.w3.org\/2000\/svg\" viewbox=\"0 0 448 512\"><path d=\"M432 256c0 17.69-14.33 32.01-32 32.01H256v144c0 17.69-14.33 31.99-32 31.99s-32-14.3-32-31.99v-144H48c-17.67 0-32-14.32-32-32.01s14.33-31.99 32-31.99H192v-144c0-17.69 14.33-32.01 32-32.01s32 14.32 32 32.01v144h144C417.7 224 432 238.3 432 256z\"><\/path><\/svg><\/span><span class=\"uagb-icon-active uagb-faq-icon-wrap\"><svg xmlns=\"https:\/\/www.w3.org\/2000\/svg\" viewbox=\"0 0 448 512\"><path d=\"M400 288h-352c-17.69 0-32-14.32-32-32.01s14.31-31.99 32-31.99h352c17.69 0 32 14.3 32 31.99S417.7 288 400 288z\"><\/path><\/svg><\/span><span class=\"uagb-question\">Qu'advient-il des objets de valeur trouv\u00e9s lors de l'expulsion ?<\/span><\/div><p class=\"uagb-faq-content\">Les objets de valeur trouv\u00e9s lors du d\u00e9blaiement sont g\u00e9n\u00e9ralement remis au client ou trait\u00e9s en concertation avec lui.<\/p><\/div>\n\n\n\n<div class=\"wp-block-uagb-faq-child uagb-faq-child__outer-wrap uagb-faq-item uagb-block-9fdf3672\" role=\"tab\" tabindex=\"0\"><div class=\"uagb-faq-questions-button uagb-faq-questions\"><span class=\"uagb-icon uagb-faq-icon-wrap\"><svg xmlns=\"https:\/\/www.w3.org\/2000\/svg\" viewbox=\"0 0 448 512\"><path d=\"M432 256c0 17.69-14.33 32.01-32 32.01H256v144c0 17.69-14.33 31.99-32 31.99s-32-14.3-32-31.99v-144H48c-17.67 0-32-14.32-32-32.01s14.33-31.99 32-31.99H192v-144c0-17.69 14.33-32.01 32-32.01s32 14.32 32 32.01v144h144C417.7 224 432 238.3 432 256z\"><\/path><\/svg><\/span><span class=\"uagb-icon-active uagb-faq-icon-wrap\"><svg xmlns=\"https:\/\/www.w3.org\/2000\/svg\" viewbox=\"0 0 448 512\"><path d=\"M400 288h-352c-17.69 0-32-14.32-32-32.01s14.31-31.99 32-31.99h352c17.69 0 32 14.3 32 31.99S417.7 288 400 288z\"><\/path><\/svg><\/span><span class=\"uagb-question\">Est-il possible d'organiser un d\u00e9blaiement urgent ?<\/span><\/div><p class=\"uagb-faq-content\">Oui, nous proposons des expulsions d'urgence. Contacte l'entreprise pour discuter des options et des co\u00fbts suppl\u00e9mentaires \u00e9ventuels.<\/p><\/div>\n\n\n\n<div class=\"wp-block-uagb-faq-child uagb-faq-child__outer-wrap uagb-faq-item uagb-block-e60147bc\" role=\"tab\" tabindex=\"0\"><div class=\"uagb-faq-questions-button uagb-faq-questions\"><span class=\"uagb-icon uagb-faq-icon-wrap\"><svg xmlns=\"https:\/\/www.w3.org\/2000\/svg\" viewbox=\"0 0 448 512\"><path d=\"M432 256c0 17.69-14.33 32.01-32 32.01H256v144c0 17.69-14.33 31.99-32 31.99s-32-14.3-32-31.99v-144H48c-17.67 0-32-14.32-32-32.01s14.33-31.99 32-31.99H192v-144c0-17.69 14.33-32.01 32-32.01s32 14.32 32 32.01v144h144C417.7 224 432 238.3 432 256z\"><\/path><\/svg><\/span><span class=\"uagb-icon-active uagb-faq-icon-wrap\"><svg xmlns=\"https:\/\/www.w3.org\/2000\/svg\" viewbox=\"0 0 448 512\"><path d=\"M400 288h-352c-17.69 0-32-14.32-32-32.01s14.31-31.99 32-31.99h352c17.69 0 32 14.3 32 31.99S417.7 288 400 288z\"><\/path><\/svg><\/span><span class=\"uagb-question\">Comment le bien sera-t-il remis apr\u00e8s l'expulsion ?<\/span><\/div><p class=\"uagb-faq-content\">La propri\u00e9t\u00e9 est livr\u00e9e nettoy\u00e9e au balai, avec tout le contenu enlev\u00e9 et les r\u00e9parations effectu\u00e9es si n\u00e9cessaire. En outre, nous pouvons \u00e9galement livrer sur la base du contrat que tu as convenu avec ton locataire ou ton acheteur.<\/p><\/div>\n\n\n\n<div class=\"wp-block-uagb-faq-child uagb-faq-child__outer-wrap uagb-faq-item uagb-block-e2b0c592\" role=\"tab\" tabindex=\"0\"><div class=\"uagb-faq-questions-button uagb-faq-questions\"><span class=\"uagb-icon uagb-faq-icon-wrap\"><svg xmlns=\"https:\/\/www.w3.org\/2000\/svg\" viewbox=\"0 0 448 512\"><path d=\"M432 256c0 17.69-14.33 32.01-32 32.01H256v144c0 17.69-14.33 31.99-32 31.99s-32-14.3-32-31.99v-144H48c-17.67 0-32-14.32-32-32.01s14.33-31.99 32-31.99H192v-144c0-17.69 14.33-32.01 32-32.01s32 14.32 32 32.01v144h144C417.7 224 432 238.3 432 256z\"><\/path><\/svg><\/span><span class=\"uagb-icon-active uagb-faq-icon-wrap\"><svg xmlns=\"https:\/\/www.w3.org\/2000\/svg\" viewbox=\"0 0 448 512\"><path d=\"M400 288h-352c-17.69 0-32-14.32-32-32.01s14.31-31.99 32-31.99h352c17.69 0 32 14.3 32 31.99S417.7 288 400 288z\"><\/path><\/svg><\/span><span class=\"uagb-question\">Une entreprise d'expulsion peut-elle \u00e9galement effectuer des travaux de remise en \u00e9tat ?<\/span><\/div><p class=\"uagb-faq-content\">Oui, de nombreuses entreprises d'expulsion peuvent \u00e9galement effectuer des travaux de remise en \u00e9tat, comme r\u00e9parer les trous dans les murs, enlever les tapis et peindre les murs.<\/p><\/div>\n\n\n\n<div class=\"wp-block-uagb-faq-child uagb-faq-child__outer-wrap uagb-faq-item uagb-block-3c389c01\" role=\"tab\" tabindex=\"0\"><div class=\"uagb-faq-questions-button uagb-faq-questions\"><span class=\"uagb-icon uagb-faq-icon-wrap\"><svg xmlns=\"https:\/\/www.w3.org\/2000\/svg\" viewbox=\"0 0 448 512\"><path d=\"M432 256c0 17.69-14.33 32.01-32 32.01H256v144c0 17.69-14.33 31.99-32 31.99s-32-14.3-32-31.99v-144H48c-17.67 0-32-14.32-32-32.01s14.33-31.99 32-31.99H192v-144c0-17.69 14.33-32.01 32-32.01s32 14.32 32 32.01v144h144C417.7 224 432 238.3 432 256z\"><\/path><\/svg><\/span><span class=\"uagb-icon-active uagb-faq-icon-wrap\"><svg xmlns=\"https:\/\/www.w3.org\/2000\/svg\" viewbox=\"0 0 448 512\"><path d=\"M400 288h-352c-17.69 0-32-14.32-32-32.01s14.31-31.99 32-31.99h352c17.69 0 32 14.3 32 31.99S417.7 288 400 288z\"><\/path><\/svg><\/span><span class=\"uagb-question\">Une entreprise d'expulsion peut-elle aussi d\u00e9barrasser des locaux commerciaux ?<\/span><\/div><p class=\"uagb-faq-content\">Oui, STERK propose \u00e9galement <a href=\"http:\/\/sterkontruimingen.nl\/fr\/autorisation-commerciale\/\" data-type=\"page\" data-id=\"132\">expulsions pour les locaux commerciaux<\/a> \u00e0.<\/p><\/div>\n\n\n\n<div class=\"wp-block-uagb-faq-child uagb-faq-child__outer-wrap uagb-faq-item uagb-block-3b4f13c1\" role=\"tab\" tabindex=\"0\"><div class=\"uagb-faq-questions-button uagb-faq-questions\"><span class=\"uagb-icon uagb-faq-icon-wrap\"><svg xmlns=\"https:\/\/www.w3.org\/2000\/svg\" viewbox=\"0 0 448 512\"><path d=\"M432 256c0 17.69-14.33 32.01-32 32.01H256v144c0 17.69-14.33 31.99-32 31.99s-32-14.3-32-31.99v-144H48c-17.67 0-32-14.32-32-32.01s14.33-31.99 32-31.99H192v-144c0-17.69 14.33-32.01 32-32.01s32 14.32 32 32.01v144h144C417.7 224 432 238.3 432 256z\"><\/path><\/svg><\/span><span class=\"uagb-icon-active uagb-faq-icon-wrap\"><svg xmlns=\"https:\/\/www.w3.org\/2000\/svg\" viewbox=\"0 0 448 512\"><path d=\"M400 288h-352c-17.69 0-32-14.32-32-32.01s14.31-31.99 32-31.99h352c17.69 0 32 14.3 32 31.99S417.7 288 400 288z\"><\/path><\/svg><\/span><span class=\"uagb-question\">Qu'en est-il de la confidentialit\u00e9 de mes donn\u00e9es lors d'un nettoyage de maison ?<\/span><\/div><p class=\"uagb-faq-content\">Les entreprises de nettoyage dignes de confiance traitent tes donn\u00e9es et tes effets personnels avec soin et respect. Renseigne-toi sur leur politique de confidentialit\u00e9 pour savoir comment ils traitent ici.<\/p><\/div>\n\n\n\n<div class=\"wp-block-uagb-faq-child uagb-faq-child__outer-wrap uagb-faq-item uagb-block-138e20e8\" role=\"tab\" tabindex=\"0\"><div class=\"uagb-faq-questions-button uagb-faq-questions\"><span class=\"uagb-icon uagb-faq-icon-wrap\"><svg xmlns=\"https:\/\/www.w3.org\/2000\/svg\" viewbox=\"0 0 448 512\"><path d=\"M432 256c0 17.69-14.33 32.01-32 32.01H256v144c0 17.69-14.33 31.99-32 31.99s-32-14.3-32-31.99v-144H48c-17.67 0-32-14.32-32-32.01s14.33-31.99 32-31.99H192v-144c0-17.69 14.33-32.01 32-32.01s32 14.32 32 32.01v144h144C417.7 224 432 238.3 432 256z\"><\/path><\/svg><\/span><span class=\"uagb-icon-active uagb-faq-icon-wrap\"><svg xmlns=\"https:\/\/www.w3.org\/2000\/svg\" viewbox=\"0 0 448 512\"><path d=\"M400 288h-352c-17.69 0-32-14.32-32-32.01s14.31-31.99 32-31.99h352c17.69 0 32 14.3 32 31.99S417.7 288 400 288z\"><\/path><\/svg><\/span><span class=\"uagb-question\">Dois-je \u00eatre pr\u00e9sent pendant le nettoyage de la maison ?<\/span><\/div><p class=\"uagb-faq-content\">Il n'est pas obligatoire d'\u00eatre pr\u00e9sent lors de l'expulsion, mais tu peux bien s\u00fbr choisir d'y assister. Dans de nombreux cas, une entreprise d'expulsion peut faire le travail sans ta pr\u00e9sence, \u00e0 condition d'avoir les bonnes informations et l'acc\u00e8s \u00e0 la propri\u00e9t\u00e9.<\/p><\/div>\n\n\n\n<div class=\"wp-block-uagb-faq-child uagb-faq-child__outer-wrap uagb-faq-item uagb-block-92ace289\" role=\"tab\" tabindex=\"0\"><div class=\"uagb-faq-questions-button uagb-faq-questions\"><span class=\"uagb-icon uagb-faq-icon-wrap\"><svg xmlns=\"https:\/\/www.w3.org\/2000\/svg\" viewbox=\"0 0 448 512\"><path d=\"M432 256c0 17.69-14.33 32.01-32 32.01H256v144c0 17.69-14.33 31.99-32 31.99s-32-14.3-32-31.99v-144H48c-17.67 0-32-14.32-32-32.01s14.33-31.99 32-31.99H192v-144c0-17.69 14.33-32.01 32-32.01s32 14.32 32 32.01v144h144C417.7 224 432 238.3 432 256z\"><\/path><\/svg><\/span><span class=\"uagb-icon-active uagb-faq-icon-wrap\"><svg xmlns=\"https:\/\/www.w3.org\/2000\/svg\" viewbox=\"0 0 448 512\"><path d=\"M400 288h-352c-17.69 0-32-14.32-32-32.01s14.31-31.99 32-31.99h352c17.69 0 32 14.3 32 31.99S417.7 288 400 288z\"><\/path><\/svg><\/span><span class=\"uagb-question\">En combien de temps une entreprise d'expulsion peut-elle commencer \u00e0 \u00e9vacuer ?<\/span><\/div><p class=\"uagb-faq-content\">La disponibilit\u00e9 de notre service d'expulsion peut varier. Contacte-nous pour discuter de l'horaire et des \u00e9ventuels d\u00e9lais d'attente. En g\u00e9n\u00e9ral, notre grande \u00e9quipe nous permet de commencer \u00e0 travailler la m\u00eame semaine.<\/p><\/div>\n\n\n\n<div class=\"wp-block-uagb-faq-child uagb-faq-child__outer-wrap uagb-faq-item uagb-block-03a9900f\" role=\"tab\" tabindex=\"0\"><div class=\"uagb-faq-questions-button uagb-faq-questions\"><span class=\"uagb-icon uagb-faq-icon-wrap\"><svg xmlns=\"https:\/\/www.w3.org\/2000\/svg\" viewbox=\"0 0 448 512\"><path d=\"M432 256c0 17.69-14.33 32.01-32 32.01H256v144c0 17.69-14.33 31.99-32 31.99s-32-14.3-32-31.99v-144H48c-17.67 0-32-14.32-32-32.01s14.33-31.99 32-31.99H192v-144c0-17.69 14.33-32.01 32-32.01s32 14.32 32 32.01v144h144C417.7 224 432 238.3 432 256z\"><\/path><\/svg><\/span><span class=\"uagb-icon-active uagb-faq-icon-wrap\"><svg xmlns=\"https:\/\/www.w3.org\/2000\/svg\" viewbox=\"0 0 448 512\"><path d=\"M400 288h-352c-17.69 0-32-14.32-32-32.01s14.31-31.99 32-31.99h352c17.69 0 32 14.3 32 31.99S417.7 288 400 288z\"><\/path><\/svg><\/span><span class=\"uagb-question\">Une entreprise d'\u00e9vacuation peut-elle aider \u00e0 \u00e9liminer les d\u00e9chets dangereux, tels que l'amiante ?<\/span><\/div><p class=\"uagb-faq-content\">STERK ontruimingen poss\u00e8de l'expertise n\u00e9cessaire pour \u00e9liminer les d\u00e9chets dangereux, tels que l'amiante, de mani\u00e8re s\u00fbre et responsable. Renseigne-toi sur les possibilit\u00e9s et l'exp\u00e9rience dans ce domaine.<\/p><\/div>\n\n\n\n<div class=\"wp-block-uagb-faq-child uagb-faq-child__outer-wrap uagb-faq-item uagb-block-daefb2d2\" role=\"tab\" tabindex=\"0\"><div class=\"uagb-faq-questions-button uagb-faq-questions\"><span class=\"uagb-icon uagb-faq-icon-wrap\"><svg xmlns=\"https:\/\/www.w3.org\/2000\/svg\" viewbox=\"0 0 448 512\"><path d=\"M432 256c0 17.69-14.33 32.01-32 32.01H256v144c0 17.69-14.33 31.99-32 31.99s-32-14.3-32-31.99v-144H48c-17.67 0-32-14.32-32-32.01s14.33-31.99 32-31.99H192v-144c0-17.69 14.33-32.01 32-32.01s32 14.32 32 32.01v144h144C417.7 224 432 238.3 432 256z\"><\/path><\/svg><\/span><span class=\"uagb-icon-active uagb-faq-icon-wrap\"><svg xmlns=\"https:\/\/www.w3.org\/2000\/svg\" viewbox=\"0 0 448 512\"><path d=\"M400 288h-352c-17.69 0-32-14.32-32-32.01s14.31-31.99 32-31.99h352c17.69 0 32 14.3 32 31.99S417.7 288 400 288z\"><\/path><\/svg><\/span><span class=\"uagb-question\">Comment puis-je demander un devis pour un nettoyage de maison ?<\/span><\/div><p class=\"uagb-faq-content\">En cliquant ci-dessous sur la page ou ici sur : '<a href=\"http:\/\/sterkontruimingen.nl\/fr\/demande-un-devis\/\" data-type=\"page\" data-id=\"367\">demande un devis<\/a>\u2018<\/p><\/div>\n<\/div>","protected":false},"excerpt":{"rendered":"<p>Woning Ontruiming Rotterdam In Rotterdam zijn woning ontruimingen een dagelijkse gebeurtenis. U heeft ons mogelijk al eens in actie gezien met onze STERK bus in Rotterdam. Ons gespecialiseerde team in (\u00e9n uit) Rotterdam staat klaar om elke ontruiming zorgvuldig en effici\u00ebnt te verzorgen. Wat maakt STERK Ontruimingen zo uniek in Rotterdam? Wij werken samen met [&hellip;]<\/p>\n","protected":false},"author":1,"featured_media":772,"parent":0,"menu_order":10,"comment_status":"closed","ping_status":"closed","template":"","meta":{"inline_featured_image":false,"footnotes":""},"categories":[14],"tags":[],"class_list":["post-751","page","type-page","status-publish","has-post-thumbnail","hentry","category-landingspaginas"],"blocksy_meta":{"styles_descriptor":{"styles":{"desktop":"","tablet":"","mobile":""},"google_fonts":[],"version":6}},"_links":{"self":[{"href":"https:\/\/sterkontruimingen.nl\/fr\/wp-json\/wp\/v2\/pages\/751","targetHints":{"allow":["GET"]}}],"collection":[{"href":"https:\/\/sterkontruimingen.nl\/fr\/wp-json\/wp\/v2\/pages"}],"about":[{"href":"https:\/\/sterkontruimingen.nl\/fr\/wp-json\/wp\/v2\/types\/page"}],"author":[{"embeddable":true,"href":"https:\/\/sterkontruimingen.nl\/fr\/wp-json\/wp\/v2\/users\/1"}],"replies":[{"embeddable":true,"href":"https:\/\/sterkontruimingen.nl\/fr\/wp-json\/wp\/v2\/comments?post=751"}],"version-history":[{"count":9,"href":"https:\/\/sterkontruimingen.nl\/fr\/wp-json\/wp\/v2\/pages\/751\/revisions"}],"predecessor-version":[{"id":3838,"href":"https:\/\/sterkontruimingen.nl\/fr\/wp-json\/wp\/v2\/pages\/751\/revisions\/3838"}],"wp:featuredmedia":[{"embeddable":true,"href":"https:\/\/sterkontruimingen.nl\/fr\/wp-json\/wp\/v2\/media\/772"}],"wp:attachment":[{"href":"https:\/\/sterkontruimingen.nl\/fr\/wp-json\/wp\/v2\/media?parent=751"}],"wp:term":[{"taxonomy":"category","embeddable":true,"href":"https:\/\/sterkontruimingen.nl\/fr\/wp-json\/wp\/v2\/categories?post=751"},{"taxonomy":"post_tag","embeddable":true,"href":"https:\/\/sterkontruimingen.nl\/fr\/wp-json\/wp\/v2\/tags?post=751"}],"curies":[{"name":"wp","href":"https:\/\/api.w.org\/{rel}","templated":true}]}}