{"id":737,"date":"2020-04-18T17:54:03","date_gmt":"2020-04-18T15:54:03","guid":{"rendered":"http:\/\/sterkontruimingen.nl\/?page_id=737"},"modified":"2020-04-18T18:13:10","modified_gmt":"2020-04-18T16:13:10","slug":"expulsion-drechtsteden","status":"publish","type":"page","link":"https:\/\/sterkontruimingen.nl\/fr\/ontruiming-drechtsteden\/","title":{"rendered":"Eviction Drechtsteden"},"content":{"rendered":"<h2 class=\"wp-block-heading\">D\u00e9blaiement de la maison Drechtsteden<\/h2>\n\n\n\n<p>En tant que sp\u00e9cialistes des expulsions dans les Drechtsteden, nous sommes toujours \u00e0 proximit\u00e9. Ainsi, nous travaillons souvent sur des expulsions \u00e0 Dordrecht, Zwijndrecht, Barendrecht, Sliedrecht, Papendrecht et dans toutes les villes environnantes des Drechtsteden. Nous essayons de t'aider de mani\u00e8re conviviale et professionnelle en r\u00e9pondant \u00e0 ta demande le plus rapidement possible. Souvent, tu veux simplement \u00eatre aid\u00e9 rapidement et nous en faisons un sport. Qu'il s'agisse d'un d\u00e9barras de chambre de soins \u00e0 Zwijndrecht ou du d\u00e9barras d'une maison ou d'un appartement entier \u00e0 Dordrecht. Nous sommes \u00e0 ton service.<\/p>\n\n\n\n<p>Pendant le d\u00e9blaiement, nous pouvons effectuer toutes sortes de travaux comme enlever les tapis, le papier peint ou les vis et les clous. En outre, nous r\u00e9parons \u00e9galement les trous dans le mur. Nous pouvons \u00e9galement d\u00e9placer les objets inutiles mais encore utilisables pour. <a href=\"http:\/\/sterkontruimingen.nl\/fr\/a-propos-de-fort\/\">bonnes causes<\/a> apporter pour la r\u00e9utilisation et nous \u00e9liminons toujours les d\u00e9chets d'une mani\u00e8re respectueuse de l'environnement. Ce qui est g\u00e9nial, c'est que nous sommes souvent \u00e0 l'\u0153uvre chez toi, ce qui nous permet de nous mettre rapidement au travail. <\/p>\n\n\n\n<div class=\"wp-block-columns is-layout-flex wp-container-core-columns-is-layout-28f84493 wp-block-columns-is-layout-flex\">\n<div class=\"wp-block-column is-layout-flow wp-block-column-is-layout-flow\">\n<h3 class=\"wp-block-heading\">Appartement dans le Drechtsteden ONTRUIMEN<\/h3>\n\n\n\n<p>Tu cherches une entreprise pour d\u00e9barrasser ta chambre d'enfant ou celle de tes parents \u00e0 Drechtsteden et dans les environs ? Alors contacte-nous pour obtenir un devis sans engagement.<\/p>\n\n\n\n<h3 class=\"wp-block-heading\">Nettoyage de jardin ou de cabane \u00e0 DRECHTSTEDEN<\/h3>\n\n\n\n<p>Parfois, on ne voit pas la for\u00eat pour les arbres. C'est alors que l'aide d'un expert en rangement \u00e0 Drechtsteden et dans les environs est utile. Nous nous rendons chez toi et ratissons l'ensemble de ton jardin ou de ton abri. En concertation, bien s\u00fbr, pour savoir ce que tu veux encore garder ou non.<\/p>\n<\/div>\n\n\n\n<div class=\"wp-block-column is-layout-flow wp-block-column-is-layout-flow\">\n<h3 class=\"wp-block-heading\">DRECHTSTEDEN \u00e9vacue la chambre de la maison de retraite<\/h3>\n\n\n\n<p>STERK te d\u00e9charge de tous les soucis. Comme nous travaillons \u00e0 proximit\u00e9 de Drechtsteden et des villes environnantes, nous pouvons te livrer ta pi\u00e8ce nettoy\u00e9e en un rien de temps pour un prix d\u00e9cent.<\/p>\n\n\n\n<h3 class=\"wp-block-heading\">Maison de repos DRECHTSTEDEN \u00e0 Dordrecht<\/h3>\n\n\n\n<p>STERK te d\u00e9charge de tous les soucis. Comme nous travaillons \u00e0 Drechtsteden et dans les localit\u00e9s environnantes, nous pouvons te livrer ta pi\u00e8ce nettoy\u00e9e en un rien de temps pour un prix d\u00e9cent.<\/p>\n\n\n\n<h3 class=\"wp-block-heading\">Effacement apr\u00e8s le d\u00e9c\u00e8s<\/h3>\n\n\n\n<p>Lorsqu'un proche d\u00e9c\u00e8de, la derni\u00e8re chose \u00e0 laquelle tu veux pr\u00eater attention est de lib\u00e9rer la maison ou l'appartement de ton proche. STERK s'engage \u00e0 d\u00e9barrasser la maison ou la chambre dans le respect des biens et du d\u00e9funt, le plus rapidement possible, voire en urgence. En outre, nous faisons don en ton nom des objets qui peuvent d\u00e9j\u00e0 \u00eatre vendus \u00e0 la fondation New Hope, qui s'emploie notamment \u00e0 lutter contre la solitude.<\/p>\n<\/div>\n<\/div>\n\n\n\n<p><\/p>","protected":false},"excerpt":{"rendered":"<p>Woningontruiming Drechtsteden Als ontruimer in de Drechtsteden zijn we altijd in de buurt. Zo werken we vaak aan ontruimingen in Dordrecht, Zwijndrecht, Barendrecht, Sliedrecht, Papendrecht en alle omliggende plaatsen in de Drechtsteden. We proberen u op een klantvriendelijke en professionele manier te helpen door zo snel mogelijk te reageren op uw aanvraag. Vaak wilt u [&hellip;]<\/p>\n","protected":false},"author":1,"featured_media":746,"parent":0,"menu_order":11,"comment_status":"closed","ping_status":"closed","template":"","meta":{"inline_featured_image":false,"footnotes":""},"categories":[14],"tags":[],"class_list":["post-737","page","type-page","status-publish","has-post-thumbnail","hentry","category-landingspaginas"],"blocksy_meta":{"styles_descriptor":{"styles":{"desktop":"","tablet":"","mobile":""},"google_fonts":[],"version":6}},"_links":{"self":[{"href":"https:\/\/sterkontruimingen.nl\/fr\/wp-json\/wp\/v2\/pages\/737","targetHints":{"allow":["GET"]}}],"collection":[{"href":"https:\/\/sterkontruimingen.nl\/fr\/wp-json\/wp\/v2\/pages"}],"about":[{"href":"https:\/\/sterkontruimingen.nl\/fr\/wp-json\/wp\/v2\/types\/page"}],"author":[{"embeddable":true,"href":"https:\/\/sterkontruimingen.nl\/fr\/wp-json\/wp\/v2\/users\/1"}],"replies":[{"embeddable":true,"href":"https:\/\/sterkontruimingen.nl\/fr\/wp-json\/wp\/v2\/comments?post=737"}],"version-history":[{"count":0,"href":"https:\/\/sterkontruimingen.nl\/fr\/wp-json\/wp\/v2\/pages\/737\/revisions"}],"wp:featuredmedia":[{"embeddable":true,"href":"https:\/\/sterkontruimingen.nl\/fr\/wp-json\/wp\/v2\/media\/746"}],"wp:attachment":[{"href":"https:\/\/sterkontruimingen.nl\/fr\/wp-json\/wp\/v2\/media?parent=737"}],"wp:term":[{"taxonomy":"category","embeddable":true,"href":"https:\/\/sterkontruimingen.nl\/fr\/wp-json\/wp\/v2\/categories?post=737"},{"taxonomy":"post_tag","embeddable":true,"href":"https:\/\/sterkontruimingen.nl\/fr\/wp-json\/wp\/v2\/tags?post=737"}],"curies":[{"name":"wp","href":"https:\/\/api.w.org\/{rel}","templated":true}]}}