{"id":675,"date":"2020-04-13T13:47:05","date_gmt":"2020-04-13T11:47:05","guid":{"rendered":"http:\/\/sterkontruimingen.nl\/?page_id=675"},"modified":"2024-05-27T07:47:20","modified_gmt":"2024-05-27T05:47:20","slug":"expulsion-dordrecht","status":"publish","type":"page","link":"https:\/\/sterkontruimingen.nl\/fr\/ontruiming-dordrecht\/","title":{"rendered":"Nettoyage de maisons Dordrecht"},"content":{"rendered":"<h2 class=\"wp-block-heading\">Nettoyage de maisons Dordrecht<\/h2>\n\n\n\n<p>\u00c0 Dordrecht, entre 1 500 et 2 000 m\u00e9nages changent de maison ces derni\u00e8res ann\u00e9es. C'est pourquoi il est bon qu'il y ait des entreprises comme STERK qui peuvent te fournir un service d'expulsion avec Si tu as une maison (maison, appartement, chambre de soins ou maison de soins) qui doit \u00eatre \u00e9vacu\u00e9e \u00e0 Dordrecht ? Dans ce cas, STERK peut t'aider ! STERK a une grande exp\u00e9rience de l'\u00e9vacuation de maisons, de chambres de soins, de chambres de maisons de repos, d'appartements et de logements prot\u00e9g\u00e9s \u00e0 Dordrecht et dans les environs. Nous livrons enti\u00e8rement selon les exigences et les souhaits du propri\u00e9taire, de l'association de logement, de l'agent immobilier ou de la maison de repos.<\/p>\n\n\n\n<p>Pourquoi <\/p>\n\n\n\n<p>Au cours de la <strong>expulsion \u00e0 Dordrecht<\/strong> nous pouvons effectuer toutes sortes de travaux tels que retirer les tapis, le papier peint ou les vis et les clous. Nous r\u00e9parons \u00e9galement les trous dans les murs. Nous pouvons aussi d\u00e9m\u00e9nager des objets inutiles mais encore utilisables pour... <a href=\"http:\/\/sterkontruimingen.nl\/fr\/a-propos-de-fort\/\">bonnes causes<\/a> Nous \u00e9liminons toujours les d\u00e9chets dans le respect de l'environnement. Ce qui est g\u00e9nial, c'est que nous sommes souvent \u00e0 l'\u0153uvre dans ton quartier de Dordrecht, et que nous pouvons donc nous mettre rapidement au travail. <\/p>\n\n\n\n<h2 class=\"wp-block-heading\">Quel est le co\u00fbt d'un nettoyage de maison \u00e0 Dordrecht ?<\/h2>\n\n\n\n<p>Les co\u00fbts d\u00e9pendent enti\u00e8rement du type de biens et des exigences de livraison de la propri\u00e9t\u00e9. \u00c0 titre indicatif, nous avons <a href=\"http:\/\/sterkontruimingen.nl\/fr\/quel-est-le-cout-dune-expulsion\/\" data-type=\"post\" data-id=\"1593\">a fait un r\u00e9sum\u00e9 des co\u00fbts ici<\/a> Pour l'enl\u00e8vement des ordures m\u00e9nag\u00e8res \u00e0 Dordrecht.<\/p>\n\n\n\n<div class=\"wp-block-columns is-layout-flex wp-container-core-columns-is-layout-28f84493 wp-block-columns-is-layout-flex\">\n<div class=\"wp-block-column is-layout-flow wp-block-column-is-layout-flow\">\n<h3 class=\"wp-block-heading\">Evacuation des salles de soins \u00e0 Dordrecht<\/h3>\n\n\n\n<p>Tu cherches une personne pour d\u00e9barrasser ta chambre d'enfant ou la chambre d'enfant de tes parents \u00e0 Dordrecht et dans les environs. Dans ce cas, contacte-nous pour un devis sans engagement.<\/p>\n\n\n\n<h3 class=\"wp-block-heading\">Nettoyage du jardin ou de l'abri de jardin \u00e0 Dordrecht<\/h3>\n\n\n\n<p>Parfois, on ne voit pas la for\u00eat pour les arbres. C'est alors que l'aide d'un expert en rangement \u00e0 Dordrecht s'av\u00e8re utile. Nous venons ratisser tout ton jardin ou ta remise, pour ainsi dire. En concertation, bien s\u00fbr, pour savoir ce que tu veux encore garder ou non.<\/p>\n\n\n\n<h3 class=\"wp-block-heading\">Auto-\u00e9valuation \u00e0 Dordrecht<\/h3>\n\n\n\n<p>Si tu souhaites te lancer dans le d\u00e9blaiement de ta maison \u00e0 Dordrecht mais que tu ne sais pas par o\u00f9 commencer. Nous nous ferons un plaisir de t'aider en te donnant des astuces et des conseils. De plus, nous pourrons ensuite t'aider pour la suite du d\u00e9barras de ta maison \u00e0 Dordrecht.<\/p>\n\n\n\n<h3 class=\"wp-block-heading\">Enl\u00e8vement des ordures m\u00e9nag\u00e8res \u00e0 Dordrecht<\/h3>\n\n\n\n<p>Tu souhaites faire lib\u00e9rer ton logement \u00e0 Dordrecht ? Dans ce cas, tu es \u00e0 la bonne adresse. Depuis notre agence de Dordrecht, nous pouvons t'aider \u00e0 vider facilement et rapidement ton logement dans un d\u00e9lai tr\u00e8s court.<\/p>\n<\/div>\n\n\n\n<div class=\"wp-block-column is-layout-flow wp-block-column-is-layout-flow\">\n<h3 class=\"wp-block-heading\">Nettoyage d'une chambre de maison de repos \u00e0 Dordrecht<\/h3>\n\n\n\n<p>STERK te d\u00e9charge de tout souci. Comme nous travaillons souvent \u00e0 Dordrecht, nous pouvons livrer tr\u00e8s rapidement ton nettoyage de chambre de maison de repos ou de soins \u00e0 un prix d\u00e9cent.<\/p>\n\n\n\n<h3 class=\"wp-block-heading\">Nettoyer une salle de soins \u00e0 Dordrecht<\/h3>\n\n\n\n<p>STERK te d\u00e9charge de tous les soucis. Car nous travaillons pr\u00e8s de Dordrecht. Nous pouvons te livrer ton local nettoy\u00e9 en un rien de temps \u00e0 un prix d\u00e9cent.<\/p>\n\n\n\n<h3 class=\"wp-block-heading\">Expulsion apr\u00e8s un d\u00e9c\u00e8s \u00e0 Dordrecht<\/h3>\n\n\n\n<p>Lorsqu'un proche d\u00e9c\u00e8de, la derni\u00e8re chose \u00e0 laquelle tu veux pr\u00eater attention est de d\u00e9barrasser la maison ou l'appartement de ton proche. STERK s'engage \u00e0 d\u00e9barrasser la maison ou la chambre \u00e0 Dordrecht le plus rapidement possible, voire en urgence, dans le respect des biens et du d\u00e9funt. En outre, nous ferons don des objets qui peuvent d\u00e9j\u00e0 \u00eatre vendus en ton nom \u00e0 la fondation Nieuwe Hoop, qui \u0153uvre notamment contre la solitude.<\/p>\n<\/div>\n<\/div>","protected":false},"excerpt":{"rendered":"<p>Woningontruiming Dordrecht In Dordrecht wisselen de afgelopen jaren tussen de 1500 en 2000 huishoudens van huis. Daarom is het fijn dat er bedrijven zijn als STERK die u, indien u het nodig heeft, gebruik kan maken van een ontruimingdienst met Heeft u een woning (huis, appartement, zorgkamer of aanleunwoning) die ontruimt moet worden in Dordrecht? [&hellip;]<\/p>\n","protected":false},"author":1,"featured_media":678,"parent":0,"menu_order":10,"comment_status":"closed","ping_status":"closed","template":"","meta":{"inline_featured_image":false,"footnotes":""},"categories":[14],"tags":[],"class_list":["post-675","page","type-page","status-publish","has-post-thumbnail","hentry","category-landingspaginas"],"blocksy_meta":{"styles_descriptor":{"styles":{"desktop":"","tablet":"","mobile":""},"google_fonts":[],"version":6}},"_links":{"self":[{"href":"https:\/\/sterkontruimingen.nl\/fr\/wp-json\/wp\/v2\/pages\/675","targetHints":{"allow":["GET"]}}],"collection":[{"href":"https:\/\/sterkontruimingen.nl\/fr\/wp-json\/wp\/v2\/pages"}],"about":[{"href":"https:\/\/sterkontruimingen.nl\/fr\/wp-json\/wp\/v2\/types\/page"}],"author":[{"embeddable":true,"href":"https:\/\/sterkontruimingen.nl\/fr\/wp-json\/wp\/v2\/users\/1"}],"replies":[{"embeddable":true,"href":"https:\/\/sterkontruimingen.nl\/fr\/wp-json\/wp\/v2\/comments?post=675"}],"version-history":[{"count":2,"href":"https:\/\/sterkontruimingen.nl\/fr\/wp-json\/wp\/v2\/pages\/675\/revisions"}],"predecessor-version":[{"id":3086,"href":"https:\/\/sterkontruimingen.nl\/fr\/wp-json\/wp\/v2\/pages\/675\/revisions\/3086"}],"wp:featuredmedia":[{"embeddable":true,"href":"https:\/\/sterkontruimingen.nl\/fr\/wp-json\/wp\/v2\/media\/678"}],"wp:attachment":[{"href":"https:\/\/sterkontruimingen.nl\/fr\/wp-json\/wp\/v2\/media?parent=675"}],"wp:term":[{"taxonomy":"category","embeddable":true,"href":"https:\/\/sterkontruimingen.nl\/fr\/wp-json\/wp\/v2\/categories?post=675"},{"taxonomy":"post_tag","embeddable":true,"href":"https:\/\/sterkontruimingen.nl\/fr\/wp-json\/wp\/v2\/tags?post=675"}],"curies":[{"name":"wp","href":"https:\/\/api.w.org\/{rel}","templated":true}]}}