{"id":647,"date":"2020-04-10T21:39:34","date_gmt":"2020-04-10T19:39:34","guid":{"rendered":"http:\/\/sterkontruimingen.nl\/?page_id=647"},"modified":"2025-04-04T11:59:07","modified_gmt":"2025-04-04T09:59:07","slug":"evacuation-dalblasserdam","status":"publish","type":"page","link":"https:\/\/sterkontruimingen.nl\/fr\/ontruiming-alblasserdam\/","title":{"rendered":"Eviction Alblasserdam"},"content":{"rendered":"<h2 class=\"wp-block-heading\">Nettoyage de maison \u00e0 alblasserdam<\/h2>\n\n\n\n<p>Tu as un bien immobilier (maison, appartement, chambre de soins ou logement prot\u00e9g\u00e9) qui doit \u00eatre lib\u00e9r\u00e9 \u00e0 Albasserdam ou Alblasserwaard ? Alors STERK peut t'aider ! STERK a une grande exp\u00e9rience dans le d\u00e9barras de maisons, de chambres de soins, de chambres de maison de repos, d'appartements et de logements prot\u00e9g\u00e9s \u00e0 Alblasserdam et dans les environs. Nous livrons enti\u00e8rement selon les exigences et les souhaits du propri\u00e9taire, de l'association de logement, de l'agent immobilier ou de la maison de repos.<\/p>\n\n\n\n<p>Pendant le d\u00e9blaiement, nous pouvons effectuer toutes sortes de travaux comme enlever les tapis, le papier peint ou les vis et les clous. En outre, nous r\u00e9parons \u00e9galement les trous dans le mur. Nous pouvons \u00e9galement d\u00e9placer les objets inutiles mais encore utilisables pour. <a href=\"http:\/\/sterkontruimingen.nl\/fr\/a-propos-de-fort\/\">bonnes causes<\/a> nous \u00e9liminons toujours les d\u00e9chets d'une mani\u00e8re respectueuse de l'environnement. Ce qui est g\u00e9nial, c'est que nous sommes souvent \u00e0 l'\u0153uvre dans ta r\u00e9gion d'ablasserdam, nous pouvons donc nous mettre au travail rapidement. <\/p>\n\n\n\n<div class=\"wp-block-columns is-layout-flex wp-container-core-columns-is-layout-28f84493 wp-block-columns-is-layout-flex\">\n<div class=\"wp-block-column is-layout-flow wp-block-column-is-layout-flow\">\n<h3 class=\"wp-block-heading\">\u00c9VACUE LA SALLE DE SOINS<\/h3>\n\n\n\n<p>Tu cherches une personne qui peut d\u00e9barrasser ta chambre d'enfant ou la chambre d'enfant de tes parents \u00e0 alblasserdam ou \u00e0 l'alblasserwaard. Alors contacte-nous pour un devis sans engagement.<\/p>\n\n\n\n<h3 class=\"wp-block-heading\">NETTOYAGE DU JARDIN OU DE LA REMISE<\/h3>\n\n\n\n<p>Parfois, tu ne vois plus la for\u00eat pour les arbres. C'est alors que l'aide d'un expert en rangement \u00e0 alblasserdam ou \u00e0 l'alblasserwaard s'av\u00e8re utile. Nous passons et, proverbialement parlant, nous ratissons tout ton jardin ou ta remise. En concertation, bien s\u00fbr, pour savoir ce que tu veux encore garder ou non.<\/p>\n<\/div>\n\n\n\n<div class=\"wp-block-column is-layout-flow wp-block-column-is-layout-flow\">\n<h3 class=\"wp-block-heading\">nettoyage des chambres de maison de retraite<\/h3>\n\n\n\n<p>STERK te d\u00e9charge de tous les soucis. Parce que nous travaillons pr\u00e8s d'alblasserdam et d'alblasserwaard. Nous pouvons te livrer ta chambre nettoy\u00e9e en un rien de temps pour un prix d\u00e9cent.<\/p>\n\n\n\n<h3 class=\"wp-block-heading\">NETTOYAGE APR\u00c8S LA MORT<\/h3>\n\n\n\n<p>Lorsqu'un proche d\u00e9c\u00e8de, la derni\u00e8re chose \u00e0 laquelle tu veux pr\u00eater attention est de lib\u00e9rer la maison ou l'appartement de ton proche. STERK s'engage \u00e0 d\u00e9barrasser la maison ou la chambre dans le respect des biens et du d\u00e9funt, le plus rapidement possible, voire en urgence. En outre, nous faisons don en ton nom des objets qui peuvent d\u00e9j\u00e0 \u00eatre vendus \u00e0 la fondation New Hope, qui s'emploie notamment \u00e0 lutter contre la solitude.<\/p>\n<\/div>\n<\/div>","protected":false},"excerpt":{"rendered":"<p>Woningontruiming alblasserdam Heeft u een woning (huis, appartement, zorgkamer of aanleunwoning) die ontruimt moet worden in Albasserdam of de Alblasserwaard? Dan kan STERK hierbij helpen! STERK heeft ruime ervaring met het ontruimen van woningen, zorgkamers verpleeghuiskamers, appartementen en aanleunwoningen in Alblasserdam en omgeving. Wij leveren geheel op naar de eisen en wensen van verhuurder, woningbouwvereniging, [&hellip;]<\/p>\n","protected":false},"author":1,"featured_media":4869,"parent":0,"menu_order":9,"comment_status":"closed","ping_status":"closed","template":"","meta":{"inline_featured_image":false,"footnotes":""},"categories":[14],"tags":[],"class_list":["post-647","page","type-page","status-publish","has-post-thumbnail","hentry","category-landingspaginas"],"blocksy_meta":{"styles_descriptor":{"styles":{"desktop":"","tablet":"","mobile":""},"google_fonts":[],"version":6}},"_links":{"self":[{"href":"https:\/\/sterkontruimingen.nl\/fr\/wp-json\/wp\/v2\/pages\/647","targetHints":{"allow":["GET"]}}],"collection":[{"href":"https:\/\/sterkontruimingen.nl\/fr\/wp-json\/wp\/v2\/pages"}],"about":[{"href":"https:\/\/sterkontruimingen.nl\/fr\/wp-json\/wp\/v2\/types\/page"}],"author":[{"embeddable":true,"href":"https:\/\/sterkontruimingen.nl\/fr\/wp-json\/wp\/v2\/users\/1"}],"replies":[{"embeddable":true,"href":"https:\/\/sterkontruimingen.nl\/fr\/wp-json\/wp\/v2\/comments?post=647"}],"version-history":[{"count":1,"href":"https:\/\/sterkontruimingen.nl\/fr\/wp-json\/wp\/v2\/pages\/647\/revisions"}],"predecessor-version":[{"id":4871,"href":"https:\/\/sterkontruimingen.nl\/fr\/wp-json\/wp\/v2\/pages\/647\/revisions\/4871"}],"wp:featuredmedia":[{"embeddable":true,"href":"https:\/\/sterkontruimingen.nl\/fr\/wp-json\/wp\/v2\/media\/4869"}],"wp:attachment":[{"href":"https:\/\/sterkontruimingen.nl\/fr\/wp-json\/wp\/v2\/media?parent=647"}],"wp:term":[{"taxonomy":"category","embeddable":true,"href":"https:\/\/sterkontruimingen.nl\/fr\/wp-json\/wp\/v2\/categories?post=647"},{"taxonomy":"post_tag","embeddable":true,"href":"https:\/\/sterkontruimingen.nl\/fr\/wp-json\/wp\/v2\/tags?post=647"}],"curies":[{"name":"wp","href":"https:\/\/api.w.org\/{rel}","templated":true}]}}