{"id":4389,"date":"2023-08-07T21:13:59","date_gmt":"2023-08-07T19:13:59","guid":{"rendered":"http:\/\/sterkontruimingen.nl\/?page_id=4389"},"modified":"2024-05-27T08:48:12","modified_gmt":"2024-05-27T06:48:12","slug":"degager-alblasserwaard-2","status":"publish","type":"page","link":"https:\/\/sterkontruimingen.nl\/fr\/ontruiming-poortugaal\/","title":{"rendered":"Nettoyage de maison \u00e0 Poortugaal"},"content":{"rendered":"<h2 class=\"wp-block-heading\">STERK Nettoyage de maisons \u00e0 Poortugaal<\/h2>\n\n\n\n<p>STERK Evictions Poortugaal ou Rhoon : ton partenaire fiable en mati\u00e8re d'expulsions Le d\u00e9blaiement des maisons est une t\u00e2che qui n'est souvent pas appr\u00e9ci\u00e9e \u00e0 sa juste valeur. D\u00e9barrasser une propri\u00e9t\u00e9 peut \u00eatre un processus qui prend du temps et qui est poignant. En particulier \u00e0 Poortugaal, o\u00f9 les propri\u00e9t\u00e9s locatives et les biens immobiliers sont tr\u00e8s demand\u00e9s, un d\u00e9barras de maison professionnel est crucial. Chez STERK Evictions Poortugaal, nous comprenons les subtilit\u00e9s des expulsions et offrons des services in\u00e9branlables pour t'aider \u00e0 vider ta propri\u00e9t\u00e9 de mani\u00e8re efficace et prudente.<\/p>\n\n\n\n<h2 class=\"wp-block-heading\">Expulsion de logements \u00e0 Poortugaal : pourquoi est-ce n\u00e9cessaire ?<\/h2>\n\n\n\n<p>Pourquoi dois-tu lib\u00e9rer un bien immobilier ? Il existe plusieurs situations dans lesquelles il est n\u00e9cessaire de lib\u00e9rer ta propri\u00e9t\u00e9. Par exemple, apr\u00e8s le d\u00e9c\u00e8s d'un proche, lorsque tu d\u00e9m\u00e9nages dans une maison de soins r\u00e9sidentiels ou lorsque tu quittes un bien locatif. Dans ces cas, il est essentiel de respecter les exigences du propri\u00e9taire et le contrat que tu as sign\u00e9.<\/p>\n\n\n\n<h2 class=\"wp-block-heading\">Les avantages de faire appel \u00e0 une entreprise d'expulsion professionnelle. <\/h2>\n\n\n\n<p>Faire appel \u00e0 une entreprise d'expulsion professionnelle comme STERK Evictions apporte de nombreux points positifs. Tout d'abord, cela t'offre la tranquillit\u00e9 d'esprit et te lib\u00e8re du stress li\u00e9 \u00e0 la lib\u00e9ration de ton logement. Nos professionnels inspir\u00e9s prendront l'enti\u00e8re responsabilit\u00e9 du processus de d\u00e9gagement, ce qui te permettra de te concentrer sur d'autres questions essentielles.<\/p>\n\n\n\n<p>Un autre atout est l'approche efficace que nous adoptons. Nos \u00e9quipes sont organis\u00e9es de fa\u00e7on experte et op\u00e8rent selon un calendrier serr\u00e9 pour garantir que tes locaux sont d\u00e9barrass\u00e9s rapidement et sans d\u00e9lai. Nous reconnaissons ton contenu et le traitons avec le plus grand soin et la plus grande attention.<\/p>\n\n\n\n<p>Outre la commodit\u00e9 et l'efficacit\u00e9 du recours \u00e0 des professionnels, cela peut aussi \u00eatre rentable. STERK Evictions peut proposer des solutions pr\u00e9cieuses, comme le rachat du contenu de ta maison, ce qui te permet d'\u00e9conomiser des finances sur l'expulsion.<\/p>\n\n\n\n<p>Demande un devis sans engagement Tu souhaites faire d\u00e9broussailler ta propri\u00e9t\u00e9 ou tu as des questions et tu souhaites obtenir plus d'informations ? N'h\u00e9site pas \u00e0 nous contacter. Tu peux le faire en remplissant notre formulaire de contact ou en appelant le 085 130 06 85. Tu peux aussi nous envoyer un e-mail \u00e0 : <a href=\"mailto:info@sterkontruimingen.nl\">info@sterkontruimingen.nl<\/a>. Nous r\u00e9pondrons ensuite \u00e0 ta demande dans les plus brefs d\u00e9lais.<\/p>\n\n\n\n<div class=\"wp-block-columns is-layout-flex wp-container-core-columns-is-layout-28f84493 wp-block-columns-is-layout-flex\">\n<div class=\"wp-block-column is-layout-flow wp-block-column-is-layout-flow\">\n<h3 class=\"wp-block-heading\">\u00c9VACUE LA SALLE DE SOINS<\/h3>\n\n\n\n<p>Tu cherches une partie qui peut d\u00e9barrasser ta chambre de garde ou la chambre de garde de ton ou tes parents \u00e0 Poortugaal, Rhoon ou Rotterdam Charlois. Alors contacte-nous pour un devis sans engagement.<\/p>\n\n\n\n<h3 class=\"wp-block-heading\">NETTOYAGE DU JARDIN OU DE LA REMISE<\/h3>\n\n\n\n<p>Parfois, tu ne vois plus la for\u00eat pour les arbres. C'est alors que l'aide d'un expert en rangement \u00e0 alblasserdam ou \u00e0 l'alblasserwaard s'av\u00e8re utile. Nous passons et, proverbialement parlant, nous ratissons tout ton jardin ou ta remise. En concertation, bien s\u00fbr, pour savoir ce que tu veux encore garder ou non.<\/p>\n<\/div>\n\n\n\n<div class=\"wp-block-column is-layout-flow wp-block-column-is-layout-flow\">\n<h3 class=\"wp-block-heading\">nettoyage des chambres de maison de retraite<\/h3>\n\n\n\n<p>STERK te d\u00e9charge de tous les soucis. Parce que nous travaillons pr\u00e8s d'alblasserdam et d'alblasserwaard. Nous pouvons te livrer ta chambre nettoy\u00e9e en un rien de temps pour un prix d\u00e9cent.<\/p>\n\n\n\n<h3 class=\"wp-block-heading\">NETTOYAGE APR\u00c8S LA MORT<\/h3>\n\n\n\n<p>Lorsqu'un proche d\u00e9c\u00e8de, la derni\u00e8re chose \u00e0 laquelle tu veux pr\u00eater attention est de lib\u00e9rer la maison ou l'appartement de ton proche. STERK s'engage \u00e0 d\u00e9barrasser la maison ou la chambre dans le respect des biens et du d\u00e9funt, le plus rapidement possible, voire en urgence. En outre, nous faisons don en ton nom des objets qui peuvent d\u00e9j\u00e0 \u00eatre vendus \u00e0 la fondation New Hope, qui s'emploie notamment \u00e0 lutter contre la solitude.<\/p>\n<\/div>\n<\/div>","protected":false},"excerpt":{"rendered":"<p>STERK Woningontruiming in Poortugaal STERK Ontruimingen Poortugaal of Rhoon: uw betrouwbare partner bij ontruimingen Huisontruiming is een taak die vaak niet op waarde wordt geschat. Het leeghalen van een woning kan een tijdrovend en aangrijpend uitdagend proces zijn. Vooral in Poortugaal, waar huurwoningen en vastgoed in veel vraag zijn, is een professionele woningontruiming cruciaal. Bij [&hellip;]<\/p>\n","protected":false},"author":1,"featured_media":0,"parent":0,"menu_order":9,"comment_status":"closed","ping_status":"closed","template":"","meta":{"inline_featured_image":false,"footnotes":""},"categories":[14],"tags":[],"class_list":["post-4389","page","type-page","status-publish","hentry","category-landingspaginas"],"blocksy_meta":{"styles_descriptor":{"styles":{"desktop":"","tablet":"","mobile":""},"google_fonts":[],"version":6}},"_links":{"self":[{"href":"https:\/\/sterkontruimingen.nl\/fr\/wp-json\/wp\/v2\/pages\/4389","targetHints":{"allow":["GET"]}}],"collection":[{"href":"https:\/\/sterkontruimingen.nl\/fr\/wp-json\/wp\/v2\/pages"}],"about":[{"href":"https:\/\/sterkontruimingen.nl\/fr\/wp-json\/wp\/v2\/types\/page"}],"author":[{"embeddable":true,"href":"https:\/\/sterkontruimingen.nl\/fr\/wp-json\/wp\/v2\/users\/1"}],"replies":[{"embeddable":true,"href":"https:\/\/sterkontruimingen.nl\/fr\/wp-json\/wp\/v2\/comments?post=4389"}],"version-history":[{"count":4,"href":"https:\/\/sterkontruimingen.nl\/fr\/wp-json\/wp\/v2\/pages\/4389\/revisions"}],"predecessor-version":[{"id":4402,"href":"https:\/\/sterkontruimingen.nl\/fr\/wp-json\/wp\/v2\/pages\/4389\/revisions\/4402"}],"wp:attachment":[{"href":"https:\/\/sterkontruimingen.nl\/fr\/wp-json\/wp\/v2\/media?parent=4389"}],"wp:term":[{"taxonomy":"category","embeddable":true,"href":"https:\/\/sterkontruimingen.nl\/fr\/wp-json\/wp\/v2\/categories?post=4389"},{"taxonomy":"post_tag","embeddable":true,"href":"https:\/\/sterkontruimingen.nl\/fr\/wp-json\/wp\/v2\/tags?post=4389"}],"curies":[{"name":"wp","href":"https:\/\/api.w.org\/{rel}","templated":true}]}}