{"id":335,"date":"2020-01-02T08:31:17","date_gmt":"2020-01-02T08:31:17","guid":{"rendered":"http:\/\/sterkontruimingen.nl\/?page_id=335"},"modified":"2020-04-18T17:52:14","modified_gmt":"2020-04-18T15:52:14","slug":"autorisations-durgence","status":"publish","type":"page","link":"https:\/\/sterkontruimingen.nl\/fr\/spoedontruimingen\/","title":{"rendered":"D\u00e9gagements d'urgence"},"content":{"rendered":"<div data-elementor-type=\"wp-page\" data-elementor-id=\"335\" class=\"elementor elementor-335\" data-elementor-post-type=\"page\">\n\t\t\t\t\t\t<section class=\"elementor-section elementor-top-section elementor-element elementor-element-2cc527d elementor-section-boxed elementor-section-height-default elementor-section-height-default\" data-id=\"2cc527d\" data-element_type=\"section\" data-e-type=\"section\">\n\t\t\t\t\t\t<div class=\"elementor-container elementor-column-gap-default\">\n\t\t\t\t\t<div class=\"elementor-column elementor-col-50 elementor-top-column elementor-element elementor-element-72877fe\" data-id=\"72877fe\" data-element_type=\"column\" data-e-type=\"column\">\n\t\t\t<div class=\"elementor-widget-wrap elementor-element-populated\">\n\t\t\t\t\t\t<div class=\"elementor-element elementor-element-05470eb elementor-widget elementor-widget-heading\" data-id=\"05470eb\" data-element_type=\"widget\" data-e-type=\"widget\" data-widget_type=\"heading.default\">\n\t\t\t\t<div class=\"elementor-widget-container\">\n\t\t\t\t\t<h1 class=\"elementor-heading-title elementor-size-default\">Autorisation de sortie en cas d'urgence<\/h1>\t\t\t\t<\/div>\n\t\t\t\t<\/div>\n\t\t\t\t<div class=\"elementor-element elementor-element-e61a5d2 elementor-widget elementor-widget-text-editor\" data-id=\"e61a5d2\" data-element_type=\"widget\" data-e-type=\"widget\" data-widget_type=\"text-editor.default\">\n\t\t\t\t<div class=\"elementor-widget-container\">\n\t\t\t\t\t\t\t\t\t<p>Dans certains cas de <a href=\"http:\/\/sterkontruimingen.nl\/fr\/ontruiming\/nettoyage-de-la-maison\/\">nettoyage de la maison<\/a> la propri\u00e9t\u00e9 doit \u00eatre vide dans les 24 \u00e0 48 heures. A <b>nettoyage urgent de la maison<\/b> n'est souvent pas possible pour un m\u00e9nage moyen. C'est l\u00e0 que STERK peut t'aider.<\/p>\t\t\t\t\t\t\t\t<\/div>\n\t\t\t\t<\/div>\n\t\t\t\t<div class=\"elementor-element elementor-element-3491a03 elementor-widget elementor-widget-text-editor\" data-id=\"3491a03\" data-element_type=\"widget\" data-e-type=\"widget\" data-widget_type=\"text-editor.default\">\n\t\t\t\t<div class=\"elementor-widget-container\">\n\t\t\t\t\t\t\t\t\t<p>Le d\u00e9blaiement d'urgence n\u00e9cessite une planification serr\u00e9e, des d\u00e9fis physiques et du mat\u00e9riel professionnel pour d\u00e9barrasser rapidement et pr\u00e9cis\u00e9ment ta maison ou ta salle de soins, avec la pr\u00e9cision et l'efficacit\u00e9 d'un d\u00e9blaiement de maison \"normal\".<\/p>\t\t\t\t\t\t\t\t<\/div>\n\t\t\t\t<\/div>\n\t\t\t\t<div class=\"elementor-element elementor-element-cf21846 elementor-widget elementor-widget-text-editor\" data-id=\"cf21846\" data-element_type=\"widget\" data-e-type=\"widget\" data-widget_type=\"text-editor.default\">\n\t\t\t\t<div class=\"elementor-widget-container\">\n\t\t\t\t\t\t\t\t\t<p>Chez STERK, nous sommes toujours pr\u00eats \u00e0 relever les plus grands d\u00e9fis, car on ne sait jamais ce que l'on va rencontrer. Dans tous les cas, nous avons fait tous les pr\u00e9paratifs pour garantir que ta maison puisse \u00eatre livr\u00e9e vide et rang\u00e9e \u00e0 temps.<\/p>\t\t\t\t\t\t\t\t<\/div>\n\t\t\t\t<\/div>\n\t\t\t\t<div class=\"elementor-element elementor-element-721bc72 elementor-widget elementor-widget-text-editor\" data-id=\"721bc72\" data-element_type=\"widget\" data-e-type=\"widget\" data-widget_type=\"text-editor.default\">\n\t\t\t\t<div class=\"elementor-widget-container\">\n\t\t\t\t\t\t\t\t\t<div class=\"homepage-content\">\n<p>Nous nous donnons beaucoup de mal pour voir si nous pouvons donner une seconde vie \u00e0 tes affaires. Nous les offrons au&nbsp;<a href=\"http:\/\/sterkontruimingen.nl\/fr\/a-propos-de-fort\/mvo\/\" target=\"_blank\">magasin d'occasion<\/a>&nbsp;avec lesquels nous coop\u00e9rons.<\/p>\n<\/div>\t\t\t\t\t\t\t\t<\/div>\n\t\t\t\t<\/div>\n\t\t\t\t<div class=\"elementor-element elementor-element-18b55d1 elementor-widget elementor-widget-button\" data-id=\"18b55d1\" data-element_type=\"widget\" data-e-type=\"widget\" data-widget_type=\"button.default\">\n\t\t\t\t<div class=\"elementor-widget-container\">\n\t\t\t\t\t\t\t\t\t<div class=\"elementor-button-wrapper\">\n\t\t\t\t\t<a class=\"elementor-button elementor-button-link elementor-size-md\" href=\"#elementor-action%3Aaction%3Dpopup%3Aopen%26settings%3DeyJpZCI6IjMyNSIsInRvZ2dsZSI6ZmFsc2V9\">\n\t\t\t\t\t\t<span class=\"elementor-button-content-wrapper\">\n\t\t\t\t\t\t\t\t\t<span class=\"elementor-button-text\">Prends un rendez-vous d'urgence<\/span>\n\t\t\t\t\t<\/span>\n\t\t\t\t\t<\/a>\n\t\t\t\t<\/div>\n\t\t\t\t\t\t\t\t<\/div>\n\t\t\t\t<\/div>\n\t\t\t\t\t<\/div>\n\t\t<\/div>\n\t\t\t\t<div class=\"elementor-column elementor-col-50 elementor-top-column elementor-element elementor-element-4fbc364\" data-id=\"4fbc364\" data-element_type=\"column\" data-e-type=\"column\">\n\t\t\t<div class=\"elementor-widget-wrap elementor-element-populated\">\n\t\t\t\t\t\t<div class=\"elementor-element elementor-element-c380e32 elementor-widget elementor-widget-image\" data-id=\"c380e32\" data-element_type=\"widget\" data-e-type=\"widget\" data-widget_type=\"image.default\">\n\t\t\t\t<div class=\"elementor-widget-container\">\n\t\t\t\t\t\t\t\t\t\t\t\t\t\t\t<img fetchpriority=\"high\" decoding=\"async\" width=\"1024\" height=\"1024\" src=\"https:\/\/sterkontruimingen.nl\/wp-content\/uploads\/2020\/01\/plaatje-spoedontruiming-1024x1024.png\" class=\"attachment-large size-large wp-image-393\" alt=\"image autorisation d&#039;urgence\" srcset=\"https:\/\/sterkontruimingen.nl\/wp-content\/uploads\/2020\/01\/plaatje-spoedontruiming-1024x1024.png 1024w, https:\/\/sterkontruimingen.nl\/wp-content\/uploads\/2020\/01\/plaatje-spoedontruiming-300x300.png 300w, https:\/\/sterkontruimingen.nl\/wp-content\/uploads\/2020\/01\/plaatje-spoedontruiming-150x150.png 150w, https:\/\/sterkontruimingen.nl\/wp-content\/uploads\/2020\/01\/plaatje-spoedontruiming-768x768.png 768w, https:\/\/sterkontruimingen.nl\/wp-content\/uploads\/2020\/01\/plaatje-spoedontruiming.png 1280w\" sizes=\"(max-width: 1024px) 100vw, 1024px\" \/>\t\t\t\t\t\t\t\t\t\t\t\t\t\t\t<\/div>\n\t\t\t\t<\/div>\n\t\t\t\t\t<\/div>\n\t\t<\/div>\n\t\t\t\t\t<\/div>\n\t\t<\/section>\n\t\t\t\t<\/div>","protected":false},"excerpt":{"rendered":"<p>Spoedontruiming In sommige gevallen van woningontruiming moet het pand binnen 24 &#8211; 48 uur leeg zijn. Een woningontruiming met spoed is vaak niet haalbaar voor een gemiddeld huishouden. Hier kan STERK bij helpen. Woningontruiming met spoed vergt een strakke planning, fysieke uitdagingen en professionele materialen om snel \u00e9n nauwkeurig je woning of zorgkamer te ontruimen, [&hellip;]<\/p>\n","protected":false},"author":1,"featured_media":0,"parent":0,"menu_order":17,"comment_status":"closed","ping_status":"closed","template":"","meta":{"inline_featured_image":false,"footnotes":""},"categories":[1],"tags":[],"class_list":["post-335","page","type-page","status-publish","hentry","category-website"],"blocksy_meta":{"styles_descriptor":{"styles":{"desktop":"","tablet":"","mobile":""},"google_fonts":[],"version":6}},"_links":{"self":[{"href":"https:\/\/sterkontruimingen.nl\/fr\/wp-json\/wp\/v2\/pages\/335","targetHints":{"allow":["GET"]}}],"collection":[{"href":"https:\/\/sterkontruimingen.nl\/fr\/wp-json\/wp\/v2\/pages"}],"about":[{"href":"https:\/\/sterkontruimingen.nl\/fr\/wp-json\/wp\/v2\/types\/page"}],"author":[{"embeddable":true,"href":"https:\/\/sterkontruimingen.nl\/fr\/wp-json\/wp\/v2\/users\/1"}],"replies":[{"embeddable":true,"href":"https:\/\/sterkontruimingen.nl\/fr\/wp-json\/wp\/v2\/comments?post=335"}],"version-history":[{"count":0,"href":"https:\/\/sterkontruimingen.nl\/fr\/wp-json\/wp\/v2\/pages\/335\/revisions"}],"wp:attachment":[{"href":"https:\/\/sterkontruimingen.nl\/fr\/wp-json\/wp\/v2\/media?parent=335"}],"wp:term":[{"taxonomy":"category","embeddable":true,"href":"https:\/\/sterkontruimingen.nl\/fr\/wp-json\/wp\/v2\/categories?post=335"},{"taxonomy":"post_tag","embeddable":true,"href":"https:\/\/sterkontruimingen.nl\/fr\/wp-json\/wp\/v2\/tags?post=335"}],"curies":[{"name":"wp","href":"https:\/\/api.w.org\/{rel}","templated":true}]}}