{"id":3274,"date":"2022-07-23T11:48:23","date_gmt":"2022-07-23T09:48:23","guid":{"rendered":"http:\/\/sterkontruimingen.nl\/?page_id=3274"},"modified":"2022-07-23T11:55:29","modified_gmt":"2022-07-23T09:55:29","slug":"comment-se-deroule-une-expulsion","status":"publish","type":"page","link":"https:\/\/sterkontruimingen.nl\/fr\/hoe-werkt-een-ontruiming\/","title":{"rendered":"Comment se d\u00e9roule une expulsion ?"},"content":{"rendered":"<div data-elementor-type=\"wp-page\" data-elementor-id=\"3274\" class=\"elementor elementor-3274\" data-elementor-post-type=\"page\">\n\t\t\t\t\t\t<section class=\"elementor-section elementor-top-section elementor-element elementor-element-83f518b elementor-section-height-min-height elementor-section-boxed elementor-section-height-default elementor-section-items-middle\" data-id=\"83f518b\" data-element_type=\"section\" data-e-type=\"section\" data-settings=\"{&quot;background_background&quot;:&quot;classic&quot;}\">\n\t\t\t\t\t\t\t<div class=\"elementor-background-overlay\"><\/div>\n\t\t\t\t\t\t\t<div class=\"elementor-container elementor-column-gap-default\">\n\t\t\t\t\t<div class=\"elementor-column elementor-col-100 elementor-top-column elementor-element elementor-element-a23876d\" data-id=\"a23876d\" data-element_type=\"column\" data-e-type=\"column\">\n\t\t\t<div class=\"elementor-widget-wrap elementor-element-populated\">\n\t\t\t\t\t\t<div class=\"elementor-element elementor-element-568c6fe elementor-widget elementor-widget-heading\" data-id=\"568c6fe\" data-element_type=\"widget\" data-e-type=\"widget\" data-widget_type=\"heading.default\">\n\t\t\t\t<div class=\"elementor-widget-container\">\n\t\t\t\t\t<h1 class=\"elementor-heading-title elementor-size-default\">Comment fonctionne un nettoyage de propri\u00e9t\u00e9 ?<\/h1>\t\t\t\t<\/div>\n\t\t\t\t<\/div>\n\t\t\t\t<div class=\"elementor-element elementor-element-5736226 elementor-widget elementor-widget-text-editor\" data-id=\"5736226\" data-element_type=\"widget\" data-e-type=\"widget\" data-widget_type=\"text-editor.default\">\n\t\t\t\t<div class=\"elementor-widget-container\">\n\t\t\t\t\t\t\t\t\t<p>Le nettoyage d'une maison peut \u00eatre un travail consid\u00e9rable. STERK a une grande exp\u00e9rience en mati\u00e8re de d\u00e9barras de maisons. Nous t'expliquons ci-dessous comment nous travaillons. Nous pouvons souvent terminer une expulsion dans les 48 heures.<\/p>\t\t\t\t\t\t\t\t<\/div>\n\t\t\t\t<\/div>\n\t\t\t\t\t<\/div>\n\t\t<\/div>\n\t\t\t\t\t<\/div>\n\t\t<\/section>\n\t\t\t\t<section class=\"elementor-section elementor-top-section elementor-element elementor-element-ea59f55 ct-section-stretched elementor-section-boxed elementor-section-height-default elementor-section-height-default\" data-id=\"ea59f55\" data-element_type=\"section\" data-e-type=\"section\">\n\t\t\t\t\t\t<div class=\"elementor-container elementor-column-gap-default\">\n\t\t\t\t\t<div class=\"elementor-column elementor-col-100 elementor-top-column elementor-element elementor-element-647b487\" data-id=\"647b487\" data-element_type=\"column\" data-e-type=\"column\">\n\t\t\t<div class=\"elementor-widget-wrap elementor-element-populated\">\n\t\t\t\t\t\t<section class=\"elementor-section elementor-inner-section elementor-element elementor-element-cef4608 elementor-section-full_width elementor-section-height-default elementor-section-height-default\" data-id=\"cef4608\" data-element_type=\"section\" data-e-type=\"section\">\n\t\t\t\t\t\t<div class=\"elementor-container elementor-column-gap-no\">\n\t\t\t\t\t<div class=\"elementor-column elementor-col-33 elementor-inner-column elementor-element elementor-element-4e3fbbc\" data-id=\"4e3fbbc\" data-element_type=\"column\" data-e-type=\"column\">\n\t\t\t<div class=\"elementor-widget-wrap elementor-element-populated\">\n\t\t\t\t\t\t<div class=\"elementor-element elementor-element-024c3f0 eael-infobox-content-align--center eael-infobox-icon-bg-shape-none eael-infobox-icon-hover-bg-shape-none elementor-widget elementor-widget-eael-info-box\" data-id=\"024c3f0\" data-element_type=\"widget\" data-e-type=\"widget\" data-widget_type=\"eael-info-box.default\">\n\t\t\t\t<div class=\"elementor-widget-container\">\n\t\t\t\t\t        <div class=\"eael-infobox icon-on-top\">\n\t            <div class=\"infobox-icon elementor-animation-rotate\">\n\n            \n            \n                            <div class=\"infobox-icon-wrap\">\n                    <span class=\"infobox-icon-number\">1<\/span>\n                <\/div>\n            \n        <\/div>\n            <div class=\"infobox-content\">\n                    <div class=\"infobox-title-section\">\n                <h2 class=\"title\">Rendez-vous et inventaire<\/h2>            <\/div>\n            <div><p>Lors du premier rendez-vous, nous faisons le point sur tes besoins et tes souhaits et nous prenons en compte la quantit\u00e9 de travail n\u00e9cessaire au d\u00e9blaiement de la propri\u00e9t\u00e9.<\/p><\/div>        <\/div>\n            <\/div>\n\n\t\t\t\t\t\t<\/div>\n\t\t\t\t<\/div>\n\t\t\t\t\t<\/div>\n\t\t<\/div>\n\t\t\t\t<div class=\"elementor-column elementor-col-33 elementor-inner-column elementor-element elementor-element-5a35fa2\" data-id=\"5a35fa2\" data-element_type=\"column\" data-e-type=\"column\">\n\t\t\t<div class=\"elementor-widget-wrap elementor-element-populated\">\n\t\t\t\t\t\t<div class=\"elementor-element elementor-element-751c2a5 eael-infobox-content-align--center eael-infobox-icon-bg-shape-none eael-infobox-icon-hover-bg-shape-none elementor-widget elementor-widget-eael-info-box\" data-id=\"751c2a5\" data-element_type=\"widget\" data-e-type=\"widget\" data-widget_type=\"eael-info-box.default\">\n\t\t\t\t<div class=\"elementor-widget-container\">\n\t\t\t\t\t        <div class=\"eael-infobox icon-on-top\">\n\t            <div class=\"infobox-icon elementor-animation-rotate\">\n\n            \n            \n                            <div class=\"infobox-icon-wrap\">\n                    <span class=\"infobox-icon-number\">2<\/span>\n                <\/div>\n            \n        <\/div>\n            <div class=\"infobox-content\">\n                    <div class=\"infobox-title-section\">\n                <h2 class=\"title\">Envoyer et signer le devis<\/h2>            <\/div>\n            <div><p>Nous te proposerons un devis comp\u00e9titif. Une fois que tu auras accept\u00e9 notre devis sans engagement, nous pourrons commencer.<\/p><\/div>        <\/div>\n            <\/div>\n\n\t\t\t\t\t\t<\/div>\n\t\t\t\t<\/div>\n\t\t\t\t\t<\/div>\n\t\t<\/div>\n\t\t\t\t<div class=\"elementor-column elementor-col-33 elementor-inner-column elementor-element elementor-element-494426c\" data-id=\"494426c\" data-element_type=\"column\" data-e-type=\"column\">\n\t\t\t<div class=\"elementor-widget-wrap elementor-element-populated\">\n\t\t\t\t\t\t<div class=\"elementor-element elementor-element-38b65e0 eael-infobox-content-align--center eael-infobox-icon-bg-shape-none eael-infobox-icon-hover-bg-shape-none elementor-widget elementor-widget-eael-info-box\" data-id=\"38b65e0\" data-element_type=\"widget\" data-e-type=\"widget\" data-widget_type=\"eael-info-box.default\">\n\t\t\t\t<div class=\"elementor-widget-container\">\n\t\t\t\t\t        <div class=\"eael-infobox icon-on-top\">\n\t            <div class=\"infobox-icon elementor-animation-rotate\">\n\n            \n            \n                            <div class=\"infobox-icon-wrap\">\n                    <span class=\"infobox-icon-number\">3<\/span>\n                <\/div>\n            \n        <\/div>\n            <div class=\"infobox-content\">\n                    <div class=\"infobox-title-section\">\n                <h2 class=\"title\">Tri de la succession<\/h2>            <\/div>\n            <div><p>Notre \u00e9quipe commence par trier tes affaires : quelle partie doit \u00eatre jet\u00e9e au parc environnemental (dans le respect de l'environnement, bien s\u00fbr) et quelle partie peut \u00eatre vendue et faire l'objet d'une \u0153uvre de charit\u00e9. Le stockage n'est pas oubli\u00e9 non plus.<\/p><\/div>        <\/div>\n            <\/div>\n\n\t\t\t\t\t\t<\/div>\n\t\t\t\t<\/div>\n\t\t\t\t\t<\/div>\n\t\t<\/div>\n\t\t\t\t\t<\/div>\n\t\t<\/section>\n\t\t\t\t<section class=\"elementor-section elementor-inner-section elementor-element elementor-element-00662ae elementor-section-boxed elementor-section-height-default elementor-section-height-default\" data-id=\"00662ae\" data-element_type=\"section\" data-e-type=\"section\">\n\t\t\t\t\t\t<div class=\"elementor-container elementor-column-gap-default\">\n\t\t\t\t\t<div class=\"elementor-column elementor-col-33 elementor-inner-column elementor-element elementor-element-b4e5ab1\" data-id=\"b4e5ab1\" data-element_type=\"column\" data-e-type=\"column\">\n\t\t\t<div class=\"elementor-widget-wrap elementor-element-populated\">\n\t\t\t\t\t\t<div class=\"elementor-element elementor-element-99f8e25 eael-infobox-content-align--center eael-infobox-icon-bg-shape-none eael-infobox-icon-hover-bg-shape-none elementor-widget elementor-widget-eael-info-box\" data-id=\"99f8e25\" data-element_type=\"widget\" data-e-type=\"widget\" data-widget_type=\"eael-info-box.default\">\n\t\t\t\t<div class=\"elementor-widget-container\">\n\t\t\t\t\t        <div class=\"eael-infobox icon-on-top\">\n\t            <div class=\"infobox-icon elementor-animation-rotate\">\n\n            \n            \n                            <div class=\"infobox-icon-wrap\">\n                    <span class=\"infobox-icon-number\">4<\/span>\n                <\/div>\n            \n        <\/div>\n            <div class=\"infobox-content\">\n                    <div class=\"infobox-title-section\">\n                <h2 class=\"title\">Enl\u00e8vement des mat\u00e9riaux<\/h2>            <\/div>\n            <div><p>En outre, le logement sera d\u00e9pouill\u00e9 de tout le mobilier imaginable, comme les tapis, les b\u00e2ches de cuisine, les lambris stratifi\u00e9s, en bois ou en plastique, les rideaux, les stores, etc.<\/p><\/div>        <\/div>\n            <\/div>\n\n\t\t\t\t\t\t<\/div>\n\t\t\t\t<\/div>\n\t\t\t\t\t<\/div>\n\t\t<\/div>\n\t\t\t\t<div class=\"elementor-column elementor-col-33 elementor-inner-column elementor-element elementor-element-9ffac36\" data-id=\"9ffac36\" data-element_type=\"column\" data-e-type=\"column\">\n\t\t\t<div class=\"elementor-widget-wrap elementor-element-populated\">\n\t\t\t\t\t\t<div class=\"elementor-element elementor-element-a71a194 eael-infobox-content-align--center eael-infobox-icon-bg-shape-none eael-infobox-icon-hover-bg-shape-none elementor-widget elementor-widget-eael-info-box\" data-id=\"a71a194\" data-element_type=\"widget\" data-e-type=\"widget\" data-widget_type=\"eael-info-box.default\">\n\t\t\t\t<div class=\"elementor-widget-container\">\n\t\t\t\t\t        <div class=\"eael-infobox icon-on-top\">\n\t            <div class=\"infobox-icon elementor-animation-rotate\">\n\n            \n            \n                            <div class=\"infobox-icon-wrap\">\n                    <span class=\"infobox-icon-number\">5<\/span>\n                <\/div>\n            \n        <\/div>\n            <div class=\"infobox-content\">\n                    <div class=\"infobox-title-section\">\n                <h2 class=\"title\">Finir<\/h2>            <\/div>\n            <div><p>Enfin, ton bien sera remis dans son \u00e9tat d'origine (si n\u00e9cessaire). Enfin, \u00e0 l'aide d'un balai souple, la propri\u00e9t\u00e9 est livr\u00e9e compl\u00e8tement nettoy\u00e9e au balai.<\/p><\/div>        <\/div>\n            <\/div>\n\n\t\t\t\t\t\t<\/div>\n\t\t\t\t<\/div>\n\t\t\t\t\t<\/div>\n\t\t<\/div>\n\t\t\t\t<div class=\"elementor-column elementor-col-33 elementor-inner-column elementor-element elementor-element-5706a40\" data-id=\"5706a40\" data-element_type=\"column\" data-e-type=\"column\">\n\t\t\t<div class=\"elementor-widget-wrap elementor-element-populated\">\n\t\t\t\t\t\t<div class=\"elementor-element elementor-element-59c481e eael-infobox-content-align--center eael-infobox-icon-bg-shape-none eael-infobox-icon-hover-bg-shape-none elementor-widget elementor-widget-eael-info-box\" data-id=\"59c481e\" data-element_type=\"widget\" data-e-type=\"widget\" data-widget_type=\"eael-info-box.default\">\n\t\t\t\t<div class=\"elementor-widget-container\">\n\t\t\t\t\t        <div class=\"eael-infobox icon-on-top\">\n\t            <div class=\"infobox-icon elementor-animation-rotate\">\n\n            \n            \n                            <div class=\"infobox-icon-wrap\">\n                    <span class=\"infobox-icon-number\">6<\/span>\n                <\/div>\n            \n        <\/div>\n            <div class=\"infobox-content\">\n                    <div class=\"infobox-title-section\">\n                <h2 class=\"title\">Inspection finale<\/h2>            <\/div>\n            <div><p>En tant que service suppl\u00e9mentaire, nous effectuons les relev\u00e9s de compteurs (si n\u00e9cessaire) et prenons rendez-vous avec l'association de logement pour l'inspection finale. Notre employ\u00e9 assistera personnellement \u00e0 l'inspection et t'enverra le rapport final.<\/p><\/div>        <\/div>\n            <\/div>\n\n\t\t\t\t\t\t<\/div>\n\t\t\t\t<\/div>\n\t\t\t\t\t<\/div>\n\t\t<\/div>\n\t\t\t\t\t<\/div>\n\t\t<\/section>\n\t\t\t\t<div class=\"elementor-element elementor-element-70d891c elementor-align-center elementor-widget elementor-widget-button\" data-id=\"70d891c\" data-element_type=\"widget\" data-e-type=\"widget\" data-widget_type=\"button.default\">\n\t\t\t\t<div class=\"elementor-widget-container\">\n\t\t\t\t\t\t\t\t\t<div class=\"elementor-button-wrapper\">\n\t\t\t\t\t<a class=\"elementor-button elementor-button-link elementor-size-lg\" href=\"http:\/\/sterkontruimingen.nl\/fr\/demande-un-devis\/\">\n\t\t\t\t\t\t<span class=\"elementor-button-content-wrapper\">\n\t\t\t\t\t\t\t\t\t<span class=\"elementor-button-text\">DEMANDE UN DEVIS GRATUIT ET SANS ENGAGEMENT<\/span>\n\t\t\t\t\t<\/span>\n\t\t\t\t\t<\/a>\n\t\t\t\t<\/div>\n\t\t\t\t\t\t\t\t<\/div>\n\t\t\t\t<\/div>\n\t\t\t\t\t<\/div>\n\t\t<\/div>\n\t\t\t\t\t<\/div>\n\t\t<\/section>\n\t\t\t\t<\/div>","protected":false},"excerpt":{"rendered":"<p>Hoe werkt een woning ontruimen? Een woningontruiming kan een hele klus zijn. STERK heeft ruime ervaring in het ontruimen van woningen. Wij hebben hieronder uiteengezet hoe wij te werk gaan. Vaak kunnen wij een ontruiming al binnen 48 uur realiseren. 1 Afspraak en inventariseren Bij de eerste afspraak inventariseren we uw eisen en wensen en [&hellip;]<\/p>\n","protected":false},"author":1,"featured_media":0,"parent":0,"menu_order":0,"comment_status":"closed","ping_status":"closed","template":"","meta":{"inline_featured_image":false,"footnotes":""},"categories":[1],"tags":[],"class_list":["post-3274","page","type-page","status-publish","hentry","category-website"],"blocksy_meta":{"styles_descriptor":{"styles":{"desktop":"","tablet":"","mobile":""},"google_fonts":[],"version":6}},"_links":{"self":[{"href":"https:\/\/sterkontruimingen.nl\/fr\/wp-json\/wp\/v2\/pages\/3274","targetHints":{"allow":["GET"]}}],"collection":[{"href":"https:\/\/sterkontruimingen.nl\/fr\/wp-json\/wp\/v2\/pages"}],"about":[{"href":"https:\/\/sterkontruimingen.nl\/fr\/wp-json\/wp\/v2\/types\/page"}],"author":[{"embeddable":true,"href":"https:\/\/sterkontruimingen.nl\/fr\/wp-json\/wp\/v2\/users\/1"}],"replies":[{"embeddable":true,"href":"https:\/\/sterkontruimingen.nl\/fr\/wp-json\/wp\/v2\/comments?post=3274"}],"version-history":[{"count":10,"href":"https:\/\/sterkontruimingen.nl\/fr\/wp-json\/wp\/v2\/pages\/3274\/revisions"}],"predecessor-version":[{"id":3284,"href":"https:\/\/sterkontruimingen.nl\/fr\/wp-json\/wp\/v2\/pages\/3274\/revisions\/3284"}],"wp:attachment":[{"href":"https:\/\/sterkontruimingen.nl\/fr\/wp-json\/wp\/v2\/media?parent=3274"}],"wp:term":[{"taxonomy":"category","embeddable":true,"href":"https:\/\/sterkontruimingen.nl\/fr\/wp-json\/wp\/v2\/categories?post=3274"},{"taxonomy":"post_tag","embeddable":true,"href":"https:\/\/sterkontruimingen.nl\/fr\/wp-json\/wp\/v2\/tags?post=3274"}],"curies":[{"name":"wp","href":"https:\/\/api.w.org\/{rel}","templated":true}]}}