{"id":3094,"date":"2022-06-26T10:55:58","date_gmt":"2022-06-26T08:55:58","guid":{"rendered":"http:\/\/sterkontruimingen.nl\/?page_id=3094"},"modified":"2024-05-27T07:17:15","modified_gmt":"2024-05-27T05:17:15","slug":"service-aux-expatries","status":"publish","type":"page","link":"https:\/\/sterkontruimingen.nl\/fr\/expats-service\/","title":{"rendered":"Service aux expatri\u00e9s"},"content":{"rendered":"<h2 class=\"wp-block-heading\">D\u00e9gagement de la maison expats<\/h2>\n\n\n\n<p>Un service sp\u00e9cial pour les expatri\u00e9s est fourni par STERK ontruimingen. Centralement situ\u00e9e dans la Randstad, entre les grandes villes de Dordrecht &amp; Rotterdam, cette entreprise d\u00e9barrasse les maisons, les appartements, les maisons sur le canal, les villas, les maisons de ville, les maisons unifamiliales pour les expatri\u00e9s.<\/p>\n\n\n\n<h2 class=\"wp-block-heading\">Emigrer en toute tranquillit\u00e9<\/h2>\n\n\n\n<p>Pour les expatri\u00e9s, le nettoyage signifie que les effets m\u00e9nagers restants sont enlev\u00e9s et \u00e9limin\u00e9s, et que la maison est remise propre conform\u00e9ment aux exigences du propri\u00e9taire ou de l'acheteur. Les expatri\u00e9s b\u00e9n\u00e9ficient \u00e9galement du service total que fournit STERK House Clearance, comme l'enl\u00e8vement des tapis, des rideaux et des voilages. Si tu le souhaites, STERK Evictions effectue \u00e9galement de petites r\u00e9parations pour les expatri\u00e9s, comme le rebouchage des trous dans les murs, l'enl\u00e8vement du stratifi\u00e9 ou du parquet, ou d'autres travaux de r\u00e9paration.<\/p>\n\n\n\n<blockquote class=\"wp-block-quote is-layout-flow wp-block-quote-is-layout-flow\"><p>Mon mari et moi devions d\u00e9m\u00e9nager \u00e0 Duba\u00ef dans un d\u00e9lai d'un mois. Quand on nous l'a annonc\u00e9, nous ne savions pas \u00e0 quel point nous devions d\u00e9sencombrer pendant le temps o\u00f9 nous vivions l\u00e0-bas. Nous avons appel\u00e9 strong et ils sont venus dans la journ\u00e9e. Dans la foul\u00e9e, ils nous ont donn\u00e9 une liste pratique de choses auxquelles il faut penser pour d\u00e9m\u00e9nager et trier nos affaires. Super pratique (je l'ai secr\u00e8tement emport\u00e9e avec moi pour quand nous devrons \u00e0 nouveau d\u00e9m\u00e9nager). Le devis \u00e9tait tr\u00e8s bien (il a finalement \u00e9t\u00e9 remis \u00e0 l'employeur). En 1 semaine ils sont venus avec une \u00e9quipe de 5 et ont tout charg\u00e9. En quelques heures, tout \u00e9tait parti et le jour m\u00eame, la maison \u00e9tait exactement comme elle \u00e9tait quand nous avons emm\u00e9nag\u00e9. \u00c0 notre grande surprise, ils avaient aussi laiss\u00e9 le balcon super bien rang\u00e9.<\/p><p><\/p><cite>Patricia Kleijne<\/cite><\/blockquote>","protected":false},"excerpt":{"rendered":"<p>House clearance expats Een speciale service voor expats wordt geleverd door STERK ontruimingen. Dit bedrijf, centraal gevestigd in de Randstad tussen de grote steden Dordrecht &amp; Rotterdam, ontruimt woningen, flats, appartementen, grachtenpanden, villa\u2019s, herenhuizen, eengezinswoningen voor expats. Emigreren zonder zorgen Bezemschoon\u00a0ontruimen betekent voor expats dat de overgebleven inboedel wordt opgeruimd en afgevoerd en de woning [&hellip;]<\/p>\n","protected":false},"author":1,"featured_media":3095,"parent":0,"menu_order":0,"comment_status":"closed","ping_status":"closed","template":"","meta":{"inline_featured_image":false,"footnotes":""},"categories":[14],"tags":[],"class_list":["post-3094","page","type-page","status-publish","has-post-thumbnail","hentry","category-landingspaginas"],"blocksy_meta":{"styles_descriptor":{"styles":{"desktop":"","tablet":"","mobile":""},"google_fonts":[],"version":6}},"_links":{"self":[{"href":"https:\/\/sterkontruimingen.nl\/fr\/wp-json\/wp\/v2\/pages\/3094","targetHints":{"allow":["GET"]}}],"collection":[{"href":"https:\/\/sterkontruimingen.nl\/fr\/wp-json\/wp\/v2\/pages"}],"about":[{"href":"https:\/\/sterkontruimingen.nl\/fr\/wp-json\/wp\/v2\/types\/page"}],"author":[{"embeddable":true,"href":"https:\/\/sterkontruimingen.nl\/fr\/wp-json\/wp\/v2\/users\/1"}],"replies":[{"embeddable":true,"href":"https:\/\/sterkontruimingen.nl\/fr\/wp-json\/wp\/v2\/comments?post=3094"}],"version-history":[{"count":1,"href":"https:\/\/sterkontruimingen.nl\/fr\/wp-json\/wp\/v2\/pages\/3094\/revisions"}],"predecessor-version":[{"id":3096,"href":"https:\/\/sterkontruimingen.nl\/fr\/wp-json\/wp\/v2\/pages\/3094\/revisions\/3096"}],"wp:featuredmedia":[{"embeddable":true,"href":"https:\/\/sterkontruimingen.nl\/fr\/wp-json\/wp\/v2\/media\/3095"}],"wp:attachment":[{"href":"https:\/\/sterkontruimingen.nl\/fr\/wp-json\/wp\/v2\/media?parent=3094"}],"wp:term":[{"taxonomy":"category","embeddable":true,"href":"https:\/\/sterkontruimingen.nl\/fr\/wp-json\/wp\/v2\/categories?post=3094"},{"taxonomy":"post_tag","embeddable":true,"href":"https:\/\/sterkontruimingen.nl\/fr\/wp-json\/wp\/v2\/tags?post=3094"}],"curies":[{"name":"wp","href":"https:\/\/api.w.org\/{rel}","templated":true}]}}