{"id":2461,"date":"2021-12-13T14:47:17","date_gmt":"2021-12-13T13:47:17","guid":{"rendered":"http:\/\/sterkontruimingen.nl\/?page_id=2461"},"modified":"2022-01-24T16:15:26","modified_gmt":"2022-01-24T15:15:26","slug":"humanitas","status":"publish","type":"page","link":"https:\/\/sterkontruimingen.nl\/fr\/humanitas\/","title":{"rendered":"Humanitas"},"content":{"rendered":"<h2 class=\"wp-block-heading\">STERK Evictions est partenaire de soins chez Humanitas<\/h2>\n\n\n\n<p>Apr\u00e8s le d\u00e9c\u00e8s d'un \u00eatre cher, les proches sont charg\u00e9s de finaliser la vie achev\u00e9e. Dans une p\u00e9riode difficile, il faut non seulement s'occuper des fun\u00e9railles, mais aussi de l'\u00e9vacuation de la chambre de soins dans un d\u00e9lai tr\u00e8s court. La gestion de cette situation est g\u00e9n\u00e9ralement une montagne russe \u00e9motionnelle ind\u00e9sirable (souvenirs accablants) avec des obstacles (manque de temps ou de transport) pour les familles en deuil. Sur demande, STERK evictions peut se charger de cette t\u00e2che.<\/p>\n\n\n\n<p>STERK evacuations est un partenaire de soins d'Humanitas et est sp\u00e9cialis\u00e9 dans l'\u00e9vacuation ad\u00e9quate des salles de soins. Si tu nous demandes d'\u00e9vacuer une chambre de soins, tu b\u00e9n\u00e9ficies des garanties suivantes :<\/p>\n\n\n\n<ul class=\"wp-block-list\"><li>Nous d\u00e9barrassons les salles de soins conform\u00e9ment aux exigences d'Humanitas.<\/li><li>Nous traitons les articles des salles de soins de mani\u00e8re respectueuse et durable.<\/li><li>Nous d\u00e9barrassons les salles de soins 7 jours sur 7 dans un d\u00e9lai de 48 heures.<\/li><li>Nous facturons un prix fixe de 247,50 \u20ac TTC pour le d\u00e9barrassage d'une salle de soins.<\/li><li>Nous livrons des articles \u00e0 partir de salles de soins (moyennant un suppl\u00e9ment) dans tous les Pays-Bas.<\/li><li>Don d'articles au Cercle de l'espoir<\/li><li>Le prix comprend l'enl\u00e8vement \u00e9ventuel \u00e0 la d\u00e9charge<\/li><\/ul>\n\n\n\n<p><\/p>","protected":false},"excerpt":{"rendered":"<p>STERK Ontruimingen is zorgpartner bij Humanitas Na het overlijden van een dierbare zijn de nabestaanden verantwoordelijk voor het afronden van het voltooide leven. Tijdens een moeilijke periode moet op korte termijn niet alleen de uitvaart, maar ook de ontruiming van de zorgkamer worden afgehandeld. Het afhandelen hiervan is voor nabestaanden meestal een ongewenste emotionele achtbaan [&hellip;]<\/p>\n","protected":false},"author":1,"featured_media":2466,"parent":0,"menu_order":0,"comment_status":"closed","ping_status":"closed","template":"","meta":{"inline_featured_image":false,"footnotes":""},"categories":[14],"tags":[],"class_list":["post-2461","page","type-page","status-publish","has-post-thumbnail","hentry","category-landingspaginas"],"blocksy_meta":{"styles_descriptor":{"styles":{"desktop":"","tablet":"","mobile":""},"google_fonts":[],"version":6}},"_links":{"self":[{"href":"https:\/\/sterkontruimingen.nl\/fr\/wp-json\/wp\/v2\/pages\/2461","targetHints":{"allow":["GET"]}}],"collection":[{"href":"https:\/\/sterkontruimingen.nl\/fr\/wp-json\/wp\/v2\/pages"}],"about":[{"href":"https:\/\/sterkontruimingen.nl\/fr\/wp-json\/wp\/v2\/types\/page"}],"author":[{"embeddable":true,"href":"https:\/\/sterkontruimingen.nl\/fr\/wp-json\/wp\/v2\/users\/1"}],"replies":[{"embeddable":true,"href":"https:\/\/sterkontruimingen.nl\/fr\/wp-json\/wp\/v2\/comments?post=2461"}],"version-history":[{"count":0,"href":"https:\/\/sterkontruimingen.nl\/fr\/wp-json\/wp\/v2\/pages\/2461\/revisions"}],"wp:featuredmedia":[{"embeddable":true,"href":"https:\/\/sterkontruimingen.nl\/fr\/wp-json\/wp\/v2\/media\/2466"}],"wp:attachment":[{"href":"https:\/\/sterkontruimingen.nl\/fr\/wp-json\/wp\/v2\/media?parent=2461"}],"wp:term":[{"taxonomy":"category","embeddable":true,"href":"https:\/\/sterkontruimingen.nl\/fr\/wp-json\/wp\/v2\/categories?post=2461"},{"taxonomy":"post_tag","embeddable":true,"href":"https:\/\/sterkontruimingen.nl\/fr\/wp-json\/wp\/v2\/tags?post=2461"}],"curies":[{"name":"wp","href":"https:\/\/api.w.org\/{rel}","templated":true}]}}