{"id":227,"date":"2019-12-24T11:44:28","date_gmt":"2019-12-24T11:44:28","guid":{"rendered":"http:\/\/sterkontruimingen.nl\/?page_id=227"},"modified":"2022-05-29T11:26:23","modified_gmt":"2022-05-29T09:26:23","slug":"reparations","status":"publish","type":"page","link":"https:\/\/sterkontruimingen.nl\/fr\/woningontruiming\/herstelwerkzaamheden\/","title":{"rendered":"R\u00e9parations"},"content":{"rendered":"<h2 class=\"wp-block-heading\">Des trous dans les murs \u00e0 la r\u00e9paration des d\u00e9fauts mineurs.<\/h2>\n\n\n\n<p>Nos services vont au-del\u00e0 du simple d\u00e9blaiement de ta maison, de ton appartement ou de tes locaux professionnels. C'est lors du d\u00e9blaiement que les d\u00e9fauts deviennent vraiment visibles. C'est pourquoi il est presque toujours n\u00e9cessaire d'effectuer des r\u00e9parations apr\u00e8s une expulsion.<\/p>\n\n\n\n<p>En tant que locataire, tu es souvent responsable des d\u00e9fauts et des ajustements effectu\u00e9s pendant ton s\u00e9jour. Tu dois alors remettre ton bien en conformit\u00e9 avec les exigences fix\u00e9es au pr\u00e9alable lors de ton emm\u00e9nagement. Parfois, tu dois remettre le bien dans son \u00e9tat d'origine. Dans le cas d'une maison \u00e0 vendre, des travaux de r\u00e9paration peuvent devoir \u00eatre effectu\u00e9s pour la rendre pr\u00eate \u00e0 la vente ou pour la livrer comme convenu avec le nouvel acheteur.<\/p>\n\n\n\n<p>Les travaux de r\u00e9paration doivent comprendre : <\/p>\n\n\n\n<ul class=\"wp-block-list\"><li>R\u00e9pare les trous dans les murs et les planchers<\/li><li>Enl\u00e8vement des tapis<\/li><li>Rev\u00eatement des murs et des plafonds<\/li><li>Enlever le papier peint<\/li><li>R\u00e9parer les d\u00e9fauts (mineurs)<\/li><li>Demandes sp\u00e9ciales de la part des vendeurs<\/li><\/ul>\n\n\n\n<p>Ceci n'est qu'une indication des possibilit\u00e9s. STERK t'aidera d\u00e8s le d\u00e9but avec des conseils d'experts et nous te livrerons ensuite ta maison enti\u00e8rement comme convenu. Tu es curieux de savoir ce que le d\u00e9blaiement STERK peut faire pour toi ? Alors contacte-nous !<\/p>","protected":false},"excerpt":{"rendered":"<p>Van gaten in de muren tot repareren van kleine gebreken Onze diensten gaan verder dan enkel het leegruimen van uw woning, appartement of bedrijfsruimte. Bij het ontruimen worden gebreken pas echt goed zichtbaar. Daarom is het na een ontruiming vrijwel altijd nodig herstelwerkzaamheden uit te voeren. Als huurder bent u vaak verantwoordelijk voor gebreken en [&hellip;]<\/p>\n","protected":false},"author":1,"featured_media":781,"parent":128,"menu_order":0,"comment_status":"closed","ping_status":"closed","template":"","meta":{"inline_featured_image":false,"footnotes":""},"categories":[14],"tags":[],"class_list":["post-227","page","type-page","status-publish","has-post-thumbnail","hentry","category-landingspaginas"],"blocksy_meta":{"styles_descriptor":{"styles":{"desktop":"","tablet":"","mobile":""},"google_fonts":[],"version":6}},"_links":{"self":[{"href":"https:\/\/sterkontruimingen.nl\/fr\/wp-json\/wp\/v2\/pages\/227","targetHints":{"allow":["GET"]}}],"collection":[{"href":"https:\/\/sterkontruimingen.nl\/fr\/wp-json\/wp\/v2\/pages"}],"about":[{"href":"https:\/\/sterkontruimingen.nl\/fr\/wp-json\/wp\/v2\/types\/page"}],"author":[{"embeddable":true,"href":"https:\/\/sterkontruimingen.nl\/fr\/wp-json\/wp\/v2\/users\/1"}],"replies":[{"embeddable":true,"href":"https:\/\/sterkontruimingen.nl\/fr\/wp-json\/wp\/v2\/comments?post=227"}],"version-history":[{"count":1,"href":"https:\/\/sterkontruimingen.nl\/fr\/wp-json\/wp\/v2\/pages\/227\/revisions"}],"predecessor-version":[{"id":2818,"href":"https:\/\/sterkontruimingen.nl\/fr\/wp-json\/wp\/v2\/pages\/227\/revisions\/2818"}],"up":[{"embeddable":true,"href":"https:\/\/sterkontruimingen.nl\/fr\/wp-json\/wp\/v2\/pages\/128"}],"wp:featuredmedia":[{"embeddable":true,"href":"https:\/\/sterkontruimingen.nl\/fr\/wp-json\/wp\/v2\/media\/781"}],"wp:attachment":[{"href":"https:\/\/sterkontruimingen.nl\/fr\/wp-json\/wp\/v2\/media?parent=227"}],"wp:term":[{"taxonomy":"category","embeddable":true,"href":"https:\/\/sterkontruimingen.nl\/fr\/wp-json\/wp\/v2\/categories?post=227"},{"taxonomy":"post_tag","embeddable":true,"href":"https:\/\/sterkontruimingen.nl\/fr\/wp-json\/wp\/v2\/tags?post=227"}],"curies":[{"name":"wp","href":"https:\/\/api.w.org\/{rel}","templated":true}]}}