{"id":2072,"date":"2021-05-08T09:40:31","date_gmt":"2021-05-08T07:40:31","guid":{"rendered":"http:\/\/sterkontruimingen.nl\/?page_id=2072"},"modified":"2021-08-08T13:12:36","modified_gmt":"2021-08-08T11:12:36","slug":"demenagement-hendrik-ido-ambacht","status":"publish","type":"page","link":"https:\/\/sterkontruimingen.nl\/fr\/woningontruiming-hendrik-ido-ambacht\/","title":{"rendered":"D\u00e9gagement de la maison Hendrik-Ido-Ambacht"},"content":{"rendered":"<h2 class=\"wp-block-heading\">D\u00e9gagement de la maison \u00e0 Hendrik-Ido-Ambacht<\/h2>\n\n\n\n<p>Hendrik-Ido-Ambacht est le port d'attache de STERK House Clearance. Depuis 2019, nous avons commenc\u00e9 ici \u00e0 aider les gens \u00e0 lib\u00e9rer, vider et d\u00e9pouiller les maisons, les appartements, les salles de soins, les greniers et les remises. C'est pourquoi c'est bien qu'il y ait des entreprises comme STERK o\u00f9 tu peux utiliser notre service de d\u00e9blaiement si tu en as besoin. Tu as un bien immobilier (maison, appartement, chambre de soins ou maison de soins) qui doit \u00eatre lib\u00e9r\u00e9 \u00e0 Ambacht ? Alors STERK peut t'aider ! STERK dispose d'une grande exp\u00e9rience en mati\u00e8re de d\u00e9barras de maisons \u00e0 Hendrik-Ido-Ambacht, y compris les chambres de soins, les chambres de maison de retraite, les appartements et les logements prot\u00e9g\u00e9s \u00e0 Hendrik-Ido-Ambacht et dans les environs. Nous livrons enti\u00e8rement selon les exigences et les souhaits du propri\u00e9taire, de l'association de logement, de l'agent immobilier ou de la maison de retraite.<\/p>\n\n\n\n<p>Au cours de la <strong>D\u00e9gagement de la maison \u00e0 Hendrik-Ido-Ambacht<\/strong> nous pouvons effectuer toutes sortes de travaux tels que retirer les tapis, le papier peint ou les vis et les clous. Nous r\u00e9parons \u00e9galement les trous dans les murs. Nous pouvons aussi d\u00e9m\u00e9nager des objets inutiles mais encore utilisables pour... <a href=\"http:\/\/sterkontruimingen.nl\/fr\/a-propos-de-fort\/\">bonnes causes<\/a> apporter pour la r\u00e9utilisation et nous \u00e9liminons toujours les d\u00e9chets d'une mani\u00e8re respectueuse de l'environnement. Ce qui est g\u00e9nial, c'est que nous sommes souvent \u00e0 l'\u0153uvre dans ta r\u00e9gion d'Ambacht, ce qui nous permet de nous mettre rapidement au travail. <\/p>\n\n\n\n<div class=\"wp-block-columns is-layout-flex wp-container-core-columns-is-layout-28f84493 wp-block-columns-is-layout-flex\">\n<div class=\"wp-block-column is-layout-flow wp-block-column-is-layout-flow\">\n<h3 class=\"wp-block-heading\">CHAMBRE DE SOINS \u00e0 Hendrik-Ido-Ambacht D\u00c9VELOPP\u00c9E<\/h3>\n\n\n\n<p>Tu cherches une personne pour d\u00e9barrasser ta chambre d'enfant ou celle de tes parents \u00e0 HENDRIK-IDO-AMBACHT et dans les environs. Alors contacte-nous pour un devis sans engagement.<\/p>\n\n\n\n<h3 class=\"wp-block-heading\">D\u00e9gagement du jardin ou de la remise \u00e0 HENDRIK-IDO-AMBACHT<\/h3>\n\n\n\n<p>Parfois, tu ne vois pas la for\u00eat pour les arbres. C'est alors que l'aide d'un expert en rangement \u00e0 Hendrik-Ido-Ambacht s'av\u00e8re utile. Nous passons et, proverbialement parlant, nous ratissons tout ton jardin ou ta remise. En consultation, bien s\u00fbr, pour savoir ce que tu veux encore garder ou non.<\/p>\n\n\n\n<h3 class=\"wp-block-heading\">L'AUTO-NETTOYAGE DANS HENDRIK-IDO-AMBACHT<\/h3>\n\n\n\n<p>Si tu souhaites te lancer dans le d\u00e9barras de ta maison \u00e0 Hendrik-Ido-Ambacht mais que tu ne sais pas par o\u00f9 commencer. Nous nous ferons un plaisir de t'aider en te donnant des astuces et des conseils. De plus, nous pourrons ensuite t'aider \u00e0 poursuivre le d\u00e9blaiement de ta maison \u00e0 Ambacht.<\/p>\n\n\n\n<h3 class=\"wp-block-heading\">Recherche de propri\u00e9t\u00e9s \u00e0 HENDRIK-IDO-AMBACHT<\/h3>\n\n\n\n<p>Tu souhaites que l'on s'occupe de ton d\u00e9barras de maison \u00e0 Hendrik-Ido-Ambacht ? Dans ce cas, tu es au bon endroit. Depuis notre succursale de STERK House Clearance Hendrik-Ido-Ambacht, nous pouvons facilement et rapidement t'aider \u00e0 d\u00e9barrasser ta maison dans les plus brefs d\u00e9lais.<\/p>\n<\/div>\n\n\n\n<div class=\"wp-block-column is-layout-flow wp-block-column-is-layout-flow\">\n<h3 class=\"wp-block-heading\">Nettoyer la chambre d'une maison de retraite dans HENDRIK-IDO-AMBACHT<\/h3>\n\n\n\n<p>STERK te d\u00e9charge de tous les soucis. Comme nous travaillons souvent \u00e0 Ambacht, nous pouvons tr\u00e8s rapidement <a href=\"http:\/\/sterkontruimingen.nl\/fr\/nettoyage-de-la-salle-de-soins\/\" class=\"rank-math-link\">ta chambre de maison de retraite ou de soins<\/a> livrent des produits nettoy\u00e9s \u00e0 un prix d\u00e9cent.<\/p>\n\n\n\n<h3 class=\"wp-block-heading\">Nettoyer une salle de soins dans HENDRIK-IDO-AMBACHT<\/h3>\n\n\n\n<p>STERK te d\u00e9charge de tous les soucis. Parce que nous travaillons pr\u00e8s de Hendrik-Ido-Ambacht. Nous pouvons te livrer ta chambre nettoy\u00e9e en un rien de temps pour un prix d\u00e9cent.<\/p>\n\n\n\n<h3 class=\"wp-block-heading\">D\u00e9gagement apr\u00e8s la mort dans hendrik-ido-ambacht<\/h3>\n\n\n\n<p>Lorsqu'un proche d\u00e9c\u00e8de, la derni\u00e8re chose \u00e0 laquelle tu veux pr\u00eater attention est de lib\u00e9rer ou de vider l'appartement de ton proche. STERK s'engage \u00e0 d\u00e9barrasser la maison ou la chambre dans le respect des biens et du d\u00e9funt, le plus rapidement possible, voire en urgence. En outre, nous faisons don en ton nom des objets qui peuvent d\u00e9j\u00e0 \u00eatre vendus \u00e0 la fondation New Hope, qui s'emploie notamment \u00e0 lutter contre la solitude.<\/p>\n<\/div>\n<\/div>","protected":false},"excerpt":{"rendered":"<p>Woning ontruiming in Hendrik-Ido-Ambacht Hendrik-Ido-Ambacht is de thuisbasis van STERK Woningontruiming. Sinds 2019 zijn we hier begonnen om mensen te helpen met het ontruimen, leeghalen en strippen van woningen, appartementen, zorgkamers, zolders en schuren. Daarom is het fijn dat er bedrijven zijn als STERK waar u, indien u het nodig heeft, gebruik kan maken van [&hellip;]<\/p>\n","protected":false},"author":1,"featured_media":2078,"parent":0,"menu_order":10,"comment_status":"closed","ping_status":"closed","template":"","meta":{"inline_featured_image":false,"footnotes":""},"categories":[14],"tags":[],"class_list":["post-2072","page","type-page","status-publish","has-post-thumbnail","hentry","category-landingspaginas"],"blocksy_meta":{"styles_descriptor":{"styles":{"desktop":"","tablet":"","mobile":""},"google_fonts":[],"version":6}},"_links":{"self":[{"href":"https:\/\/sterkontruimingen.nl\/fr\/wp-json\/wp\/v2\/pages\/2072","targetHints":{"allow":["GET"]}}],"collection":[{"href":"https:\/\/sterkontruimingen.nl\/fr\/wp-json\/wp\/v2\/pages"}],"about":[{"href":"https:\/\/sterkontruimingen.nl\/fr\/wp-json\/wp\/v2\/types\/page"}],"author":[{"embeddable":true,"href":"https:\/\/sterkontruimingen.nl\/fr\/wp-json\/wp\/v2\/users\/1"}],"replies":[{"embeddable":true,"href":"https:\/\/sterkontruimingen.nl\/fr\/wp-json\/wp\/v2\/comments?post=2072"}],"version-history":[{"count":0,"href":"https:\/\/sterkontruimingen.nl\/fr\/wp-json\/wp\/v2\/pages\/2072\/revisions"}],"wp:featuredmedia":[{"embeddable":true,"href":"https:\/\/sterkontruimingen.nl\/fr\/wp-json\/wp\/v2\/media\/2078"}],"wp:attachment":[{"href":"https:\/\/sterkontruimingen.nl\/fr\/wp-json\/wp\/v2\/media?parent=2072"}],"wp:term":[{"taxonomy":"category","embeddable":true,"href":"https:\/\/sterkontruimingen.nl\/fr\/wp-json\/wp\/v2\/categories?post=2072"},{"taxonomy":"post_tag","embeddable":true,"href":"https:\/\/sterkontruimingen.nl\/fr\/wp-json\/wp\/v2\/tags?post=2072"}],"curies":[{"name":"wp","href":"https:\/\/api.w.org\/{rel}","templated":true}]}}