{"id":2067,"date":"2021-05-08T09:35:14","date_gmt":"2021-05-08T07:35:14","guid":{"rendered":"http:\/\/sterkontruimingen.nl\/?page_id=2067"},"modified":"2021-05-08T09:35:17","modified_gmt":"2021-05-08T07:35:17","slug":"livrer-des-produits-prets-a-etre-vendus","status":"publish","type":"page","link":"https:\/\/sterkontruimingen.nl\/fr\/verkoop-klaar-opleveren\/","title":{"rendered":"Livrer des produits pr\u00eats \u00e0 \u00eatre vendus"},"content":{"rendered":"<h2 class=\"wp-block-heading\">Maison pr\u00eate \u00e0 \u00eatre vendue<\/h2>\n\n\n\n<p>Tu as vendu une maison et elle doit \u00eatre remise pr\u00eate \u00e0 la vente au prochain occupant ? STERK House Clearance peut t'aider \u00e0 le faire et \u00e0 livrer la maison pr\u00eate \u00e0 \u00eatre vendue. La remise d'une maison pr\u00eate \u00e0 \u00eatre vendue est un travail de sp\u00e9cialiste qui peut prendre beaucoup de temps. Il y a souvent divers objets laiss\u00e9s dans une maison qui doivent \u00eatre d\u00e9barrass\u00e9s. Il s'agit notamment de vieux meubles, de rideaux et de tringles \u00e0 rideaux. Il arrive aussi souvent que le nouvel occupant souhaite que les <a href=\"http:\/\/sterkontruimingen.nl\/fr\/enlevement-du-sol\/\" class=\"rank-math-link\">vieux plancher<\/a> voit \u00e0 retirer ou \u00e0 enlever la moquette des marches.<\/p>\n\n\n\n<p>Un d\u00e9barras de maison implique souvent plus que ce que l'on pensait au d\u00e9part. Les exigences de la partie acheteuse peuvent prendre pas mal de temps. STERK Evacuations est heureux de pouvoir te rendre service. Gr\u00e2ce \u00e0 notre grande exp\u00e9rience dans la planification et la r\u00e9alisation de d\u00e9blaiements de maisons, tu peux nous faire confiance.<\/p>\n\n\n\n<h2 class=\"wp-block-heading\">Comment proc\u00e9der ?<\/h2>\n\n\n\n<p>Comme toujours, la rapidit\u00e9 et la pr\u00e9cision sont les raisons pour lesquelles les gens choisissent STERK House Clearances. D\u00e8s que tu appelles STERK, nous te rendons visite le plus rapidement possible. Tu recevras alors une offre et, si tu es d'accord, nous \u00e9tablirons un calendrier pr\u00e9cis pour la pr\u00e9paration de la maison \u00e0 la vente. D\u00e8s lors, tu conna\u00eetras la date exacte \u00e0 laquelle la maison sera pr\u00eate \u00e0 \u00eatre vendue. Tu n'as plus \u00e0 te pr\u00e9occuper de quoi que ce soit. Nous nous occupons de tout pour toi. \u00a0<\/p>\n\n\n\n<p>En cas d'accord, nous proc\u00e9derons avec une petite \u00e9quipe, de mani\u00e8re efficace dans toute la maison. <\/p>","protected":false},"excerpt":{"rendered":"<p>Woning verkoop klaar opleveren Heeft u een woning verkocht en moet deze verkoop-klaar worden opgeleverd voor de volgende bewoner? STERK Woningontruiming kan u hiermee van dienst zijn en voor u de woning verkoop-klaar opleveren. Het verkoop-klaar oftewel bezemschoon opleveren van een woning is specialistisch werk wat vaak behoorlijk tijdrovend kan zijn. Vaak blijven er in [&hellip;]<\/p>\n","protected":false},"author":1,"featured_media":0,"parent":0,"menu_order":0,"comment_status":"closed","ping_status":"closed","template":"","meta":{"inline_featured_image":false,"footnotes":""},"categories":[],"tags":[],"class_list":["post-2067","page","type-page","status-publish","hentry"],"blocksy_meta":{"styles_descriptor":{"styles":{"desktop":"","tablet":"","mobile":""},"google_fonts":[],"version":6}},"_links":{"self":[{"href":"https:\/\/sterkontruimingen.nl\/fr\/wp-json\/wp\/v2\/pages\/2067","targetHints":{"allow":["GET"]}}],"collection":[{"href":"https:\/\/sterkontruimingen.nl\/fr\/wp-json\/wp\/v2\/pages"}],"about":[{"href":"https:\/\/sterkontruimingen.nl\/fr\/wp-json\/wp\/v2\/types\/page"}],"author":[{"embeddable":true,"href":"https:\/\/sterkontruimingen.nl\/fr\/wp-json\/wp\/v2\/users\/1"}],"replies":[{"embeddable":true,"href":"https:\/\/sterkontruimingen.nl\/fr\/wp-json\/wp\/v2\/comments?post=2067"}],"version-history":[{"count":0,"href":"https:\/\/sterkontruimingen.nl\/fr\/wp-json\/wp\/v2\/pages\/2067\/revisions"}],"wp:attachment":[{"href":"https:\/\/sterkontruimingen.nl\/fr\/wp-json\/wp\/v2\/media?parent=2067"}],"wp:term":[{"taxonomy":"category","embeddable":true,"href":"https:\/\/sterkontruimingen.nl\/fr\/wp-json\/wp\/v2\/categories?post=2067"},{"taxonomy":"post_tag","embeddable":true,"href":"https:\/\/sterkontruimingen.nl\/fr\/wp-json\/wp\/v2\/tags?post=2067"}],"curies":[{"name":"wp","href":"https:\/\/api.w.org\/{rel}","templated":true}]}}