{"id":1909,"date":"2021-03-14T12:00:25","date_gmt":"2021-03-14T11:00:25","guid":{"rendered":"http:\/\/sterkontruimingen.nl\/?page_id=1909"},"modified":"2024-05-27T08:07:21","modified_gmt":"2024-05-27T06:07:21","slug":"stockage-temporaire","status":"publish","type":"page","link":"https:\/\/sterkontruimingen.nl\/fr\/tijdelijkeopslag\/","title":{"rendered":"Stockage temporaire"},"content":{"rendered":"<h2 class=\"wp-block-heading\">STERK offre un service de stockage temporaire \u00e0 ses clients.<\/h2>\n\n\n\n<p>Depuis peu, STERK propose un nouveau service de d\u00e9barras de maison, \u00e0 savoir le stockage temporaire. Les expulsions se produisent souvent pour des raisons tr\u00e8s diverses. Il arrive parfois que le client ne puisse pas encore se s\u00e9parer de certaines de ses affaires. STERK propose un entreposage temporaire pour que tu puisses r\u00e9fl\u00e9chir \u00e0 ce que tu veux faire de tes biens. En outre, nous livrons la maison \u00e0 d\u00e9barrasser conform\u00e9ment aux exigences de livraison.<\/p>\n\n\n\n<p>De cette fa\u00e7on, STERK d\u00e9charge un peu plus ses clients. STERK s'efforce de d\u00e9charger chaque fois un peu plus ses clients et d'offrir un service complet auquel d'autres n'ont pas encore pens\u00e9. Par exemple, que penses-tu de notre service de pr\u00eat de cartons de d\u00e9m\u00e9nagement lorsque tu as une commande. Ou des r\u00e9ductions importantes si tu veux acheter les cartons.<\/p>\n\n\n\n<p>Tu veux conna\u00eetre le co\u00fbt de l'entreposage temporaire ? <a href=\"http:\/\/sterkontruimingen.nl\/fr\/contact\/\" class=\"rank-math-link\">Alors contacte-nous.<\/a> Alors nous pouvons te r\u00e9pondre tr\u00e8s facilement en quelques questions. Sais-tu que nous retournons aussi les articles quand tu le souhaites ?<\/p>","protected":false},"excerpt":{"rendered":"<p>STERK biedt tijdelijke opslag voor zijn klanten. Sinds kort biedt STERK een nieuwe dienst aan bij het ontruimen van woningen, namelijk tijdelijke opslag. Een ontruiming gebeurt vaak om zeer uiteenlopende redenen. Daarbij is het weleens het geval dat de opdrachtgever van sommige spullen nog geen afstand kan doen. Hierbij biedt STERK tijdelijke opslag zodat nog [&hellip;]<\/p>\n","protected":false},"author":1,"featured_media":1915,"parent":0,"menu_order":0,"comment_status":"closed","ping_status":"closed","template":"","meta":{"inline_featured_image":false,"footnotes":""},"categories":[14],"tags":[],"class_list":["post-1909","page","type-page","status-publish","has-post-thumbnail","hentry","category-landingspaginas"],"blocksy_meta":{"styles_descriptor":{"styles":{"desktop":"","tablet":"","mobile":""},"google_fonts":[],"version":6}},"_links":{"self":[{"href":"https:\/\/sterkontruimingen.nl\/fr\/wp-json\/wp\/v2\/pages\/1909","targetHints":{"allow":["GET"]}}],"collection":[{"href":"https:\/\/sterkontruimingen.nl\/fr\/wp-json\/wp\/v2\/pages"}],"about":[{"href":"https:\/\/sterkontruimingen.nl\/fr\/wp-json\/wp\/v2\/types\/page"}],"author":[{"embeddable":true,"href":"https:\/\/sterkontruimingen.nl\/fr\/wp-json\/wp\/v2\/users\/1"}],"replies":[{"embeddable":true,"href":"https:\/\/sterkontruimingen.nl\/fr\/wp-json\/wp\/v2\/comments?post=1909"}],"version-history":[{"count":1,"href":"https:\/\/sterkontruimingen.nl\/fr\/wp-json\/wp\/v2\/pages\/1909\/revisions"}],"predecessor-version":[{"id":4790,"href":"https:\/\/sterkontruimingen.nl\/fr\/wp-json\/wp\/v2\/pages\/1909\/revisions\/4790"}],"wp:featuredmedia":[{"embeddable":true,"href":"https:\/\/sterkontruimingen.nl\/fr\/wp-json\/wp\/v2\/media\/1915"}],"wp:attachment":[{"href":"https:\/\/sterkontruimingen.nl\/fr\/wp-json\/wp\/v2\/media?parent=1909"}],"wp:term":[{"taxonomy":"category","embeddable":true,"href":"https:\/\/sterkontruimingen.nl\/fr\/wp-json\/wp\/v2\/categories?post=1909"},{"taxonomy":"post_tag","embeddable":true,"href":"https:\/\/sterkontruimingen.nl\/fr\/wp-json\/wp\/v2\/tags?post=1909"}],"curies":[{"name":"wp","href":"https:\/\/api.w.org\/{rel}","templated":true}]}}