{"id":1830,"date":"2021-03-10T13:13:43","date_gmt":"2021-03-10T12:13:43","guid":{"rendered":"http:\/\/sterkontruimingen.nl\/?page_id=1830"},"modified":"2024-05-27T07:33:22","modified_gmt":"2024-05-27T05:33:22","slug":"centre-de-soins-de-relocalisation-interne","status":"publish","type":"page","link":"https:\/\/sterkontruimingen.nl\/fr\/interne-verhuizing-zorginstelling\/","title":{"rendered":"Centre de soins de relocalisation interne"},"content":{"rendered":"<p>STERK aide les particuliers et les organisations \u00e0 d\u00e9m\u00e9nager en toute s\u00e9curit\u00e9 des effets personnels dans un \u00e9tablissement de soins ou une maison de retraite. Notre vaste exp\u00e9rience dans le domaine des d\u00e9m\u00e9nagements \u00e0 petite \u00e9chelle nous permet d'accorder un peu plus d'attention au d\u00e9m\u00e9nagement. Cela inclut la mise en miroir des appartements afin de pr\u00e9venir le stress ou les effets psychologiques n\u00e9fastes pour les personnes \u00e2g\u00e9es souffrant de d\u00e9mence. C'est ce que nous appelons un <a href=\"http:\/\/sterkontruimingen.nl\/fr\/se-deplacer-avec-la-demence\/\" class=\"rank-math-link\">d\u00e9m\u00e9nagement pour d\u00e9mence<\/a>.<\/p>\n\n\n\n<p>Avec nous, tu peux t'attendre \u00e0 ce que nous ayons d\u00e9m\u00e9nag\u00e9 ton appartement ou ta chambre de soins dans la journ\u00e9e. Que ce soit 2 portes plus bas ou plusieurs \u00e9tages plus haut ou plus bas. <\/p>\n\n\n\n<p>Pour les personnes \u00e2g\u00e9es ou les personnes handicap\u00e9es, un d\u00e9m\u00e9nagement est souvent tr\u00e8s stressant. Nous mettons tout en \u0153uvre pour effectuer ce processus avec le plus de soin, de calme et d'attention possible afin que le stress soit minimal, avant, pendant et apr\u00e8s le d\u00e9m\u00e9nagement.<\/p>\n\n\n\n<h2 class=\"wp-block-heading\">Avantages de la prise en charge d'un d\u00e9m\u00e9nagement interne :<\/h2>\n\n\n\n<ul class=\"wp-block-list\"><li>Pas d'effets psychologiques ind\u00e9sirables<\/li><li>Vivre famili\u00e8rement comme si rien n'avait chang\u00e9 dans la maison.<\/li><li>Copie exacte de la maison ou de la pi\u00e8ce<\/li><li>Les peintures, les armoires et l'am\u00e9nagement de la m\u00eame mani\u00e8re que dans l'ancienne maison.<\/li><li>On se sent imm\u00e9diatement chez soi<\/li><li>Il se peut que tu doives v\u00e9rifier deux fois si tu as bien boug\u00e9<\/li><\/ul>","protected":false},"excerpt":{"rendered":"<p>STERK ondersteund particulieren en organisaties bij het veilig verhuizen van spullen in een zorginstelling of verzorgingstehuis. Door onze ruime ervaring op het gebied van kleinschalige verhuizing kunnen wij net de extra aandacht geven aan de verhuizing. Denk hierbij aan het spiegelen van appartementen om voor dementerende ouderen stress of nadelige psychische effecten te voorkomen. Wij [&hellip;]<\/p>\n","protected":false},"author":1,"featured_media":1058,"parent":0,"menu_order":0,"comment_status":"closed","ping_status":"closed","template":"","meta":{"inline_featured_image":false,"footnotes":""},"categories":[14],"tags":[],"class_list":["post-1830","page","type-page","status-publish","has-post-thumbnail","hentry","category-landingspaginas"],"blocksy_meta":{"styles_descriptor":{"styles":{"desktop":"","tablet":"","mobile":""},"google_fonts":[],"version":6}},"_links":{"self":[{"href":"https:\/\/sterkontruimingen.nl\/fr\/wp-json\/wp\/v2\/pages\/1830","targetHints":{"allow":["GET"]}}],"collection":[{"href":"https:\/\/sterkontruimingen.nl\/fr\/wp-json\/wp\/v2\/pages"}],"about":[{"href":"https:\/\/sterkontruimingen.nl\/fr\/wp-json\/wp\/v2\/types\/page"}],"author":[{"embeddable":true,"href":"https:\/\/sterkontruimingen.nl\/fr\/wp-json\/wp\/v2\/users\/1"}],"replies":[{"embeddable":true,"href":"https:\/\/sterkontruimingen.nl\/fr\/wp-json\/wp\/v2\/comments?post=1830"}],"version-history":[{"count":1,"href":"https:\/\/sterkontruimingen.nl\/fr\/wp-json\/wp\/v2\/pages\/1830\/revisions"}],"predecessor-version":[{"id":2815,"href":"https:\/\/sterkontruimingen.nl\/fr\/wp-json\/wp\/v2\/pages\/1830\/revisions\/2815"}],"wp:featuredmedia":[{"embeddable":true,"href":"https:\/\/sterkontruimingen.nl\/fr\/wp-json\/wp\/v2\/media\/1058"}],"wp:attachment":[{"href":"https:\/\/sterkontruimingen.nl\/fr\/wp-json\/wp\/v2\/media?parent=1830"}],"wp:term":[{"taxonomy":"category","embeddable":true,"href":"https:\/\/sterkontruimingen.nl\/fr\/wp-json\/wp\/v2\/categories?post=1830"},{"taxonomy":"post_tag","embeddable":true,"href":"https:\/\/sterkontruimingen.nl\/fr\/wp-json\/wp\/v2\/tags?post=1830"}],"curies":[{"name":"wp","href":"https:\/\/api.w.org\/{rel}","templated":true}]}}