{"id":1826,"date":"2021-03-10T13:05:53","date_gmt":"2021-03-10T12:05:53","guid":{"rendered":"http:\/\/sterkontruimingen.nl\/?page_id=1826"},"modified":"2022-05-29T11:26:39","modified_gmt":"2022-05-29T09:26:39","slug":"se-deplacer-avec-la-demence","status":"publish","type":"page","link":"https:\/\/sterkontruimingen.nl\/fr\/verhuizen-met-dementie\/","title":{"rendered":"Se d\u00e9placer avec la d\u00e9mence"},"content":{"rendered":"<h2 class=\"wp-block-heading\">STERK fait bouger les personnes atteintes de d\u00e9mence<\/h2>\n\n\n\n<p><strong>D\u00e9m\u00e9nager avec la d\u00e9mence ?<\/strong> Lors d'un changement important comme un d\u00e9m\u00e9nagement, se sentir familier et en s\u00e9curit\u00e9 est incroyablement important pour les personnes \u00e2g\u00e9es atteintes de d\u00e9mence. Nous copions la nouvelle maison exactement comme l'ancienne, ce qui signifie souvent que les gens ne remarquent m\u00eame pas qu'ils ont d\u00e9m\u00e9nag\u00e9. Nous mettons tous les meubles dans le m\u00eame ordre et les proportions, nous accrochons m\u00eame les tableaux et les cadres.<\/p>\n\n\n\n<blockquote class=\"wp-block-quote is-layout-flow wp-block-quote-is-layout-flow\"><p>Le fait de calquer la nouvelle pi\u00e8ce sur l'ancienne est s\u00fbr et familier pour les personnes atteintes de d\u00e9mence. Tout est plac\u00e9 et accroch\u00e9 exactement au m\u00eame endroit. Par cons\u00e9quent, elles ne se rendent souvent pas compte qu'elles ont d\u00e9m\u00e9nag\u00e9.<\/p><\/blockquote>\n\n\n\n<p>STERK est heureux de t'aider \u00e0 rendre le d\u00e9m\u00e9nagement le moins stressant possible. Les personnes atteintes d'une forme de d\u00e9mence, quelle qu'elle soit, ont d\u00e9j\u00e0 du mal \u00e0 supporter les changements. <\/p>\n\n\n\n<h2 class=\"wp-block-heading\">Pourquoi bouger avec la d\u00e9mence :<\/h2>\n\n\n\n<ul class=\"wp-block-list\"><li>Pas d'effets psychologiques ind\u00e9sirables<\/li><li>Vivre famili\u00e8rement comme si rien n'avait chang\u00e9 dans la maison.<\/li><li>Copie exacte de la maison ou de la pi\u00e8ce<\/li><li>Armoires peintes et am\u00e9nagement de la m\u00eame fa\u00e7on que dans l'ancienne maison.<\/li><li>On se sent imm\u00e9diatement chez soi<\/li><li>Souvent, les gens ne se rendent m\u00eame pas compte qu'ils ont d\u00e9m\u00e9nag\u00e9.<\/li><\/ul>","protected":false},"excerpt":{"rendered":"<p>STERK verhuisd mensen met dementie Verhuizen met dementie? Tijdens een grote verandering als een verhuizing is een vertrouwd en veilig gevoel voor dementerende senioren ontzettend belangrijk. We kopi\u00ebren de nieuwe woning exact als de oude, waardoor men vaak niet eens merkt dat hij of zij is verhuisd. We zetten alle meubels in de zelfde volgorde [&hellip;]<\/p>\n","protected":false},"author":1,"featured_media":1839,"parent":0,"menu_order":0,"comment_status":"closed","ping_status":"closed","template":"","meta":{"inline_featured_image":false,"footnotes":""},"categories":[14],"tags":[],"class_list":["post-1826","page","type-page","status-publish","has-post-thumbnail","hentry","category-landingspaginas"],"blocksy_meta":{"styles_descriptor":{"styles":{"desktop":"","tablet":"","mobile":""},"google_fonts":[],"version":6}},"_links":{"self":[{"href":"https:\/\/sterkontruimingen.nl\/fr\/wp-json\/wp\/v2\/pages\/1826","targetHints":{"allow":["GET"]}}],"collection":[{"href":"https:\/\/sterkontruimingen.nl\/fr\/wp-json\/wp\/v2\/pages"}],"about":[{"href":"https:\/\/sterkontruimingen.nl\/fr\/wp-json\/wp\/v2\/types\/page"}],"author":[{"embeddable":true,"href":"https:\/\/sterkontruimingen.nl\/fr\/wp-json\/wp\/v2\/users\/1"}],"replies":[{"embeddable":true,"href":"https:\/\/sterkontruimingen.nl\/fr\/wp-json\/wp\/v2\/comments?post=1826"}],"version-history":[{"count":2,"href":"https:\/\/sterkontruimingen.nl\/fr\/wp-json\/wp\/v2\/pages\/1826\/revisions"}],"predecessor-version":[{"id":2831,"href":"https:\/\/sterkontruimingen.nl\/fr\/wp-json\/wp\/v2\/pages\/1826\/revisions\/2831"}],"wp:featuredmedia":[{"embeddable":true,"href":"https:\/\/sterkontruimingen.nl\/fr\/wp-json\/wp\/v2\/media\/1839"}],"wp:attachment":[{"href":"https:\/\/sterkontruimingen.nl\/fr\/wp-json\/wp\/v2\/media?parent=1826"}],"wp:term":[{"taxonomy":"category","embeddable":true,"href":"https:\/\/sterkontruimingen.nl\/fr\/wp-json\/wp\/v2\/categories?post=1826"},{"taxonomy":"post_tag","embeddable":true,"href":"https:\/\/sterkontruimingen.nl\/fr\/wp-json\/wp\/v2\/tags?post=1826"}],"curies":[{"name":"wp","href":"https:\/\/api.w.org\/{rel}","templated":true}]}}