{"id":1825,"date":"2021-03-10T13:06:00","date_gmt":"2021-03-10T12:06:00","guid":{"rendered":"http:\/\/sterkontruimingen.nl\/?page_id=1825"},"modified":"2024-05-27T08:06:20","modified_gmt":"2024-05-27T06:06:20","slug":"relocation-des-seniors","status":"publish","type":"page","link":"https:\/\/sterkontruimingen.nl\/fr\/seniorenverhuizing\/","title":{"rendered":"Relocalisation des seniors"},"content":{"rendered":"<h2 class=\"wp-block-heading\">D\u00e9m\u00e9nageur senior recherch\u00e9 ?<\/h2>\n\n\n\n<p>STERK Evictions s'occupe \u00e9galement des d\u00e9m\u00e9nagements et des expulsions \u00e0 petite \u00e9chelle pour les personnes qui d\u00e9m\u00e9nagent dans des appartements plus petits, comme les r\u00e9sidences assist\u00e9es ou les maisons de retraite. <\/p>\n\n\n\n<p>Planifies-tu un d\u00e9m\u00e9nagement de personnes \u00e2g\u00e9es ? Le d\u00e9m\u00e9nagement des personnes \u00e2g\u00e9es est souvent un travail intensif qui demande de l'attention et de la gestion. STERK est heureux de t'aider \u00e0 d\u00e9m\u00e9nager ton p\u00e8re, ta m\u00e8re, ton grand-p\u00e8re ou ta grand-m\u00e8re. Pour ce faire, nous faisons en sorte que le d\u00e9m\u00e9nagement de personnes \u00e2g\u00e9es soit le moins stressant possible. Faire en sorte qu'un d\u00e9m\u00e9nagement de personnes \u00e2g\u00e9es se d\u00e9roule sans probl\u00e8me demande une attention suppl\u00e9mentaire de notre part en tant que d\u00e9m\u00e9nageurs. <em>Apr\u00e8s tout, pour les personnes \u00e2g\u00e9es, le d\u00e9m\u00e9nagement est d\u00e9j\u00e0 suffisamment stressant.<\/em> Chez STERK, c'est la raison pour laquelle nous te donnons cette attention suppl\u00e9mentaire. Avec une approche plus calme, plus d'attention pour toi et tes biens et des services suppl\u00e9mentaires (par ex. <a href=\"http:\/\/sterkontruimingen.nl\/fr\/se-deplacer-avec-la-demence\/\" class=\"rank-math-link\">d\u00e9m\u00e9nagement pour d\u00e9mence<\/a> ou un entreposage temporaire), nous organisons un d\u00e9m\u00e9nagement sans tracas.<\/p>\n\n\n\n<p>Un service suppl\u00e9mentaire consiste, par exemple, \u00e0 ce que nous mettions toutes tes affaires au bon endroit, que nous rebranchions tes appareils \u00e9lectrom\u00e9nagers et, sur demande, que nous peignions les murs, posions le nouveau sol et fassions m\u00eame le lit. Tu te sentiras ainsi comme chez toi dans ta nouvelle maison et nous savons que tu ne trouveras pas ce service chez les d\u00e9m\u00e9nageurs moyens. STERK se distingue donc dans ce domaine.<\/p>\n\n\n\n<p>Tout d'abord, nous te rendons visite pour faire connaissance. En outre, nous passons tout en revue avec toi. Qu'est-ce qui doit \u00eatre fait ? Qu'est-ce qui doit partir et qu'est-ce qui ne doit pas partir ? Quand d\u00e9m\u00e9nageras-tu ? Y a-t-il d'autres choses qui sont importantes pour toi ? De cette fa\u00e7on, nous pouvons r\u00e9pondre au mieux \u00e0 tes besoins. De plus, tu auras un interlocuteur fixe avant, pendant et apr\u00e8s le d\u00e9m\u00e9nagement, et cette personne est disponible \u00e0 tout moment pour r\u00e9pondre \u00e0 tes questions. <\/p>\n\n\n\n<p>Nos d\u00e9m\u00e9nageurs sont sp\u00e9cialement form\u00e9s pour s'occuper de tout ce qu'implique un d\u00e9m\u00e9nagement de personnes \u00e2g\u00e9es. Bien s\u00fbr, nous emballons tout proprement dans des cartons ou dans des couvertures de d\u00e9m\u00e9nagement avec du papier d'aluminium pour que rien ne soit endommag\u00e9, mais nous aimons aussi discuter avec toi pour te tenir au courant. Tu gardes le contr\u00f4le. Nous sommes l\u00e0 pour t'aider.<\/p>\n\n\n\n<div class=\"wp-block-columns is-layout-flex wp-container-core-columns-is-layout-28f84493 wp-block-columns-is-layout-flex\">\n<div class=\"wp-block-column is-layout-flow wp-block-column-is-layout-flow\">\n<h3 class=\"wp-block-heading\">La mort<\/h3>\n\n\n\n<p>Lorsque tu d\u00e9barrasses ta maison apr\u00e8s le d\u00e9c\u00e8s de ton partenaire, d'un membre de ta famille ou d'un ami, il y a beaucoup de choses \u00e0 organiser. Nous pouvons te d\u00e9barrasser des soucis li\u00e9s au d\u00e9m\u00e9nagement.<\/p>\n\n\n\n<p><a href=\"http:\/\/sterkontruimingen.nl\/fr\/vider-la-maison-apres-le-deces\/\" class=\"rank-math-link\">En savoir plus sur le nettoyage apr\u00e8s la mort<\/a><\/p>\n<\/div>\n\n\n\n<div class=\"wp-block-column is-layout-flow wp-block-column-is-layout-flow\">\n<h3 class=\"wp-block-heading\">DEMENTION<\/h3>\n\n\n\n<p>Un service suppl\u00e9mentaire est notre service sp\u00e9cial de d\u00e9m\u00e9nagement pour les personnes atteintes de d\u00e9mence. Pour faciliter le d\u00e9m\u00e9nagement des personnes \u00e2g\u00e9es atteintes de d\u00e9mence, nous mettons en miroir la nouvelle maison exactement comme l'ancienne. M\u00eame les tableaux seront au m\u00eame endroit.<\/p>\n\n\n\n<p><a href=\"http:\/\/sterkontruimingen.nl\/fr\/se-deplacer-avec-la-demence\/\" class=\"rank-math-link\">En savoir plus sur les d\u00e9placements avec la d\u00e9mence<\/a><\/p>\n<\/div>\n<\/div>\n\n\n\n<div class=\"wp-block-columns is-layout-flex wp-container-core-columns-is-layout-28f84493 wp-block-columns-is-layout-flex\">\n<div class=\"wp-block-column is-layout-flow wp-block-column-is-layout-flow\">\n<h3 class=\"wp-block-heading\">D\u00c9M\u00c9NAGEMENT INTERNE<\/h3>\n\n\n\n<p>STERK prend \u00e9galement en charge le d\u00e9m\u00e9nagement en toute s\u00e9curit\u00e9 des biens dans un \u00e9tablissement de soins ou une maison de retraite. Notre vaste exp\u00e9rience dans le domaine des d\u00e9m\u00e9nagements \u00e0 petite \u00e9chelle nous permet d'accorder juste cette attention suppl\u00e9mentaire au d\u00e9m\u00e9nagement.<\/p>\n\n\n\n<p><a class=\"rank-math-link\" href=\"http:\/\/sterkontruimingen.nl\/fr\/centre-de-soins-de-relocalisation-interne\/\">En savoir plus sur la relocalisation interne<\/a><\/p>\n<\/div>\n\n\n\n<div class=\"wp-block-column is-layout-flow wp-block-column-is-layout-flow\">\n<h3 class=\"wp-block-heading\">STOCKAGE temporaire<\/h3>\n\n\n\n<p>Tu ne sais pas encore quoi faire des affaires restantes du d\u00e9m\u00e9nagement ? Dans ce cas, nous pouvons les stocker temporairement pour toi. Tu auras ainsi suffisamment de temps pour y r\u00e9fl\u00e9chir.<\/p>\n<\/div>\n<\/div>\n\n\n\n<div class=\"wp-block-columns is-layout-flex wp-container-core-columns-is-layout-28f84493 wp-block-columns-is-layout-flex\">\n<div class=\"wp-block-column is-layout-flow wp-block-column-is-layout-flow\"><\/div>\n\n\n\n<div class=\"wp-block-column is-layout-flow wp-block-column-is-layout-flow\"><\/div>\n<\/div>","protected":false},"excerpt":{"rendered":"<p>Senioren verhuizer gezocht? STERK Ontruimingen verzorgd ook kleinschalige verhuizingen en ontruimingen voor mensen die kleiner gaan wonen in bijvoorbeeld een aanleunwoning of een verzorgingstehuis. Staat er een seniorenverhuizing op de planning? Het verhuizen van senioren is vaak een intensieve klus die aandacht en beleid vraagt. STERK helpt graag om uw vader, moeder, opa of oma [&hellip;]<\/p>\n","protected":false},"author":1,"featured_media":1838,"parent":0,"menu_order":0,"comment_status":"closed","ping_status":"closed","template":"","meta":{"inline_featured_image":false,"footnotes":""},"categories":[14],"tags":[],"class_list":["post-1825","page","type-page","status-publish","has-post-thumbnail","hentry","category-landingspaginas"],"blocksy_meta":{"styles_descriptor":{"styles":{"desktop":"","tablet":"","mobile":""},"google_fonts":[],"version":6}},"_links":{"self":[{"href":"https:\/\/sterkontruimingen.nl\/fr\/wp-json\/wp\/v2\/pages\/1825","targetHints":{"allow":["GET"]}}],"collection":[{"href":"https:\/\/sterkontruimingen.nl\/fr\/wp-json\/wp\/v2\/pages"}],"about":[{"href":"https:\/\/sterkontruimingen.nl\/fr\/wp-json\/wp\/v2\/types\/page"}],"author":[{"embeddable":true,"href":"https:\/\/sterkontruimingen.nl\/fr\/wp-json\/wp\/v2\/users\/1"}],"replies":[{"embeddable":true,"href":"https:\/\/sterkontruimingen.nl\/fr\/wp-json\/wp\/v2\/comments?post=1825"}],"version-history":[{"count":2,"href":"https:\/\/sterkontruimingen.nl\/fr\/wp-json\/wp\/v2\/pages\/1825\/revisions"}],"predecessor-version":[{"id":2832,"href":"https:\/\/sterkontruimingen.nl\/fr\/wp-json\/wp\/v2\/pages\/1825\/revisions\/2832"}],"wp:featuredmedia":[{"embeddable":true,"href":"https:\/\/sterkontruimingen.nl\/fr\/wp-json\/wp\/v2\/media\/1838"}],"wp:attachment":[{"href":"https:\/\/sterkontruimingen.nl\/fr\/wp-json\/wp\/v2\/media?parent=1825"}],"wp:term":[{"taxonomy":"category","embeddable":true,"href":"https:\/\/sterkontruimingen.nl\/fr\/wp-json\/wp\/v2\/categories?post=1825"},{"taxonomy":"post_tag","embeddable":true,"href":"https:\/\/sterkontruimingen.nl\/fr\/wp-json\/wp\/v2\/tags?post=1825"}],"curies":[{"name":"wp","href":"https:\/\/api.w.org\/{rel}","templated":true}]}}