{"id":1235,"date":"2020-07-02T14:21:44","date_gmt":"2020-07-02T12:21:44","guid":{"rendered":"http:\/\/sterkontruimingen.nl\/?page_id=1235"},"modified":"2022-05-29T11:26:27","modified_gmt":"2022-05-29T09:26:27","slug":"travaux-de-demolition","status":"publish","type":"page","link":"https:\/\/sterkontruimingen.nl\/fr\/sloopwerkzaamheden\/","title":{"rendered":"Travaux de d\u00e9molition"},"content":{"rendered":"<h2 class=\"wp-block-heading\">Travaux de d\u00e9molition par STERK Evacuations<\/h2>\n\n\n\n<p>Souvent, avant l'ach\u00e8vement de ta maison ou de tes locaux professionnels, tout doit \u00eatre remis dans son \u00e9tat d'origine. Tu as r\u00e9am\u00e9nag\u00e9 le bien ou mis des cloisons pour cr\u00e9er des bureaux ou une cuisine. Cela \u00e9tait n\u00e9cessaire pour ton utilisation, mais ton bailleur ou le propri\u00e9taire du bien a convenu avec toi au pr\u00e9alable de tout remettre dans son \u00e9tat d'origine \u00e0 l'ach\u00e8vement des travaux.<\/p>\n\n\n\n<p>STERK Evictions t'aidera \u00e0 y parvenir. Les objets doivent-ils \u00eatre enlev\u00e9s, d\u00e9mont\u00e9s ou d\u00e9molis. Nous sommes heureux de te rendre service.<\/p>\n\n\n\n<h3 class=\"wp-block-heading\">M\u00e9thode de travail STERK Evacuations<\/h3>\n\n\n\n<h3 class=\"wp-block-heading\">NOTRE M\u00c9THODE DE TRAVAIL<\/h3>\n\n\n\n<p>Avant que nous te soutenions pour le d\u00e9blaiement, la famille aura d'abord la possibilit\u00e9 de retirer tous les biens pr\u00e9cieux de la maison. Nous nous occupons ensuite du d\u00e9blaiement complet et de la livraison en quelques jours. C'est urgent ? Dans ce cas, nous pouvons \u00e9galement nous charger du d\u00e9blaiement dans les 48 heures.<\/p>\n\n\n\n<ul class=\"wp-block-list\"><li>Le stratifi\u00e9, la moquette, le carrelage et la b\u00e2che sont enlev\u00e9s de mani\u00e8re soigneuse et professionnelle.<\/li><li>Tous les murs et plafonds sont d\u00e9barrass\u00e9s des vis, des clous et des chevilles et les trous de ces derniers sont soigneusement scell\u00e9s.<\/li><li>STERK evacuation s'occupe de tout le travail n\u00e9cessaire pour livrer la propri\u00e9t\u00e9 \u00e0 ta satisfaction.<\/li><\/ul>\n\n\n\n<p>Nous travaillons avec une garantie d'ach\u00e8vement. Le paiement n'a lieu qu'apr\u00e8s la livraison. Tu n'es toujours pas satisfait ? Nous pouvons toujours r\u00e9soudre ce probl\u00e8me en concertation avec toi. <\/p>","protected":false},"excerpt":{"rendered":"<p>Sloopwerkzaamheden door STERK Ontruimingen Vaak moeten er voor oplevering van uw woning of bedrijfspand alles teruggebracht worden naar oorspronkelijke staat. U heeft het pand verbouwd of scheidingswanden aangebracht om kantoren of een keuken te maken. Voor uw gebruik was dit nodig, maar uw verhuurder of eigenaar van het pand heeft met u van te voren [&hellip;]<\/p>\n","protected":false},"author":1,"featured_media":1247,"parent":0,"menu_order":0,"comment_status":"closed","ping_status":"closed","template":"","meta":{"inline_featured_image":false,"footnotes":""},"categories":[14],"tags":[],"class_list":["post-1235","page","type-page","status-publish","has-post-thumbnail","hentry","category-landingspaginas"],"blocksy_meta":{"styles_descriptor":{"styles":{"desktop":"","tablet":"","mobile":""},"google_fonts":[],"version":6}},"_links":{"self":[{"href":"https:\/\/sterkontruimingen.nl\/fr\/wp-json\/wp\/v2\/pages\/1235","targetHints":{"allow":["GET"]}}],"collection":[{"href":"https:\/\/sterkontruimingen.nl\/fr\/wp-json\/wp\/v2\/pages"}],"about":[{"href":"https:\/\/sterkontruimingen.nl\/fr\/wp-json\/wp\/v2\/types\/page"}],"author":[{"embeddable":true,"href":"https:\/\/sterkontruimingen.nl\/fr\/wp-json\/wp\/v2\/users\/1"}],"replies":[{"embeddable":true,"href":"https:\/\/sterkontruimingen.nl\/fr\/wp-json\/wp\/v2\/comments?post=1235"}],"version-history":[{"count":1,"href":"https:\/\/sterkontruimingen.nl\/fr\/wp-json\/wp\/v2\/pages\/1235\/revisions"}],"predecessor-version":[{"id":2817,"href":"https:\/\/sterkontruimingen.nl\/fr\/wp-json\/wp\/v2\/pages\/1235\/revisions\/2817"}],"wp:featuredmedia":[{"embeddable":true,"href":"https:\/\/sterkontruimingen.nl\/fr\/wp-json\/wp\/v2\/media\/1247"}],"wp:attachment":[{"href":"https:\/\/sterkontruimingen.nl\/fr\/wp-json\/wp\/v2\/media?parent=1235"}],"wp:term":[{"taxonomy":"category","embeddable":true,"href":"https:\/\/sterkontruimingen.nl\/fr\/wp-json\/wp\/v2\/categories?post=1235"},{"taxonomy":"post_tag","embeddable":true,"href":"https:\/\/sterkontruimingen.nl\/fr\/wp-json\/wp\/v2\/tags?post=1235"}],"curies":[{"name":"wp","href":"https:\/\/api.w.org\/{rel}","templated":true}]}}