{"id":1230,"date":"2020-07-02T09:16:42","date_gmt":"2020-07-02T07:16:42","guid":{"rendered":"http:\/\/sterkontruimingen.nl\/?page_id=1230"},"modified":"2024-05-27T07:50:03","modified_gmt":"2024-05-27T05:50:03","slug":"nettoyage","status":"publish","type":"page","link":"https:\/\/sterkontruimingen.nl\/fr\/schoonmaakwerkzaamheden\/","title":{"rendered":"Nettoyage"},"content":{"rendered":"<h2 class=\"wp-block-heading\">STERK redonne \u00e0 ta maison son \u00e9tat d'origine <\/h2>\n\n\n\n<p>Il est possible d'\u00e9num\u00e9rer plusieurs situations dans lesquelles on trouve une maison extr\u00eamement pollu\u00e9e. Cela arrive plus souvent que tu ne le penses, surtout parce que la honte joue un r\u00f4le (inutile !). Dommage, car STERK peut remettre n'importe quelle maison dans son \u00e9tat d'origine en peu de temps. Nous avons vraiment eu tout ce qu'il fallait sur les bras auparavant&nbsp;<\/p>\n\n\n\n<p><strong>Une maison pollu\u00e9e est souvent le r\u00e9sultat de<\/strong>:<\/p>\n\n\n\n<ul class=\"wp-block-list\"><li>Compulsion s\u00e9v\u00e8re \u00e0 collectionner (th\u00e9sauriseurs)<\/li><li>N\u00e9gligence grave<\/li><li>Sc\u00e8ne de crime<\/li><li>Emplacement de la d\u00e9couverte du corps (sang, liquide corporel, odeur naus\u00e9abonde)<\/li><li>Animaux, parasites, etc.<\/li><\/ul>\n\n\n\n<h3 class=\"wp-block-heading\">D\u00e9gagement discret et respectueux<\/h3>\n\n\n\n<p>Dans de nombreux cas, les r\u00e9sidents ou les parties prenantes se retrouvent dans une situation o\u00f9 ils sont g\u00ean\u00e9s par l'\u00e9tat de la propri\u00e9t\u00e9. C'est compr\u00e9hensible, mais inutile. STERK a d\u00e9j\u00e0 vu cela et nous savons (malheureusement) quelles causes peuvent \u00eatre \u00e0 la base d'une maison gravement pollu\u00e9e.&nbsp;<\/p>\n\n\n\n<p>STERK Eviction propose une solution accessible, pratique et humaine. Avec toi, nous \u00e9tablissons un plan d'action pour remettre la maison pollu\u00e9e dans son \u00e9tat d'origine.&nbsp;<\/p>\n\n\n\n<p>Tout cela dans la plus grande discr\u00e9tion. Si n\u00e9cessaire, nous roulons dans une camionnette blanche sans logos ni textes, nous interdisons structurellement l'acc\u00e8s aux personnes non autoris\u00e9es et nous manipulons avec soin les effets personnels trouv\u00e9s dans le contenu.&nbsp;<\/p>\n\n\n\n<h3 class=\"wp-block-heading\">STERK Les expulsions peuvent inclure :<\/h3>\n\n\n\n<ul class=\"wp-block-list\"><li>G\u00e9rer le processus de A \u00e0 Z<\/li><li>Clair<\/li><li>Nettoyage<\/li><li>D\u00e9sinfecter<\/li><li>\u00c9limine les odeurs<\/li><li>\u00c9limination \u00e9cologique et rentable des restes de repas.<\/li><li><a href=\"http:\/\/sterkontruimingen.nl\/fr\/nettoyage-de-la-maison\/reparations\/\">R\u00e9parations<\/a>&nbsp;ex\u00e9cuter<\/li><li>Etc.<\/li><\/ul>\n\n\n\n<h3 class=\"wp-block-heading\">M\u00e9thode de travail de STERK<\/h3>\n\n\n\n<p>Nous sommes heureux de te rendre visite \u00e0 court terme pour discuter du travail et fournir un devis et un calendrier sans engagement. Apr\u00e8s accord, nous commencerons \u00e0 travailler ensemble. Tu gardes toujours un interlocuteur et nous offrons une garantie de satisfaction 100%. Tu ne paies qu'apr\u00e8s accord sur la livraison.<\/p>","protected":false},"excerpt":{"rendered":"<p>STERK brengt uw woning in oorspronkelijke staat terug Er zijn verschillende situaties op te noemen waarin een extreem vervuilde woning wordt aangetroffen. Het gebeurt vaker dan u denkt, veelal omdat schaamte een (onnodige!) rol speelt. Zonde, want STERK kan elke woning in korte tijd in originele staat terug brengen. Wij hebben werkelijk alles al eens [&hellip;]<\/p>\n","protected":false},"author":1,"featured_media":1058,"parent":0,"menu_order":0,"comment_status":"closed","ping_status":"closed","template":"","meta":{"inline_featured_image":false,"footnotes":""},"categories":[14],"tags":[],"class_list":["post-1230","page","type-page","status-publish","has-post-thumbnail","hentry","category-landingspaginas"],"blocksy_meta":{"styles_descriptor":{"styles":{"desktop":"","tablet":"","mobile":""},"google_fonts":[],"version":6}},"_links":{"self":[{"href":"https:\/\/sterkontruimingen.nl\/fr\/wp-json\/wp\/v2\/pages\/1230","targetHints":{"allow":["GET"]}}],"collection":[{"href":"https:\/\/sterkontruimingen.nl\/fr\/wp-json\/wp\/v2\/pages"}],"about":[{"href":"https:\/\/sterkontruimingen.nl\/fr\/wp-json\/wp\/v2\/types\/page"}],"author":[{"embeddable":true,"href":"https:\/\/sterkontruimingen.nl\/fr\/wp-json\/wp\/v2\/users\/1"}],"replies":[{"embeddable":true,"href":"https:\/\/sterkontruimingen.nl\/fr\/wp-json\/wp\/v2\/comments?post=1230"}],"version-history":[{"count":1,"href":"https:\/\/sterkontruimingen.nl\/fr\/wp-json\/wp\/v2\/pages\/1230\/revisions"}],"predecessor-version":[{"id":2820,"href":"https:\/\/sterkontruimingen.nl\/fr\/wp-json\/wp\/v2\/pages\/1230\/revisions\/2820"}],"wp:featuredmedia":[{"embeddable":true,"href":"https:\/\/sterkontruimingen.nl\/fr\/wp-json\/wp\/v2\/media\/1058"}],"wp:attachment":[{"href":"https:\/\/sterkontruimingen.nl\/fr\/wp-json\/wp\/v2\/media?parent=1230"}],"wp:term":[{"taxonomy":"category","embeddable":true,"href":"https:\/\/sterkontruimingen.nl\/fr\/wp-json\/wp\/v2\/categories?post=1230"},{"taxonomy":"post_tag","embeddable":true,"href":"https:\/\/sterkontruimingen.nl\/fr\/wp-json\/wp\/v2\/tags?post=1230"}],"curies":[{"name":"wp","href":"https:\/\/api.w.org\/{rel}","templated":true}]}}