{"id":1224,"date":"2020-07-02T08:52:35","date_gmt":"2020-07-02T06:52:35","guid":{"rendered":"http:\/\/sterkontruimingen.nl\/?page_id=1224"},"modified":"2024-05-27T07:25:30","modified_gmt":"2024-05-27T05:25:30","slug":"bonnes-causes","status":"publish","type":"page","link":"https:\/\/sterkontruimingen.nl\/fr\/goede-doelen\/","title":{"rendered":"Bonnes causes"},"content":{"rendered":"<h2 class=\"wp-block-heading\">STERK soutient New Hope<\/h2>\n\n\n\n<p>STERK aide \u00e0 la collecte des marchandises <a rel=\"noreferrer noopener\" href=\"https:\/\/nieuwehoop.nl\" target=\"_blank\">Cercle de l'espoir<\/a>. En faisant don \u00e0 Nieuwe Hoop d'articles que nous avons trouv\u00e9s lors d'une liquidation et qui sont encore vendables, nous nous assurons que d'autres personnes re\u00e7oivent de belles choses, mais Nieuwe Hoop s'assure \u00e9galement que les personnes qui ont des difficult\u00e9s re\u00e7oivent une aide pratique, un soutien financier et une oreille attentive.<\/p>\n\n\n\n<p>Si tu nous confies un travail, tu peux \u00eatre s\u00fbr que nous ferons tout notre possible pour, 1. r\u00e9duire la montagne de d\u00e9chets 2. donner une seconde vie aux objets de valeur 3. En collaboration avec la friperie, trier et mettre en vente et recycler au mieux les objets.<\/p>","protected":false},"excerpt":{"rendered":"<p>STERK steunt Nieuwe Hoop STERK steunt met het ophalen van goederen Nieuwe Hoop Kringloop. Door goederen die wij uit een ontruiming tegenkomen die nog verkoopbaar zijn te doneren aan Nieuwe Hoop zorgen we ervoor dat andere mensen geholpen zijn aan mooie spullen maar zorgt Nieuwe Hoop er ook voor dat mensen die het moeilijk hebben [&hellip;]<\/p>\n","protected":false},"author":1,"featured_media":1058,"parent":0,"menu_order":0,"comment_status":"closed","ping_status":"closed","template":"","meta":{"inline_featured_image":false,"footnotes":""},"categories":[14],"tags":[],"class_list":["post-1224","page","type-page","status-publish","has-post-thumbnail","hentry","category-landingspaginas"],"blocksy_meta":{"styles_descriptor":{"styles":{"desktop":"","tablet":"","mobile":""},"google_fonts":[],"version":6}},"_links":{"self":[{"href":"https:\/\/sterkontruimingen.nl\/fr\/wp-json\/wp\/v2\/pages\/1224","targetHints":{"allow":["GET"]}}],"collection":[{"href":"https:\/\/sterkontruimingen.nl\/fr\/wp-json\/wp\/v2\/pages"}],"about":[{"href":"https:\/\/sterkontruimingen.nl\/fr\/wp-json\/wp\/v2\/types\/page"}],"author":[{"embeddable":true,"href":"https:\/\/sterkontruimingen.nl\/fr\/wp-json\/wp\/v2\/users\/1"}],"replies":[{"embeddable":true,"href":"https:\/\/sterkontruimingen.nl\/fr\/wp-json\/wp\/v2\/comments?post=1224"}],"version-history":[{"count":1,"href":"https:\/\/sterkontruimingen.nl\/fr\/wp-json\/wp\/v2\/pages\/1224\/revisions"}],"predecessor-version":[{"id":2803,"href":"https:\/\/sterkontruimingen.nl\/fr\/wp-json\/wp\/v2\/pages\/1224\/revisions\/2803"}],"wp:featuredmedia":[{"embeddable":true,"href":"https:\/\/sterkontruimingen.nl\/fr\/wp-json\/wp\/v2\/media\/1058"}],"wp:attachment":[{"href":"https:\/\/sterkontruimingen.nl\/fr\/wp-json\/wp\/v2\/media?parent=1224"}],"wp:term":[{"taxonomy":"category","embeddable":true,"href":"https:\/\/sterkontruimingen.nl\/fr\/wp-json\/wp\/v2\/categories?post=1224"},{"taxonomy":"post_tag","embeddable":true,"href":"https:\/\/sterkontruimingen.nl\/fr\/wp-json\/wp\/v2\/tags?post=1224"}],"curies":[{"name":"wp","href":"https:\/\/api.w.org\/{rel}","templated":true}]}}