{"id":1213,"date":"2020-07-02T08:46:07","date_gmt":"2020-07-02T06:46:07","guid":{"rendered":"http:\/\/sterkontruimingen.nl\/?page_id=1213"},"modified":"2022-05-29T11:27:57","modified_gmt":"2022-05-29T09:27:57","slug":"reintegration","status":"publish","type":"page","link":"https:\/\/sterkontruimingen.nl\/fr\/re-integratie\/","title":{"rendered":"R\u00e9int\u00e9grer \u00e0 STERK Expulsions"},"content":{"rendered":"<h2 class=\"wp-block-heading\">R\u00e9int\u00e9grer \u00e0 STERK Expulsions<\/h2>\n\n\n\n<p>Chez STERK Evictions, nous voulons donner une chance au travail au plus grand nombre de personnes possible. C'est pourquoi nous aimons aider les gens \u00e0 se r\u00e9int\u00e9grer. En offrant un bon encadrement et une bonne structure, nous aidons les gens \u00e0 retrouver un rythme de travail. Nous travaillons aussi avec une \u00e9quipe sympathique et nous nous effor\u00e7ons chaque jour de rendre les gens heureux de nos services.<\/p>\n\n\n\n<p>Nous pensons que si l'on en a la possibilit\u00e9, offrir une r\u00e9insertion devrait faire partie de nos activit\u00e9s. En travaillant avec des agences de r\u00e9insertion, nous int\u00e9grons dans notre \u00e9quipe des personnes qui ont le potentiel de se surpasser. Nous n'y parvenons pas en augmentant la pression, mais plut\u00f4t en employant les gens en fonction de leurs capacit\u00e9s, en les poussant constamment un peu plus et en gardant un \u0153il attentif sur la sant\u00e9 de nos employ\u00e9s.<\/p>\n\n\n\n<p>Tu souhaites te r\u00e9ins\u00e9rer chez nous ? <a href=\"http:\/\/sterkontruimingen.nl\/fr\/contact\/\">Alors contacte-nous<\/a>.<\/p>","protected":false},"excerpt":{"rendered":"<p>Re-integreren bij STERK Ontruimingen Bij STERK Ontruimingen willen we zoveel mogelijk mensen een kans geven op werk. Daarom helpen we mensen graag re-integreren. Door goede begeleiding en structuur te bieden helpen we op die manier mensen weer in een arbeidsritme te krijgen. Daarnaast werken we met een leuk team en werken we elke dag hard [&hellip;]<\/p>\n","protected":false},"author":1,"featured_media":905,"parent":0,"menu_order":0,"comment_status":"closed","ping_status":"closed","template":"","meta":{"inline_featured_image":false,"footnotes":""},"categories":[14],"tags":[],"class_list":["post-1213","page","type-page","status-publish","has-post-thumbnail","hentry","category-landingspaginas"],"blocksy_meta":{"styles_descriptor":{"styles":{"desktop":"","tablet":"","mobile":""},"google_fonts":[],"version":6}},"_links":{"self":[{"href":"https:\/\/sterkontruimingen.nl\/fr\/wp-json\/wp\/v2\/pages\/1213","targetHints":{"allow":["GET"]}}],"collection":[{"href":"https:\/\/sterkontruimingen.nl\/fr\/wp-json\/wp\/v2\/pages"}],"about":[{"href":"https:\/\/sterkontruimingen.nl\/fr\/wp-json\/wp\/v2\/types\/page"}],"author":[{"embeddable":true,"href":"https:\/\/sterkontruimingen.nl\/fr\/wp-json\/wp\/v2\/users\/1"}],"replies":[{"embeddable":true,"href":"https:\/\/sterkontruimingen.nl\/fr\/wp-json\/wp\/v2\/comments?post=1213"}],"version-history":[{"count":1,"href":"https:\/\/sterkontruimingen.nl\/fr\/wp-json\/wp\/v2\/pages\/1213\/revisions"}],"predecessor-version":[{"id":2808,"href":"https:\/\/sterkontruimingen.nl\/fr\/wp-json\/wp\/v2\/pages\/1213\/revisions\/2808"}],"wp:featuredmedia":[{"embeddable":true,"href":"https:\/\/sterkontruimingen.nl\/fr\/wp-json\/wp\/v2\/media\/905"}],"wp:attachment":[{"href":"https:\/\/sterkontruimingen.nl\/fr\/wp-json\/wp\/v2\/media?parent=1213"}],"wp:term":[{"taxonomy":"category","embeddable":true,"href":"https:\/\/sterkontruimingen.nl\/fr\/wp-json\/wp\/v2\/categories?post=1213"},{"taxonomy":"post_tag","embeddable":true,"href":"https:\/\/sterkontruimingen.nl\/fr\/wp-json\/wp\/v2\/tags?post=1213"}],"curies":[{"name":"wp","href":"https:\/\/api.w.org\/{rel}","templated":true}]}}