{"id":1199,"date":"2020-07-01T14:07:41","date_gmt":"2020-07-01T12:07:41","guid":{"rendered":"http:\/\/sterkontruimingen.nl\/?page_id=1199"},"modified":"2024-05-27T08:44:24","modified_gmt":"2024-05-27T06:44:24","slug":"agents-immobiliers","status":"publish","type":"page","link":"https:\/\/sterkontruimingen.nl\/fr\/makelaars\/","title":{"rendered":"Effacement pour les agents immobiliers"},"content":{"rendered":"<h2 class=\"wp-block-heading\">La solution Agents immobiliers et autres propri\u00e9taires<\/h2>\n\n\n\n<p>Nous nettoyons les maisons et les locaux commerciaux, nous effectuons des nettoyages (sp\u00e9ciaux) et des travaux.&nbsp;<a href=\"http:\/\/sterkontruimingen.nl\/fr\/nettoyage-de-la-maison\/\">&nbsp;lors d'une liquidation de maison.<\/a><br>C'est pourquoi STERK House Clearances est id\u00e9al pour les agents immobiliers, les propri\u00e9taires de biens immobiliers, les propri\u00e9taires du secteur priv\u00e9 et peut \u00eatre effectu\u00e9 \u00e0 un prix raisonnable.&nbsp;<em>Le nettoyage de la maison ajoute beaucoup de valeur<\/em>. Tu t'arranges pour que tout le travail soit fait en une seule fois, sans bruit ni intervenant, ce qui te fait gagner beaucoup de temps, nous te d\u00e9chargeons de diverses t\u00e2ches pour que tu puisses continuer \u00e0 te concentrer sur ton activit\u00e9.<\/p>\n\n\n\n<p>De plus, en faisant appel \u00e0 STERK House Clearances pour les diff\u00e9rentes activit\u00e9s, tu peux g\u00e9n\u00e9ralement obtenir un prix plus avantageux. Un prix plus avantageux que si tu devais t'adresser \u00e0 diff\u00e9rentes entreprises pour toutes les activit\u00e9s diverses telles que les corv\u00e9es et le nettoyage lors d'un d\u00e9barras.<\/p>\n\n\n\n<p>De plus, si n\u00e9cessaire, nous pouvons effectuer ces travaux en combinaison avec un <strong><em><a href=\"http:\/\/sterkontruimingen.nl\/fr\/autorisations-durgence\/\">nettoyage d'urgence de la maison<\/a><\/em><\/strong>. Dans tous les cas, nous concluons toujours des accords clairs et si une circonstance impr\u00e9vue survient, nous te le communiquons clairement et trouvons toujours une solution que le client peut accepter.<\/p>\n\n\n\n<p>\u00c0 un<strong>&nbsp;nettoyage de la maison<\/strong>&nbsp;Si n\u00e9cessaire, nous enlevons les rev\u00eatements de sol (coll\u00e9s), les tringles \u00e0 rideaux, les r\u00e9sidus de colle, les clous, les vis, les lampes, etc. Nous pouvons \u00e9galement effectuer des travaux de nettoyage sp\u00e9cialis\u00e9s. Tu peux par exemple penser \u00e0 d\u00e9sinfecter compl\u00e8tement un b\u00e2timent. Dans les situations suivantes, on nous demande souvent un&nbsp;<strong>nettoyage de la maison :<\/strong><\/p>\n\n\n\n<ul class=\"wp-block-list\"><li>Nettoyage des maisons en faillite<\/li><li>arri\u00e9r\u00e9s de loyer<\/li><li>la mort<\/li><li>\u00e9migration<\/li><li>vente aux ench\u00e8res publiques<\/li><li>d\u00e9localisation<\/li><li>chambres de soins \/ logements prot\u00e9g\u00e9s<\/li><li>divorce<\/li><\/ul>\n\n\n\n<p>STERK adopte une approche claire et honn\u00eate. Nous prenons toujours rendez-vous pour un devis sans engagement, nous inspectons la maison et nous discutons du travail avec toi. Nous travaillons sur la base d'un prix forfaitaire, afin que tu saches exactement \u00e0 quoi t'en tenir et que tu n'aies pas \u00e0 t'inqui\u00e9ter par la suite.<\/p>\n\n\n\n<p><strong><em>Nous lib\u00e9rons conform\u00e9ment aux conditions g\u00e9n\u00e9rales de la soci\u00e9t\u00e9 de logement de l'association.&nbsp;<\/em><\/strong><\/p>","protected":false},"excerpt":{"rendered":"<p>D\u00e9 oplossing Makelaars en andere verhuurders Wij ontruimen woningen en bedrijfspanden, verzorgen een (speciale) schoonmaak, en klussen&nbsp;&nbsp;bij een woningontruiming.Daarom is&nbsp;STERK Woningontruimingen ideaal voor Makelaars, vastgoedeigenaren verhuurders in de particuliere sector en kan dit bij een&nbsp;woningontruiming&nbsp;veel meerwaarde geven. U regelt alle te verrichtten werkzaamheden in \u00e9\u00e9n keer, zonder ruis of tussenkomende partijen, dit scheelt u veel [&hellip;]<\/p>\n","protected":false},"author":1,"featured_media":746,"parent":0,"menu_order":0,"comment_status":"closed","ping_status":"closed","template":"","meta":{"inline_featured_image":false,"footnotes":""},"categories":[14],"tags":[],"class_list":["post-1199","page","type-page","status-publish","has-post-thumbnail","hentry","category-landingspaginas"],"blocksy_meta":{"styles_descriptor":{"styles":{"desktop":"","tablet":"","mobile":""},"google_fonts":[],"version":6}},"_links":{"self":[{"href":"https:\/\/sterkontruimingen.nl\/fr\/wp-json\/wp\/v2\/pages\/1199","targetHints":{"allow":["GET"]}}],"collection":[{"href":"https:\/\/sterkontruimingen.nl\/fr\/wp-json\/wp\/v2\/pages"}],"about":[{"href":"https:\/\/sterkontruimingen.nl\/fr\/wp-json\/wp\/v2\/types\/page"}],"author":[{"embeddable":true,"href":"https:\/\/sterkontruimingen.nl\/fr\/wp-json\/wp\/v2\/users\/1"}],"replies":[{"embeddable":true,"href":"https:\/\/sterkontruimingen.nl\/fr\/wp-json\/wp\/v2\/comments?post=1199"}],"version-history":[{"count":1,"href":"https:\/\/sterkontruimingen.nl\/fr\/wp-json\/wp\/v2\/pages\/1199\/revisions"}],"predecessor-version":[{"id":2812,"href":"https:\/\/sterkontruimingen.nl\/fr\/wp-json\/wp\/v2\/pages\/1199\/revisions\/2812"}],"wp:featuredmedia":[{"embeddable":true,"href":"https:\/\/sterkontruimingen.nl\/fr\/wp-json\/wp\/v2\/media\/746"}],"wp:attachment":[{"href":"https:\/\/sterkontruimingen.nl\/fr\/wp-json\/wp\/v2\/media?parent=1199"}],"wp:term":[{"taxonomy":"category","embeddable":true,"href":"https:\/\/sterkontruimingen.nl\/fr\/wp-json\/wp\/v2\/categories?post=1199"},{"taxonomy":"post_tag","embeddable":true,"href":"https:\/\/sterkontruimingen.nl\/fr\/wp-json\/wp\/v2\/tags?post=1199"}],"curies":[{"name":"wp","href":"https:\/\/api.w.org\/{rel}","templated":true}]}}