{"id":1184,"date":"2020-07-01T13:54:26","date_gmt":"2020-07-01T11:54:26","guid":{"rendered":"http:\/\/sterkontruimingen.nl\/?page_id=1184"},"modified":"2022-05-29T11:27:00","modified_gmt":"2022-05-29T09:27:00","slug":"fondation-ou-association-pour-le-logement","status":"publish","type":"page","link":"https:\/\/sterkontruimingen.nl\/fr\/woningstichting-of-woningbouwvereniging\/","title":{"rendered":"Fondation ou association pour le logement"},"content":{"rendered":"<h2 class=\"wp-block-heading\">le d\u00e9douanement conform\u00e9ment \u00e0 tes conditions<\/h2>\n\n\n\n<p>Dans diverses circonstances, il se peut que tu ne puisses pas d\u00e9barrasser ou remettre un bien propre toi-m\u00eame. STERK House Clearances est heureux de t'aider \u00e0 d\u00e9barrasser, nettoyer et pr\u00e9parer des maisons, des salles de soins ou des locaux commerciaux pour la remise.<\/p>\n\n\n\n<figure class=\"wp-block-pullquote\"><blockquote><p>NOUS D\u00c9GAGEONS CONFORM\u00c9MENT AUX CONDITIONS DE L'ASSOCIATION OU DE LA SOCI\u00c9T\u00c9 DE LOGEMENT. <\/p><cite><em>CE QUI SIGNIFIE QUE LA PROPRI\u00c9T\u00c9 EST TOUJOURS LIVR\u00c9E PROPREMENT SANS AUCUN SOUCI DANS LES D\u00c9LAIS CONVENUS.<\/em><\/cite><\/blockquote><\/figure>\n\n\n\n<p>Nous nous rendons chez toi sans obligation pour \u00e9tablir un devis \u00e9crit dans lequel tout est not\u00e9 en d\u00e9tail.<br>STERK House Clearance attache une grande importance \u00e0 la r\u00e9utilisation des marchandises ; en coop\u00e9ration avec notre partenaire de recyclage Renewi et la New Hope Foundation, nous fournissons de plus en plus de... <a href=\"http:\/\/sterkontruimingen.nl\/fr\/a-propos-de-fort\/#mvo\">Poursuivre la RSE<\/a>. <\/p>\n\n\n\n<p>Avec nous, tu as un seul interlocuteur pour tous les travaux et tu sais \u00e0 l'avance \u00e0 quoi t'en tenir. Gr\u00e2ce \u00e0 notre exp\u00e9rience, ta commande est entre de bonnes mains avec STERK House Clearance.<\/p>\n\n\n\n<h3 class=\"wp-block-heading\">Notre m\u00e9thode de travail<\/h3>\n\n\n\n<p>Avant que nous te soutenions pour le d\u00e9blaiement, la famille aura d'abord la possibilit\u00e9 de retirer tous les biens pr\u00e9cieux de la maison. Nous nous occupons ensuite du d\u00e9blaiement complet et de la livraison en quelques jours. C'est urgent ? Dans ce cas, nous pouvons \u00e9galement nous charger du d\u00e9blaiement dans les 48 heures.<\/p>\n\n\n\n<ul class=\"wp-block-list\"><li>Le stratifi\u00e9, la moquette, le carrelage et la b\u00e2che sont enlev\u00e9s de mani\u00e8re soigneuse et professionnelle.<\/li><li>Tous les murs et plafonds sont d\u00e9barrass\u00e9s des vis, des clous et des chevilles et les trous de ces derniers sont soigneusement scell\u00e9s.<\/li><li>STERK evacuation s'occupe de tout le travail n\u00e9cessaire pour livrer la propri\u00e9t\u00e9 \u00e0 ta satisfaction.<\/li><\/ul>","protected":false},"excerpt":{"rendered":"<p>ontruiming conform uw voorwaarden Er zijn verschillende omstandigheden waarbij u zelf niet in staat bent tot het ontruimen of het bezemschoon opleveren van een woning. STERK Woningontruimingen is u graag van dienst bij het ontruimen, schoonmaken en oplevering klaar maken van woningen, zorgkamers of bedrijfspanden. WIJ ONTRUIMEN CONFORM DE VOORWAARDEN VAN WONINGBOUWVERENIGING OF WONINGCORPORATIE DAT [&hellip;]<\/p>\n","protected":false},"author":1,"featured_media":746,"parent":0,"menu_order":0,"comment_status":"closed","ping_status":"closed","template":"","meta":{"inline_featured_image":false,"footnotes":""},"categories":[14],"tags":[],"class_list":["post-1184","page","type-page","status-publish","has-post-thumbnail","hentry","category-landingspaginas"],"blocksy_meta":{"styles_descriptor":{"styles":{"desktop":"","tablet":"","mobile":""},"google_fonts":[],"version":6}},"_links":{"self":[{"href":"https:\/\/sterkontruimingen.nl\/fr\/wp-json\/wp\/v2\/pages\/1184","targetHints":{"allow":["GET"]}}],"collection":[{"href":"https:\/\/sterkontruimingen.nl\/fr\/wp-json\/wp\/v2\/pages"}],"about":[{"href":"https:\/\/sterkontruimingen.nl\/fr\/wp-json\/wp\/v2\/types\/page"}],"author":[{"embeddable":true,"href":"https:\/\/sterkontruimingen.nl\/fr\/wp-json\/wp\/v2\/users\/1"}],"replies":[{"embeddable":true,"href":"https:\/\/sterkontruimingen.nl\/fr\/wp-json\/wp\/v2\/comments?post=1184"}],"version-history":[{"count":1,"href":"https:\/\/sterkontruimingen.nl\/fr\/wp-json\/wp\/v2\/pages\/1184\/revisions"}],"predecessor-version":[{"id":2811,"href":"https:\/\/sterkontruimingen.nl\/fr\/wp-json\/wp\/v2\/pages\/1184\/revisions\/2811"}],"wp:featuredmedia":[{"embeddable":true,"href":"https:\/\/sterkontruimingen.nl\/fr\/wp-json\/wp\/v2\/media\/746"}],"wp:attachment":[{"href":"https:\/\/sterkontruimingen.nl\/fr\/wp-json\/wp\/v2\/media?parent=1184"}],"wp:term":[{"taxonomy":"category","embeddable":true,"href":"https:\/\/sterkontruimingen.nl\/fr\/wp-json\/wp\/v2\/categories?post=1184"},{"taxonomy":"post_tag","embeddable":true,"href":"https:\/\/sterkontruimingen.nl\/fr\/wp-json\/wp\/v2\/tags?post=1184"}],"curies":[{"name":"wp","href":"https:\/\/api.w.org\/{rel}","templated":true}]}}