{"id":1174,"date":"2020-07-01T10:33:39","date_gmt":"2020-07-01T08:33:39","guid":{"rendered":"http:\/\/sterkontruimingen.nl\/?page_id=1174"},"modified":"2022-05-29T11:26:43","modified_gmt":"2022-05-29T09:26:43","slug":"notaire-ou-administrateur","status":"publish","type":"page","link":"https:\/\/sterkontruimingen.nl\/fr\/notaris-of-bewindvoerder\/","title":{"rendered":"Notaire ou administrateur"},"content":{"rendered":"<h2 class=\"wp-block-heading\">STERK travaille pour le notaire ou l'administrateur<\/h2>\n\n\n\n<p>Il est de plus en plus fr\u00e9quent de voir des personnes d\u00e9cider de faire r\u00e9diger un testament chez un notaire pour consigner ce qu'il doit advenir du contenu de leur m\u00e9nage apr\u00e8s leur d\u00e9c\u00e8s. Distribution d'objets de valeur, mais aussi d\u00e9barras ou don du contenu de la maison. Il n'est pas rare que l'on indique express\u00e9ment que l'on ne souhaite pas que les proches aient \u00e0 d\u00e9barrasser et \u00e0 vider le contenu de la maison. Quelqu'un peut d\u00e9cider de le faire s'il n'y a pas de proches parents, mais aussi, par exemple, s'il estime que cette charge est trop lourde pour les proches parents ou s'il souhaite les d\u00e9charger de ce souci.<\/p>\n\n\n\n<p>Dans les deux cas, STERK Ontruimingen est pr\u00eat \u00e0 retrousser ses manches. C'est pourquoi nous sommes \u00e9galement heureux de travailler en \u00e9troite collaboration avec un bureau de notaire ou une fiduciaire pour mener \u00e0 bien le r\u00e8glement. Avec une \u00e9quipe professionnelle, nous veillons \u00e0 ce que les effets m\u00e9nagers soient \u00e9limin\u00e9s discr\u00e8tement et respectueusement. Les objets qui ont encore de la valeur seront donn\u00e9s \u00e0 la Fondation Nouvelle Esp\u00e9rance au nom du propri\u00e9taire.<\/p>\n\n\n\n<p>Il arrive aussi que le notaire soit charg\u00e9 de s'occuper des affaires apr\u00e8s le d\u00e9c\u00e8s d'une personne qui n'a pas de plus proche parent et qui n'a rien fait enregistrer elle-m\u00eame. Le notaire fait alors office d'ex\u00e9cuteur testamentaire (anciennement ; ex\u00e9cuteur testamentaire) et organise l'expulsion.<\/p>\n\n\n\n<h3 class=\"wp-block-heading\">Visite pour estimer le travail<\/h3>\n\n\n\n<p>Dans ce cas, le notaire peut nous contacter apr\u00e8s le d\u00e9c\u00e8s de son client. Nous discuterons des possibilit\u00e9s par t\u00e9l\u00e9phone et prendrons rendez-vous pour voir le bien. Comme ce secteur d'activit\u00e9 implique toujours un travail sur mesure, il est tr\u00e8s important d'avoir vu le bien de tes propres yeux. Nous discutons ensuite clairement des travaux \u00e0 effectuer et de la mani\u00e8re dont la maison sera livr\u00e9e. Cela d\u00e9pend aussi du type de bien : s'il s'agit d'un bien \u00e0 vendre, il est souvent judicieux de laisser les tapis et les lampes en place. S'il s'agit d'une location, le propri\u00e9taire exige souvent que le logement soit compl\u00e8tement nu \u00e0 la fin des travaux. Dans ce cas, nous pouvons retirer l'ancien papier peint et le rev\u00eatement de sol et reboucher les trous dans les murs, entre autres. Tout cela pour ta plus grande satisfaction.<\/p>\n\n\n\n<h3 class=\"wp-block-heading\">Transfert de la propri\u00e9t\u00e9 au notaire<\/h3>\n\n\n\n<p>Nous pouvons nous assurer que le bien est pr\u00eat \u00e0 \u00eatre vendu ou lou\u00e9 d\u00e8s son ach\u00e8vement. Dans le cas d'un bien locatif, nous pouvons m\u00eame nous occuper de la remise finale au propri\u00e9taire, y compris le relev\u00e9 des compteurs et autres.<\/p>\n\n\n\n<p>Dans le cas d'une maison \u00e0 vendre, nous pouvons discuter avec l'agent immobilier du meilleur \u00e9tat d'ach\u00e8vement pour le bien en question.<\/p>\n\n\n\n<p><strong>Tu es notaire et tu es int\u00e9ress\u00e9 par notre travail ?<\/strong> <strong><a href=\"http:\/\/sterkontruimingen.nl\/fr\/contact\/\">Alors contacte-nous.<\/a><\/strong><\/p>","protected":false},"excerpt":{"rendered":"<p>STERK werkt voor notaris of bewindvoerder Men ziet steeds vaker dat mensen besluiten om in een testament bij een notaris vast te laten leggen wat er na hun overlijden met de inboedel moet gebeuren. Het verdelen van waardevolle erfstukken maar ook laten ontruimen of doneren van een inboedel. Niet zelden wordt daar specifiek in opgenomen [&hellip;]<\/p>\n","protected":false},"author":1,"featured_media":1176,"parent":0,"menu_order":0,"comment_status":"closed","ping_status":"closed","template":"","meta":{"inline_featured_image":false,"footnotes":""},"categories":[14],"tags":[],"class_list":["post-1174","page","type-page","status-publish","has-post-thumbnail","hentry","category-landingspaginas"],"blocksy_meta":{"styles_descriptor":{"styles":{"desktop":"","tablet":"","mobile":""},"google_fonts":[],"version":6}},"_links":{"self":[{"href":"https:\/\/sterkontruimingen.nl\/fr\/wp-json\/wp\/v2\/pages\/1174","targetHints":{"allow":["GET"]}}],"collection":[{"href":"https:\/\/sterkontruimingen.nl\/fr\/wp-json\/wp\/v2\/pages"}],"about":[{"href":"https:\/\/sterkontruimingen.nl\/fr\/wp-json\/wp\/v2\/types\/page"}],"author":[{"embeddable":true,"href":"https:\/\/sterkontruimingen.nl\/fr\/wp-json\/wp\/v2\/users\/1"}],"replies":[{"embeddable":true,"href":"https:\/\/sterkontruimingen.nl\/fr\/wp-json\/wp\/v2\/comments?post=1174"}],"version-history":[{"count":1,"href":"https:\/\/sterkontruimingen.nl\/fr\/wp-json\/wp\/v2\/pages\/1174\/revisions"}],"predecessor-version":[{"id":2813,"href":"https:\/\/sterkontruimingen.nl\/fr\/wp-json\/wp\/v2\/pages\/1174\/revisions\/2813"}],"wp:featuredmedia":[{"embeddable":true,"href":"https:\/\/sterkontruimingen.nl\/fr\/wp-json\/wp\/v2\/media\/1176"}],"wp:attachment":[{"href":"https:\/\/sterkontruimingen.nl\/fr\/wp-json\/wp\/v2\/media?parent=1174"}],"wp:term":[{"taxonomy":"category","embeddable":true,"href":"https:\/\/sterkontruimingen.nl\/fr\/wp-json\/wp\/v2\/categories?post=1174"},{"taxonomy":"post_tag","embeddable":true,"href":"https:\/\/sterkontruimingen.nl\/fr\/wp-json\/wp\/v2\/tags?post=1174"}],"curies":[{"name":"wp","href":"https:\/\/api.w.org\/{rel}","templated":true}]}}