{"id":1159,"date":"2020-06-30T11:52:15","date_gmt":"2020-06-30T09:52:15","guid":{"rendered":"http:\/\/sterkontruimingen.nl\/?page_id=1159"},"modified":"2024-05-27T07:32:31","modified_gmt":"2024-05-27T05:32:31","slug":"vider-la-maison-apres-le-deces","status":"publish","type":"page","link":"https:\/\/sterkontruimingen.nl\/fr\/huis-leeghalen-na-overlijden\/","title":{"rendered":"Vider la maison apr\u00e8s un d\u00e9c\u00e8s"},"content":{"rendered":"<p><strong>Vider la maison apr\u00e8s un d\u00e9c\u00e8s<\/strong> d'un \u00eatre cher est souvent un lourd fardeau. Apr\u00e8s le d\u00e9c\u00e8s d'un proche, les personnes endeuill\u00e9es sont souvent confront\u00e9es \u00e0 de nombreuses questions r\u00e9glementaires. Si un r\u00e8glement de succession est \u00e9galement impliqu\u00e9, il est souvent presque impossible \u00e0 superviser. Les choses doivent \u00eatre tri\u00e9es, les choses doivent \u00eatre tri\u00e9es et mises en ordre. Qui garde quoi et qu'est-ce qui peut partir ? Les objets restants sont souvent \u00e9crasants. De vieilles armoires en ch\u00eane que tu ne peux pas vendre, il suffit de soulever quelque chose comme \u00e7a sur plusieurs \u00e9tages. <\/p>\n\n\n\n<h3 class=\"wp-block-heading\">STERK aide les familles endeuill\u00e9es \u00e0 \u00e9vacuer.<\/h3>\n\n\n\n<p>STERK evictions a beaucoup d'exp\u00e9rience dans ta maison compl\u00e8tement. <strong>vide apr\u00e8s la mort<\/strong>. Nous nous engageons \u00e0 nous d\u00e9barrasser discr\u00e8tement et respectueusement des biens et \u00e0 donner ce qui est encore vendable \u00e0 des \u0153uvres de charit\u00e9. Ainsi, tu n'as pas le stress suppl\u00e9mentaire d'une expulsion et tu sais que tu es entre de bonnes mains avec nous. Tu n'as litt\u00e9ralement aucune raison de t'inqui\u00e9ter. Si nous trouvons des bijoux ou d'autres objets de valeur, nous en discuterons bien s\u00fbr avec toi.<\/p>\n\n\n\n<h3 class=\"wp-block-heading\">Comment se d\u00e9roule STERK ?<\/h3>\n\n\n\n<p>Nous te rendons toujours visite en premier. Lorsque tu nous demandes un devis, nous faisons le tour de la maison avec toi. Nous te donnerons ensuite un devis dans les 48 heures suivant ta demande (souvent, cela peut se faire plus t\u00f4t). Tu es press\u00e9 de terminer ta maison ? Dans ce cas, nous pouvons m\u00eame lib\u00e9rer la maison dans les 48 heures !<\/p>\n\n\n\n<p>STERK nettoie compl\u00e8tement la maison apr\u00e8s le d\u00e9c\u00e8s. Tous les objets m\u00e9nagers restants sont retir\u00e9s de la maison par des professionnels. Tous les articles m\u00e9nagers utilisables sont apport\u00e9s \u00e0 un magasin de seconde main. Les articles m\u00e9nagers de valeur, tels que les meubles anciens, sont apport\u00e9s \u00e0 une maison de vente aux ench\u00e8res. Les autres objets inutilisables sont mis \u00e0 la d\u00e9charge.<\/p>\n\n\n\n<h3 class=\"wp-block-heading\">Que se passe-t-il une fois que le logement est lib\u00e9r\u00e9 ?<\/h3>\n\n\n\n<p>Une fois que tous les biens ont \u00e9t\u00e9 d\u00e9barrass\u00e9s de la maison, STERK termine la maison. Les couvre-fen\u00eatres et les rev\u00eatements de sol sont enlev\u00e9s et les trous dans les murs sont scell\u00e9s. STERK te livre une maison qui te satisfait.<\/p>\n\n\n\n<h3 class=\"wp-block-heading\">Est-ce que STERK livre la maison ?<\/h3>\n\n\n\n<p>Tu habites trop loin ? Ou tu ne peux pas vider la maison toi-m\u00eame ? Dans ce cas, STERK se charge volontiers de cette t\u00e2che pour toi ! Nous remettons toutes les cl\u00e9s et effectuons les derniers relev\u00e9s de compteurs. Ceux-ci te seront envoy\u00e9s par e-mail afin que tu puisses les transmettre aux entreprises de services publics concern\u00e9es.<\/p>\n\n\n\n<h3 class=\"wp-block-heading\">Quels sont les CO\u00dbTS li\u00e9s au nettoyage d'une maison apr\u00e8s un d\u00e9c\u00e8s ?<\/h3>\n\n\n\n<p>Lorsque tu veux faire vider une maison apr\u00e8s un d\u00e9c\u00e8s, cela entra\u00eene des frais. Le co\u00fbt du vidage d'une maison est tr\u00e8s variable. Le prix pour vider une maison d\u00e9pend de nombreux facteurs. La taille de la maison, la quantit\u00e9 d'affaires, la quantit\u00e9 de d\u00e9chets et les diff\u00e9rentes activit\u00e9s telles que : boucher les trous, enlever les rideaux et les rails, finir les murs, les sols, les escaliers. STERK Evictions prend tous les facteurs en compte pour ton&nbsp;<a href=\"http:\/\/sterkontruimingen.nl\/fr\/demande-un-devis\/\">offre personnelle<\/a>. <\/p>\n\n\n\n<h3 class=\"wp-block-heading\">La garantie d'ach\u00e8vement STERK<\/h3>\n\n\n\n<p>Si nous promettons quelque chose. Nous les tenons. Nous veillons \u00e0 ce que ton projet soit r\u00e9alis\u00e9 \u00e0 ta satisfaction. Pour ce faire, nous mettons tout en \u0153uvre pour te fournir un excellent service. \u00c7a, c'est une promesse solide !<\/p>","protected":false},"excerpt":{"rendered":"<p>Huis leeghalen na overlijden van een dierbare is vaak een zware belasting. Na het overlijden van een dierbare zit de nabestaande vaak met een hoop regelzaken. Komt daar ook nog een ontruiming bij kijken, dan is dat vaak bijna niet te overzien. Er moet gesorteerd worden, spullen moeten uitgezocht en gesorteerd worden. Wie houdt wat [&hellip;]<\/p>\n","protected":false},"author":1,"featured_media":1058,"parent":0,"menu_order":0,"comment_status":"closed","ping_status":"closed","template":"","meta":{"inline_featured_image":false,"footnotes":""},"categories":[14],"tags":[],"class_list":["post-1159","page","type-page","status-publish","has-post-thumbnail","hentry","category-landingspaginas"],"blocksy_meta":{"styles_descriptor":{"styles":{"desktop":"","tablet":"","mobile":""},"google_fonts":[],"version":6}},"_links":{"self":[{"href":"https:\/\/sterkontruimingen.nl\/fr\/wp-json\/wp\/v2\/pages\/1159","targetHints":{"allow":["GET"]}}],"collection":[{"href":"https:\/\/sterkontruimingen.nl\/fr\/wp-json\/wp\/v2\/pages"}],"about":[{"href":"https:\/\/sterkontruimingen.nl\/fr\/wp-json\/wp\/v2\/types\/page"}],"author":[{"embeddable":true,"href":"https:\/\/sterkontruimingen.nl\/fr\/wp-json\/wp\/v2\/users\/1"}],"replies":[{"embeddable":true,"href":"https:\/\/sterkontruimingen.nl\/fr\/wp-json\/wp\/v2\/comments?post=1159"}],"version-history":[{"count":1,"href":"https:\/\/sterkontruimingen.nl\/fr\/wp-json\/wp\/v2\/pages\/1159\/revisions"}],"predecessor-version":[{"id":2770,"href":"https:\/\/sterkontruimingen.nl\/fr\/wp-json\/wp\/v2\/pages\/1159\/revisions\/2770"}],"wp:featuredmedia":[{"embeddable":true,"href":"https:\/\/sterkontruimingen.nl\/fr\/wp-json\/wp\/v2\/media\/1058"}],"wp:attachment":[{"href":"https:\/\/sterkontruimingen.nl\/fr\/wp-json\/wp\/v2\/media?parent=1159"}],"wp:term":[{"taxonomy":"category","embeddable":true,"href":"https:\/\/sterkontruimingen.nl\/fr\/wp-json\/wp\/v2\/categories?post=1159"},{"taxonomy":"post_tag","embeddable":true,"href":"https:\/\/sterkontruimingen.nl\/fr\/wp-json\/wp\/v2\/tags?post=1159"}],"curies":[{"name":"wp","href":"https:\/\/api.w.org\/{rel}","templated":true}]}}