{"id":913,"date":"2020-05-16T21:58:07","date_gmt":"2020-05-16T19:58:07","guid":{"rendered":"http:\/\/sterkontruimingen.nl\/?page_id=913"},"modified":"2020-05-16T22:02:11","modified_gmt":"2020-05-16T20:02:11","slug":"datenschutzbestimmungen","status":"publish","type":"page","link":"https:\/\/sterkontruimingen.nl\/de\/privacy-beleid\/","title":{"rendered":"Datenschutzrichtlinie"},"content":{"rendered":"<p>Wir sind uns bewusst, dass du dein Vertrauen in uns setzt. Deshalb sehen wir es als unsere Verantwortung an, deine Privatsph\u00e4re zu sch\u00fctzen. Auf dieser Seite erf\u00e4hrst du, welche Daten wir sammeln, wenn du unsere Website besuchst, warum wir diese Daten sammeln und wie wir sie nutzen, um dein Nutzererlebnis zu verbessern. Auf diese Weise kannst du genau verstehen, wie wir arbeiten. Diese Datenschutzrichtlinie gilt f\u00fcr die Dienstleistungen von STERK Ontruimingen. Du solltest dir bewusst sein, dass STERK Ontruimingen nicht f\u00fcr die Datenschutzrichtlinien anderer Websites und Quellen verantwortlich ist. Durch die Nutzung dieser Website erkl\u00e4rst du dich mit den Datenschutzrichtlinien einverstanden. STERK Ontruimingen respektiert die Privatsph\u00e4re aller Nutzer seiner Website und stellt sicher, dass die pers\u00f6nlichen Daten, die du uns zur Verf\u00fcgung stellst, vertraulich behandelt werden.<\/p>\n\n\n\n<h2 class=\"wp-block-heading\">Unsere Verwendung der gesammelten Daten<\/h2>\n\n\n\n<h3 class=\"wp-block-heading\">Nutzung unserer Dienste<\/h3>\n\n\n\n<p>Wenn du dich f\u00fcr einen unserer Dienste anmeldest, bitten wir dich um die Angabe pers\u00f6nlicher Daten. Diese Daten werden verwendet, um den Dienst zu erbringen. Die Daten werden auf den eigenen sicheren Servern von STERK Ontruimingen oder auf denen eines Dritten gespeichert. Wir werden diese Daten nicht mit anderen personenbezogenen Daten in unserem Besitz kombinieren.<\/p>\n\n\n\n<h3 class=\"wp-block-heading\">Kommunikation<\/h3>\n\n\n\n<p>Wenn du uns E-Mails oder andere Nachrichten schickst, k\u00f6nnen wir diese Nachrichten aufbewahren. Manchmal fragen wir dich nach deinen pers\u00f6nlichen Daten, die f\u00fcr die jeweilige Situation relevant sind. Dies erm\u00f6glicht es uns, deine Fragen zu bearbeiten und auf deine Anfragen zu antworten. Die Daten werden auf den eigenen sicheren Servern von STERK Ontruimingen oder auf denen eines Dritten gespeichert. Wir werden diese Daten nicht mit anderen personenbezogenen Daten in unserem Besitz kombinieren.<\/p>\n\n\n\n<h3 class=\"wp-block-heading\">Cookies<\/h3>\n\n\n\n<p>Wir sammeln Daten f\u00fcr die Forschung, um unsere Kunden besser zu verstehen, damit wir unsere Dienstleistungen entsprechend anpassen k\u00f6nnen. Diese Website verwendet \"Cookies\" (Textdateien, die auf deinem Computer gespeichert werden), damit die Website analysieren kann, wie Besucher die Website nutzen. Die von dem Cookie erzeugten Informationen \u00fcber deine Nutzung der Website k\u00f6nnen an die eigenen sicheren Server von STERK Ontruimingen oder an die eines Dritten \u00fcbertragen werden. Wir verwenden diese Informationen, um zu verfolgen, wie du die Website nutzt, um Berichte \u00fcber die Website-Aktivit\u00e4ten zu erstellen und um andere Dienstleistungen im Zusammenhang mit der Website-Aktivit\u00e4t und der Internetnutzung anzubieten.<\/p>\n\n\n\n<h3 class=\"wp-block-heading\">Verwendungszwecke<\/h3>\n\n\n\n<p>Wir sammeln oder verwenden keine Informationen f\u00fcr andere als die in dieser Datenschutzerkl\u00e4rung beschriebenen Zwecke, es sei denn, wir haben deine vorherige Zustimmung erhalten.<\/p>\n\n\n\n<h3 class=\"wp-block-heading\">Dritte Parteien<\/h3>\n\n\n\n<p>Die Informationen werden nicht an Dritte weitergegeben. In einigen F\u00e4llen k\u00f6nnen die Informationen intern weitergegeben werden. Unsere Mitarbeiter\/innen sind verpflichtet, die Vertraulichkeit deiner Daten zu wahren.<\/p>\n\n\n\n<h3 class=\"wp-block-heading\">\u00c4nderungen<\/h3>\n\n\n\n<p>Diese Datenschutzerkl\u00e4rung ist auf die Nutzung und die Funktionen auf dieser Website zugeschnitten. Jegliche Anpassungen und\/oder \u00c4nderungen an dieser Website k\u00f6nnen zu \u00c4nderungen an dieser Datenschutzerkl\u00e4rung f\u00fchren. Es ist daher ratsam, diese Datenschutzerkl\u00e4rung regelm\u00e4\u00dfig zu lesen.<\/p>\n\n\n\n<h3 class=\"wp-block-heading\">Auswahl der pers\u00f6nlichen Daten<\/h3>\n\n\n\n<p>Wir bieten allen Besucherinnen und Besuchern die M\u00f6glichkeit, die uns zur Verf\u00fcgung gestellten pers\u00f6nlichen Daten einzusehen, zu \u00e4ndern oder zu l\u00f6schen.<\/p>\n\n\n\n<h3 class=\"wp-block-heading\">Anpassen\/Abbestellen des Newsletter-Dienstes<\/h3>\n\n\n\n<p>Am Ende jedes Mailings findest du die M\u00f6glichkeit, deine Daten zu bearbeiten oder dich abzumelden.<\/p>\n\n\n\n<h3 class=\"wp-block-heading\">Kommunikation anpassen\/abbestellen<\/h3>\n\n\n\n<p>Wenn du deine Daten \u00e4ndern oder aus unseren Dateien l\u00f6schen m\u00f6chtest, kontaktiere uns bitte. Siehe Kontaktinformationen unten.<\/p>\n\n\n\n<h3 class=\"wp-block-heading\">Cookies deaktivieren<\/h3>\n\n\n\n<p>Die meisten Browser sind so eingestellt, dass sie Cookies standardm\u00e4\u00dfig akzeptieren, aber du kannst deinen Browser so einstellen, dass er alle Cookies ablehnt oder anzeigt, wenn ein Cookie gesendet wird. Einige Funktionen und Dienste auf unserer und anderen Websites funktionieren jedoch m\u00f6glicherweise nicht richtig, wenn Cookies in deinem Browser deaktiviert sind.<\/p>\n\n\n\n<h3 class=\"wp-block-heading\">Fragen &amp; Feedback<\/h3>\n\n\n\n<p>Wir \u00fcberpr\u00fcfen regelm\u00e4\u00dfig, ob wir diese Datenschutzrichtlinie einhalten. Wenn du Fragen zu dieser Datenschutzrichtlinie hast, kontaktiere uns bitte: STERK Ontruimingen Nijverheidsweg 46c Antoniapolder 3341 LJ Hendrik-Ido-Ambacht<\/p>","protected":false},"excerpt":{"rendered":"<p>Wij zijn ons er van bewust dat u vertrouwen stelt in ons. Wij zien het dan ook als onze verantwoordelijkheid om uw privacy te beschermen. Op deze pagina laten we u weten welke gegevens we verzamelen als u onze website bezoekt, waarom we deze gegevens verzamelen en hoe we hiermee uw gebruikservaring verbeteren. Zo snapt [&hellip;]<\/p>\n","protected":false},"author":1,"featured_media":0,"parent":0,"menu_order":0,"comment_status":"closed","ping_status":"closed","template":"","meta":{"inline_featured_image":false,"footnotes":""},"categories":[],"tags":[],"class_list":["post-913","page","type-page","status-publish","hentry"],"blocksy_meta":{"styles_descriptor":{"styles":{"desktop":"","tablet":"","mobile":""},"google_fonts":[],"version":6}},"_links":{"self":[{"href":"https:\/\/sterkontruimingen.nl\/de\/wp-json\/wp\/v2\/pages\/913","targetHints":{"allow":["GET"]}}],"collection":[{"href":"https:\/\/sterkontruimingen.nl\/de\/wp-json\/wp\/v2\/pages"}],"about":[{"href":"https:\/\/sterkontruimingen.nl\/de\/wp-json\/wp\/v2\/types\/page"}],"author":[{"embeddable":true,"href":"https:\/\/sterkontruimingen.nl\/de\/wp-json\/wp\/v2\/users\/1"}],"replies":[{"embeddable":true,"href":"https:\/\/sterkontruimingen.nl\/de\/wp-json\/wp\/v2\/comments?post=913"}],"version-history":[{"count":0,"href":"https:\/\/sterkontruimingen.nl\/de\/wp-json\/wp\/v2\/pages\/913\/revisions"}],"wp:attachment":[{"href":"https:\/\/sterkontruimingen.nl\/de\/wp-json\/wp\/v2\/media?parent=913"}],"wp:term":[{"taxonomy":"category","embeddable":true,"href":"https:\/\/sterkontruimingen.nl\/de\/wp-json\/wp\/v2\/categories?post=913"},{"taxonomy":"post_tag","embeddable":true,"href":"https:\/\/sterkontruimingen.nl\/de\/wp-json\/wp\/v2\/tags?post=913"}],"curies":[{"name":"wp","href":"https:\/\/api.w.org\/{rel}","templated":true}]}}