{"id":891,"date":"2020-05-16T12:48:31","date_gmt":"2020-05-16T10:48:31","guid":{"rendered":"http:\/\/sterkontruimingen.nl\/?page_id=891"},"modified":"2020-05-16T12:51:00","modified_gmt":"2020-05-16T10:51:00","slug":"corona","status":"publish","type":"page","link":"https:\/\/sterkontruimingen.nl\/de\/corona\/","title":{"rendered":"Corona Update (16. Mai 2020)"},"content":{"rendered":"<h2 class=\"wp-block-heading\">Fragen zu Corona<\/h2>\n\n\n\n<p>Um zu gew\u00e4hrleisten, dass unsere Dienstleistungen f\u00fcr dich und unsere Mitarbeiter sicher sind, haben wir ein Protokoll erstellt, an das wir uns halten, wenn wir es einhalten. <\/p>\n\n\n\n<p>In diesen unsicheren Zeiten m\u00f6chten wir dir versichern, dass unser gesamtes Team zu deinen Diensten steht, um die gewohnte Qualit\u00e4t unserer Dienstleistungen sicherzustellen und Kontinuit\u00e4t zu garantieren. Wir ergreifen alle vorbeugenden Ma\u00dfnahmen, um unsere Besch\u00e4ftigten und Kunden vor dem Corona-Virus zu sch\u00fctzen. Wir wenden daher die von der Regierung vorgeschriebenen Ma\u00dfnahmen an und befolgen alle Einschr\u00e4nkungen.<\/p>\n\n\n\n<p>In Pflegeheimen vermeiden wir jeden Kontakt mit den \u00e4lteren Menschen und die (Notfall-)Evakuierung erfolgt nur in Absprache mit dem Pflegeheim.<\/p>\n\n\n\n<h3 class=\"wp-block-heading\">Fragen zu Corona<\/h3>\n\n\n\n<p><strong>R\u00e4umst du in Corona-Zeit ab?<\/strong><\/p>\n\n\n\n<p>Ja, wir r\u00e4umen immer noch in der Corona-Zeit. Wir sind die Ersten, die daf\u00fcr sorgen, dass du und unsere Mitarbeiter sicher sind. Dabei halten wir uns an die von der Regierung auferlegten Ma\u00dfnahmen.<\/p>\n\n\n\n<p><strong>Kommst du noch vorbei, um ein Angebot einzuholen?<\/strong><\/p>\n\n\n\n<p>Ohne dass wir das Haus und seinen Inhalt gesehen haben, ist es f\u00fcr uns selbstverst\u00e4ndlich, dass wir mit nassen Fingern arbeiten. Deshalb ist es notwendig, dass wir die Immobilie besichtigen, um eine Bestandsaufnahme zu machen. Bei der Besichtigung wird nur 1 Mitarbeiter anwesend sein. Au\u00dferdem bitten wir dich, auch alleine zu kommen und einen Abstand von eineinhalb Metern einzuhalten.<\/p>\n\n\n\n<p><strong>Sollte ich bei der Evakuierung anwesend sein?<\/strong><\/p>\n\n\n\n<p>Wie unter normalen Umst\u00e4nden auch, musst du bei der Abfertigung nicht anwesend sein. F\u00fcr die Lieferung haben wir mehrere Optionen. In Absprache ist alles m\u00f6glich.<\/p>\n\n\n\n<h3 class=\"wp-block-heading\">FORDERE NOCH HEUTE EIN KOSTENLOSES ANGEBOT AN<\/h3>\n\n\n\n<p>M\u00f6chtest du weitere Informationen \u00fcber unsere Dienstleistungen erhalten, wie zum Beispiel eine&nbsp;<a href=\"http:\/\/sterkontruimingen.nl\/de\/sicherheitsabstande\/\">Notr\u00e4umung<\/a>? Dann rufe unsere regionale Nummer an: 085 130 06 85. Du kannst auch eine&nbsp;<a href=\"http:\/\/sterkontruimingen.nl\/de\/ein-angebot-anfordern\/\">Fordere ein Angebot \u00fcber unser Angebotsformular an<\/a>.<\/p>\n\n\n\n<div class=\"wp-block-buttons is-layout-flex wp-block-buttons-is-layout-flex\">\n<div class=\"wp-block-button\"><a class=\"wp-block-button__link\" href=\"http:\/\/sterkontruimingen.nl\/de\/kontakt\/\">Stelle deine Frage<\/a><\/div>\n\n\n\n<div class=\"wp-block-button\"><a class=\"wp-block-button__link has-background\" href=\"http:\/\/sterkontruimingen.nl\/de\/ein-angebot-anfordern\/\" style=\"background-color:#e30613\">Angebot anfordern<\/a><\/div>\n<\/div>","protected":false},"excerpt":{"rendered":"<p>Vragen omtrent Corona Om er zeker van te zijn dat onze dienstverlening veilig is voor u en onze medewerkers hebben wij een protocol opgesteld waar, wanneer we ons eraan houden. In deze onzekere tijden willen we u verzekeren dat ons hele team voor u klaar staat om de gebruikelijke kwaliteit van onze dienstverlening te garanderen [&hellip;]<\/p>\n","protected":false},"author":1,"featured_media":897,"parent":0,"menu_order":0,"comment_status":"closed","ping_status":"closed","template":"","meta":{"inline_featured_image":false,"footnotes":""},"categories":[14],"tags":[],"class_list":["post-891","page","type-page","status-publish","has-post-thumbnail","hentry","category-landingspaginas"],"blocksy_meta":{"styles_descriptor":{"styles":{"desktop":"","tablet":"","mobile":""},"google_fonts":[],"version":6}},"_links":{"self":[{"href":"https:\/\/sterkontruimingen.nl\/de\/wp-json\/wp\/v2\/pages\/891","targetHints":{"allow":["GET"]}}],"collection":[{"href":"https:\/\/sterkontruimingen.nl\/de\/wp-json\/wp\/v2\/pages"}],"about":[{"href":"https:\/\/sterkontruimingen.nl\/de\/wp-json\/wp\/v2\/types\/page"}],"author":[{"embeddable":true,"href":"https:\/\/sterkontruimingen.nl\/de\/wp-json\/wp\/v2\/users\/1"}],"replies":[{"embeddable":true,"href":"https:\/\/sterkontruimingen.nl\/de\/wp-json\/wp\/v2\/comments?post=891"}],"version-history":[{"count":0,"href":"https:\/\/sterkontruimingen.nl\/de\/wp-json\/wp\/v2\/pages\/891\/revisions"}],"wp:featuredmedia":[{"embeddable":true,"href":"https:\/\/sterkontruimingen.nl\/de\/wp-json\/wp\/v2\/media\/897"}],"wp:attachment":[{"href":"https:\/\/sterkontruimingen.nl\/de\/wp-json\/wp\/v2\/media?parent=891"}],"wp:term":[{"taxonomy":"category","embeddable":true,"href":"https:\/\/sterkontruimingen.nl\/de\/wp-json\/wp\/v2\/categories?post=891"},{"taxonomy":"post_tag","embeddable":true,"href":"https:\/\/sterkontruimingen.nl\/de\/wp-json\/wp\/v2\/tags?post=891"}],"curies":[{"name":"wp","href":"https:\/\/api.w.org\/{rel}","templated":true}]}}