{"id":830,"date":"2020-04-29T00:01:27","date_gmt":"2020-04-28T22:01:27","guid":{"rendered":"http:\/\/sterkontruimingen.nl\/?page_id=830"},"modified":"2024-05-27T08:38:29","modified_gmt":"2024-05-27T06:38:29","slug":"haus-leer-schwijndrecht","status":"publish","type":"page","link":"https:\/\/sterkontruimingen.nl\/de\/woning-leeghalen-zwijndrecht\/","title":{"rendered":"Leeres Haus zwijndrecht"},"content":{"rendered":"<h2 class=\"wp-block-heading\">Ein Haus in Zwijndrecht entr\u00fcmpeln<\/h2>\n\n\n\n<p>Ein Haus in Zwijndrecht zu entr\u00fcmpeln kann ganz sch\u00f6n anstrengend sein. Oft kommen Menschen zu uns, um ein gemietetes Haus, eine Wohnung oder ein Einfamilienhaus zu leeren, weil sie umziehen werden oder sogar ausziehen m\u00fcssen. Wir verstehen, dass das ein einschneidendes oder stressiges Ereignis sein kann oder dass du es einfach nicht alleine schaffen kannst. <\/p>\n\n\n\n<p>STERK Zwijndrecht hat es sich zur Aufgabe gemacht, Menschen aus Zwijndrecht, die ihre Wohnungen entr\u00fcmpeln wollen, vollst\u00e4ndig zu entlasten. Mit unserer professionellen Herangehensweise und unserer langj\u00e4hrigen Erfahrung in der Entr\u00fcmpelung von H\u00e4usern bist du bei uns an der richtigen Adresse. Es beginnt damit, dass du einen Kostenvoranschlag anforderst. Wir besuchen dich direkt in Zwijndrecht und gehen mit dir das Haus durch. Wenn du den Kostenvoranschlag genehmigst, k\u00f6nnen wir oft sehr schnell mit den Vorbereitungen und schlie\u00dflich mit der R\u00e4umung deines Hauses beginnen.<\/p>\n\n\n\n<p>Hast du es eilig? Kein Problem! Mit unserer STERK-Notr\u00e4umung k\u00f6nnen wir deine Immobilie gem\u00e4\u00df den Richtlinien des Vermieters oder K\u00e4ufers innerhalb von nur 48 Stunden \u00fcbergeben.<\/p>","protected":false},"excerpt":{"rendered":"<p>Woning leeghalen in Zwijndrecht Een woning leeghalen in Zwijndrecht kan een aardige klus zijn. Vaak komen mensen bij ons om een huurwoning, appartement of eengezinswoning leeg te halen omdat men gaat verhuizen of zelfs gedwongen moeten verhuizen. Wij begrijpen dat dit een ingrijpende of stressvolle gebeurtenis kan zijn of dat je het gewoon niet alleen [&hellip;]<\/p>\n","protected":false},"author":1,"featured_media":699,"parent":0,"menu_order":0,"comment_status":"closed","ping_status":"closed","template":"","meta":{"inline_featured_image":false,"footnotes":""},"categories":[14],"tags":[],"class_list":["post-830","page","type-page","status-publish","has-post-thumbnail","hentry","category-landingspaginas"],"blocksy_meta":{"styles_descriptor":{"styles":{"desktop":"","tablet":"","mobile":""},"google_fonts":[],"version":6}},"_links":{"self":[{"href":"https:\/\/sterkontruimingen.nl\/de\/wp-json\/wp\/v2\/pages\/830","targetHints":{"allow":["GET"]}}],"collection":[{"href":"https:\/\/sterkontruimingen.nl\/de\/wp-json\/wp\/v2\/pages"}],"about":[{"href":"https:\/\/sterkontruimingen.nl\/de\/wp-json\/wp\/v2\/types\/page"}],"author":[{"embeddable":true,"href":"https:\/\/sterkontruimingen.nl\/de\/wp-json\/wp\/v2\/users\/1"}],"replies":[{"embeddable":true,"href":"https:\/\/sterkontruimingen.nl\/de\/wp-json\/wp\/v2\/comments?post=830"}],"version-history":[{"count":1,"href":"https:\/\/sterkontruimingen.nl\/de\/wp-json\/wp\/v2\/pages\/830\/revisions"}],"predecessor-version":[{"id":4792,"href":"https:\/\/sterkontruimingen.nl\/de\/wp-json\/wp\/v2\/pages\/830\/revisions\/4792"}],"wp:featuredmedia":[{"embeddable":true,"href":"https:\/\/sterkontruimingen.nl\/de\/wp-json\/wp\/v2\/media\/699"}],"wp:attachment":[{"href":"https:\/\/sterkontruimingen.nl\/de\/wp-json\/wp\/v2\/media?parent=830"}],"wp:term":[{"taxonomy":"category","embeddable":true,"href":"https:\/\/sterkontruimingen.nl\/de\/wp-json\/wp\/v2\/categories?post=830"},{"taxonomy":"post_tag","embeddable":true,"href":"https:\/\/sterkontruimingen.nl\/de\/wp-json\/wp\/v2\/tags?post=830"}],"curies":[{"name":"wp","href":"https:\/\/api.w.org\/{rel}","templated":true}]}}