{"id":805,"date":"2021-05-08T09:27:19","date_gmt":"2021-05-08T07:27:19","guid":{"rendered":"http:\/\/sterkontruimingen.nl\/?page_id=805"},"modified":"2024-05-27T08:09:02","modified_gmt":"2024-05-27T06:09:02","slug":"bodenentfernung","status":"publish","type":"page","link":"https:\/\/sterkontruimingen.nl\/de\/vloerverwijdering\/","title":{"rendered":"Boden entfernen"},"content":{"rendered":"<p>Willst du den Bodenbelag auf der Treppe oder dem Fu\u00dfboden entfernen, bevor du ihn an den Vermieter \u00fcbergibst oder einen neuen Bodenbelag verlegst? Oft sind die Bel\u00e4ge auf dem Boden\/der Treppe verklebt oder festgenagelt. Aus diesem Grund freuen sich die Leute oft darauf. Es ist auch eine gro\u00dfe Arbeit, sie zu entfernen. STERK woningontruiming hilft dir gerne, diese Arbeit f\u00fcr dich zu erledigen. Wir haben alles Material im Haus, um dir bei der fachgerechten Entfernung zu helfen, sowohl auf B\u00f6den als auch auf Treppen. Wir liefern sie komplett blank und sorgen f\u00fcr das richtige Ergebnis. <\/p>","protected":false},"excerpt":{"rendered":"<p>Wilt u de vloerbedekking van de trap of vloer verwijderen voor het opleveren aan de verhuurder of voor het plaatsen van nieuwe vloerbedekking? Vaak zijn de bedekkingen van de vloer\/trap verlijmd of vastgespijkerd. Hierdoor zien mensen er vaak tegenop. Het is ook een enorme klus om te verwijderen.STERK woningontruiming helpt u graag om deze klus [&hellip;]<\/p>\n","protected":false},"author":1,"featured_media":807,"parent":0,"menu_order":0,"comment_status":"closed","ping_status":"closed","template":"","meta":{"inline_featured_image":false,"footnotes":""},"categories":[14],"tags":[],"class_list":["post-805","page","type-page","status-publish","has-post-thumbnail","hentry","category-landingspaginas"],"blocksy_meta":{"styles_descriptor":{"styles":{"desktop":"","tablet":"","mobile":""},"google_fonts":[],"version":6}},"_links":{"self":[{"href":"https:\/\/sterkontruimingen.nl\/de\/wp-json\/wp\/v2\/pages\/805","targetHints":{"allow":["GET"]}}],"collection":[{"href":"https:\/\/sterkontruimingen.nl\/de\/wp-json\/wp\/v2\/pages"}],"about":[{"href":"https:\/\/sterkontruimingen.nl\/de\/wp-json\/wp\/v2\/types\/page"}],"author":[{"embeddable":true,"href":"https:\/\/sterkontruimingen.nl\/de\/wp-json\/wp\/v2\/users\/1"}],"replies":[{"embeddable":true,"href":"https:\/\/sterkontruimingen.nl\/de\/wp-json\/wp\/v2\/comments?post=805"}],"version-history":[{"count":1,"href":"https:\/\/sterkontruimingen.nl\/de\/wp-json\/wp\/v2\/pages\/805\/revisions"}],"predecessor-version":[{"id":4791,"href":"https:\/\/sterkontruimingen.nl\/de\/wp-json\/wp\/v2\/pages\/805\/revisions\/4791"}],"wp:featuredmedia":[{"embeddable":true,"href":"https:\/\/sterkontruimingen.nl\/de\/wp-json\/wp\/v2\/media\/807"}],"wp:attachment":[{"href":"https:\/\/sterkontruimingen.nl\/de\/wp-json\/wp\/v2\/media?parent=805"}],"wp:term":[{"taxonomy":"category","embeddable":true,"href":"https:\/\/sterkontruimingen.nl\/de\/wp-json\/wp\/v2\/categories?post=805"},{"taxonomy":"post_tag","embeddable":true,"href":"https:\/\/sterkontruimingen.nl\/de\/wp-json\/wp\/v2\/tags?post=805"}],"curies":[{"name":"wp","href":"https:\/\/api.w.org\/{rel}","templated":true}]}}