{"id":792,"date":"2020-04-20T13:39:08","date_gmt":"2020-04-20T11:39:08","guid":{"rendered":"http:\/\/sterkontruimingen.nl\/?page_id=792"},"modified":"2020-04-20T14:02:10","modified_gmt":"2020-04-20T12:02:10","slug":"pflegezimmer-evakuieren","status":"publish","type":"page","link":"https:\/\/sterkontruimingen.nl\/de\/zorgkamer-ontruimen\/","title":{"rendered":"Hausr\u00e4umung des Pflegeraums"},"content":{"rendered":"<p>Musst du dringend ein Zimmer in einem Pflegeheim oder einem Seniorenheim ordentlich und sauber \u00fcbergeben? STERK hilft dir gerne! Bei einer dringenden Freigabe k\u00f6nnen wir sofort beginnen. Wir k\u00f6nnen das Pflegezimmer nach den W\u00fcnschen des Pflegeheims innerhalb von zwei Tagen liefern. <\/p>\n\n\n\n<h2 class=\"wp-block-heading\">Pflegezimmer durch starke Kr\u00e4fte r\u00e4umen lassen<\/h2>\n\n\n\n<p>STERK nimmt dir bis zur kompletten \u00dcbergabe des Pflegezimmers alle Sorgen ab. M\u00f6chtest du, dass all das f\u00fcr dich ordentlich erledigt wird, hast aber keine Zeit, das selbst zu tun? Wir helfen dir gerne bei der R\u00e4umung der Wohnung oder des Zimmers im Pflegeheim. Wir wissen, dass diese<strong>\u00a0Der Raum muss oft innerhalb von ein paar Tagen leer sein. Wir wissen, dass das sorgf\u00e4ltig gemacht werden muss. Aufgrund unserer Arbeitsweise kannst du sicher sein, dass die Entr\u00fcmpelung perfekt durchgef\u00fchrt wird.<\/strong><\/p>\n\n\n\n<p>Auf diese Weise kannst du dich um andere Dinge k\u00fcmmern und wei\u00dft, dass du in guten H\u00e4nden bist!<\/p>","protected":false},"excerpt":{"rendered":"<p>Moet u met spoed een kamer in verzorgingstehuis of een seniorenwoning netjes en schoon op te leveren? STERK helpt u graag! Bij een spoedontruiming kunnen we direct beginnen. Wij kunnen binnen 2 dagen de zorgkamer opleveren naar de wensen van het verzorgingstehuis. Zorgkamer laten ontruimen door sterk STERK ontzorgt u volledig tot de complete oplevering [&hellip;]<\/p>\n","protected":false},"author":1,"featured_media":790,"parent":0,"menu_order":0,"comment_status":"closed","ping_status":"closed","template":"","meta":{"inline_featured_image":false,"footnotes":""},"categories":[14],"tags":[],"class_list":["post-792","page","type-page","status-publish","has-post-thumbnail","hentry","category-landingspaginas"],"blocksy_meta":{"styles_descriptor":{"styles":{"desktop":"","tablet":"","mobile":""},"google_fonts":[],"version":6}},"_links":{"self":[{"href":"https:\/\/sterkontruimingen.nl\/de\/wp-json\/wp\/v2\/pages\/792","targetHints":{"allow":["GET"]}}],"collection":[{"href":"https:\/\/sterkontruimingen.nl\/de\/wp-json\/wp\/v2\/pages"}],"about":[{"href":"https:\/\/sterkontruimingen.nl\/de\/wp-json\/wp\/v2\/types\/page"}],"author":[{"embeddable":true,"href":"https:\/\/sterkontruimingen.nl\/de\/wp-json\/wp\/v2\/users\/1"}],"replies":[{"embeddable":true,"href":"https:\/\/sterkontruimingen.nl\/de\/wp-json\/wp\/v2\/comments?post=792"}],"version-history":[{"count":0,"href":"https:\/\/sterkontruimingen.nl\/de\/wp-json\/wp\/v2\/pages\/792\/revisions"}],"wp:featuredmedia":[{"embeddable":true,"href":"https:\/\/sterkontruimingen.nl\/de\/wp-json\/wp\/v2\/media\/790"}],"wp:attachment":[{"href":"https:\/\/sterkontruimingen.nl\/de\/wp-json\/wp\/v2\/media?parent=792"}],"wp:term":[{"taxonomy":"category","embeddable":true,"href":"https:\/\/sterkontruimingen.nl\/de\/wp-json\/wp\/v2\/categories?post=792"},{"taxonomy":"post_tag","embeddable":true,"href":"https:\/\/sterkontruimingen.nl\/de\/wp-json\/wp\/v2\/tags?post=792"}],"curies":[{"name":"wp","href":"https:\/\/api.w.org\/{rel}","templated":true}]}}