{"id":751,"date":"2020-04-18T18:55:11","date_gmt":"2020-04-18T16:55:11","guid":{"rendered":"http:\/\/sterkontruimingen.nl\/?page_id=751"},"modified":"2023-04-29T20:14:51","modified_gmt":"2023-04-29T18:14:51","slug":"clearing-rotterdam","status":"publish","type":"page","link":"https:\/\/sterkontruimingen.nl\/de\/ontruiming-rotterdam\/","title":{"rendered":"Hausr\u00e4umung Rotterdam"},"content":{"rendered":"<h2 class=\"wp-block-heading\">Hausr\u00e4umung Rotterdam<\/h2>\n\n\n\n<p>In Rotterdam sind Hausr\u00e4umungen an der Tagesordnung. Vielleicht hast du uns schon mit unserem STERK-Van in Rotterdam in Aktion gesehen. Unser spezialisiertes Team in (und au\u00dferhalb von) Rotterdam ist bereit, jede R\u00e4umung sorgf\u00e4ltig und effizient zu erledigen. Was macht STERK Evictions so einzigartig in Rotterdam? Wir arbeiten mit der Stichting Nieuwe Hoop und der Stichting Ontmoeting zusammen, die ehemaligen Obdachlosen eine neue Chance im Leben bieten, indem sie bei Nieuwe Hoop Arbeitserfahrung sammeln k\u00f6nnen. Wenn sie bereit sind, einer bezahlten Arbeit nachzugehen, k\u00f6nnen sie auch zu STERK kommen. Indem du uns mit deiner Entr\u00fcmpelung in Rotterdam beauftragst, tr\u00e4gst du zum Neustart ehemaliger Klienten der Stiftung Ontmoeting und Wiedereingliederungsmitarbeitern von Nieuwe Hoop bei.<\/p>\n\n\n\n<div class=\"wp-block-columns is-layout-flex wp-container-core-columns-is-layout-28f84493 wp-block-columns-is-layout-flex\">\n<div class=\"wp-block-column is-layout-flow wp-block-column-is-layout-flow\">\n<figure class=\"wp-block-image size-full is-resized\"><img fetchpriority=\"high\" decoding=\"async\" src=\"http:\/\/sterkontruimingen.nl\/wp-content\/uploads\/2023\/04\/Woning-Ontruiming-Rotterdam.jpg\" alt=\"Hausr\u00e4umung Rotterdam\" class=\"wp-image-3829\" width=\"614\" height=\"307\" srcset=\"https:\/\/sterkontruimingen.nl\/wp-content\/uploads\/2023\/04\/Woning-Ontruiming-Rotterdam.jpg 800w, https:\/\/sterkontruimingen.nl\/wp-content\/uploads\/2023\/04\/Woning-Ontruiming-Rotterdam-300x150.jpg 300w, https:\/\/sterkontruimingen.nl\/wp-content\/uploads\/2023\/04\/Woning-Ontruiming-Rotterdam-768x384.jpg 768w\" sizes=\"(max-width: 614px) 100vw, 614px\" \/><\/figure>\n<\/div>\n\n\n\n<div class=\"wp-block-column is-layout-flow wp-block-column-is-layout-flow\">\n<p>Unsere Entr\u00fcmpelungsdienste umfassen verschiedene Arbeiten, wie das Entfernen von Teppichen, Tapeten, Schrauben und N\u00e4geln und das Reparieren von L\u00f6chern in W\u00e4nden. Au\u00dferdem bringen wir brauchbare Gegenst\u00e4nde zur Wiederverwendung zu Wohlt\u00e4tigkeitsorganisationen und entsorgen Abf\u00e4lle auf umweltfreundliche Art und Weise. Unsere lokale Pr\u00e4senz in Rotterdam sorgt daf\u00fcr, dass wir schnell mit der R\u00e4umung deiner Wohnung beginnen k\u00f6nnen.<\/p>\n<\/div>\n<\/div>\n\n\n\n<h3 class=\"wp-block-heading\">Zus\u00e4tzliche Hilfe bei der R\u00e4umung in Rotterdam durch STERK Evacuation Company<\/h3>\n\n\n\n<p>In der dynamischen Stadt Rotterdam kann es notwendig sein, zus\u00e4tzliche Unterst\u00fctzung bei Wohnungsr\u00e4umungen zu leisten. STERK Eviction Company kennt die besonderen Herausforderungen von Zwangsr\u00e4umungen in einem st\u00e4dtischen Umfeld und ist daher der ideale Partner, um dich in diesen Situationen zu unterst\u00fctzen.<\/p>\n\n\n\n<p>Ganz gleich, ob es sich um einen Umzug, die R\u00e4umung von Gesch\u00e4ftsr\u00e4umen oder eine komplexe Situation wie einen Konkurs oder einen Todesfall handelt, unser Team in Rotterdam bietet dir w\u00e4hrend des gesamten Prozesses professionelle und einf\u00fchlsame Unterst\u00fctzung. Wir sorgen daf\u00fcr, dass die R\u00e4umung reibungslos, respektvoll und diskret abl\u00e4uft und ber\u00fccksichtigen dabei die besonderen Umst\u00e4nde und eventuelle Sensibilit\u00e4ten.<\/p>\n\n\n\n<p>In Rotterdam gibt es viele M\u00f6glichkeiten, unbrauchbaren oder \u00fcberfl\u00fcssigen Gegenst\u00e4nden ein neues Leben zu geben. Die STERK Clearing Company arbeitet mit verschiedenen lokalen Wohlt\u00e4tigkeitsorganisationen und Recyclingstellen zusammen, um sicherzustellen, dass brauchbare Gegenst\u00e4nde eine zweite Chance erhalten. Auf diese Weise tragen wir zu einer nachhaltigen und sozial engagierten Gemeinschaft in Rotterdam bei.<\/p>\n\n\n\n<p>Au\u00dferdem sind wir uns der Park- und Verkehrssituation in Rotterdam bewusst und ber\u00fccksichtigen diese bei der Planung unserer Evakuierungsarbeiten. Falls n\u00f6tig, informieren wir auch die Nachbarn, damit auch sie so wenig wie m\u00f6glich von der Evakuierung beeintr\u00e4chtigt werden. Unser Team ist flexibel und kann sich an alle Einschr\u00e4nkungen anpassen, damit die Evakuierung so reibungslos wie m\u00f6glich abl\u00e4uft.<\/p>\n\n\n\n<p>Kurz gesagt: STERK, dein R\u00e4umungsunternehmen, ist ein zuverl\u00e4ssiger Partner f\u00fcr Zwangsr\u00e4umungen in Rotterdam. Wir sorgen f\u00fcr einen reibungslosen Ablauf, damit du dich auf die Dinge konzentrieren kannst, die dir wichtig sind. Kontaktiere uns noch heute, um zu besprechen, wie wir dir bei deiner Zwangsr\u00e4umung in Rotterdam behilflich sein k\u00f6nnen.<\/p>\n\n\n\n<div class=\"wp-block-columns is-layout-flex wp-container-core-columns-is-layout-28f84493 wp-block-columns-is-layout-flex\">\n<div class=\"wp-block-column is-layout-flow wp-block-column-is-layout-flow\">\n<h3 class=\"wp-block-heading\">R\u00e4umung von Pflegezimmern in Rotterdam<\/h3>\n\n\n\n<p>Du suchst einen zuverl\u00e4ssigen Partner f\u00fcr die R\u00e4umung eines Pflegezimmers f\u00fcr dich oder deine Eltern in Rotterdam und Umgebung? Kontaktiere uns f\u00fcr ein unverbindliches Angebot.<\/p>\n\n\n\n<h3 class=\"wp-block-heading\">Garten- oder Schuppenr\u00e4umung in Rotterdam<\/h3>\n\n\n\n<p>Ein Aufr\u00e4umexperte in Rotterdam kann dir helfen, wenn du den Wald vor lauter B\u00e4umen nicht mehr siehst. In Absprache mit dir machen wir deinen Garten oder Schuppen wieder sauber und ordentlich.<\/p>\n<\/div>\n\n\n\n<div class=\"wp-block-column is-layout-flow wp-block-column-is-layout-flow\">\n<h3 class=\"wp-block-heading\">R\u00e4umung von Pflegeheimzimmern in Rotterdam<\/h3>\n\n\n\n<p>STERK nimmt dir alle Sorgen ab und liefert dir dein wischbares Zimmer zu einem g\u00fcnstigen Preis, dank unserer lokalen Pr\u00e4senz in Rotterdam.<\/p>\n\n\n\n<h3 class=\"wp-block-heading\">R\u00e4umung eines Pflegezimmers in Rotterdam<\/h3>\n\n\n\n<p>Bei STERK bist du an der richtigen Adresse f\u00fcr eine schnelle und sorgf\u00e4ltige R\u00e4umung von Pflegezimmern in Rotterdam zu einem fairen Preis.<\/p>\n\n\n\n<h3 class=\"wp-block-heading\">Clearing nach dem Tod<\/h3>\n\n\n\n<p>Nach dem Tod eines geliebten Menschen m\u00f6chtest du dich nicht mit der R\u00e4umung seines Hauses oder seiner Wohnung besch\u00e4ftigen. STERK k\u00fcmmert sich um eine respektvolle und schnelle R\u00e4umung und spendet verkaufsf\u00e4hige Gegenst\u00e4nde in deinem Namen an die New Hope Foundation, die sich u.a. gegen Armut und Einsamkeit einsetzt.<\/p>\n<\/div>\n<\/div>\n\n\n\n<div class=\"wp-block-uagb-faq uagb-faq__outer-wrap uagb-block-1bd39460 uagb-faq-icon-row uagb-faq-layout-accordion uagb-faq-expand-first-true uagb-faq-inactive-other-true uagb-faq__wrap uagb-buttons-layout-wrap uagb-faq-equal-height\" data-faqtoggle=\"true\" role=\"tablist\">\n<div class=\"wp-block-uagb-faq-child uagb-faq-child__outer-wrap uagb-faq-item uagb-block-a51d1dec\" role=\"tab\" tabindex=\"0\"><div class=\"uagb-faq-questions-button uagb-faq-questions\"><span class=\"uagb-icon uagb-faq-icon-wrap\"><svg xmlns=\"https:\/\/www.w3.org\/2000\/svg\" viewbox=\"0 0 448 512\"><path d=\"M432 256c0 17.69-14.33 32.01-32 32.01H256v144c0 17.69-14.33 31.99-32 31.99s-32-14.3-32-31.99v-144H48c-17.67 0-32-14.32-32-32.01s14.33-31.99 32-31.99H192v-144c0-17.69 14.33-32.01 32-32.01s32 14.32 32 32.01v144h144C417.7 224 432 238.3 432 256z\"><\/path><\/svg><\/span><span class=\"uagb-icon-active uagb-faq-icon-wrap\"><svg xmlns=\"https:\/\/www.w3.org\/2000\/svg\" viewbox=\"0 0 448 512\"><path d=\"M400 288h-352c-17.69 0-32-14.32-32-32.01s14.31-31.99 32-31.99h352c17.69 0 32 14.3 32 31.99S417.7 288 400 288z\"><\/path><\/svg><\/span><span class=\"uagb-question\">Wie hoch sind die Kosten f\u00fcr eine Hausr\u00e4umung?<\/span><\/div><p class=\"uagb-faq-content\">Die Kosten f\u00fcr eine Entr\u00fcmpelung variieren je nach Gr\u00f6\u00dfe des Hauses, der Menge des Hausrats und der erforderlichen Arbeiten. Es ist ratsam, einen Kostenvoranschlag von einem Entr\u00fcmpelungsunternehmen anzufordern, um ein konkretes Angebot zu erhalten. Wir besuchen dich immer f\u00fcr einen KOSTENLOSEN, unverbindlichen Kostenvoranschlag.<\/p><\/div>\n\n\n\n<div class=\"wp-block-uagb-faq-child uagb-faq-child__outer-wrap uagb-faq-item uagb-block-cbe6073f\" role=\"tab\" tabindex=\"0\"><div class=\"uagb-faq-questions-button uagb-faq-questions\"><span class=\"uagb-icon uagb-faq-icon-wrap\"><svg xmlns=\"https:\/\/www.w3.org\/2000\/svg\" viewbox=\"0 0 448 512\"><path d=\"M432 256c0 17.69-14.33 32.01-32 32.01H256v144c0 17.69-14.33 31.99-32 31.99s-32-14.3-32-31.99v-144H48c-17.67 0-32-14.32-32-32.01s14.33-31.99 32-31.99H192v-144c0-17.69 14.33-32.01 32-32.01s32 14.32 32 32.01v144h144C417.7 224 432 238.3 432 256z\"><\/path><\/svg><\/span><span class=\"uagb-icon-active uagb-faq-icon-wrap\"><svg xmlns=\"https:\/\/www.w3.org\/2000\/svg\" viewbox=\"0 0 448 512\"><path d=\"M400 288h-352c-17.69 0-32-14.32-32-32.01s14.31-31.99 32-31.99h352c17.69 0 32 14.3 32 31.99S417.7 288 400 288z\"><\/path><\/svg><\/span><span class=\"uagb-question\">Wie lange dauert eine Hausr\u00e4umung?<\/span><\/div><p class=\"uagb-faq-content\">Die Dauer einer Entr\u00fcmpelung h\u00e4ngt von der Gr\u00f6\u00dfe der R\u00e4umung und dem Arbeitsaufwand ab. Eine durchschnittliche Hausr\u00e4umung kann zwischen einem und drei Tagen dauern.<\/p><\/div>\n\n\n\n<div class=\"wp-block-uagb-faq-child uagb-faq-child__outer-wrap uagb-faq-item uagb-block-f0520038\" role=\"tab\" tabindex=\"0\"><div class=\"uagb-faq-questions-button uagb-faq-questions\"><span class=\"uagb-icon uagb-faq-icon-wrap\"><svg xmlns=\"https:\/\/www.w3.org\/2000\/svg\" viewbox=\"0 0 448 512\"><path d=\"M432 256c0 17.69-14.33 32.01-32 32.01H256v144c0 17.69-14.33 31.99-32 31.99s-32-14.3-32-31.99v-144H48c-17.67 0-32-14.32-32-32.01s14.33-31.99 32-31.99H192v-144c0-17.69 14.33-32.01 32-32.01s32 14.32 32 32.01v144h144C417.7 224 432 238.3 432 256z\"><\/path><\/svg><\/span><span class=\"uagb-icon-active uagb-faq-icon-wrap\"><svg xmlns=\"https:\/\/www.w3.org\/2000\/svg\" viewbox=\"0 0 448 512\"><path d=\"M400 288h-352c-17.69 0-32-14.32-32-32.01s14.31-31.99 32-31.99h352c17.69 0 32 14.3 32 31.99S417.7 288 400 288z\"><\/path><\/svg><\/span><span class=\"uagb-question\">Was passiert mit meinem Besitz w\u00e4hrend einer Zwangsr\u00e4umung?<\/span><\/div><p class=\"uagb-faq-content\">Brauchbare Gegenst\u00e4nde werden oft an Wohlt\u00e4tigkeitsorganisationen wie die New Hope Foundation gespendet. Abf\u00e4lle werden auf umweltfreundliche Weise entsorgt. Pers\u00f6nliche Gegenst\u00e4nde werden bei Bedarf sicher aufbewahrt oder dem Kunden \u00fcbergeben.<\/p><\/div>\n\n\n\n<div class=\"wp-block-uagb-faq-child uagb-faq-child__outer-wrap uagb-faq-item uagb-block-4cf54d4e\" role=\"tab\" tabindex=\"0\"><div class=\"uagb-faq-questions-button uagb-faq-questions\"><span class=\"uagb-icon uagb-faq-icon-wrap\"><svg xmlns=\"https:\/\/www.w3.org\/2000\/svg\" viewbox=\"0 0 448 512\"><path d=\"M432 256c0 17.69-14.33 32.01-32 32.01H256v144c0 17.69-14.33 31.99-32 31.99s-32-14.3-32-31.99v-144H48c-17.67 0-32-14.32-32-32.01s14.33-31.99 32-31.99H192v-144c0-17.69 14.33-32.01 32-32.01s32 14.32 32 32.01v144h144C417.7 224 432 238.3 432 256z\"><\/path><\/svg><\/span><span class=\"uagb-icon-active uagb-faq-icon-wrap\"><svg xmlns=\"https:\/\/www.w3.org\/2000\/svg\" viewbox=\"0 0 448 512\"><path d=\"M400 288h-352c-17.69 0-32-14.32-32-32.01s14.31-31.99 32-31.99h352c17.69 0 32 14.3 32 31.99S417.7 288 400 288z\"><\/path><\/svg><\/span><span class=\"uagb-question\">Kann ich entscheiden, welche Gegenst\u00e4nde ich behalte?<\/span><\/div><p class=\"uagb-faq-content\">Ja, du kannst mit unserem Entr\u00fcmpelungsunternehmen besprechen, welche Gegenst\u00e4nde du behalten m\u00f6chtest, damit sie dies bei der Entr\u00fcmpelung ber\u00fccksichtigen k\u00f6nnen. Sollten wir dar\u00fcber hinaus wertvolle oder pers\u00f6nliche Gegenst\u00e4nde finden. Dann werden wir das immer mit dir besprechen.<\/p><\/div>\n\n\n\n<div class=\"wp-block-uagb-faq-child uagb-faq-child__outer-wrap uagb-faq-item uagb-block-4c6b0137\" role=\"tab\" tabindex=\"0\"><div class=\"uagb-faq-questions-button uagb-faq-questions\"><span class=\"uagb-icon uagb-faq-icon-wrap\"><svg xmlns=\"https:\/\/www.w3.org\/2000\/svg\" viewbox=\"0 0 448 512\"><path d=\"M432 256c0 17.69-14.33 32.01-32 32.01H256v144c0 17.69-14.33 31.99-32 31.99s-32-14.3-32-31.99v-144H48c-17.67 0-32-14.32-32-32.01s14.33-31.99 32-31.99H192v-144c0-17.69 14.33-32.01 32-32.01s32 14.32 32 32.01v144h144C417.7 224 432 238.3 432 256z\"><\/path><\/svg><\/span><span class=\"uagb-icon-active uagb-faq-icon-wrap\"><svg xmlns=\"https:\/\/www.w3.org\/2000\/svg\" viewbox=\"0 0 448 512\"><path d=\"M400 288h-352c-17.69 0-32-14.32-32-32.01s14.31-31.99 32-31.99h352c17.69 0 32 14.3 32 31.99S417.7 288 400 288z\"><\/path><\/svg><\/span><span class=\"uagb-question\">Was passiert mit Wertgegenst\u00e4nden, die bei der R\u00e4umung gefunden werden?<\/span><\/div><p class=\"uagb-faq-content\">Wertvolle Gegenst\u00e4nde, die bei der R\u00e4umung gefunden werden, werden in der Regel dem Kunden ausgeh\u00e4ndigt oder in Absprache mit ihm behandelt.<\/p><\/div>\n\n\n\n<div class=\"wp-block-uagb-faq-child uagb-faq-child__outer-wrap uagb-faq-item uagb-block-9fdf3672\" role=\"tab\" tabindex=\"0\"><div class=\"uagb-faq-questions-button uagb-faq-questions\"><span class=\"uagb-icon uagb-faq-icon-wrap\"><svg xmlns=\"https:\/\/www.w3.org\/2000\/svg\" viewbox=\"0 0 448 512\"><path d=\"M432 256c0 17.69-14.33 32.01-32 32.01H256v144c0 17.69-14.33 31.99-32 31.99s-32-14.3-32-31.99v-144H48c-17.67 0-32-14.32-32-32.01s14.33-31.99 32-31.99H192v-144c0-17.69 14.33-32.01 32-32.01s32 14.32 32 32.01v144h144C417.7 224 432 238.3 432 256z\"><\/path><\/svg><\/span><span class=\"uagb-icon-active uagb-faq-icon-wrap\"><svg xmlns=\"https:\/\/www.w3.org\/2000\/svg\" viewbox=\"0 0 448 512\"><path d=\"M400 288h-352c-17.69 0-32-14.32-32-32.01s14.31-31.99 32-31.99h352c17.69 0 32 14.3 32 31.99S417.7 288 400 288z\"><\/path><\/svg><\/span><span class=\"uagb-question\">Ist es m\u00f6glich, eine dringende Hausr\u00e4umung zu vereinbaren?<\/span><\/div><p class=\"uagb-faq-content\">Ja, wir bieten Notr\u00e4umungen an. Nimm Kontakt mit dem Unternehmen auf, um die Optionen und eventuelle Zusatzkosten zu besprechen.<\/p><\/div>\n\n\n\n<div class=\"wp-block-uagb-faq-child uagb-faq-child__outer-wrap uagb-faq-item uagb-block-e60147bc\" role=\"tab\" tabindex=\"0\"><div class=\"uagb-faq-questions-button uagb-faq-questions\"><span class=\"uagb-icon uagb-faq-icon-wrap\"><svg xmlns=\"https:\/\/www.w3.org\/2000\/svg\" viewbox=\"0 0 448 512\"><path d=\"M432 256c0 17.69-14.33 32.01-32 32.01H256v144c0 17.69-14.33 31.99-32 31.99s-32-14.3-32-31.99v-144H48c-17.67 0-32-14.32-32-32.01s14.33-31.99 32-31.99H192v-144c0-17.69 14.33-32.01 32-32.01s32 14.32 32 32.01v144h144C417.7 224 432 238.3 432 256z\"><\/path><\/svg><\/span><span class=\"uagb-icon-active uagb-faq-icon-wrap\"><svg xmlns=\"https:\/\/www.w3.org\/2000\/svg\" viewbox=\"0 0 448 512\"><path d=\"M400 288h-352c-17.69 0-32-14.32-32-32.01s14.31-31.99 32-31.99h352c17.69 0 32 14.3 32 31.99S417.7 288 400 288z\"><\/path><\/svg><\/span><span class=\"uagb-question\">Wie wird die Immobilie nach der R\u00e4umung \u00fcbergeben?<\/span><\/div><p class=\"uagb-faq-content\">Die Wohnung wird besenrein \u00fcbergeben, alle Einrichtungsgegenst\u00e4nde werden entfernt und bei Bedarf werden Reparaturen durchgef\u00fchrt. Au\u00dferdem k\u00f6nnen wir die \u00dcbergabe auch auf der Grundlage des Vertrags vornehmen, den du mit deinem Mieter oder K\u00e4ufer abgeschlossen hast.<\/p><\/div>\n\n\n\n<div class=\"wp-block-uagb-faq-child uagb-faq-child__outer-wrap uagb-faq-item uagb-block-e2b0c592\" role=\"tab\" tabindex=\"0\"><div class=\"uagb-faq-questions-button uagb-faq-questions\"><span class=\"uagb-icon uagb-faq-icon-wrap\"><svg xmlns=\"https:\/\/www.w3.org\/2000\/svg\" viewbox=\"0 0 448 512\"><path d=\"M432 256c0 17.69-14.33 32.01-32 32.01H256v144c0 17.69-14.33 31.99-32 31.99s-32-14.3-32-31.99v-144H48c-17.67 0-32-14.32-32-32.01s14.33-31.99 32-31.99H192v-144c0-17.69 14.33-32.01 32-32.01s32 14.32 32 32.01v144h144C417.7 224 432 238.3 432 256z\"><\/path><\/svg><\/span><span class=\"uagb-icon-active uagb-faq-icon-wrap\"><svg xmlns=\"https:\/\/www.w3.org\/2000\/svg\" viewbox=\"0 0 448 512\"><path d=\"M400 288h-352c-17.69 0-32-14.32-32-32.01s14.31-31.99 32-31.99h352c17.69 0 32 14.3 32 31.99S417.7 288 400 288z\"><\/path><\/svg><\/span><span class=\"uagb-question\">Kann ein R\u00e4umungsunternehmen auch Sanierungsarbeiten durchf\u00fchren?<\/span><\/div><p class=\"uagb-faq-content\">Ja, viele R\u00e4umungsfirmen k\u00f6nnen auch Sanierungsarbeiten durchf\u00fchren, z. B. L\u00f6cher in W\u00e4nden reparieren, Teppiche entfernen und W\u00e4nde streichen.<\/p><\/div>\n\n\n\n<div class=\"wp-block-uagb-faq-child uagb-faq-child__outer-wrap uagb-faq-item uagb-block-3c389c01\" role=\"tab\" tabindex=\"0\"><div class=\"uagb-faq-questions-button uagb-faq-questions\"><span class=\"uagb-icon uagb-faq-icon-wrap\"><svg xmlns=\"https:\/\/www.w3.org\/2000\/svg\" viewbox=\"0 0 448 512\"><path d=\"M432 256c0 17.69-14.33 32.01-32 32.01H256v144c0 17.69-14.33 31.99-32 31.99s-32-14.3-32-31.99v-144H48c-17.67 0-32-14.32-32-32.01s14.33-31.99 32-31.99H192v-144c0-17.69 14.33-32.01 32-32.01s32 14.32 32 32.01v144h144C417.7 224 432 238.3 432 256z\"><\/path><\/svg><\/span><span class=\"uagb-icon-active uagb-faq-icon-wrap\"><svg xmlns=\"https:\/\/www.w3.org\/2000\/svg\" viewbox=\"0 0 448 512\"><path d=\"M400 288h-352c-17.69 0-32-14.32-32-32.01s14.31-31.99 32-31.99h352c17.69 0 32 14.3 32 31.99S417.7 288 400 288z\"><\/path><\/svg><\/span><span class=\"uagb-question\">Kann ein R\u00e4umungsunternehmen auch Gesch\u00e4ftsr\u00e4ume r\u00e4umen?<\/span><\/div><p class=\"uagb-faq-content\">Ja, STERK bietet auch <a href=\"http:\/\/sterkontruimingen.nl\/de\/kommerzielle-freigabe\/\" data-type=\"page\" data-id=\"132\">Zwangsr\u00e4umungen f\u00fcr Gesch\u00e4ftsr\u00e4ume<\/a> zu.<\/p><\/div>\n\n\n\n<div class=\"wp-block-uagb-faq-child uagb-faq-child__outer-wrap uagb-faq-item uagb-block-3b4f13c1\" role=\"tab\" tabindex=\"0\"><div class=\"uagb-faq-questions-button uagb-faq-questions\"><span class=\"uagb-icon uagb-faq-icon-wrap\"><svg xmlns=\"https:\/\/www.w3.org\/2000\/svg\" viewbox=\"0 0 448 512\"><path d=\"M432 256c0 17.69-14.33 32.01-32 32.01H256v144c0 17.69-14.33 31.99-32 31.99s-32-14.3-32-31.99v-144H48c-17.67 0-32-14.32-32-32.01s14.33-31.99 32-31.99H192v-144c0-17.69 14.33-32.01 32-32.01s32 14.32 32 32.01v144h144C417.7 224 432 238.3 432 256z\"><\/path><\/svg><\/span><span class=\"uagb-icon-active uagb-faq-icon-wrap\"><svg xmlns=\"https:\/\/www.w3.org\/2000\/svg\" viewbox=\"0 0 448 512\"><path d=\"M400 288h-352c-17.69 0-32-14.32-32-32.01s14.31-31.99 32-31.99h352c17.69 0 32 14.3 32 31.99S417.7 288 400 288z\"><\/path><\/svg><\/span><span class=\"uagb-question\">Wie sieht es mit dem Schutz meiner Daten bei einer Hausr\u00e4umung aus?<\/span><\/div><p class=\"uagb-faq-content\">Vertrauensw\u00fcrdige R\u00e4umungsunternehmen behandeln deine Daten und pers\u00f6nlichen Gegenst\u00e4nde mit Sorgfalt und Respekt. Erkundige dich nach den Datenschutzrichtlinien, um zu erfahren, wie sie hier vorgehen<\/p><\/div>\n\n\n\n<div class=\"wp-block-uagb-faq-child uagb-faq-child__outer-wrap uagb-faq-item uagb-block-138e20e8\" role=\"tab\" tabindex=\"0\"><div class=\"uagb-faq-questions-button uagb-faq-questions\"><span class=\"uagb-icon uagb-faq-icon-wrap\"><svg xmlns=\"https:\/\/www.w3.org\/2000\/svg\" viewbox=\"0 0 448 512\"><path d=\"M432 256c0 17.69-14.33 32.01-32 32.01H256v144c0 17.69-14.33 31.99-32 31.99s-32-14.3-32-31.99v-144H48c-17.67 0-32-14.32-32-32.01s14.33-31.99 32-31.99H192v-144c0-17.69 14.33-32.01 32-32.01s32 14.32 32 32.01v144h144C417.7 224 432 238.3 432 256z\"><\/path><\/svg><\/span><span class=\"uagb-icon-active uagb-faq-icon-wrap\"><svg xmlns=\"https:\/\/www.w3.org\/2000\/svg\" viewbox=\"0 0 448 512\"><path d=\"M400 288h-352c-17.69 0-32-14.32-32-32.01s14.31-31.99 32-31.99h352c17.69 0 32 14.3 32 31.99S417.7 288 400 288z\"><\/path><\/svg><\/span><span class=\"uagb-question\">Muss ich bei der Hausr\u00e4umung anwesend sein?<\/span><\/div><p class=\"uagb-faq-content\">Es ist nicht verpflichtend, bei der R\u00e4umung anwesend zu sein, aber du kannst nat\u00fcrlich w\u00e4hlen, ob du dabei sein m\u00f6chtest. In vielen F\u00e4llen kann ein R\u00e4umungsunternehmen die Arbeit auch ohne deine Anwesenheit erledigen, solange es die richtigen Informationen und Zugang zum Grundst\u00fcck hat.<\/p><\/div>\n\n\n\n<div class=\"wp-block-uagb-faq-child uagb-faq-child__outer-wrap uagb-faq-item uagb-block-92ace289\" role=\"tab\" tabindex=\"0\"><div class=\"uagb-faq-questions-button uagb-faq-questions\"><span class=\"uagb-icon uagb-faq-icon-wrap\"><svg xmlns=\"https:\/\/www.w3.org\/2000\/svg\" viewbox=\"0 0 448 512\"><path d=\"M432 256c0 17.69-14.33 32.01-32 32.01H256v144c0 17.69-14.33 31.99-32 31.99s-32-14.3-32-31.99v-144H48c-17.67 0-32-14.32-32-32.01s14.33-31.99 32-31.99H192v-144c0-17.69 14.33-32.01 32-32.01s32 14.32 32 32.01v144h144C417.7 224 432 238.3 432 256z\"><\/path><\/svg><\/span><span class=\"uagb-icon-active uagb-faq-icon-wrap\"><svg xmlns=\"https:\/\/www.w3.org\/2000\/svg\" viewbox=\"0 0 448 512\"><path d=\"M400 288h-352c-17.69 0-32-14.32-32-32.01s14.31-31.99 32-31.99h352c17.69 0 32 14.3 32 31.99S417.7 288 400 288z\"><\/path><\/svg><\/span><span class=\"uagb-question\">Wie schnell kann ein R\u00e4umungsunternehmen mit der Evakuierung beginnen?<\/span><\/div><p class=\"uagb-faq-content\">Die Verf\u00fcgbarkeit unseres R\u00e4umungsdienstes kann variieren. Bitte kontaktiere uns, um den Zeitplan und eventuelle Wartezeiten zu besprechen. Dank unseres gro\u00dfen Teams k\u00f6nnen wir in der Regel noch in derselben Woche mit der Arbeit beginnen.<\/p><\/div>\n\n\n\n<div class=\"wp-block-uagb-faq-child uagb-faq-child__outer-wrap uagb-faq-item uagb-block-03a9900f\" role=\"tab\" tabindex=\"0\"><div class=\"uagb-faq-questions-button uagb-faq-questions\"><span class=\"uagb-icon uagb-faq-icon-wrap\"><svg xmlns=\"https:\/\/www.w3.org\/2000\/svg\" viewbox=\"0 0 448 512\"><path d=\"M432 256c0 17.69-14.33 32.01-32 32.01H256v144c0 17.69-14.33 31.99-32 31.99s-32-14.3-32-31.99v-144H48c-17.67 0-32-14.32-32-32.01s14.33-31.99 32-31.99H192v-144c0-17.69 14.33-32.01 32-32.01s32 14.32 32 32.01v144h144C417.7 224 432 238.3 432 256z\"><\/path><\/svg><\/span><span class=\"uagb-icon-active uagb-faq-icon-wrap\"><svg xmlns=\"https:\/\/www.w3.org\/2000\/svg\" viewbox=\"0 0 448 512\"><path d=\"M400 288h-352c-17.69 0-32-14.32-32-32.01s14.31-31.99 32-31.99h352c17.69 0 32 14.3 32 31.99S417.7 288 400 288z\"><\/path><\/svg><\/span><span class=\"uagb-question\">Kann ein R\u00e4umungsunternehmen bei der Entsorgung von gef\u00e4hrlichen Abf\u00e4llen, wie z.B. Asbest, helfen?<\/span><\/div><p class=\"uagb-faq-content\">STERK ontruimingen verf\u00fcgt \u00fcber das Fachwissen, um gef\u00e4hrliche Abf\u00e4lle, wie z.B. Asbest, sicher und verantwortungsvoll zu entsorgen. Erkundige dich nach den M\u00f6glichkeiten und Erfahrungen in diesem Bereich.<\/p><\/div>\n\n\n\n<div class=\"wp-block-uagb-faq-child uagb-faq-child__outer-wrap uagb-faq-item uagb-block-daefb2d2\" role=\"tab\" tabindex=\"0\"><div class=\"uagb-faq-questions-button uagb-faq-questions\"><span class=\"uagb-icon uagb-faq-icon-wrap\"><svg xmlns=\"https:\/\/www.w3.org\/2000\/svg\" viewbox=\"0 0 448 512\"><path d=\"M432 256c0 17.69-14.33 32.01-32 32.01H256v144c0 17.69-14.33 31.99-32 31.99s-32-14.3-32-31.99v-144H48c-17.67 0-32-14.32-32-32.01s14.33-31.99 32-31.99H192v-144c0-17.69 14.33-32.01 32-32.01s32 14.32 32 32.01v144h144C417.7 224 432 238.3 432 256z\"><\/path><\/svg><\/span><span class=\"uagb-icon-active uagb-faq-icon-wrap\"><svg xmlns=\"https:\/\/www.w3.org\/2000\/svg\" viewbox=\"0 0 448 512\"><path d=\"M400 288h-352c-17.69 0-32-14.32-32-32.01s14.31-31.99 32-31.99h352c17.69 0 32 14.3 32 31.99S417.7 288 400 288z\"><\/path><\/svg><\/span><span class=\"uagb-question\">Wie kann ich ein Angebot f\u00fcr eine Hausr\u00e4umung anfordern?<\/span><\/div><p class=\"uagb-faq-content\">Indem du unten auf die Seite klickst oder hier auf : '<a href=\"http:\/\/sterkontruimingen.nl\/de\/ein-angebot-anfordern\/\" data-type=\"page\" data-id=\"367\">ein Angebot anfordern<\/a>\u2018<\/p><\/div>\n<\/div>","protected":false},"excerpt":{"rendered":"<p>Woning Ontruiming Rotterdam In Rotterdam zijn woning ontruimingen een dagelijkse gebeurtenis. U heeft ons mogelijk al eens in actie gezien met onze STERK bus in Rotterdam. Ons gespecialiseerde team in (\u00e9n uit) Rotterdam staat klaar om elke ontruiming zorgvuldig en effici\u00ebnt te verzorgen. Wat maakt STERK Ontruimingen zo uniek in Rotterdam? Wij werken samen met [&hellip;]<\/p>\n","protected":false},"author":1,"featured_media":772,"parent":0,"menu_order":10,"comment_status":"closed","ping_status":"closed","template":"","meta":{"inline_featured_image":false,"footnotes":""},"categories":[14],"tags":[],"class_list":["post-751","page","type-page","status-publish","has-post-thumbnail","hentry","category-landingspaginas"],"blocksy_meta":{"styles_descriptor":{"styles":{"desktop":"","tablet":"","mobile":""},"google_fonts":[],"version":6}},"_links":{"self":[{"href":"https:\/\/sterkontruimingen.nl\/de\/wp-json\/wp\/v2\/pages\/751","targetHints":{"allow":["GET"]}}],"collection":[{"href":"https:\/\/sterkontruimingen.nl\/de\/wp-json\/wp\/v2\/pages"}],"about":[{"href":"https:\/\/sterkontruimingen.nl\/de\/wp-json\/wp\/v2\/types\/page"}],"author":[{"embeddable":true,"href":"https:\/\/sterkontruimingen.nl\/de\/wp-json\/wp\/v2\/users\/1"}],"replies":[{"embeddable":true,"href":"https:\/\/sterkontruimingen.nl\/de\/wp-json\/wp\/v2\/comments?post=751"}],"version-history":[{"count":9,"href":"https:\/\/sterkontruimingen.nl\/de\/wp-json\/wp\/v2\/pages\/751\/revisions"}],"predecessor-version":[{"id":3838,"href":"https:\/\/sterkontruimingen.nl\/de\/wp-json\/wp\/v2\/pages\/751\/revisions\/3838"}],"wp:featuredmedia":[{"embeddable":true,"href":"https:\/\/sterkontruimingen.nl\/de\/wp-json\/wp\/v2\/media\/772"}],"wp:attachment":[{"href":"https:\/\/sterkontruimingen.nl\/de\/wp-json\/wp\/v2\/media?parent=751"}],"wp:term":[{"taxonomy":"category","embeddable":true,"href":"https:\/\/sterkontruimingen.nl\/de\/wp-json\/wp\/v2\/categories?post=751"},{"taxonomy":"post_tag","embeddable":true,"href":"https:\/\/sterkontruimingen.nl\/de\/wp-json\/wp\/v2\/tags?post=751"}],"curies":[{"name":"wp","href":"https:\/\/api.w.org\/{rel}","templated":true}]}}