{"id":737,"date":"2020-04-18T17:54:03","date_gmt":"2020-04-18T15:54:03","guid":{"rendered":"http:\/\/sterkontruimingen.nl\/?page_id=737"},"modified":"2020-04-18T18:13:10","modified_gmt":"2020-04-18T16:13:10","slug":"raumung-drechtsteden","status":"publish","type":"page","link":"https:\/\/sterkontruimingen.nl\/de\/ontruiming-drechtsteden\/","title":{"rendered":"Zwangsr\u00e4umung Drechtsteden"},"content":{"rendered":"<h2 class=\"wp-block-heading\">Hausr\u00e4umung Drechtsteden<\/h2>\n\n\n\n<p>Als R\u00e4umungsspezialisten in den Drechtsteden sind wir immer in der N\u00e4he. So arbeiten wir oft an Zwangsr\u00e4umungen in Dordrecht, Zwijndrecht, Barendrecht, Sliedrecht, Papendrecht und allen umliegenden Orten in den Drechtsteden. Wir versuchen, dir auf kundenfreundliche und professionelle Weise zu helfen, indem wir so schnell wie m\u00f6glich auf deine Anfrage reagieren. Oft will man einfach nur schnell geholfen werden und das machen wir zum Sport. Ob es sich um eine Care Room Clearance in Zwijndrecht oder die R\u00e4umung eines ganzen Hauses oder einer Wohnung in Dordrecht handelt. Wir sind f\u00fcr dich da.<\/p>\n\n\n\n<p>Bei der Entr\u00fcmpelung k\u00f6nnen wir alle Arten von Arbeiten wie das Entfernen von Teppichen, Tapeten oder Schrauben und N\u00e4geln durchf\u00fchren. Au\u00dferdem reparieren wir auch L\u00f6cher in der Wand. Wir k\u00f6nnen auch unn\u00f6tige, aber noch brauchbare Gegenst\u00e4nde nach <a href=\"http:\/\/sterkontruimingen.nl\/de\/uber-stark\/\">gute Zwecke<\/a> zur Wiederverwendung bringen und wir entsorgen Abf\u00e4lle immer auf umweltvertr\u00e4gliche Weise. Das Tolle ist, dass wir oft bei dir vor Ort sind, sodass wir uns schnell an die Arbeit machen k\u00f6nnen. <\/p>\n\n\n\n<div class=\"wp-block-columns is-layout-flex wp-container-core-columns-is-layout-28f84493 wp-block-columns-is-layout-flex\">\n<div class=\"wp-block-column is-layout-flow wp-block-column-is-layout-flow\">\n<h3 class=\"wp-block-heading\">Wohnung in den Drechtsteden ONTRUIMEN<\/h3>\n\n\n\n<p>Bist du auf der Suche nach einer Partei, die dein Pflegezimmer oder das Pflegezimmer deiner Eltern in Drechtsteden und Umgebung r\u00e4umt? Dann kontaktiere uns f\u00fcr ein unverbindliches Angebot.<\/p>\n\n\n\n<h3 class=\"wp-block-heading\">Garten- oder Schuppenr\u00e4umung in DRECHTSTEDEN<\/h3>\n\n\n\n<p>Manchmal sieht man den Wald vor lauter B\u00e4umen nicht. Dann ist die Hilfe eines Aufr\u00e4umexperten in Drechtsteden und Umgebung sehr n\u00fctzlich. Wir kommen zu dir und harken deinen gesamten Garten oder Schuppen. Nat\u00fcrlich in Absprache mit dir, was du noch behalten willst oder nicht.<\/p>\n<\/div>\n\n\n\n<div class=\"wp-block-column is-layout-flow wp-block-column-is-layout-flow\">\n<h3 class=\"wp-block-heading\">DRECHTSTEDEN evakuieren Zimmer im Pflegeheim<\/h3>\n\n\n\n<p>STERK nimmt dir die ganze Sorge aus den H\u00e4nden. Da wir in der N\u00e4he von Drechtsteden und den umliegenden St\u00e4dten arbeiten, k\u00f6nnen wir dein Zimmer in k\u00fcrzester Zeit zu einem anst\u00e4ndigen Preis wisch-wasch-sauber liefern.<\/p>\n\n\n\n<h3 class=\"wp-block-heading\">Pflegeheim DRECHTSTEDEN in Dordrecht<\/h3>\n\n\n\n<p>STERK nimmt dir die ganze Sorge aus den H\u00e4nden. Da wir in Drechtsteden und Umgebung arbeiten, k\u00f6nnen wir dir dein Zimmer in k\u00fcrzester Zeit zu einem anst\u00e4ndigen Preis wischfertig liefern.<\/p>\n\n\n\n<h3 class=\"wp-block-heading\">Clearing nach dem Tod<\/h3>\n\n\n\n<p>Wenn ein geliebter Mensch verstirbt, ist das letzte, worum du dich k\u00fcmmern m\u00f6chtest, die R\u00e4umung des Hauses oder der Wohnung deines Angeh\u00f6rigen. STERK setzt sich daf\u00fcr ein, das Haus oder den Raum mit Respekt f\u00fcr das Eigentum und den Verstorbenen so schnell wie m\u00f6glich oder sogar dringend zu r\u00e4umen. Au\u00dferdem spenden wir in deinem Namen alle Gegenst\u00e4nde, die bereits verkauft werden k\u00f6nnen, an die New Hope Foundation, die sich unter anderem f\u00fcr die Bek\u00e4mpfung der Einsamkeit einsetzt.<\/p>\n<\/div>\n<\/div>\n\n\n\n<p><\/p>","protected":false},"excerpt":{"rendered":"<p>Woningontruiming Drechtsteden Als ontruimer in de Drechtsteden zijn we altijd in de buurt. Zo werken we vaak aan ontruimingen in Dordrecht, Zwijndrecht, Barendrecht, Sliedrecht, Papendrecht en alle omliggende plaatsen in de Drechtsteden. We proberen u op een klantvriendelijke en professionele manier te helpen door zo snel mogelijk te reageren op uw aanvraag. Vaak wilt u [&hellip;]<\/p>\n","protected":false},"author":1,"featured_media":746,"parent":0,"menu_order":11,"comment_status":"closed","ping_status":"closed","template":"","meta":{"inline_featured_image":false,"footnotes":""},"categories":[14],"tags":[],"class_list":["post-737","page","type-page","status-publish","has-post-thumbnail","hentry","category-landingspaginas"],"blocksy_meta":{"styles_descriptor":{"styles":{"desktop":"","tablet":"","mobile":""},"google_fonts":[],"version":6}},"_links":{"self":[{"href":"https:\/\/sterkontruimingen.nl\/de\/wp-json\/wp\/v2\/pages\/737","targetHints":{"allow":["GET"]}}],"collection":[{"href":"https:\/\/sterkontruimingen.nl\/de\/wp-json\/wp\/v2\/pages"}],"about":[{"href":"https:\/\/sterkontruimingen.nl\/de\/wp-json\/wp\/v2\/types\/page"}],"author":[{"embeddable":true,"href":"https:\/\/sterkontruimingen.nl\/de\/wp-json\/wp\/v2\/users\/1"}],"replies":[{"embeddable":true,"href":"https:\/\/sterkontruimingen.nl\/de\/wp-json\/wp\/v2\/comments?post=737"}],"version-history":[{"count":0,"href":"https:\/\/sterkontruimingen.nl\/de\/wp-json\/wp\/v2\/pages\/737\/revisions"}],"wp:featuredmedia":[{"embeddable":true,"href":"https:\/\/sterkontruimingen.nl\/de\/wp-json\/wp\/v2\/media\/746"}],"wp:attachment":[{"href":"https:\/\/sterkontruimingen.nl\/de\/wp-json\/wp\/v2\/media?parent=737"}],"wp:term":[{"taxonomy":"category","embeddable":true,"href":"https:\/\/sterkontruimingen.nl\/de\/wp-json\/wp\/v2\/categories?post=737"},{"taxonomy":"post_tag","embeddable":true,"href":"https:\/\/sterkontruimingen.nl\/de\/wp-json\/wp\/v2\/tags?post=737"}],"curies":[{"name":"wp","href":"https:\/\/api.w.org\/{rel}","templated":true}]}}