{"id":717,"date":"2020-04-16T22:05:02","date_gmt":"2020-04-16T20:05:02","guid":{"rendered":"http:\/\/sterkontruimingen.nl\/?page_id=717"},"modified":"2025-03-31T13:32:44","modified_gmt":"2025-03-31T11:32:44","slug":"arbeitsbereich","status":"publish","type":"page","link":"https:\/\/sterkontruimingen.nl\/de\/werkgebied\/","title":{"rendered":"Arbeitsbereich"},"content":{"rendered":"<div data-elementor-type=\"wp-page\" data-elementor-id=\"717\" class=\"elementor elementor-717\" data-elementor-post-type=\"page\">\n\t\t\t\t\t\t<section class=\"elementor-section elementor-top-section elementor-element elementor-element-9a0c9f0 elementor-section-boxed elementor-section-height-default elementor-section-height-default\" data-id=\"9a0c9f0\" data-element_type=\"section\" data-e-type=\"section\">\n\t\t\t\t\t\t<div class=\"elementor-container elementor-column-gap-default\">\n\t\t\t\t\t<div class=\"elementor-column elementor-col-100 elementor-top-column elementor-element elementor-element-03b52d8\" data-id=\"03b52d8\" data-element_type=\"column\" data-e-type=\"column\" data-settings=\"{&quot;background_background&quot;:&quot;classic&quot;}\">\n\t\t\t<div class=\"elementor-widget-wrap elementor-element-populated\">\n\t\t\t\t\t<div class=\"elementor-background-overlay\"><\/div>\n\t\t\t\t\t\t<div class=\"elementor-element elementor-element-d7b833d elementor-widget elementor-widget-heading\" data-id=\"d7b833d\" data-element_type=\"widget\" data-e-type=\"widget\" data-widget_type=\"heading.default\">\n\t\t\t\t<div class=\"elementor-widget-container\">\n\t\t\t\t\t<h2 class=\"elementor-heading-title elementor-size-default\">Das Einsatzgebiet von STERK Evacuations:<\/h2>\t\t\t\t<\/div>\n\t\t\t\t<\/div>\n\t\t\t\t<div class=\"elementor-element elementor-element-b622f81 elementor-widget elementor-widget-text-editor\" data-id=\"b622f81\" data-element_type=\"widget\" data-e-type=\"widget\" data-widget_type=\"text-editor.default\">\n\t\t\t\t<div class=\"elementor-widget-container\">\n\t\t\t\t\t\t\t\t\t<p>Bist du neugierig, wo strong like arbeitet? Dann haben wir hier eine praktische \u00dcbersicht f\u00fcr dich. Sollte dein Ortsname nicht aufgef\u00fchrt sein, dein Ort aber zwischen und in der N\u00e4he der angegebenen Orte liegen, bist du nat\u00fcrlich herzlich eingeladen, uns einzuladen.<\/p>\t\t\t\t\t\t\t\t<\/div>\n\t\t\t\t<\/div>\n\t\t\t\t\t<\/div>\n\t\t<\/div>\n\t\t\t\t\t<\/div>\n\t\t<\/section>\n\t\t<div class=\"elementor-element elementor-element-b45c304 e-flex e-con-boxed e-con e-parent\" data-id=\"b45c304\" data-element_type=\"container\" data-e-type=\"container\" id=\"plaatsen\">\n\t\t\t\t\t<div class=\"e-con-inner\">\n\t\t<div class=\"elementor-element elementor-element-32ddead e-con-full e-flex e-con e-child\" data-id=\"32ddead\" data-element_type=\"container\" data-e-type=\"container\">\n\t\t\t\t<div class=\"elementor-element elementor-element-fbd7068 elementor-widget elementor-widget-html\" data-id=\"fbd7068\" data-element_type=\"widget\" data-e-type=\"widget\" data-widget_type=\"html.default\">\n\t\t\t\t<div class=\"elementor-widget-container\">\n\t\t\t\t\t<table style=\"border-collapse: collapse;\">\n  <tr>\n    <td>Alblasserdam<\/td>\n    <td>Neues Lekkerland<\/td>\n  <\/tr>\n  <tr>\n    <td>Barendrecht<\/td>\n    <td>Oud-Alblas<\/td>\n  <\/tr>\n  <tr>\n    <td>Bleskensgrave<\/td>\n    <td>Poortugaal<\/td>\n  <\/tr>\n  <tr>\n    <td>Dordrecht<\/td>\n    <td>Rhoon<\/td>\n  <\/tr>\n  <tr>\n    <td>Dordrecht Dubbeldam<\/td>\n    <td>Ridderkerk<\/td>\n  <\/tr>\n  <tr>\n    <td>Dordrecht Nieuw Krispijn<\/td>\n    <td>Rijsoord<\/td>\n  <\/tr>\n  <tr>\n    <td>Dordrecht Land van Valk<\/td>\n    <td>Rotterdam Beverwaard<\/td>\n  <\/tr>\n  <tr>\n    <td>Dordrecht Oud Krispijn<\/td>\n    <td>Rotterdam Charlois<\/td>\n  <\/tr>\n  <tr>\n    <td>Dordrecht Sterrenburg<\/td>\n    <td>Rotterdam Delfshaven<\/td>\n  <\/tr>\n  <tr>\n    <td>Heerjansdam<\/td>\n    <td>Rotterdam Feyenoord<\/td>\n  <\/tr>\n  <tr>\n    <td>Hendrik-Ido-Ambacht<\/td>\n    <td>Rotterdam IJsselmonde<\/td>\n  <\/tr>\n  <tr>\n    <td>Papendrecht<\/td>\n    <td>Rotterdam Kralingen<\/td>\n  <\/tr>\n  <tr>\n    <td>Kinderdijk<\/td>\n    <td>Rotterdam Lombardijen<\/td>\n  <\/tr>\n  <tr>\n    <td>Molenaarsgraaf<\/td>\n    <td>Zwijndrecht<\/td>\n  <\/tr>\n<\/table>\t\t\t\t<\/div>\n\t\t\t\t<\/div>\n\t\t\t\t<\/div>\n\t\t<div class=\"elementor-element elementor-element-17cb541 e-con-full e-flex e-con e-child\" data-id=\"17cb541\" data-element_type=\"container\" data-e-type=\"container\">\n\t\t\t\t<div class=\"elementor-element elementor-element-70260cd elementor-widget elementor-widget-image\" data-id=\"70260cd\" data-element_type=\"widget\" data-e-type=\"widget\" data-widget_type=\"image.default\">\n\t\t\t\t<div class=\"elementor-widget-container\">\n\t\t\t\t\t\t\t\t\t\t\t\t\t\t\t<img fetchpriority=\"high\" decoding=\"async\" width=\"600\" height=\"275\" src=\"https:\/\/sterkontruimingen.nl\/wp-content\/uploads\/2019\/12\/sidebar-banners-herstel.jpg\" class=\"attachment-large size-large wp-image-280\" alt=\"Wiederherstellung von Seitenleistenbannern\" srcset=\"https:\/\/sterkontruimingen.nl\/wp-content\/uploads\/2019\/12\/sidebar-banners-herstel.jpg 600w, https:\/\/sterkontruimingen.nl\/wp-content\/uploads\/2019\/12\/sidebar-banners-herstel-300x138.jpg 300w\" sizes=\"(max-width: 600px) 100vw, 600px\" \/>\t\t\t\t\t\t\t\t\t\t\t\t\t\t\t<\/div>\n\t\t\t\t<\/div>\n\t\t\t\t<div class=\"elementor-element elementor-element-4458f70 elementor-widget elementor-widget-image\" data-id=\"4458f70\" data-element_type=\"widget\" data-e-type=\"widget\" data-widget_type=\"image.default\">\n\t\t\t\t<div class=\"elementor-widget-container\">\n\t\t\t\t\t\t\t\t\t\t\t\t\t\t\t<img decoding=\"async\" width=\"600\" height=\"275\" src=\"https:\/\/sterkontruimingen.nl\/wp-content\/uploads\/2019\/12\/sidebar-banners-milieu.jpg\" class=\"attachment-large size-large wp-image-281\" alt=\"Sidebar-Banner Umgebung\" srcset=\"https:\/\/sterkontruimingen.nl\/wp-content\/uploads\/2019\/12\/sidebar-banners-milieu.jpg 600w, https:\/\/sterkontruimingen.nl\/wp-content\/uploads\/2019\/12\/sidebar-banners-milieu-300x138.jpg 300w\" sizes=\"(max-width: 600px) 100vw, 600px\" \/>\t\t\t\t\t\t\t\t\t\t\t\t\t\t\t<\/div>\n\t\t\t\t<\/div>\n\t\t\t\t<div class=\"elementor-element elementor-element-66b4510 elementor-widget elementor-widget-image\" data-id=\"66b4510\" data-element_type=\"widget\" data-e-type=\"widget\" data-widget_type=\"image.default\">\n\t\t\t\t<div class=\"elementor-widget-container\">\n\t\t\t\t\t\t\t\t\t\t\t\t\t\t\t<img decoding=\"async\" width=\"600\" height=\"275\" src=\"https:\/\/sterkontruimingen.nl\/wp-content\/uploads\/2019\/12\/sidebar-banners-verzorging.jpg\" class=\"attachment-large size-large wp-image-289\" alt=\"Pflege der Seitenleistenbanner\" srcset=\"https:\/\/sterkontruimingen.nl\/wp-content\/uploads\/2019\/12\/sidebar-banners-verzorging.jpg 600w, https:\/\/sterkontruimingen.nl\/wp-content\/uploads\/2019\/12\/sidebar-banners-verzorging-300x138.jpg 300w\" sizes=\"(max-width: 600px) 100vw, 600px\" \/>\t\t\t\t\t\t\t\t\t\t\t\t\t\t\t<\/div>\n\t\t\t\t<\/div>\n\t\t\t\t<div class=\"elementor-element elementor-element-968805b elementor-widget elementor-widget-image\" data-id=\"968805b\" data-element_type=\"widget\" data-e-type=\"widget\" data-widget_type=\"image.default\">\n\t\t\t\t<div class=\"elementor-widget-container\">\n\t\t\t\t\t\t\t\t\t\t\t\t\t\t\t<img loading=\"lazy\" decoding=\"async\" width=\"600\" height=\"275\" src=\"https:\/\/sterkontruimingen.nl\/wp-content\/uploads\/2019\/12\/sidebar-banners-spoed.jpg\" class=\"attachment-large size-large wp-image-283\" alt=\"Seitenleistenbanner eilen\" srcset=\"https:\/\/sterkontruimingen.nl\/wp-content\/uploads\/2019\/12\/sidebar-banners-spoed.jpg 600w, https:\/\/sterkontruimingen.nl\/wp-content\/uploads\/2019\/12\/sidebar-banners-spoed-300x138.jpg 300w\" sizes=\"(max-width: 600px) 100vw, 600px\" \/>\t\t\t\t\t\t\t\t\t\t\t\t\t\t\t<\/div>\n\t\t\t\t<\/div>\n\t\t\t\t<div class=\"elementor-element elementor-element-00d6551 elementor-widget elementor-widget-image\" data-id=\"00d6551\" data-element_type=\"widget\" data-e-type=\"widget\" data-widget_type=\"image.default\">\n\t\t\t\t<div class=\"elementor-widget-container\">\n\t\t\t\t\t\t\t\t\t\t\t\t\t\t\t<img loading=\"lazy\" decoding=\"async\" width=\"600\" height=\"275\" src=\"https:\/\/sterkontruimingen.nl\/wp-content\/uploads\/2019\/12\/sidebar-banners-mvo.jpg\" class=\"attachment-large size-large wp-image-282\" alt=\"Seitenleisten-Banner mvo\" srcset=\"https:\/\/sterkontruimingen.nl\/wp-content\/uploads\/2019\/12\/sidebar-banners-mvo.jpg 600w, https:\/\/sterkontruimingen.nl\/wp-content\/uploads\/2019\/12\/sidebar-banners-mvo-300x138.jpg 300w\" sizes=\"(max-width: 600px) 100vw, 600px\" \/>\t\t\t\t\t\t\t\t\t\t\t\t\t\t\t<\/div>\n\t\t\t\t<\/div>\n\t\t\t\t<\/div>\n\t\t\t\t\t<\/div>\n\t\t\t\t<\/div>\n\t\t<div class=\"elementor-element elementor-element-6beaad4 e-flex e-con-boxed e-con e-parent\" data-id=\"6beaad4\" data-element_type=\"container\" data-e-type=\"container\">\n\t\t\t\t\t<div class=\"e-con-inner\">\n\t\t\t\t\t<\/div>\n\t\t\t\t<\/div>\n\t\t\t\t<\/div>","protected":false},"excerpt":{"rendered":"<p>Het werkgebied van STERK Ontruimgingen: Bent u benieuwd waar sterk zoals werkt? Dan hebben we hier een handig overzicht voor je. Mocht jouw plaatsnaam er niet tussenstaan maar valt uw plaats wel tussen en om en nabij de aangegeven plaatsen dan bent u uiteraard van harte welkom om ons uit te nodigen. Alblasserdam Nieuw Lekkerland [&hellip;]<\/p>\n","protected":false},"author":1,"featured_media":0,"parent":0,"menu_order":22,"comment_status":"closed","ping_status":"closed","template":"elementor_header_footer","meta":{"inline_featured_image":false,"footnotes":""},"categories":[1],"tags":[],"class_list":["post-717","page","type-page","status-publish","hentry","category-website"],"blocksy_meta":{"styles_descriptor":{"styles":{"desktop":"","tablet":"","mobile":""},"google_fonts":[],"version":6}},"_links":{"self":[{"href":"https:\/\/sterkontruimingen.nl\/de\/wp-json\/wp\/v2\/pages\/717","targetHints":{"allow":["GET"]}}],"collection":[{"href":"https:\/\/sterkontruimingen.nl\/de\/wp-json\/wp\/v2\/pages"}],"about":[{"href":"https:\/\/sterkontruimingen.nl\/de\/wp-json\/wp\/v2\/types\/page"}],"author":[{"embeddable":true,"href":"https:\/\/sterkontruimingen.nl\/de\/wp-json\/wp\/v2\/users\/1"}],"replies":[{"embeddable":true,"href":"https:\/\/sterkontruimingen.nl\/de\/wp-json\/wp\/v2\/comments?post=717"}],"version-history":[{"count":34,"href":"https:\/\/sterkontruimingen.nl\/de\/wp-json\/wp\/v2\/pages\/717\/revisions"}],"predecessor-version":[{"id":4868,"href":"https:\/\/sterkontruimingen.nl\/de\/wp-json\/wp\/v2\/pages\/717\/revisions\/4868"}],"wp:attachment":[{"href":"https:\/\/sterkontruimingen.nl\/de\/wp-json\/wp\/v2\/media?parent=717"}],"wp:term":[{"taxonomy":"category","embeddable":true,"href":"https:\/\/sterkontruimingen.nl\/de\/wp-json\/wp\/v2\/categories?post=717"},{"taxonomy":"post_tag","embeddable":true,"href":"https:\/\/sterkontruimingen.nl\/de\/wp-json\/wp\/v2\/tags?post=717"}],"curies":[{"name":"wp","href":"https:\/\/api.w.org\/{rel}","templated":true}]}}