{"id":675,"date":"2020-04-13T13:47:05","date_gmt":"2020-04-13T11:47:05","guid":{"rendered":"http:\/\/sterkontruimingen.nl\/?page_id=675"},"modified":"2024-05-27T07:47:20","modified_gmt":"2024-05-27T05:47:20","slug":"raumung-dordrecht","status":"publish","type":"page","link":"https:\/\/sterkontruimingen.nl\/de\/ontruiming-dordrecht\/","title":{"rendered":"Hausr\u00e4umung Dordrecht"},"content":{"rendered":"<h2 class=\"wp-block-heading\">Hausr\u00e4umung Dordrecht<\/h2>\n\n\n\n<p>In Dordrecht wechseln in den letzten Jahren zwischen 1.500 und 2.000 Haushalte die Wohnung. Deshalb ist es gut, dass es Unternehmen wie STERK gibt, die dir einen R\u00e4umungsservice mit Wenn du ein Haus (Haus, Wohnung, Pflegezimmer oder Pflegeheim) hast, das in Dordrecht ger\u00e4umt werden muss? Wenn ja, kann STERK dir helfen! STERK hat umfangreiche Erfahrung mit der R\u00e4umung von H\u00e4usern, Pflegezimmern, Pflegeheimzimmern, Wohnungen und betreuten Wohnanlagen in Dordrecht und Umgebung. Wir richten uns ganz nach den Anforderungen und W\u00fcnschen des Vermieters, der Wohnungsbaugesellschaft, des Immobilienmaklers oder des Pflegeheims.<\/p>\n\n\n\n<p>Warum <\/p>\n\n\n\n<p>W\u00e4hrend der <strong>Zwangsr\u00e4umung in Dordrecht<\/strong> k\u00f6nnen wir alle Arten von Arbeiten wie das Entfernen von Teppichen, Tapeten oder Schrauben und N\u00e4geln durchf\u00fchren. Wir reparieren auch L\u00f6cher in W\u00e4nden. Wir k\u00f6nnen auch unn\u00f6tige, aber noch brauchbare Gegenst\u00e4nde nach <a href=\"http:\/\/sterkontruimingen.nl\/de\/uber-stark\/\">gute Zwecke<\/a> Wir entsorgen Abf\u00e4lle immer auf umweltvertr\u00e4gliche Weise. Das Tolle ist, dass wir oft in deiner Gegend von Dordrecht im Einsatz sind, so dass wir uns schnell an die Arbeit machen k\u00f6nnen. <\/p>\n\n\n\n<h2 class=\"wp-block-heading\">Was kostet eine Hausr\u00e4umung in Dordrecht?<\/h2>\n\n\n\n<p>Die Kosten h\u00e4ngen ganz von der Art des Eigentums und den Anforderungen an die \u00dcbergabe ab. Um einen Anhaltspunkt zu geben, haben wir <a href=\"http:\/\/sterkontruimingen.nl\/de\/was-kostet-eine-zwangsraumung\/\" data-type=\"post\" data-id=\"1593\">hier eine Kosten\u00fcbersicht erstellt<\/a> F\u00fcr die Hausr\u00e4umung in Dordrecht.<\/p>\n\n\n\n<div class=\"wp-block-columns is-layout-flex wp-container-core-columns-is-layout-28f84493 wp-block-columns-is-layout-flex\">\n<div class=\"wp-block-column is-layout-flow wp-block-column-is-layout-flow\">\n<h3 class=\"wp-block-heading\">Evakuierung des Pflegezimmers in Dordrecht<\/h3>\n\n\n\n<p>Bist du auf der Suche nach einer Partei, die dein Pflegezimmer oder das Pflegezimmer deiner Eltern in Dordrecht und Umgebung r\u00e4umt. Dann kontaktiere uns f\u00fcr ein unverbindliches Angebot.<\/p>\n\n\n\n<h3 class=\"wp-block-heading\">Garten- oder Schuppenr\u00e4umung in Dordrecht<\/h3>\n\n\n\n<p>Manchmal kann man den Wald vor lauter B\u00e4umen nicht sehen. Dann ist die Hilfe eines Aufr\u00e4umexperten in Dordrecht sehr n\u00fctzlich. Wir kommen und harken sozusagen deinen ganzen Garten oder Schuppen. Nat\u00fcrlich in Absprache mit dir, was du noch behalten willst oder nicht.<\/p>\n\n\n\n<h3 class=\"wp-block-heading\">Selbstevaluierung in Dordrecht<\/h3>\n\n\n\n<p>Wenn du deine eigene Entr\u00fcmpelung in Dordrecht starten m\u00f6chtest, aber nicht wei\u00dft, wo du anfangen sollst. Wir helfen dir gerne mit Tipps und Ratschl\u00e4gen. Au\u00dferdem k\u00f6nnen wir dich dann bei der weiteren Entr\u00fcmpelung deiner Wohnung in Dordrecht unterst\u00fctzen.<\/p>\n\n\n\n<h3 class=\"wp-block-heading\">Hausr\u00e4umung in Dordrecht<\/h3>\n\n\n\n<p>M\u00f6chtest du deine Wohnung in Dordrecht r\u00e4umen lassen? Dann bist du bei uns genau an der richtigen Adresse. Von unserer Niederlassung in Dordrecht aus helfen wir dir, deine Wohnung schnell und einfach zu r\u00e4umen.<\/p>\n<\/div>\n\n\n\n<div class=\"wp-block-column is-layout-flow wp-block-column-is-layout-flow\">\n<h3 class=\"wp-block-heading\">R\u00e4umung von Pflegeheimzimmern in Dordrecht<\/h3>\n\n\n\n<p>STERK nimmt dir die ganze Sorge aus den H\u00e4nden. Da wir oft in Dordrecht arbeiten, k\u00f6nnen wir dein Pflegeheimzimmer oder dein Pflegezimmer sehr schnell und zu einem vern\u00fcnftigen Preis reinigen.<\/p>\n\n\n\n<h3 class=\"wp-block-heading\">R\u00e4umung eines Pflegezimmers in Dordrecht<\/h3>\n\n\n\n<p>STERK nimmt dir die ganze Sorge aus den H\u00e4nden. Denn wir arbeiten ganz in der N\u00e4he in Dordrecht. Wir k\u00f6nnen dein Zimmer in k\u00fcrzester Zeit zu einem vern\u00fcnftigen Preis wischfertig machen.<\/p>\n\n\n\n<h3 class=\"wp-block-heading\">Zwangsr\u00e4umung nach Todesfall in Dordrecht<\/h3>\n\n\n\n<p>Wenn ein geliebter Mensch stirbt, ist das letzte, worum du dich k\u00fcmmern m\u00f6chtest, die R\u00e4umung des Hauses oder der Wohnung deines Angeh\u00f6rigen. STERK setzt sich daf\u00fcr ein, das Haus oder Zimmer in Dordrecht so schnell oder sogar dringend wie m\u00f6glich zu r\u00e4umen, mit Respekt vor dem Eigentum und dem Verstorbenen. Au\u00dferdem spenden wir die Gegenst\u00e4nde, die bereits verkauft werden k\u00f6nnen, in deinem Namen an die Stiftung Nieuwe Hoop.<\/p>\n<\/div>\n<\/div>","protected":false},"excerpt":{"rendered":"<p>Woningontruiming Dordrecht In Dordrecht wisselen de afgelopen jaren tussen de 1500 en 2000 huishoudens van huis. Daarom is het fijn dat er bedrijven zijn als STERK die u, indien u het nodig heeft, gebruik kan maken van een ontruimingdienst met Heeft u een woning (huis, appartement, zorgkamer of aanleunwoning) die ontruimt moet worden in Dordrecht? [&hellip;]<\/p>\n","protected":false},"author":1,"featured_media":678,"parent":0,"menu_order":10,"comment_status":"closed","ping_status":"closed","template":"","meta":{"inline_featured_image":false,"footnotes":""},"categories":[14],"tags":[],"class_list":["post-675","page","type-page","status-publish","has-post-thumbnail","hentry","category-landingspaginas"],"blocksy_meta":{"styles_descriptor":{"styles":{"desktop":"","tablet":"","mobile":""},"google_fonts":[],"version":6}},"_links":{"self":[{"href":"https:\/\/sterkontruimingen.nl\/de\/wp-json\/wp\/v2\/pages\/675","targetHints":{"allow":["GET"]}}],"collection":[{"href":"https:\/\/sterkontruimingen.nl\/de\/wp-json\/wp\/v2\/pages"}],"about":[{"href":"https:\/\/sterkontruimingen.nl\/de\/wp-json\/wp\/v2\/types\/page"}],"author":[{"embeddable":true,"href":"https:\/\/sterkontruimingen.nl\/de\/wp-json\/wp\/v2\/users\/1"}],"replies":[{"embeddable":true,"href":"https:\/\/sterkontruimingen.nl\/de\/wp-json\/wp\/v2\/comments?post=675"}],"version-history":[{"count":2,"href":"https:\/\/sterkontruimingen.nl\/de\/wp-json\/wp\/v2\/pages\/675\/revisions"}],"predecessor-version":[{"id":3086,"href":"https:\/\/sterkontruimingen.nl\/de\/wp-json\/wp\/v2\/pages\/675\/revisions\/3086"}],"wp:featuredmedia":[{"embeddable":true,"href":"https:\/\/sterkontruimingen.nl\/de\/wp-json\/wp\/v2\/media\/678"}],"wp:attachment":[{"href":"https:\/\/sterkontruimingen.nl\/de\/wp-json\/wp\/v2\/media?parent=675"}],"wp:term":[{"taxonomy":"category","embeddable":true,"href":"https:\/\/sterkontruimingen.nl\/de\/wp-json\/wp\/v2\/categories?post=675"},{"taxonomy":"post_tag","embeddable":true,"href":"https:\/\/sterkontruimingen.nl\/de\/wp-json\/wp\/v2\/tags?post=675"}],"curies":[{"name":"wp","href":"https:\/\/api.w.org\/{rel}","templated":true}]}}