{"id":647,"date":"2020-04-10T21:39:34","date_gmt":"2020-04-10T19:39:34","guid":{"rendered":"http:\/\/sterkontruimingen.nl\/?page_id=647"},"modified":"2025-04-04T11:59:07","modified_gmt":"2025-04-04T09:59:07","slug":"evakuierung-von-alblasserdam","status":"publish","type":"page","link":"https:\/\/sterkontruimingen.nl\/de\/ontruiming-alblasserdam\/","title":{"rendered":"Zwangsr\u00e4umung Alblasserdam"},"content":{"rendered":"<h2 class=\"wp-block-heading\">Hausr\u00e4umung in Alblasserdam<\/h2>\n\n\n\n<p>Hast du eine Immobilie (Haus, Wohnung, Pflegezimmer oder betreutes Wohnen), die in Albasserdam oder Alblasserwaard ger\u00e4umt werden muss? Dann kann STERK dir helfen! STERK hat umfangreiche Erfahrung mit der R\u00e4umung von H\u00e4usern, Pflegezimmern, Heimzimmern, Wohnungen und betreuten Wohnungen in Alblasserdam und Umgebung. Wir liefern ganz nach den Anforderungen und W\u00fcnschen des Vermieters, der Wohnungsbaugesellschaft, des Immobilienmaklers oder des Pflegeheims.<\/p>\n\n\n\n<p>Bei der Entr\u00fcmpelung k\u00f6nnen wir alle Arten von Arbeiten wie das Entfernen von Teppichen, Tapeten oder Schrauben und N\u00e4geln durchf\u00fchren. Au\u00dferdem reparieren wir auch L\u00f6cher in der Wand. Wir k\u00f6nnen auch unn\u00f6tige, aber noch brauchbare Gegenst\u00e4nde nach <a href=\"http:\/\/sterkontruimingen.nl\/de\/uber-stark\/\">gute Zwecke<\/a> wir entsorgen Abf\u00e4lle immer auf umweltvertr\u00e4gliche Weise. Das Tolle ist, dass wir oft in deiner Gegend von Ablasserdam im Einsatz sind, sodass wir uns schnell an die Arbeit machen k\u00f6nnen. <\/p>\n\n\n\n<div class=\"wp-block-columns is-layout-flex wp-container-core-columns-is-layout-28f84493 wp-block-columns-is-layout-flex\">\n<div class=\"wp-block-column is-layout-flow wp-block-column-is-layout-flow\">\n<h3 class=\"wp-block-heading\">PFLEGEZIMMER EVAKUIEREN<\/h3>\n\n\n\n<p>Bist du auf der Suche nach einer Partei, die dein Pflegezimmer oder das Pflegezimmer deiner Eltern in Alblasserdam oder dem Alblasserwaard r\u00e4umt. Dann kontaktiere uns f\u00fcr ein unverbindliches Angebot.<\/p>\n\n\n\n<h3 class=\"wp-block-heading\">GARTEN- ODER SCHUPPENR\u00c4UMUNG<\/h3>\n\n\n\n<p>Manchmal kann man den Wald vor lauter B\u00e4umen nicht mehr sehen. Dann ist die Hilfe eines Aufr\u00e4umexperten in Alblasserdam oder dem Alblasserwaard sehr n\u00fctzlich. Wir kommen vorbei und harken sprichw\u00f6rtlich deinen ganzen Garten oder Schuppen durch. Nat\u00fcrlich in Absprache mit dir, was du noch behalten willst oder nicht.<\/p>\n<\/div>\n\n\n\n<div class=\"wp-block-column is-layout-flow wp-block-column-is-layout-flow\">\n<h3 class=\"wp-block-heading\">R\u00e4umung von Pflegeheimzimmern<\/h3>\n\n\n\n<p>STERK nimmt dir die ganze Sorge aus den H\u00e4nden. Denn wir arbeiten in der N\u00e4he von Alblasserdam und dem Alblasserwaard. Wir k\u00f6nnen dein Zimmer in k\u00fcrzester Zeit zu einem vern\u00fcnftigen Preis wischfertig machen.<\/p>\n\n\n\n<h3 class=\"wp-block-heading\">LICHTUNG NACH DEM TOD<\/h3>\n\n\n\n<p>Wenn ein geliebter Mensch verstirbt, ist das letzte, worum du dich k\u00fcmmern m\u00f6chtest, die R\u00e4umung des Hauses oder der Wohnung deines Angeh\u00f6rigen. STERK setzt sich daf\u00fcr ein, das Haus oder den Raum mit Respekt f\u00fcr das Eigentum und den Verstorbenen so schnell wie m\u00f6glich oder sogar dringend zu r\u00e4umen. Au\u00dferdem spenden wir in deinem Namen alle Gegenst\u00e4nde, die bereits verkauft werden k\u00f6nnen, an die New Hope Foundation, die sich unter anderem f\u00fcr die Bek\u00e4mpfung der Einsamkeit einsetzt.<\/p>\n<\/div>\n<\/div>","protected":false},"excerpt":{"rendered":"<p>Woningontruiming alblasserdam Heeft u een woning (huis, appartement, zorgkamer of aanleunwoning) die ontruimt moet worden in Albasserdam of de Alblasserwaard? Dan kan STERK hierbij helpen! STERK heeft ruime ervaring met het ontruimen van woningen, zorgkamers verpleeghuiskamers, appartementen en aanleunwoningen in Alblasserdam en omgeving. Wij leveren geheel op naar de eisen en wensen van verhuurder, woningbouwvereniging, [&hellip;]<\/p>\n","protected":false},"author":1,"featured_media":4869,"parent":0,"menu_order":9,"comment_status":"closed","ping_status":"closed","template":"","meta":{"inline_featured_image":false,"footnotes":""},"categories":[14],"tags":[],"class_list":["post-647","page","type-page","status-publish","has-post-thumbnail","hentry","category-landingspaginas"],"blocksy_meta":{"styles_descriptor":{"styles":{"desktop":"","tablet":"","mobile":""},"google_fonts":[],"version":6}},"_links":{"self":[{"href":"https:\/\/sterkontruimingen.nl\/de\/wp-json\/wp\/v2\/pages\/647","targetHints":{"allow":["GET"]}}],"collection":[{"href":"https:\/\/sterkontruimingen.nl\/de\/wp-json\/wp\/v2\/pages"}],"about":[{"href":"https:\/\/sterkontruimingen.nl\/de\/wp-json\/wp\/v2\/types\/page"}],"author":[{"embeddable":true,"href":"https:\/\/sterkontruimingen.nl\/de\/wp-json\/wp\/v2\/users\/1"}],"replies":[{"embeddable":true,"href":"https:\/\/sterkontruimingen.nl\/de\/wp-json\/wp\/v2\/comments?post=647"}],"version-history":[{"count":1,"href":"https:\/\/sterkontruimingen.nl\/de\/wp-json\/wp\/v2\/pages\/647\/revisions"}],"predecessor-version":[{"id":4871,"href":"https:\/\/sterkontruimingen.nl\/de\/wp-json\/wp\/v2\/pages\/647\/revisions\/4871"}],"wp:featuredmedia":[{"embeddable":true,"href":"https:\/\/sterkontruimingen.nl\/de\/wp-json\/wp\/v2\/media\/4869"}],"wp:attachment":[{"href":"https:\/\/sterkontruimingen.nl\/de\/wp-json\/wp\/v2\/media?parent=647"}],"wp:term":[{"taxonomy":"category","embeddable":true,"href":"https:\/\/sterkontruimingen.nl\/de\/wp-json\/wp\/v2\/categories?post=647"},{"taxonomy":"post_tag","embeddable":true,"href":"https:\/\/sterkontruimingen.nl\/de\/wp-json\/wp\/v2\/tags?post=647"}],"curies":[{"name":"wp","href":"https:\/\/api.w.org\/{rel}","templated":true}]}}