{"id":362,"date":"2020-01-02T09:54:12","date_gmt":"2020-01-02T09:54:12","guid":{"rendered":"http:\/\/sterkontruimingen.nl\/?page_id=362"},"modified":"2020-04-18T17:52:43","modified_gmt":"2020-04-18T15:52:43","slug":"bedingungen-und-konditionen","status":"publish","type":"page","link":"https:\/\/sterkontruimingen.nl\/de\/algemene-voorwaarden\/","title":{"rendered":"Allgemeine Gesch\u00e4ftsbedingungen"},"content":{"rendered":"<div data-elementor-type=\"wp-page\" data-elementor-id=\"362\" class=\"elementor elementor-362\" data-elementor-post-type=\"page\">\n\t\t\t\t\t\t<section class=\"elementor-section elementor-top-section elementor-element elementor-element-3e74dba elementor-section-boxed elementor-section-height-default elementor-section-height-default\" data-id=\"3e74dba\" data-element_type=\"section\" data-e-type=\"section\">\n\t\t\t\t\t\t<div class=\"elementor-container elementor-column-gap-default\">\n\t\t\t\t\t<div class=\"elementor-column elementor-col-100 elementor-top-column elementor-element elementor-element-2015ac3\" data-id=\"2015ac3\" data-element_type=\"column\" data-e-type=\"column\">\n\t\t\t<div class=\"elementor-widget-wrap elementor-element-populated\">\n\t\t\t\t\t\t<div class=\"elementor-element elementor-element-cb86f5a elementor-widget elementor-widget-text-editor\" data-id=\"cb86f5a\" data-element_type=\"widget\" data-e-type=\"widget\" data-widget_type=\"text-editor.default\">\n\t\t\t\t<div class=\"elementor-widget-container\">\n\t\t\t\t\t\t\t\t\t<h1>Allgemeine Gesch\u00e4ftsbedingungen<\/h1><p>Von:<\/p><p>STERK Inboedels\", mit Sitz und Gesch\u00e4ftsstelle am Nijverheidsweg 46c in Hendrik-Ido-Ambacht, im Folgenden Auftragnehmer genannt, ist bei der Handelskammer unter der Registrierungsnummer eingetragen.<\/p><h3>Artikel 1. Definitionen<\/h3><p>In diesen Allgemeinen Gesch\u00e4ftsbedingungen bedeutet \"Auftragnehmer\" \"STERK Inboedel\" mit Sitz am Nijverheidsweg 46c in Hendrik-Ido-Ambacht.<\/p><h3>Artikel 2 Anwendbarkeit dieser Bedingungen<\/h3><p>Diese Bedingungen gelten f\u00fcr jedes Angebot und jeden Vertrag zwischen dem Auftragnehmer und einem Auftraggeber, f\u00fcr den der Auftragnehmer diese Bedingungen f\u00fcr anwendbar erkl\u00e4rt hat. Diese Bedingungen gelten nicht, wenn der Auftragnehmer ausdr\u00fccklich und schriftlich von ihnen abgewichen ist.<\/p><h3>Artikel 3: Angebote<\/h3><p><strong>3.1.<\/strong> Alle unsere Angebote werden kostenlos und v\u00f6llig unverbindlich erstellt. Angebote sind drei\u00dfig Tage lang g\u00fcltig. Wenn im Angebot ein Annahmedatum angegeben ist, ist das Angebot bis zu diesem Datum g\u00fcltig.<\/p><p><strong>3.2.<\/strong> Der Auftragnehmer ist an ein abgegebenes Angebot gebunden, wenn es von der anderen Partei innerhalb von 30 Tagen schriftlich best\u00e4tigt wird.<\/p><p><strong>3.3.<\/strong> Die in den genannten Angeboten genannten Preise verstehen sich ohne Umsatzsteuer und ohne die vom Auftragnehmer zu zahlenden Dumpingkosten f\u00fcr die Entsorgung der zu entsorgenden Waren.<\/p><h3>Artikel 4. die Ausf\u00fchrung der Vereinbarung<\/h3><p><strong>4.1.<\/strong> Der Auftragnehmer f\u00fchrt die Arbeiten gem\u00e4\u00df den getroffenen Vereinbarungen aus.<\/p><p><strong>4.2.<\/strong> Wenn dies f\u00fcr die ordnungsgem\u00e4\u00dfe Ausf\u00fchrung des Vertrags erforderlich ist, hat der Auftragnehmer das Recht, Arbeiten, die besondere Fachkenntnisse erfordern, von Dritten ausf\u00fchren zu lassen.<\/p><p><strong>4.3.<\/strong> Der Auftraggeber sorgt daf\u00fcr, dass alle Daten und Gegenst\u00e4nde, die \"STERK Inboedel\" als erforderlich angibt oder von denen der Auftraggeber vern\u00fcnftigerweise annehmen sollte, dass sie f\u00fcr die Ausf\u00fchrung des Vertrages erforderlich sind, dem Auftragnehmer rechtzeitig zur Verf\u00fcgung gestellt und von ihm bewertet werden. Wenn der Auftraggeber dem Auftragnehmer die f\u00fcr die Ausf\u00fchrung des Vertrags erforderlichen Daten und Gegenst\u00e4nde nicht rechtzeitig zur Verf\u00fcgung stellt, hat der Auftragnehmer das Recht, die Ausf\u00fchrung des Vertrags auszusetzen und\/oder dem Auftraggeber die aus der Verz\u00f6gerung resultierenden Mehrkosten nach den \u00fcblichen S\u00e4tzen in Rechnung zu stellen.<\/p><p><strong>4.4.<\/strong> Wenn vereinbart wurde, dass der Vertrag in Phasen ausgef\u00fchrt wird, kann der Auftragnehmer die Ausf\u00fchrung der Teile, die zu einer nachfolgenden Phase geh\u00f6ren, aussetzen, bis der Auftraggeber die Ergebnisse der vorangegangenen Phase schriftlich genehmigt hat.<\/p><h3>Artikel 5: Vertragsdauer; Ausf\u00fchrungsfrist<\/h3><p><strong>5.1.<\/strong> Der Vertrag wird f\u00fcr das vereinbarte Projekt geschlossen, es sei denn, die Parteien haben ausdr\u00fccklich und schriftlich etwas anderes vereinbart.<\/p><p><strong>5.2.<\/strong> Wenn in der Vereinbarung eine Frist f\u00fcr den Abschluss bestimmter Arbeiten vereinbart wird, handelt es sich dabei nie um eine strenge Frist. Das bedeutet, dass keine Entsch\u00e4digung f\u00e4llig wird, wenn der Auftraggeber des Auftragnehmers aufgrund h\u00f6herer Gewalt nicht in der Lage ist, die Vereinbarung fristgerecht zu erf\u00fcllen.<\/p><h3>Artikel 6: \u00c4nderung des Abkommens<\/h3><p><strong>6.1.<\/strong> Stellt sich w\u00e4hrend der Ausf\u00fchrung der Vereinbarung heraus, dass es f\u00fcr eine ordnungsgem\u00e4\u00dfe Ausf\u00fchrung notwendig ist, die auszuf\u00fchrenden Arbeiten zu \u00e4ndern oder zu erg\u00e4nzen, haben die Parteien das Recht, die Vereinbarung einvernehmlich anzupassen.<\/p><p><strong>6.2.<\/strong> Wenn die Parteien vereinbaren, dass der Vertrag ge\u00e4ndert oder erg\u00e4nzt wird, kann sich dies auf den Zeitpunkt der Ausf\u00fchrung auswirken. Der Auftragnehmer informiert den Auftraggeber so schnell wie m\u00f6glich.<\/p><p><strong>6.3.<\/strong> Wenn die \u00c4nderung oder Erg\u00e4nzung der Vereinbarung finanzielle und\/oder qualitative Folgen hat, informiert der Auftragnehmer den Auftraggeber im Voraus.<\/p><h3>Artikel 7: Vertraulichkeit<\/h3><p>Beide Parteien sind verpflichtet, alle vertraulichen Informationen, die sie im Rahmen ihrer Vereinbarung von der anderen Partei oder aus anderen Quellen erhalten haben, vertraulich zu behandeln. Informationen gelten als vertraulich, wenn sie von der anderen Partei mitgeteilt wurden oder wenn sich dies aus der Art der Informationen ergibt.<\/p><h3>Artikel 8. Geistiges Eigentum<\/h3><p>Der Auftragnehmer beh\u00e4lt sich au\u00dferdem das Recht vor, die bei der Durchf\u00fchrung der Arbeiten gewonnenen Erkenntnisse f\u00fcr andere Zwecke zu nutzen, sofern dabei keine vertraulichen Informationen an Dritte weitergegeben werden.<\/p><h3>Artikel 9. Beendigung<\/h3><p>Jede der beiden Parteien kann die Vereinbarung jederzeit schriftlich k\u00fcndigen. In diesem Fall m\u00fcssen die Parteien eine K\u00fcndigungsfrist von mindestens einem vollen Kalendermonat einhalten.<\/p><h3>Artikel 10. Aufl\u00f6sung des Abkommens<\/h3><p><strong>10.1.<\/strong> Die Forderungen des Auftragnehmers gegen\u00fcber dem Auftraggeber sind sofort f\u00e4llig, wenn:<\/p><p><strong>Sub a.<\/strong> Nach Abschluss des Vertrags erf\u00e4hrt der Auftragnehmer von Umst\u00e4nden, aufgrund derer er bef\u00fcrchtet, dass der Auftraggeber seine Verpflichtungen nicht erf\u00fcllen wird.<\/p><p><strong>Sub b.<\/strong> Der Auftragnehmer hat den Auftraggeber bei Vertragsabschluss aufgefordert, eine Sicherheit f\u00fcr die Erf\u00fcllung der Verpflichtungen zu leisten, und diese Sicherheit wurde nicht geleistet oder ist unzureichend.<\/p><p>\u00a0<\/p><p><strong>10.2.<\/strong> In den in Absatz 1 Buchstaben a und b dieses Artikels genannten F\u00e4llen ist der Auftragnehmer berechtigt, die Erf\u00fcllung des Vertrags auszusetzen oder den Vertrag aufzul\u00f6sen, und zwar unbeschadet des Rechts des Auftragnehmers, Schadenersatz und Entsch\u00e4digung f\u00fcr entgangenen Gewinn zu verlangen.<\/p><p><strong>10.3.<\/strong> Wird der Vertrag aufgel\u00f6st, bevor die Arbeiten ausgef\u00fchrt wurden, schuldet der\/die Auftraggeber\/in drei\u00dfig Prozent des f\u00fcr die auszuf\u00fchrenden Arbeiten vereinbarten Betrags einschlie\u00dflich Umsatzsteuer.<\/p><h3>Artikel 11. M\u00e4ngel; Reklamationsfristen<\/h3><p><strong>11.1.<\/strong> Beanstandungen der ausgef\u00fchrten Arbeiten muss der Auftraggeber dem Auftragnehmer innerhalb von acht Tagen nach ihrer Entdeckung, sp\u00e4testens jedoch innerhalb von 14 Tagen nach Abschluss der vereinbarten Arbeiten, schriftlich mitteilen.<\/p><p><strong>11.2.<\/strong> Wenn eine Reklamation berechtigt ist, f\u00fchrt der Auftragnehmer die Arbeit trotzdem wie vereinbart aus, es sei denn, dies ist f\u00fcr den Auftraggeber inzwischen nachweislich sinnlos geworden.<\/p><h3>Artikel 12. Geb\u00fchr<\/h3><p><strong>12.1.<\/strong> F\u00fcr Angebote gegen ein festes Entgelt und f\u00fcr Vereinbarungen, in denen ein festes Entgelt vereinbart wurde, gelten die Abs\u00e4tze 2, 5 und 6 dieses Artikels. Wenn kein festes Honorar vereinbart wurde, gelten die Abs\u00e4tze 3, 4, 5 und 6 dieses Artikels.<\/p><p><strong>12.2.<\/strong> Der Auftragnehmer und der Auftraggeber k\u00f6nnen sich bei Vertragsabschluss auf ein festes Honorar einigen. Das Festhonorar versteht sich zuz\u00fcglich der Umsatzsteuer.<\/p><p><strong>12.3.<\/strong> Wird kein festes Honorar vereinbart, wird das Honorar auf der Grundlage der tats\u00e4chlich geleisteten Arbeitsstunden und des Kilometergelds f\u00fcr das\/die benutzte(n) Firmenfahrzeug(e) festgelegt. Das Honorar wird nach den \u00fcblichen Stundens\u00e4tzen und Kilometerpauschalen des Auftragnehmers berechnet, die f\u00fcr den Zeitraum gelten, in dem die Arbeit geleistet wird, es sei denn, es wurde ein anderer Stundensatz oder eine andere Kilometerpauschale vereinbart.<\/p><p><strong>12.4.<\/strong> Alle Kostenvoranschl\u00e4ge verstehen sich immer ohne Mehrwertsteuer.<\/p><p><strong>12.5.<\/strong> Bei Eins\u00e4tzen mit einer Dauer von mehr als zwei Monaten werden die f\u00e4lligen Geb\u00fchren in regelm\u00e4\u00dfigen Abst\u00e4nden erhoben.<\/p><p><strong>12.6.<\/strong> Vereinbart der Auftragnehmer mit dem Auftraggeber ein festes Honorar oder einen Stundensatz, ist er dennoch berechtigt, dieses Honorar oder diesen Stundensatz zu erh\u00f6hen, wenn er nachweisen kann, dass zwischen dem Zeitpunkt des Angebots und der Lieferung wesentliche Preis\u00e4nderungen bei den L\u00f6hnen oder den Kfz-Kosten eingetreten sind.<\/p><h3>Artikel 13. Zahlung<\/h3><p><strong>13.1.<\/strong> Die Zahlung muss innerhalb von vierzehn Tagen nach Rechnungsdatum auf eine vom Auftragnehmer anzugebende Weise und in der in Rechnung gestellten W\u00e4hrung erfolgen.<\/p><p><strong>13.2.<\/strong> Nach Ablauf von vierzehn Tagen ab dem Rechnungsdatum ist der Kunde in Verzug. Der Kunde schuldet ab dem Zeitpunkt des Verzugs Zinsen in H\u00f6he von 1% pro Monat auf den geschuldeten Betrag, sofern der gesetzliche Zinssatz nicht h\u00f6her ist. In diesem Fall gilt der gesetzliche Zinssatz.<\/p><p><strong>13.3.<\/strong> Die vom Kunden geleisteten Zahlungen dienen erstens zur Begleichung aller f\u00e4lligen Zinsen und Kosten und zweitens zur Begleichung der am l\u00e4ngsten ausstehenden Rechnungen, auch wenn der Kunde angibt, dass sich die Zahlung auf eine sp\u00e4tere Rechnung bezieht.<\/p><h3>Artikel 14. Inkassokosten<\/h3><p><strong>14.1.<\/strong> Wenn der Kunde mit einer oder mehreren seiner Verpflichtungen in Verzug ist oder gegen sie verst\u00f6\u00dft, gehen alle angemessenen Kosten f\u00fcr die au\u00dfergerichtliche Befriedigung zu Lasten des Kunden. In jedem Fall schuldet der Kunde zwanzig Prozent der ersten 2.500 \u20ac und zehn Prozent des dar\u00fcber hinausgehenden Betrags bis zu 6.000 \u20ac.<\/p><p><strong>14.2.<\/strong> Wenn der Auftragnehmer nachweist, dass ihm vern\u00fcnftigerweise h\u00f6here Kosten entstanden sind, sind auch diese Kosten erstattungsf\u00e4hig. Diese Kosten erh\u00f6hen den auf der Grundlage von Absatz 1 berechneten Betrag.<\/p><h3>Artikel 15. Haftung<\/h3><p>Wenn der Auftragnehmer f\u00fcr verursachte Sch\u00e4den haftbar gemacht wird, ist diese Haftung wie folgt begrenzt:<\/p><p><strong>15.1.<\/strong> Die Haftung des Auftragnehmers ist, soweit sie durch seine Haftpflichtversicherung gedeckt ist, auf die H\u00f6he der von seinem Versicherer geleisteten Zahlung beschr\u00e4nkt.<\/p><p><strong>15.2.<\/strong> Wenn der Versicherer in einem Fall nicht zahlt oder der Schaden nicht von der Versicherung gedeckt ist, ist die Haftung des Auftragnehmers auf das Eineinhalbfache des Rechnungswerts des Auftrags, ohne Umsatzsteuer, zumindest des Teils des Auftrags, auf den sich die Haftung bezieht, begrenzt.<\/p><p><strong>15.3.<\/strong> Abweichend von den Bestimmungen in Absatz 2 dieses Artikels ist die Haftung bei einer Abtretung mit einer Dauer von mehr als sechs Monaten au\u00dferdem auf den Teil des f\u00fcr den letzten Monat f\u00e4lligen Entgelts beschr\u00e4nkt.<\/p><p><strong>15.4.<\/strong> Die in diesen Bedingungen festgelegten Haftungsbeschr\u00e4nkungen gelten nicht, wenn der Schaden auf Vorsatz oder grobe Fahrl\u00e4ssigkeit seitens des Auftragnehmers oder seiner Erf\u00fcllungsgehilfen zur\u00fcckzuf\u00fchren ist.<\/p><p><strong>15.5.<\/strong> Der Auftragnehmer ist niemals f\u00fcr Folgesch\u00e4den haftbar.<\/p><h3>Artikel 16. Verkauf und Lieferung von Waren<\/h3><p><strong>16.1.<\/strong> Die verkauften Waren werden in dem Zustand geliefert, in dem sie auf der Website oder auf dem Anschauungsmaterial abgebildet sind.<\/p><p><strong>16.2.<\/strong> F\u00fcr die verkauften Waren wird keine Garantie \u00fcbernommen.<\/p><p><strong>16.3.<\/strong> Gelieferte Waren werden nicht zur\u00fcckgenommen.<\/p><p><strong>16.4.<\/strong> Ein Umtausch der gelieferten Waren ist nur m\u00f6glich, wenn \"STERK Inboedels\" zustimmt.<\/p><p><strong>16.5.<\/strong> Die Lieferkosten der Waren aus Havelte werden vom K\u00e4ufer getragen, es sei denn, es wurde eine andere Vereinbarung getroffen.<\/p><h3>Artikel 17. H\u00f6here Gewalt<\/h3><p><strong>17.1.<\/strong> In diesen Allgemeinen Gesch\u00e4ftsbedingungen bedeutet h\u00f6here Gewalt neben dem, was in Gesetz und Rechtsprechung verstanden wird, alle \u00e4u\u00dferen Ursachen, vorhersehbar oder unvorhersehbar, auf die der Nutzer keinen Einfluss nehmen kann, die ihn aber daran hindern, seine Verpflichtungen zu erf\u00fcllen. Dazu geh\u00f6ren auch Streiks im Betrieb des Auftragnehmers.<\/p><p><strong>17.2.<\/strong> Der Auftragnehmer ist berechtigt, sich auf h\u00f6here Gewalt zu berufen, wenn der Umstand, der die (weitere) Erf\u00fcllung verhindert, eintritt, nachdem der Auftragnehmer seine Verpflichtung h\u00e4tte erf\u00fcllen m\u00fcssen.<\/p><p><strong>17.3.<\/strong> W\u00e4hrend h\u00f6herer Gewalt werden die Verpflichtungen des Auftragnehmers ausgesetzt. Wenn der Zeitraum, in dem die Erf\u00fcllung der Verpflichtungen durch den Auftragnehmer aufgrund h\u00f6herer Gewalt nicht m\u00f6glich ist, l\u00e4nger als 2 Monate dauert, sind beide Parteien berechtigt, den Vertrag aufzul\u00f6sen, ohne dass der Auftragnehmer in diesem Fall zu Schadenersatz verpflichtet ist.<\/p><p><strong>17.4.<\/strong> Wenn der Auftragnehmer bei Eintritt der h\u00f6heren Gewalt bereits einen Teil seiner Verpflichtungen erf\u00fcllt hat oder seine Verpflichtungen nur teilweise erf\u00fcllen kann, ist er berechtigt, den bereits erf\u00fcllten oder ausf\u00fchrbaren Teil separat in Rechnung zu stellen. In diesem Fall ist der Auftragnehmer verpflichtet, diese Rechnung so zu bezahlen, als handele es sich um einen separaten Vertrag. Dies gilt jedoch nicht, wenn der bereits ausgef\u00fchrte oder ausf\u00fchrbare Teil keinen eigenst\u00e4ndigen Wert hat.<\/p><h3>Artikel 18. Streitschlichtung<\/h3><p>Das Gericht am Wohnsitz des Auftragnehmers ist, sofern nicht das kantonale Gericht zust\u00e4ndig ist, ausschlie\u00dflich f\u00fcr Streitigkeiten zust\u00e4ndig. Der Auftragnehmer hat jedoch das Recht, seine Gegenpartei vor dem nach dem Gesetz zust\u00e4ndigen Gericht zu verklagen.<\/p><h3>Artikel 19. Anwendbares Recht<\/h3><p>Jede Vereinbarung zwischen dem Auftragnehmer und dem Auftraggeber unterliegt dem niederl\u00e4ndischen Recht.<\/p><h3>Artikel 20. \u00c4nderung und Ort der Bedingungen<\/h3><p>Es gilt immer die zuletzt hinterlegte oder die zum Zeitpunkt des Abschlusses dieses Vertrags g\u00fcltige Version.<\/p><p><em>Letzte \u00c4nderungen bei Hendrik-Ido-Ambacht am 1. September 2019.<\/em><\/p>\t\t\t\t\t\t\t\t<\/div>\n\t\t\t\t<\/div>\n\t\t\t\t\t<\/div>\n\t\t<\/div>\n\t\t\t\t\t<\/div>\n\t\t<\/section>\n\t\t\t\t<\/div>","protected":false},"excerpt":{"rendered":"<p>Algemene voorwaarden van: \u2018STERK Inboedels\u2019, gevestigd en kantoorhoudende aan de &#8216;Nijverheidsweg 46c in Hendrik-Ido-Ambacht hierna te noemen de opdrachtnemer, ingeschreven bij de Kamer van Koophandel onder inschrijvingsnummer. Artikel 1. Definities In deze algemene voorwaarden wordt onder \u2019opdrachtnemer\u2019 verstaan &#8216;STERK Inboedel&#8217;, gevestigd aan de Nijverheidsweg 46c te Hendrik-Ido-Ambacht. Artikel 2. Toepasselijkheid van deze voorwaarden Deze voorwaarden [&hellip;]<\/p>\n","protected":false},"author":1,"featured_media":0,"parent":0,"menu_order":3,"comment_status":"closed","ping_status":"closed","template":"","meta":{"inline_featured_image":false,"footnotes":""},"categories":[15],"tags":[],"class_list":["post-362","page","type-page","status-publish","hentry","category-administratief"],"blocksy_meta":{"styles_descriptor":{"styles":{"desktop":"","tablet":"","mobile":""},"google_fonts":[],"version":6}},"_links":{"self":[{"href":"https:\/\/sterkontruimingen.nl\/de\/wp-json\/wp\/v2\/pages\/362","targetHints":{"allow":["GET"]}}],"collection":[{"href":"https:\/\/sterkontruimingen.nl\/de\/wp-json\/wp\/v2\/pages"}],"about":[{"href":"https:\/\/sterkontruimingen.nl\/de\/wp-json\/wp\/v2\/types\/page"}],"author":[{"embeddable":true,"href":"https:\/\/sterkontruimingen.nl\/de\/wp-json\/wp\/v2\/users\/1"}],"replies":[{"embeddable":true,"href":"https:\/\/sterkontruimingen.nl\/de\/wp-json\/wp\/v2\/comments?post=362"}],"version-history":[{"count":0,"href":"https:\/\/sterkontruimingen.nl\/de\/wp-json\/wp\/v2\/pages\/362\/revisions"}],"wp:attachment":[{"href":"https:\/\/sterkontruimingen.nl\/de\/wp-json\/wp\/v2\/media?parent=362"}],"wp:term":[{"taxonomy":"category","embeddable":true,"href":"https:\/\/sterkontruimingen.nl\/de\/wp-json\/wp\/v2\/categories?post=362"},{"taxonomy":"post_tag","embeddable":true,"href":"https:\/\/sterkontruimingen.nl\/de\/wp-json\/wp\/v2\/tags?post=362"}],"curies":[{"name":"wp","href":"https:\/\/api.w.org\/{rel}","templated":true}]}}