{"id":335,"date":"2020-01-02T08:31:17","date_gmt":"2020-01-02T08:31:17","guid":{"rendered":"http:\/\/sterkontruimingen.nl\/?page_id=335"},"modified":"2020-04-18T17:52:14","modified_gmt":"2020-04-18T15:52:14","slug":"sicherheitsabstande","status":"publish","type":"page","link":"https:\/\/sterkontruimingen.nl\/de\/spoedontruimingen\/","title":{"rendered":"Notfallfreigaben"},"content":{"rendered":"<div data-elementor-type=\"wp-page\" data-elementor-id=\"335\" class=\"elementor elementor-335\" data-elementor-post-type=\"page\">\n\t\t\t\t\t\t<section class=\"elementor-section elementor-top-section elementor-element elementor-element-2cc527d elementor-section-boxed elementor-section-height-default elementor-section-height-default\" data-id=\"2cc527d\" data-element_type=\"section\" data-e-type=\"section\">\n\t\t\t\t\t\t<div class=\"elementor-container elementor-column-gap-default\">\n\t\t\t\t\t<div class=\"elementor-column elementor-col-50 elementor-top-column elementor-element elementor-element-72877fe\" data-id=\"72877fe\" data-element_type=\"column\" data-e-type=\"column\">\n\t\t\t<div class=\"elementor-widget-wrap elementor-element-populated\">\n\t\t\t\t\t\t<div class=\"elementor-element elementor-element-05470eb elementor-widget elementor-widget-heading\" data-id=\"05470eb\" data-element_type=\"widget\" data-e-type=\"widget\" data-widget_type=\"heading.default\">\n\t\t\t\t<div class=\"elementor-widget-container\">\n\t\t\t\t\t<h1 class=\"elementor-heading-title elementor-size-default\">Notr\u00e4umung<\/h1>\t\t\t\t<\/div>\n\t\t\t\t<\/div>\n\t\t\t\t<div class=\"elementor-element elementor-element-e61a5d2 elementor-widget elementor-widget-text-editor\" data-id=\"e61a5d2\" data-element_type=\"widget\" data-e-type=\"widget\" data-widget_type=\"text-editor.default\">\n\t\t\t\t<div class=\"elementor-widget-container\">\n\t\t\t\t\t\t\t\t\t<p>In einigen F\u00e4llen von <a href=\"http:\/\/sterkontruimingen.nl\/de\/ontruiming\/hausraumung\/\">Hausr\u00e4umung<\/a> das Haus muss innerhalb von 24 - 48 Stunden leer sein. A <b>dringende Hausr\u00e4umung<\/b> ist f\u00fcr einen durchschnittlichen Haushalt oft nicht machbar. Genau hier kann STERK helfen.<\/p>\t\t\t\t\t\t\t\t<\/div>\n\t\t\t\t<\/div>\n\t\t\t\t<div class=\"elementor-element elementor-element-3491a03 elementor-widget elementor-widget-text-editor\" data-id=\"3491a03\" data-element_type=\"widget\" data-e-type=\"widget\" data-widget_type=\"text-editor.default\">\n\t\t\t\t<div class=\"elementor-widget-container\">\n\t\t\t\t\t\t\t\t\t<p>Eine Notr\u00e4umung erfordert eine straffe Planung, physische Herausforderungen und professionelle Materialien, um deine Wohnung oder dein Pflegezimmer schnell und pr\u00e4zise zu r\u00e4umen, mit der Genauigkeit und Effizienz einer \"normalen\" R\u00e4umung.<\/p>\t\t\t\t\t\t\t\t<\/div>\n\t\t\t\t<\/div>\n\t\t\t\t<div class=\"elementor-element elementor-element-cf21846 elementor-widget elementor-widget-text-editor\" data-id=\"cf21846\" data-element_type=\"widget\" data-e-type=\"widget\" data-widget_type=\"text-editor.default\">\n\t\t\t\t<div class=\"elementor-widget-container\">\n\t\t\t\t\t\t\t\t\t<p>Bei STERK sind wir immer auf die gr\u00f6\u00dften Herausforderungen vorbereitet, denn man wei\u00df nie, was auf einen zukommt. Auf jeden Fall haben wir alle Vorbereitungen getroffen, um zu garantieren, dass dein Haus p\u00fcnktlich leer und aufger\u00e4umt \u00fcbergeben werden kann.<\/p>\t\t\t\t\t\t\t\t<\/div>\n\t\t\t\t<\/div>\n\t\t\t\t<div class=\"elementor-element elementor-element-721bc72 elementor-widget elementor-widget-text-editor\" data-id=\"721bc72\" data-element_type=\"widget\" data-e-type=\"widget\" data-widget_type=\"text-editor.default\">\n\t\t\t\t<div class=\"elementor-widget-container\">\n\t\t\t\t\t\t\t\t\t<div class=\"homepage-content\">\n<p>Wir geben uns gro\u00dfe M\u00fche, um zu sehen, ob wir deinen Sachen ein zweites Leben geben k\u00f6nnen. Wir bieten sie zum&nbsp;<a href=\"http:\/\/sterkontruimingen.nl\/de\/uber-stark\/mvo\/\" target=\"_blank\">Secondhandladen<\/a>&nbsp;mit denen wir zusammenarbeiten.<\/p>\n<\/div>\t\t\t\t\t\t\t\t<\/div>\n\t\t\t\t<\/div>\n\t\t\t\t<div class=\"elementor-element elementor-element-18b55d1 elementor-widget elementor-widget-button\" data-id=\"18b55d1\" data-element_type=\"widget\" data-e-type=\"widget\" data-widget_type=\"button.default\">\n\t\t\t\t<div class=\"elementor-widget-container\">\n\t\t\t\t\t\t\t\t\t<div class=\"elementor-button-wrapper\">\n\t\t\t\t\t<a class=\"elementor-button elementor-button-link elementor-size-md\" href=\"#elementor-action%3Aaction%3Dpopup%3Aopen%26settings%3DeyJpZCI6IjMyNSIsInRvZ2dsZSI6ZmFsc2V9\">\n\t\t\t\t\t\t<span class=\"elementor-button-content-wrapper\">\n\t\t\t\t\t\t\t\t\t<span class=\"elementor-button-text\">Vereinbare einen Notfalltermin<\/span>\n\t\t\t\t\t<\/span>\n\t\t\t\t\t<\/a>\n\t\t\t\t<\/div>\n\t\t\t\t\t\t\t\t<\/div>\n\t\t\t\t<\/div>\n\t\t\t\t\t<\/div>\n\t\t<\/div>\n\t\t\t\t<div class=\"elementor-column elementor-col-50 elementor-top-column elementor-element elementor-element-4fbc364\" data-id=\"4fbc364\" data-element_type=\"column\" data-e-type=\"column\">\n\t\t\t<div class=\"elementor-widget-wrap elementor-element-populated\">\n\t\t\t\t\t\t<div class=\"elementor-element elementor-element-c380e32 elementor-widget elementor-widget-image\" data-id=\"c380e32\" data-element_type=\"widget\" data-e-type=\"widget\" data-widget_type=\"image.default\">\n\t\t\t\t<div class=\"elementor-widget-container\">\n\t\t\t\t\t\t\t\t\t\t\t\t\t\t\t<img fetchpriority=\"high\" decoding=\"async\" width=\"1024\" height=\"1024\" src=\"https:\/\/sterkontruimingen.nl\/wp-content\/uploads\/2020\/01\/plaatje-spoedontruiming-1024x1024.png\" class=\"attachment-large size-large wp-image-393\" alt=\"Bild Notfreigabe\" srcset=\"https:\/\/sterkontruimingen.nl\/wp-content\/uploads\/2020\/01\/plaatje-spoedontruiming-1024x1024.png 1024w, https:\/\/sterkontruimingen.nl\/wp-content\/uploads\/2020\/01\/plaatje-spoedontruiming-300x300.png 300w, https:\/\/sterkontruimingen.nl\/wp-content\/uploads\/2020\/01\/plaatje-spoedontruiming-150x150.png 150w, https:\/\/sterkontruimingen.nl\/wp-content\/uploads\/2020\/01\/plaatje-spoedontruiming-768x768.png 768w, https:\/\/sterkontruimingen.nl\/wp-content\/uploads\/2020\/01\/plaatje-spoedontruiming.png 1280w\" sizes=\"(max-width: 1024px) 100vw, 1024px\" \/>\t\t\t\t\t\t\t\t\t\t\t\t\t\t\t<\/div>\n\t\t\t\t<\/div>\n\t\t\t\t\t<\/div>\n\t\t<\/div>\n\t\t\t\t\t<\/div>\n\t\t<\/section>\n\t\t\t\t<\/div>","protected":false},"excerpt":{"rendered":"<p>Spoedontruiming In sommige gevallen van woningontruiming moet het pand binnen 24 &#8211; 48 uur leeg zijn. Een woningontruiming met spoed is vaak niet haalbaar voor een gemiddeld huishouden. Hier kan STERK bij helpen. Woningontruiming met spoed vergt een strakke planning, fysieke uitdagingen en professionele materialen om snel \u00e9n nauwkeurig je woning of zorgkamer te ontruimen, [&hellip;]<\/p>\n","protected":false},"author":1,"featured_media":0,"parent":0,"menu_order":17,"comment_status":"closed","ping_status":"closed","template":"","meta":{"inline_featured_image":false,"footnotes":""},"categories":[1],"tags":[],"class_list":["post-335","page","type-page","status-publish","hentry","category-website"],"blocksy_meta":{"styles_descriptor":{"styles":{"desktop":"","tablet":"","mobile":""},"google_fonts":[],"version":6}},"_links":{"self":[{"href":"https:\/\/sterkontruimingen.nl\/de\/wp-json\/wp\/v2\/pages\/335","targetHints":{"allow":["GET"]}}],"collection":[{"href":"https:\/\/sterkontruimingen.nl\/de\/wp-json\/wp\/v2\/pages"}],"about":[{"href":"https:\/\/sterkontruimingen.nl\/de\/wp-json\/wp\/v2\/types\/page"}],"author":[{"embeddable":true,"href":"https:\/\/sterkontruimingen.nl\/de\/wp-json\/wp\/v2\/users\/1"}],"replies":[{"embeddable":true,"href":"https:\/\/sterkontruimingen.nl\/de\/wp-json\/wp\/v2\/comments?post=335"}],"version-history":[{"count":0,"href":"https:\/\/sterkontruimingen.nl\/de\/wp-json\/wp\/v2\/pages\/335\/revisions"}],"wp:attachment":[{"href":"https:\/\/sterkontruimingen.nl\/de\/wp-json\/wp\/v2\/media?parent=335"}],"wp:term":[{"taxonomy":"category","embeddable":true,"href":"https:\/\/sterkontruimingen.nl\/de\/wp-json\/wp\/v2\/categories?post=335"},{"taxonomy":"post_tag","embeddable":true,"href":"https:\/\/sterkontruimingen.nl\/de\/wp-json\/wp\/v2\/tags?post=335"}],"curies":[{"name":"wp","href":"https:\/\/api.w.org\/{rel}","templated":true}]}}